{"id":4547,"date":"2026-03-02T17:59:18","date_gmt":"2026-03-02T16:59:18","guid":{"rendered":"https:\/\/blogs.uned.es\/mujerrural-iahu\/?page_id=4547"},"modified":"2026-03-27T15:10:10","modified_gmt":"2026-03-27T14:10:10","slug":"inicio","status":"publish","type":"page","link":"https:\/\/blogs.uned.es\/mujerrural-iahu\/","title":{"rendered":"Inicio"},"content":{"rendered":"\t\t<div data-elementor-type=\"wp-page\" data-elementor-id=\"4547\" class=\"elementor elementor-4547\">\n\t\t\t\t\t\t<section class=\"elementor-section elementor-top-section elementor-element elementor-element-78a4c9e8 elementor-section-stretched elementor-section-content-middle elementor-section-full_width elementor-section-height-default elementor-section-height-default\" data-id=\"78a4c9e8\" data-element_type=\"section\" data-e-type=\"section\" data-settings=\"{&quot;stretch_section&quot;:&quot;section-stretched&quot;,&quot;background_background&quot;:&quot;classic&quot;}\">\n\t\t\t\t\t\t<div class=\"elementor-container elementor-column-gap-default\">\n\t\t\t\t\t<div class=\"elementor-column elementor-col-100 elementor-top-column elementor-element elementor-element-93b3367\" data-id=\"93b3367\" data-element_type=\"column\" data-e-type=\"column\">\n\t\t\t<div class=\"elementor-widget-wrap elementor-element-populated\">\n\t\t\t\t\t\t<section class=\"elementor-section elementor-inner-section elementor-element elementor-element-6f6ff637 elementor-section-boxed elementor-section-height-default elementor-section-height-default\" data-id=\"6f6ff637\" data-element_type=\"section\" data-e-type=\"section\">\n\t\t\t\t\t\t<div class=\"elementor-container elementor-column-gap-default\">\n\t\t\t\t\t<div class=\"elementor-column elementor-col-50 elementor-inner-column elementor-element elementor-element-48a5f88\" data-id=\"48a5f88\" data-element_type=\"column\" data-e-type=\"column\">\n\t\t\t<div class=\"elementor-widget-wrap elementor-element-populated\">\n\t\t\t\t\t\t<div class=\"elementor-element elementor-element-5a83a1a3 elementor-widget__width-initial elementor-widget elementor-widget-image\" data-id=\"5a83a1a3\" data-element_type=\"widget\" data-e-type=\"widget\" data-widget_type=\"image.default\">\n\t\t\t\t<div class=\"elementor-widget-container\">\n\t\t\t\t\t\t\t\t\t\t\t\t\t\t\t<img decoding=\"async\" src=\"https:\/\/blogs.uned.es\/mujerrural-iahu\/wp-content\/uploads\/sites\/599\/elementor\/thumbs\/Mujer_IA-r953j5nysilllgv4fmj1asamkn6f7q0uc0lq0r6xg0.png\" title=\"Mujer_IA\" alt=\"Mujer_IA\" loading=\"lazy\" \/>\t\t\t\t\t\t\t\t\t\t\t\t\t\t\t<\/div>\n\t\t\t\t<\/div>\n\t\t\t\t\t<\/div>\n\t\t<\/div>\n\t\t\t\t<div class=\"elementor-column elementor-col-50 elementor-inner-column elementor-element elementor-element-2601c87e\" data-id=\"2601c87e\" data-element_type=\"column\" data-e-type=\"column\">\n\t\t\t<div class=\"elementor-widget-wrap elementor-element-populated\">\n\t\t\t\t\t\t<div class=\"elementor-element elementor-element-5811d72e elementor-widget__width-initial elementor-widget elementor-widget-heading\" data-id=\"5811d72e\" data-element_type=\"widget\" data-e-type=\"widget\" data-settings=\"{&quot;_animation&quot;:&quot;none&quot;}\" data-widget_type=\"heading.default\">\n\t\t\t\t<div class=\"elementor-widget-container\">\n\t\t\t\t\t<h1 class=\"elementor-heading-title elementor-size-xl\"><div><\/div><div><span style=\"letter-spacing: -3.9px;text-align: left\">Mujeres rurales frente a la inteligencia artificial generativa<br>(MujerRural-IAHu)<\/span><\/div><\/h1>\t\t\t\t<\/div>\n\t\t\t\t<\/div>\n\t\t\t\t<section class=\"elementor-section elementor-inner-section elementor-element elementor-element-4739767 elementor-section-boxed elementor-section-height-default elementor-section-height-default\" data-id=\"4739767\" data-element_type=\"section\" data-e-type=\"section\">\n\t\t\t\t\t\t<div class=\"elementor-container elementor-column-gap-default\">\n\t\t\t\t\t<div class=\"elementor-column elementor-col-50 elementor-inner-column elementor-element elementor-element-fe25ad4\" data-id=\"fe25ad4\" data-element_type=\"column\" data-e-type=\"column\">\n\t\t\t<div class=\"elementor-widget-wrap\">\n\t\t\t\t\t\t\t<\/div>\n\t\t<\/div>\n\t\t\t\t<div class=\"elementor-column elementor-col-50 elementor-inner-column elementor-element elementor-element-1b5056c\" data-id=\"1b5056c\" data-element_type=\"column\" data-e-type=\"column\">\n\t\t\t<div class=\"elementor-widget-wrap elementor-element-populated\">\n\t\t\t\t\t\t<div class=\"elementor-element elementor-element-d4b6a6f elementor-widget__width-auto elementor-widget elementor-widget-image\" data-id=\"d4b6a6f\" data-element_type=\"widget\" data-e-type=\"widget\" data-widget_type=\"image.default\">\n\t\t\t\t<div class=\"elementor-widget-container\">\n\t\t\t\t\t\t\t\t\t\t\t\t\t\t\t\t<a href=\"https:\/\/www.instagram.com\/mujerruralia\/\" target=\"_blank\">\n\t\t\t\t\t\t\t<img decoding=\"async\" src=\"https:\/\/blogs.uned.es\/mujerrural-iahu\/wp-content\/uploads\/sites\/599\/elementor\/thumbs\/instagram_icon_transparent-rfuutjxavvog8469fuuisv0mpkd74piksei85v5yt0.png\" title=\"instagram_icon_transparent\" alt=\"instagram_icon_transparent\" loading=\"lazy\" \/>\t\t\t\t\t\t\t\t<\/a>\n\t\t\t\t\t\t\t\t\t\t\t\t\t\t\t<\/div>\n\t\t\t\t<\/div>\n\t\t\t\t<div class=\"elementor-element elementor-element-c1e25c1 elementor-widget__width-auto elementor-widget elementor-widget-image\" data-id=\"c1e25c1\" data-element_type=\"widget\" data-e-type=\"widget\" data-widget_type=\"image.default\">\n\t\t\t\t<div class=\"elementor-widget-container\">\n\t\t\t\t\t\t\t\t\t\t\t\t\t\t\t\t<a href=\"https:\/\/www.facebook.com\/profile.php?id=61580921361403\" target=\"_blank\">\n\t\t\t\t\t\t\t<img decoding=\"async\" src=\"https:\/\/blogs.uned.es\/mujerrural-iahu\/wp-content\/uploads\/sites\/599\/elementor\/thumbs\/facebook_icon_transparent-rfuusvhhy6qzu95reka8016n9jpnkktk11jloo67as.png\" title=\"facebook_icon_transparent\" alt=\"facebook_icon_transparent\" loading=\"lazy\" \/>\t\t\t\t\t\t\t\t<\/a>\n\t\t\t\t\t\t\t\t\t\t\t\t\t\t\t<\/div>\n\t\t\t\t<\/div>\n\t\t\t\t<div class=\"elementor-element elementor-element-3b17225 elementor-widget__width-auto elementor-widget elementor-widget-image\" data-id=\"3b17225\" data-element_type=\"widget\" data-e-type=\"widget\" data-widget_type=\"image.default\">\n\t\t\t\t<div class=\"elementor-widget-container\">\n\t\t\t\t\t\t\t\t\t\t\t\t\t\t\t\t<a href=\"https:\/\/www.youtube.com\/@MujerRural-IAHu\" target=\"_blank\">\n\t\t\t\t\t\t\t<img decoding=\"async\" src=\"https:\/\/blogs.uned.es\/mujerrural-iahu\/wp-content\/uploads\/sites\/599\/elementor\/thumbs\/1384060-rl4lwyq8a4tap8iasvifwydduaw24uj5kh74v004fo.png\" title=\"1384060\" alt=\"Logo Youtube\" loading=\"lazy\" \/>\t\t\t\t\t\t\t\t<\/a>\n\t\t\t\t\t\t\t\t\t\t\t\t\t\t\t<\/div>\n\t\t\t\t<\/div>\n\t\t\t\t\t<\/div>\n\t\t<\/div>\n\t\t\t\t\t<\/div>\n\t\t<\/section>\n\t\t\t\t\t<\/div>\n\t\t<\/div>\n\t\t\t\t\t<\/div>\n\t\t<\/section>\n\t\t\t\t\t<\/div>\n\t\t<\/div>\n\t\t\t\t\t<\/div>\n\t\t<\/section>\n\t\t\t\t<section class=\"elementor-section elementor-top-section elementor-element elementor-element-76e14bb elementor-section-boxed elementor-section-height-default elementor-section-height-default\" data-id=\"76e14bb\" data-element_type=\"section\" data-e-type=\"section\">\n\t\t\t\t\t\t<div class=\"elementor-container elementor-column-gap-default\">\n\t\t\t\t\t<div class=\"elementor-column elementor-col-100 elementor-top-column elementor-element elementor-element-80fa0ce\" data-id=\"80fa0ce\" data-element_type=\"column\" data-e-type=\"column\">\n\t\t\t<div class=\"elementor-widget-wrap elementor-element-populated\">\n\t\t\t\t\t\t<div class=\"elementor-element elementor-element-41d2538 elementor-widget__width-initial elementor-widget elementor-widget-text-editor\" data-id=\"41d2538\" data-element_type=\"widget\" data-e-type=\"widget\" data-widget_type=\"text-editor.default\">\n\t\t\t\t<div class=\"elementor-widget-container\">\n\t\t\t\t\t\t\t\t\t<p style=\"text-align: left\">El proyecto \u00abMujeres rurales frente a la inteligencia artificial generativa (humanista): an\u00e1lisis situacional y propuesta formativa<i> (MujerRural-IAHu)\u00bb<\/i> est\u00e1 financiado por el programa \u00abProyectos de Generaci\u00f3n de Conocimiento\u00bb y actuaciones para la formaci\u00f3n Subvenci\u00f3n n.\u00ba PID2023-147191OB-I00, coordinado por la Universidad Nacional de Educaci\u00f3n a Distancia (UNED), IP Sonia Santove\u00f1a Casal, Catedr\u00e1tica de la Facultad de Educaci\u00f3n.<\/p>\t\t\t\t\t\t\t\t<\/div>\n\t\t\t\t<\/div>\n\t\t\t\t\t<\/div>\n\t\t<\/div>\n\t\t\t\t\t<\/div>\n\t\t<\/section>\n\t\t\t\t<section class=\"elementor-section elementor-top-section elementor-element elementor-element-360eae3 elementor-section-boxed elementor-section-height-default elementor-section-height-default\" data-id=\"360eae3\" data-element_type=\"section\" data-e-type=\"section\">\n\t\t\t\t\t\t<div class=\"elementor-container elementor-column-gap-default\">\n\t\t\t\t\t<div class=\"elementor-column elementor-col-100 elementor-top-column elementor-element elementor-element-8284640\" data-id=\"8284640\" data-element_type=\"column\" data-e-type=\"column\">\n\t\t\t<div class=\"elementor-widget-wrap elementor-element-populated\">\n\t\t\t\t\t\t<div class=\"elementor-element elementor-element-523e734 elementor-widget__width-initial elementor-widget elementor-widget-video\" data-id=\"523e734\" data-element_type=\"widget\" data-e-type=\"widget\" data-settings=\"{&quot;youtube_url&quot;:&quot;https:\\\/\\\/www.youtube.com\\\/watch?v=qaRdPGiZuOA&quot;,&quot;cc_load_policy&quot;:&quot;yes&quot;,&quot;video_type&quot;:&quot;youtube&quot;,&quot;controls&quot;:&quot;yes&quot;}\" data-widget_type=\"video.default\">\n\t\t\t\t<div class=\"elementor-widget-container\">\n\t\t\t\t\t\t\t<div class=\"elementor-wrapper elementor-open-inline\">\n\t\t\t<div class=\"elementor-video\"><\/div>\t\t<\/div>\n\t\t\t\t\t\t<\/div>\n\t\t\t\t<\/div>\n\t\t\t\t\t<\/div>\n\t\t<\/div>\n\t\t\t\t\t<\/div>\n\t\t<\/section>\n\t\t\t\t<section class=\"elementor-section elementor-top-section elementor-element elementor-element-685f091 elementor-section-boxed elementor-section-height-default elementor-section-height-default\" data-id=\"685f091\" data-element_type=\"section\" data-e-type=\"section\">\n\t\t\t\t\t\t<div class=\"elementor-container elementor-column-gap-default\">\n\t\t\t\t\t<div class=\"elementor-column elementor-col-100 elementor-top-column elementor-element elementor-element-4606e0b\" data-id=\"4606e0b\" data-element_type=\"column\" data-e-type=\"column\">\n\t\t\t<div class=\"elementor-widget-wrap elementor-element-populated\">\n\t\t\t\t\t\t<div class=\"elementor-element elementor-element-c099479 elementor-widget__width-initial elementor-widget elementor-widget-text-editor\" data-id=\"c099479\" data-element_type=\"widget\" data-e-type=\"widget\" data-widget_type=\"text-editor.default\">\n\t\t\t\t<div class=\"elementor-widget-container\">\n\t\t\t\t\t\t\t\t\t<p style=\"text-align: left\">El objetivo general es desarrollar competencias espec\u00edficas en inteligencia artificial generativa, desde una perspectiva humanista, en mujeres de zonas rurales m\u00e1s despobladas, que facilite la disminuci\u00f3n de la brecha digital. Adem\u00e1s, se desarrollar\u00e1 y evaluar\u00e1 una propuesta formativa para la capacitaci\u00f3n en inteligencia artificial generativa destinada a estas mujeres en zonas rurales.<\/p>\t\t\t\t\t\t\t\t<\/div>\n\t\t\t\t<\/div>\n\t\t\t\t\t<\/div>\n\t\t<\/div>\n\t\t\t\t\t<\/div>\n\t\t<\/section>\n\t\t\t\t<section class=\"elementor-section elementor-top-section elementor-element elementor-element-ef2780b elementor-section-boxed elementor-section-height-default elementor-section-height-default\" data-id=\"ef2780b\" data-element_type=\"section\" data-e-type=\"section\">\n\t\t\t\t\t\t<div class=\"elementor-container elementor-column-gap-extended\">\n\t\t\t\t\t<div class=\"elementor-column elementor-col-50 elementor-top-column elementor-element elementor-element-28a8314\" data-id=\"28a8314\" data-element_type=\"column\" data-e-type=\"column\">\n\t\t\t<div class=\"elementor-widget-wrap elementor-element-populated\">\n\t\t\t\t\t\t<div class=\"elementor-element elementor-element-27e2cea elementor-widget elementor-widget-image\" data-id=\"27e2cea\" data-element_type=\"widget\" data-e-type=\"widget\" data-widget_type=\"image.default\">\n\t\t\t\t<div class=\"elementor-widget-container\">\n\t\t\t\t\t\t\t\t\t\t\t\t\t\t\t\t<a href=\"#\">\n\t\t\t\t\t\t\t<img fetchpriority=\"high\" decoding=\"async\" width=\"800\" height=\"534\" src=\"https:\/\/blogs.uned.es\/mujerrural-iahu\/wp-content\/uploads\/sites\/599\/2025\/07\/ChatGPT-Image-22-jul-2025-08_02_08-1024x683.png\" class=\"attachment-large size-large wp-image-1349\" alt=\"\" srcset=\"https:\/\/blogs.uned.es\/mujerrural-iahu\/wp-content\/uploads\/sites\/599\/2025\/07\/ChatGPT-Image-22-jul-2025-08_02_08-1024x683.png 1024w, https:\/\/blogs.uned.es\/mujerrural-iahu\/wp-content\/uploads\/sites\/599\/2025\/07\/ChatGPT-Image-22-jul-2025-08_02_08-300x200.png 300w, https:\/\/blogs.uned.es\/mujerrural-iahu\/wp-content\/uploads\/sites\/599\/2025\/07\/ChatGPT-Image-22-jul-2025-08_02_08-768x512.png 768w, https:\/\/blogs.uned.es\/mujerrural-iahu\/wp-content\/uploads\/sites\/599\/2025\/07\/ChatGPT-Image-22-jul-2025-08_02_08.png 1536w\" sizes=\"(max-width: 800px) 100vw, 800px\" \/>\t\t\t\t\t\t\t\t<\/a>\n\t\t\t\t\t\t\t\t\t\t\t\t\t\t\t<\/div>\n\t\t\t\t<\/div>\n\t\t\t\t<div class=\"elementor-element elementor-element-a791e39 elementor-widget elementor-widget-heading\" data-id=\"a791e39\" data-element_type=\"widget\" data-e-type=\"widget\" data-widget_type=\"heading.default\">\n\t\t\t\t<div class=\"elementor-widget-container\">\n\t\t\t\t\t<h3 class=\"elementor-heading-title elementor-size-default\"><a href=\"https:\/\/blogs.uned.es\/mujerrural-iahu\/programa-formativo\/\">Programa formativo<\/a><\/h3>\t\t\t\t<\/div>\n\t\t\t\t<\/div>\n\t\t\t\t<div class=\"elementor-element elementor-element-0c622b6 elementor-widget elementor-widget-text-editor\" data-id=\"0c622b6\" data-element_type=\"widget\" data-e-type=\"widget\" data-widget_type=\"text-editor.default\">\n\t\t\t\t<div class=\"elementor-widget-container\">\n\t\t\t\t\t\t\t\t\t<p style=\"text-align: left\">El proyecto ofrece un programa formativo digital y gratuito compuesto por seis cursos MOOC, con una duraci\u00f3n total de 150 horas (equivalentes a 6 cr\u00e9ditos ECTS de formaci\u00f3n permanente de la UNED). Dirigido a mujeres rurales que residen en zonas de riesgo de despoblaci\u00f3n extrema en Espa\u00f1a.<\/p>\n<p style=\"text-align: left\">El objetivo es capacitarlas en el uso \u00e9tico, pr\u00e1ctico y estrat\u00e9gico de la Inteligencia Artificial Generativa (IA-G).<\/p>\t\t\t\t\t\t\t\t<\/div>\n\t\t\t\t<\/div>\n\t\t\t\t\t<\/div>\n\t\t<\/div>\n\t\t\t\t<div class=\"elementor-column elementor-col-50 elementor-top-column elementor-element elementor-element-99ea8c9\" data-id=\"99ea8c9\" data-element_type=\"column\" data-e-type=\"column\">\n\t\t\t<div class=\"elementor-widget-wrap elementor-element-populated\">\n\t\t\t\t\t\t<div class=\"elementor-element elementor-element-fb0b998 elementor-widget elementor-widget-image\" data-id=\"fb0b998\" data-element_type=\"widget\" data-e-type=\"widget\" data-widget_type=\"image.default\">\n\t\t\t\t<div class=\"elementor-widget-container\">\n\t\t\t\t\t\t\t\t\t\t\t\t\t\t\t\t<a href=\"#\">\n\t\t\t\t\t\t\t<img decoding=\"async\" width=\"800\" height=\"534\" src=\"https:\/\/blogs.uned.es\/mujerrural-iahu\/wp-content\/uploads\/sites\/599\/2025\/07\/ChatGPT-Image-21-jul-2025-20_11_37-1024x683.png\" class=\"attachment-large size-large wp-image-1287\" alt=\"\" srcset=\"https:\/\/blogs.uned.es\/mujerrural-iahu\/wp-content\/uploads\/sites\/599\/2025\/07\/ChatGPT-Image-21-jul-2025-20_11_37-1024x683.png 1024w, https:\/\/blogs.uned.es\/mujerrural-iahu\/wp-content\/uploads\/sites\/599\/2025\/07\/ChatGPT-Image-21-jul-2025-20_11_37-300x200.png 300w, https:\/\/blogs.uned.es\/mujerrural-iahu\/wp-content\/uploads\/sites\/599\/2025\/07\/ChatGPT-Image-21-jul-2025-20_11_37-768x512.png 768w, https:\/\/blogs.uned.es\/mujerrural-iahu\/wp-content\/uploads\/sites\/599\/2025\/07\/ChatGPT-Image-21-jul-2025-20_11_37.png 1536w\" sizes=\"(max-width: 800px) 100vw, 800px\" \/>\t\t\t\t\t\t\t\t<\/a>\n\t\t\t\t\t\t\t\t\t\t\t\t\t\t\t<\/div>\n\t\t\t\t<\/div>\n\t\t\t\t<div class=\"elementor-element elementor-element-75dce39 elementor-widget elementor-widget-heading\" data-id=\"75dce39\" data-element_type=\"widget\" data-e-type=\"widget\" data-widget_type=\"heading.default\">\n\t\t\t\t<div class=\"elementor-widget-container\">\n\t\t\t\t\t<h3 class=\"elementor-heading-title elementor-size-default\"><a href=\"https:\/\/blogs.uned.es\/mujerrural-iahu\/investigacion\/\">Investigaci\u00f3n<\/a><\/h3>\t\t\t\t<\/div>\n\t\t\t\t<\/div>\n\t\t\t\t<div class=\"elementor-element elementor-element-9774b72 elementor-widget elementor-widget-text-editor\" data-id=\"9774b72\" data-element_type=\"widget\" data-e-type=\"widget\" data-widget_type=\"text-editor.default\">\n\t\t\t\t<div class=\"elementor-widget-container\">\n\t\t\t\t\t\t\t\t\t<p style=\"text-align: left\">Sobre la base de un dise\u00f1o mixto de investigaci\u00f3n, se busca comprobar la hip\u00f3tesis de que el desarrollo de competencias en IAG, desde una perspectiva humanista, en mujeres rurales facilita la disminuci\u00f3n de la brecha digital.<\/p>\n<p style=\"text-align: left\">El estudio se estructura en cinco fases: an\u00e1lisis documental, detecci\u00f3n de necesidades, dise\u00f1o del programa, implementaci\u00f3n y evaluaci\u00f3n de resultados.<\/p>\t\t\t\t\t\t\t\t<\/div>\n\t\t\t\t<\/div>\n\t\t\t\t\t<\/div>\n\t\t<\/div>\n\t\t\t\t\t<\/div>\n\t\t<\/section>\n\t\t\t\t<section class=\"elementor-section elementor-top-section elementor-element elementor-element-0862fb5 elementor-section-boxed elementor-section-height-default elementor-section-height-default\" data-id=\"0862fb5\" data-element_type=\"section\" data-e-type=\"section\">\n\t\t\t\t\t\t<div class=\"elementor-container elementor-column-gap-default\">\n\t\t\t\t\t<div class=\"elementor-column elementor-col-100 elementor-top-column elementor-element elementor-element-cd8dd63\" data-id=\"cd8dd63\" data-element_type=\"column\" data-e-type=\"column\">\n\t\t\t<div class=\"elementor-widget-wrap elementor-element-populated\">\n\t\t\t\t\t\t<div class=\"elementor-element elementor-element-fa10847 elementor-align-center elementor-widget elementor-widget-button\" data-id=\"fa10847\" data-element_type=\"widget\" data-e-type=\"widget\" data-widget_type=\"button.default\">\n\t\t\t\t<div class=\"elementor-widget-container\">\n\t\t\t\t\t\t\t\t\t<div class=\"elementor-button-wrapper\">\n\t\t\t\t\t<a class=\"elementor-button elementor-button-link elementor-size-sm\" href=\"https:\/\/blogs.uned.es\/mujerrural-iahu\/contacto\/\">\n\t\t\t\t\t\t<span class=\"elementor-button-content-wrapper\">\n\t\t\t\t\t\t\t\t\t<span class=\"elementor-button-text\">Contacta con nosotros<\/span>\n\t\t\t\t\t<\/span>\n\t\t\t\t\t<\/a>\n\t\t\t\t<\/div>\n\t\t\t\t\t\t\t\t<\/div>\n\t\t\t\t<\/div>\n\t\t\t\t\t<\/div>\n\t\t<\/div>\n\t\t\t\t\t<\/div>\n\t\t<\/section>\n\t\t\t\t<\/div>\n\t\t","protected":false},"excerpt":{"rendered":"<p>Mujeres rurales frente a la inteligencia artificial generativa(MujerRural-IAHu) El proyecto \u00abMujeres rurales frente a la inteligencia artificial generativa (humanista): an\u00e1lisis situacional y propuesta formativa (MujerRural-IAHu)\u00bb est\u00e1 financiado por el programa \u00abProyectos de Generaci\u00f3n de Conocimiento\u00bb y actuaciones para la formaci\u00f3n Subvenci\u00f3n n.\u00ba PID2023-147191OB-I00, coordinado por la Universidad Nacional de Educaci\u00f3n a Distancia (UNED), IP Sonia Santove\u00f1a Casal, Catedr\u00e1tica de la Facultad de Educaci\u00f3n. https:\/\/www.youtube.com\/watch?v=qaRdPGiZuOA El objetivo general es desarrollar competencias espec\u00edficas en inteligencia artificial generativa, desde una perspectiva humanista, en mujeres de zonas rurales m\u00e1s despobladas, que facilite la disminuci\u00f3n de la brecha digital. Adem\u00e1s, se desarrollar\u00e1 y evaluar\u00e1 una propuesta formativa para la capacitaci\u00f3n en inteligencia artificial generativa destinada a estas mujeres en zonas rurales. Programa formativo El proyecto ofrece un programa formativo digital y gratuito compuesto por seis cursos MOOC, con una duraci\u00f3n total de 150 horas (equivalentes a 6 cr\u00e9ditos ECTS de formaci\u00f3n permanente de la UNED).&hellip;<\/p>\n<p> <a class=\"more-link\" href=\"https:\/\/blogs.uned.es\/mujerrural-iahu\/\">Leer m\u00e1s<\/a><\/p>\n","protected":false},"author":8023,"featured_media":0,"parent":0,"menu_order":0,"comment_status":"closed","ping_status":"closed","template":"elementor_header_footer","meta":{"footnotes":""},"class_list":["post-4547","page","type-page","status-publish"],"_links":{"self":[{"href":"https:\/\/blogs.uned.es\/mujerrural-iahu\/wp-json\/wp\/v2\/pages\/4547","targetHints":{"allow":["GET"]}}],"collection":[{"href":"https:\/\/blogs.uned.es\/mujerrural-iahu\/wp-json\/wp\/v2\/pages"}],"about":[{"href":"https:\/\/blogs.uned.es\/mujerrural-iahu\/wp-json\/wp\/v2\/types\/page"}],"author":[{"embeddable":true,"href":"https:\/\/blogs.uned.es\/mujerrural-iahu\/wp-json\/wp\/v2\/users\/8023"}],"replies":[{"embeddable":true,"href":"https:\/\/blogs.uned.es\/mujerrural-iahu\/wp-json\/wp\/v2\/comments?post=4547"}],"version-history":[{"count":11,"href":"https:\/\/blogs.uned.es\/mujerrural-iahu\/wp-json\/wp\/v2\/pages\/4547\/revisions"}],"predecessor-version":[{"id":4721,"href":"https:\/\/blogs.uned.es\/mujerrural-iahu\/wp-json\/wp\/v2\/pages\/4547\/revisions\/4721"}],"wp:attachment":[{"href":"https:\/\/blogs.uned.es\/mujerrural-iahu\/wp-json\/wp\/v2\/media?parent=4547"}],"curies":[{"name":"wp","href":"https:\/\/api.w.org\/{rel}","templated":true}]}}