{"id":3593,"date":"2026-01-13T13:35:51","date_gmt":"2026-01-13T12:35:51","guid":{"rendered":"https:\/\/blogs.uned.es\/mujerrural-iahu\/?page_id=3593"},"modified":"2026-03-27T15:00:04","modified_gmt":"2026-03-27T14:00:04","slug":"programa-formativo","status":"publish","type":"page","link":"https:\/\/blogs.uned.es\/mujerrural-iahu\/programa-formativo\/","title":{"rendered":"Programa formativo"},"content":{"rendered":"\t\t<div data-elementor-type=\"wp-page\" data-elementor-id=\"3593\" class=\"elementor elementor-3593\">\n\t\t\t\t\t\t<section class=\"elementor-section elementor-top-section elementor-element elementor-element-7e463db5 elementor-section-stretched elementor-section-content-middle elementor-section-full_width elementor-section-height-default elementor-section-height-default\" data-id=\"7e463db5\" data-element_type=\"section\" data-e-type=\"section\" data-settings=\"{&quot;stretch_section&quot;:&quot;section-stretched&quot;,&quot;background_background&quot;:&quot;classic&quot;}\">\n\t\t\t\t\t\t<div class=\"elementor-container elementor-column-gap-default\">\n\t\t\t\t\t<div class=\"elementor-column elementor-col-100 elementor-top-column elementor-element elementor-element-18c95506\" data-id=\"18c95506\" data-element_type=\"column\" data-e-type=\"column\">\n\t\t\t<div class=\"elementor-widget-wrap elementor-element-populated\">\n\t\t\t\t\t\t<section class=\"elementor-section elementor-inner-section elementor-element elementor-element-15edd17c elementor-section-boxed elementor-section-height-default elementor-section-height-default\" data-id=\"15edd17c\" data-element_type=\"section\" data-e-type=\"section\">\n\t\t\t\t\t\t<div class=\"elementor-container elementor-column-gap-default\">\n\t\t\t\t\t<div class=\"elementor-column elementor-col-50 elementor-inner-column elementor-element elementor-element-1eee0678\" data-id=\"1eee0678\" data-element_type=\"column\" data-e-type=\"column\">\n\t\t\t<div class=\"elementor-widget-wrap elementor-element-populated\">\n\t\t\t\t\t\t<div class=\"elementor-element elementor-element-71046f95 elementor-widget__width-initial elementor-widget elementor-widget-image\" data-id=\"71046f95\" data-element_type=\"widget\" data-e-type=\"widget\" data-widget_type=\"image.default\">\n\t\t\t\t<div class=\"elementor-widget-container\">\n\t\t\t\t\t\t\t\t\t\t\t\t\t\t\t<img decoding=\"async\" src=\"https:\/\/blogs.uned.es\/mujerrural-iahu\/wp-content\/uploads\/sites\/599\/elementor\/thumbs\/Mujer_IA-r953j5nysilllgv4fmj1asamkn6f7q0uc0lq0r6xg0.png\" title=\"Mujer_IA\" alt=\"Mujer_IA\" loading=\"lazy\" \/>\t\t\t\t\t\t\t\t\t\t\t\t\t\t\t<\/div>\n\t\t\t\t<\/div>\n\t\t\t\t\t<\/div>\n\t\t<\/div>\n\t\t\t\t<div class=\"elementor-column elementor-col-50 elementor-inner-column elementor-element elementor-element-76ce3880\" data-id=\"76ce3880\" data-element_type=\"column\" data-e-type=\"column\">\n\t\t\t<div class=\"elementor-widget-wrap elementor-element-populated\">\n\t\t\t\t\t\t<div class=\"elementor-element elementor-element-590550e elementor-widget__width-initial elementor-widget elementor-widget-heading\" data-id=\"590550e\" data-element_type=\"widget\" data-e-type=\"widget\" data-settings=\"{&quot;_animation&quot;:&quot;none&quot;}\" data-widget_type=\"heading.default\">\n\t\t\t\t<div class=\"elementor-widget-container\">\n\t\t\t\t\t<h1 class=\"elementor-heading-title elementor-size-xl\"><div><\/div><div><span style=\"letter-spacing: -3.9px;text-align: left\">Mujeres rurales frente a la inteligencia artificial generativa<br>(MujerRural-IAHu)<\/span><\/div><\/h1>\t\t\t\t<\/div>\n\t\t\t\t<\/div>\n\t\t\t\t<section class=\"elementor-section elementor-inner-section elementor-element elementor-element-d552f81 elementor-section-boxed elementor-section-height-default elementor-section-height-default\" data-id=\"d552f81\" data-element_type=\"section\" data-e-type=\"section\">\n\t\t\t\t\t\t<div class=\"elementor-container elementor-column-gap-default\">\n\t\t\t\t\t<div class=\"elementor-column elementor-col-50 elementor-inner-column elementor-element elementor-element-c777654\" data-id=\"c777654\" data-element_type=\"column\" data-e-type=\"column\">\n\t\t\t<div class=\"elementor-widget-wrap\">\n\t\t\t\t\t\t\t<\/div>\n\t\t<\/div>\n\t\t\t\t<div class=\"elementor-column elementor-col-50 elementor-inner-column elementor-element elementor-element-510b7e9\" data-id=\"510b7e9\" data-element_type=\"column\" data-e-type=\"column\">\n\t\t\t<div class=\"elementor-widget-wrap elementor-element-populated\">\n\t\t\t\t\t\t<div class=\"elementor-element elementor-element-d75414f elementor-widget__width-auto elementor-widget elementor-widget-image\" data-id=\"d75414f\" data-element_type=\"widget\" data-e-type=\"widget\" data-widget_type=\"image.default\">\n\t\t\t\t<div class=\"elementor-widget-container\">\n\t\t\t\t\t\t\t\t\t\t\t\t\t\t\t\t<a href=\"https:\/\/www.instagram.com\/mujerruralia\/\" target=\"_blank\">\n\t\t\t\t\t\t\t<img decoding=\"async\" src=\"https:\/\/blogs.uned.es\/mujerrural-iahu\/wp-content\/uploads\/sites\/599\/elementor\/thumbs\/instagram_icon_transparent-rfuutjxavvog8469fuuisv0mpkd74piksei85v5yt0.png\" title=\"instagram_icon_transparent\" alt=\"instagram_icon_transparent\" loading=\"lazy\" \/>\t\t\t\t\t\t\t\t<\/a>\n\t\t\t\t\t\t\t\t\t\t\t\t\t\t\t<\/div>\n\t\t\t\t<\/div>\n\t\t\t\t<div class=\"elementor-element elementor-element-323d055 elementor-widget__width-auto elementor-widget elementor-widget-image\" data-id=\"323d055\" data-element_type=\"widget\" data-e-type=\"widget\" data-widget_type=\"image.default\">\n\t\t\t\t<div class=\"elementor-widget-container\">\n\t\t\t\t\t\t\t\t\t\t\t\t\t\t\t\t<a href=\"https:\/\/www.facebook.com\/profile.php?id=61580921361403\" target=\"_blank\">\n\t\t\t\t\t\t\t<img decoding=\"async\" src=\"https:\/\/blogs.uned.es\/mujerrural-iahu\/wp-content\/uploads\/sites\/599\/elementor\/thumbs\/facebook_icon_transparent-rfuusvhhy6qzu95reka8016n9jpnkktk11jloo67as.png\" title=\"facebook_icon_transparent\" alt=\"facebook_icon_transparent\" loading=\"lazy\" \/>\t\t\t\t\t\t\t\t<\/a>\n\t\t\t\t\t\t\t\t\t\t\t\t\t\t\t<\/div>\n\t\t\t\t<\/div>\n\t\t\t\t<div class=\"elementor-element elementor-element-2e7b2b2 elementor-widget__width-auto elementor-widget elementor-widget-image\" data-id=\"2e7b2b2\" data-element_type=\"widget\" data-e-type=\"widget\" data-widget_type=\"image.default\">\n\t\t\t\t<div class=\"elementor-widget-container\">\n\t\t\t\t\t\t\t\t\t\t\t\t\t\t\t\t<a href=\"https:\/\/www.youtube.com\/@MujerRural-IAHu\" target=\"_blank\">\n\t\t\t\t\t\t\t<img decoding=\"async\" src=\"https:\/\/blogs.uned.es\/mujerrural-iahu\/wp-content\/uploads\/sites\/599\/elementor\/thumbs\/1384060-rl4lwyq8a4tap8iasvifwydduaw24uj5kh74v004fo.png\" title=\"1384060\" alt=\"Logo Youtube\" loading=\"lazy\" \/>\t\t\t\t\t\t\t\t<\/a>\n\t\t\t\t\t\t\t\t\t\t\t\t\t\t\t<\/div>\n\t\t\t\t<\/div>\n\t\t\t\t\t<\/div>\n\t\t<\/div>\n\t\t\t\t\t<\/div>\n\t\t<\/section>\n\t\t\t\t\t<\/div>\n\t\t<\/div>\n\t\t\t\t\t<\/div>\n\t\t<\/section>\n\t\t\t\t\t<\/div>\n\t\t<\/div>\n\t\t\t\t\t<\/div>\n\t\t<\/section>\n\t\t\t\t<section class=\"elementor-section elementor-top-section elementor-element elementor-element-98050fc elementor-section-stretched elementor-section-boxed elementor-section-height-default elementor-section-height-default\" data-id=\"98050fc\" data-element_type=\"section\" data-e-type=\"section\" data-settings=\"{&quot;stretch_section&quot;:&quot;section-stretched&quot;}\">\n\t\t\t\t\t\t<div class=\"elementor-container elementor-column-gap-default\">\n\t\t\t\t\t<div class=\"elementor-column elementor-col-100 elementor-top-column elementor-element elementor-element-f499131\" data-id=\"f499131\" data-element_type=\"column\" data-e-type=\"column\">\n\t\t\t<div class=\"elementor-widget-wrap elementor-element-populated\">\n\t\t\t\t\t\t<div class=\"elementor-element elementor-element-c3e86c8 elementor-widget__width-initial elementor-widget elementor-widget-text-editor\" data-id=\"c3e86c8\" data-element_type=\"widget\" data-e-type=\"widget\" data-widget_type=\"text-editor.default\">\n\t\t\t\t<div class=\"elementor-widget-container\">\n\t\t\t\t\t\t\t\t\t<section class=\"has_ma_el_bg_slider elementor-section elementor-top-section elementor-element elementor-element-5b8113c elementor-section-boxed elementor-section-height-default elementor-section-height-default jltma-glass-effect-no\" style=\"align-self: auto;flex: 0 1 auto;--widgets-spacing: 20px 20px;--widgets-spacing-row: 20px;--widgets-spacing-column: 20px;font-family: Arial, Helvetica, sans-serif;font-size: 16px;line-height: 1.6;color: #333333\" data-id=\"5b8113c\" data-element_type=\"section\">\n<!-- T\u00cdTULO -->\n<div class=\"elementor-widget-container\" style=\"margin: 0;padding: 0\">\n<h2 class=\"elementor-heading-title elementor-size-default\" style=\"font-family: Arial, Helvetica, sans-serif;font-size: 26px;font-weight: bold;margin-bottom: 1em;color: #00533f;text-align: center\">Programa formativo<a href=\"https:\/\/blogs.uned.es\/mujerrural-iahu\/wp-content\/uploads\/sites\/599\/2026\/02\/cartel.pdf\" target=\"_blank\" rel=\"noopener\">\n<img decoding=\"async\" style=\"width: 28px;height: auto;cursor: pointer\" src=\"https:\/\/blogs.uned.es\/mujerrural-iahu\/wp-content\/uploads\/sites\/599\/2025\/12\/pdf.png\" alt=\"Descarga el programa formativo\" \/>\n<\/a><\/h2>\n<\/div>\n<!-- BLOQUE DOS COLUMNAS -->\n<div class=\"elementor-container elementor-column-gap-wide\">\n\n<!-- COLUMNA IZQUIERDA -->\n<div class=\"elementor-column elementor-col-66 elementor-top-column\">\n<div class=\"elementor-widget-wrap elementor-element-populated\">\n<div style=\"margin: 0.4em 0\">\n<h5 style=\"font-size: 18px;font-weight: bold;margin: 0 0 0.4em 0;color: #00533f\">Descripci\u00f3n<\/h5>\n<p style=\"margin: 0.4em 0\">Programa gratuito, digital y abierto, compuesto por <strong>seis cursos MOOC<\/strong>\n(25 horas cada uno, 1 ECTS por curso) y un curso introductorio adicional sobre\ncompetencias digitales (tambi\u00e9n 1 ECTS). En total, <strong>150 horas de formaci\u00f3n (6 ECTS)<\/strong>.<\/p>\n\n<\/div>\n<div style=\"margin: 0.4em 0\">\n<h5 style=\"font-size: 18px;font-weight: bold;margin: 0 0 0.4em 0;color: #00533f\">Destinatarias<\/h5>\n<p style=\"margin: 0\">Mujeres residentes en zonas rurales de riesgo de despoblaci\u00f3n en Espa\u00f1a.<\/p>\n\n<\/div>\n<div style=\"margin: 0.4em 0\">\n<h5 style=\"font-size: 18px;font-weight: bold;margin: 0 0 0.4em 0;color: #00533f\">Objetivo general<\/h5>\n<p style=\"margin: 0.4em 0\">Capacitar a mujeres del \u00e1mbito rural en el uso \u00e9tico, pr\u00e1ctico y estrat\u00e9gico de la\nInteligencia Artificial Generativa (IA-G), fortaleciendo sus competencias digitales\npara la mejora de la empleabilidad, el emprendimiento y la participaci\u00f3n activa en la\ntransformaci\u00f3n digital de sus comunidades.<\/p>\n\n<\/div>\n<div style=\"margin: 0.4em 0\">\n<h5 style=\"font-size: 18px;font-weight: bold;margin: 0 0 0.4em 0;color: #00533f\">Requisitos previos<\/h5>\nNo hay requisitos previos. Para su realizaci\u00f3n se necesitan los recursos tecnol\u00f3gicos\nb\u00e1sicos: ordenador y conexi\u00f3n a Internet. No se requieren conocimientos previos.\nSin embargo, se recomienda que aquellas mujeres con conocimientos digitales limitados,\nrealicen previamente el m\u00f3dulo de competencias digitales.\n\n<\/div>\n<\/div>\n<\/div>\n<!-- COLUMNA DERECHA (CUADRADO) -->\n<div class=\"elementor-column elementor-col-33 elementor-top-column\" style=\"border: 3px solid #5c93a3;background-color: #fbf8f2;align-self: flex-start;margin-left: 20px;justify-content: center\">\n<div style=\"padding: 20px 25px\">\n<h3 style=\"font-size: 18px;font-weight: bold;color: #00533f;margin-bottom: 10px\">\u00bfQu\u00e9 te parece el programa formativo?<\/h3>\n<p style=\"margin-bottom: 5px\">\u00a1Responde a la entrevista!\nDanos tu opini\u00f3n a trav\u00e9s del siguiente bot\u00f3n o escaneando el QR.<\/p>\n\n<div style=\"text-align: center;margin-bottom: 10px;margin-top: -50px\"><a href=\"https:\/\/forms.office.com\/e\/niVCvnTJWM\" target=\"_blank\" rel=\"noopener\">\n<img decoding=\"async\" style=\"width: 280px;height: auto\" src=\"https:\/\/blogs.uned.es\/mujerrural-iahu\/wp-content\/uploads\/sites\/599\/2026\/02\/formulario-verde.png\" alt=\"Banner de inscripci\u00f3n\" \/>\n<\/a><\/div>\n<div style=\"text-align: center;margin-bottom: 10px;margin-top: -50px\"><img decoding=\"async\" style=\"width: 150px;height: auto\" src=\"https:\/\/blogs.uned.es\/mujerrural-iahu\/wp-content\/uploads\/sites\/599\/2025\/12\/cuestionario.png\" alt=\"QR cuestionario\" \/><\/div>\n<\/div>\n<\/div>\n<\/div>\n<!-- BLOQUE ANCHO COMPLETO -->\n<div class=\"elementor-container elementor-column-gap-wide\">\n<div class=\"elementor-column elementor-col-100\">\n<div class=\"elementor-widget-wrap elementor-element-populated\">\n<div style=\"margin: -30px 0 0 0\">\n<h5 style=\"font-size: 18px;font-weight: bold;margin: 0;color: #00533f\">Metodolog\u00eda<\/h5>\n<p style=\"margin: 0.4em 0\">Metodolog\u00eda pr\u00e1ctica, adaptada al contexto rural. Comenzar\u00e1 con un taller introductorio\nh\u00edbrido en municipios seleccionados, para familiarizar al alumnado con la Inteligencia\nArtificial Generativa y las competencias digitales b\u00e1sicas. La formaci\u00f3n continuar\u00e1 en\nmodalidad virtual. Se aplicar\u00e1 el enfoque de microaprendizaje, con microlecciones breves\nque permiten una formaci\u00f3n flexible y aut\u00f3noma.<\/p>\n\n<\/div>\n<div style=\"margin: 0.4em 0\">\n<h5 style=\"font-size: 18px;font-weight: bold;margin: 0 0 0.4em 0;color: #00533f\">Calendario acad\u00e9mico<\/h5>\n<p style=\"margin: 0.4em 0\">El curso podr\u00e1 realizarse con total flexibilidad y autonom\u00eda, siempre y cuando se complete dentro del plazo en que el curso se mantenga abierto.<\/p>\n\n<ul>\n \t<li>Apertura: 15 septiembre 2026.<\/li>\n \t<li>Cierre: 15 enero 2027.<\/li>\n<\/ul>\nLos cursos permanecer\u00e1n abiertos sin tutorizaci\u00f3n a partir de esa fecha.\n\n<\/div>\n<div style=\"margin: 0.4em 0\">\n<h5 style=\"font-size: 18px;font-weight: bold;margin: 0 0 0.4em 0;color: #00533f\">Sistema de evaluaci\u00f3n<\/h5>\n<p style=\"margin: 0.4em 0\">Para obtener el certificado de la UNED, ser\u00e1 necesario superar la actividad obligatoria final del curso, as\u00ed cumplir con los requisitos de UNED Abierta.<\/p>\n\n<\/div>\n<div style=\"margin: 0.4em 0\">\n<h5 style=\"font-size: 18px;font-weight: bold;margin: 0 0 0.4em 0;color: #00533f\">Certificados<\/h5>\n<p style=\"margin: 0.4em 0\">UNED Abierta ofrece actualmente distintos tipos de acreditaci\u00f3n, que se especifican en la p\u00e1gina de inscripci\u00f3n del curso:<\/p>\n\n<ol>\n \t<li><strong>Certificado:<\/strong> Es el nivel m\u00e1s alto de acreditaci\u00f3n expedido por UNED Abierta a trav\u00e9s de la plataforma IEDRA, y cuenta con reconocimiento de cr\u00e9ditos ECTS. Se trata de un t\u00edtulo propio de la UNED, sin car\u00e1cter oficial seg\u00fan lo establecido en el art\u00edculo 30 de la Ley Org\u00e1nica 4\/2007, que modifica el art\u00edculo 34 de la Ley Org\u00e1nica 6\/2001 de Universidades. El certificado incluye los datos personales (nombre, apellidos y DNI), el t\u00edtulo del curso superado, la fecha de expedici\u00f3n, el n\u00famero de horas, los cr\u00e9ditos ECTS reconocidos y, en el reverso, el programa del curso. Este certificado puede ser reconocido como equivalente a 1 cr\u00e9dito ECTS. En el \u00e1mbito de la UNED, su reconocimiento queda a criterio del profesorado responsable tanto en formaci\u00f3n permanente como en ense\u00f1anzas oficiales. Fuera de la UNED, su validez depender\u00e1 de la instituci\u00f3n receptora. El coste de emisi\u00f3n del certificado es de 40 euros. Para obtener este certificado es necesario superar una prueba de evaluaci\u00f3n al finalizar cada uno de los MOOCs.<\/li>\n \t<li><strong>Insignias (Badges):<\/strong> Se otorgan autom\u00e1ticamente conforme se avanza en el proceso de autoevaluaci\u00f3n. Son acreditaciones informales y gratuitas, sin valor acad\u00e9mico, pero reconocen logros como la realizaci\u00f3n de tareas, el desarrollo de competencias o la participaci\u00f3n activa.<\/li>\n<\/ol>\nPara cualquier consulta relacionada con la gesti\u00f3n y solicitud de cr\u00e9ditos ECTS, puede acceder a la siguiente p\u00e1gina\n<a href=\"https:\/\/iedra.uned.es\/what_is_verified_cert\" target=\"_blank\" rel=\"noopener\">informativa de UNED Abierta.<\/a>\n\n<\/div>\n<\/div>\n<\/div>\n<\/div>\n<div style=\"margin-top: 2em\">\n<h2 style=\"text-align: center;color: #295327;font-size: 1.8em;font-weight: 600\">Cursos del proyecto<\/h2>\n<div style=\"display: flex;flex-wrap: wrap;justify-content: center;gap: 20px\">\n\n<!-- Tarjeta de curso -->\n<div style=\"width: 220px;text-align: center\">\n\n<a href=\"https:\/\/blogs.uned.es\/mujerrural-iahu\/curso_1_competencias-digitales-basicas\/\">\n<img decoding=\"async\" style=\"width: 100%;height: auto;border-radius: 8px\" src=\"https:\/\/blogs.uned.es\/mujerrural-iahu\/wp-content\/uploads\/sites\/599\/2025\/12\/1_Compe-768x512.png\" alt=\"Competencias digitales\" \/><\/a>\n<h3 style=\"color: #7fb546;margin-top: 10px;font-size: 1em\"><a href=\"https:\/\/blogs.uned.es\/mujerrural-iahu\/curso_1_competencias-digitales-basicas\/\">Competencias digitales b\u00e1sicas<\/a><\/h3>\n<\/div>\n<!-- Repetir bloque de tarjeta con sus enlaces e im\u00e1genes para los otros 5 cursos -->\n<div style=\"width: 220px;text-align: center\">\n\n<a href=\"https:\/\/blogs.uned.es\/mujerrural-iahu\/curso-2-introduccion-a-la-ia-2\/\">\n<img decoding=\"async\" style=\"width: 100%;height: auto;border-radius: 8px\" src=\"https:\/\/blogs.uned.es\/mujerrural-iahu\/wp-content\/uploads\/sites\/599\/2025\/12\/block@2_IA_def-768x512.png\" alt=\"Introducci\u00f3n a la IA\" \/><\/a>\n<h3 style=\"color: #7fb546;margin-top: 10px;font-size: 1em\"><a href=\"https:\/\/blogs.uned.es\/mujerrural-iahu\/curso-2-introduccion-a-la-ia-2\/\">Introducci\u00f3n a la IA<\/a><\/h3>\n<\/div>\n<div style=\"width: 220px;text-align: center\">\n\n<a href=\"https:\/\/blogs.uned.es\/mujerrural-iahu\/curso-3-empleabilidad-y-emprendimiento\/\">\n<img decoding=\"async\" style=\"width: 100%;height: auto;border-radius: 8px\" src=\"https:\/\/blogs.uned.es\/mujerrural-iahu\/wp-content\/uploads\/sites\/599\/2025\/12\/block3_Empleo-768x512.png\" alt=\"Empleabilidad\" \/><\/a>\n<h3 style=\"color: #7fb546;margin-top: 10px;font-size: 1em\"><a href=\"https:\/\/blogs.uned.es\/mujerrural-iahu\/curso-3-empleabilidad-y-emprendimiento\/\">IA para la empleabilidad<\/a><\/h3>\n<\/div>\n<div style=\"width: 220px;text-align: center\">\n\n<a href=\"https:\/\/blogs.uned.es\/mujerrural-iahu\/curso-4-contenido-digital-y-comunicacion\/\">\n<img decoding=\"async\" style=\"width: 100%;height: auto;border-radius: 8px\" src=\"https:\/\/blogs.uned.es\/mujerrural-iahu\/wp-content\/uploads\/sites\/599\/2025\/12\/4_ContenidoAudiv_def-768x512.png\" alt=\"Contenido digital\" \/><\/a>\n<h3 style=\"color: #7fb546;margin-top: 10px;font-size: 1em\"><a href=\"https:\/\/blogs.uned.es\/mujerrural-iahu\/curso-4-contenido-digital-y-comunicacion\/\">Contenido y comunicaci\u00f3n<\/a><\/h3>\n<\/div>\n<div style=\"width: 220px;text-align: center\">\n\n<a href=\"https:\/\/blogs.uned.es\/mujerrural-iahu\/curso-5-seguridad-digital\/\">\n<img decoding=\"async\" style=\"width: 100%;height: auto;border-radius: 8px\" src=\"https:\/\/blogs.uned.es\/mujerrural-iahu\/wp-content\/uploads\/sites\/599\/2025\/12\/5_EticaSeguridad-768x512.png\" alt=\"Seguridad digital\" \/><\/a>\n<h3 style=\"color: #7fb546;margin-top: 10px;font-size: 1em\"><a href=\"https:\/\/blogs.uned.es\/mujerrural-iahu\/curso-5-seguridad-digital\/\">Seguridad, g\u00e9nero y \u00e9tica<\/a><\/h3>\n<\/div>\n<div style=\"width: 220px;text-align: center\">\n\n<a href=\"https:\/\/blogs.uned.es\/mujerrural-iahu\/curso-6-laboratorios\/\">\n<img decoding=\"async\" style=\"width: 100%;height: auto;border-radius: 8px\" src=\"https:\/\/blogs.uned.es\/mujerrural-iahu\/wp-content\/uploads\/sites\/599\/2025\/12\/6_Laboratorions-1-768x512.png\" alt=\"Laboratorios IA\" \/><\/a>\n<h3 style=\"color: #7fb546;margin-top: 10px;font-size: 1em\"><a href=\"https:\/\/blogs.uned.es\/mujerrural-iahu\/curso-6-laboratorios\/\">Laboratorios pr\u00e1cticos<\/a><\/h3>\n<\/div>\n<\/div>\n<\/div>\n<\/section>\t\t\t\t\t\t\t\t<\/div>\n\t\t\t\t<\/div>\n\t\t\t\t<div class=\"elementor-element elementor-element-a1355f4 elementor-align-center elementor-widget elementor-widget-button\" data-id=\"a1355f4\" data-element_type=\"widget\" data-e-type=\"widget\" data-widget_type=\"button.default\">\n\t\t\t\t<div class=\"elementor-widget-container\">\n\t\t\t\t\t\t\t\t\t<div class=\"elementor-button-wrapper\">\n\t\t\t\t\t<a class=\"elementor-button elementor-button-link elementor-size-sm\" href=\"https:\/\/blogs.uned.es\/mujerrural-iahu\/contacto\/\">\n\t\t\t\t\t\t<span class=\"elementor-button-content-wrapper\">\n\t\t\t\t\t\t\t\t\t<span class=\"elementor-button-text\">Contacta con nosotros<\/span>\n\t\t\t\t\t<\/span>\n\t\t\t\t\t<\/a>\n\t\t\t\t<\/div>\n\t\t\t\t\t\t\t\t<\/div>\n\t\t\t\t<\/div>\n\t\t\t\t\t<\/div>\n\t\t<\/div>\n\t\t\t\t\t<\/div>\n\t\t<\/section>\n\t\t\t\t<\/div>\n\t\t","protected":false},"excerpt":{"rendered":"<p>Mujeres rurales frente a la inteligencia artificial generativa(MujerRural-IAHu) Programa formativo Descripci\u00f3n Programa gratuito, digital y abierto, compuesto por seis cursos MOOC (25 horas cada uno, 1 ECTS por curso) y un curso introductorio adicional sobre competencias digitales (tambi\u00e9n 1 ECTS). En total, 150 horas de formaci\u00f3n (6 ECTS). Destinatarias Mujeres residentes en zonas rurales de riesgo de despoblaci\u00f3n en Espa\u00f1a. Objetivo general Capacitar a mujeres del \u00e1mbito rural en el uso \u00e9tico, pr\u00e1ctico y estrat\u00e9gico de la Inteligencia Artificial Generativa (IA-G), fortaleciendo sus competencias digitales para la mejora de la empleabilidad, el emprendimiento y la participaci\u00f3n activa en la transformaci\u00f3n digital de sus comunidades. Requisitos previos No hay requisitos previos. Para su realizaci\u00f3n se necesitan los recursos tecnol\u00f3gicos b\u00e1sicos: ordenador y conexi\u00f3n a Internet. No se requieren conocimientos previos. Sin embargo, se recomienda que aquellas mujeres con conocimientos digitales limitados, realicen previamente el m\u00f3dulo de competencias digitales. \u00bfQu\u00e9 te parece&hellip;<\/p>\n<p> <a class=\"more-link\" href=\"https:\/\/blogs.uned.es\/mujerrural-iahu\/programa-formativo\/\">Leer m\u00e1s<\/a><\/p>\n","protected":false},"author":8023,"featured_media":0,"parent":0,"menu_order":0,"comment_status":"closed","ping_status":"closed","template":"elementor_header_footer","meta":{"footnotes":""},"class_list":["post-3593","page","type-page","status-publish"],"_links":{"self":[{"href":"https:\/\/blogs.uned.es\/mujerrural-iahu\/wp-json\/wp\/v2\/pages\/3593","targetHints":{"allow":["GET"]}}],"collection":[{"href":"https:\/\/blogs.uned.es\/mujerrural-iahu\/wp-json\/wp\/v2\/pages"}],"about":[{"href":"https:\/\/blogs.uned.es\/mujerrural-iahu\/wp-json\/wp\/v2\/types\/page"}],"author":[{"embeddable":true,"href":"https:\/\/blogs.uned.es\/mujerrural-iahu\/wp-json\/wp\/v2\/users\/8023"}],"replies":[{"embeddable":true,"href":"https:\/\/blogs.uned.es\/mujerrural-iahu\/wp-json\/wp\/v2\/comments?post=3593"}],"version-history":[{"count":86,"href":"https:\/\/blogs.uned.es\/mujerrural-iahu\/wp-json\/wp\/v2\/pages\/3593\/revisions"}],"predecessor-version":[{"id":4647,"href":"https:\/\/blogs.uned.es\/mujerrural-iahu\/wp-json\/wp\/v2\/pages\/3593\/revisions\/4647"}],"wp:attachment":[{"href":"https:\/\/blogs.uned.es\/mujerrural-iahu\/wp-json\/wp\/v2\/media?parent=3593"}],"curies":[{"name":"wp","href":"https:\/\/api.w.org\/{rel}","templated":true}]}}