{"id":35,"date":"2019-10-09T10:31:37","date_gmt":"2019-10-09T08:31:37","guid":{"rendered":"http:\/\/blogs.uned.es\/mujerrural-iahu\/?page_id=35"},"modified":"2026-03-27T15:09:01","modified_gmt":"2026-03-27T14:09:01","slug":"investigacion","status":"publish","type":"page","link":"https:\/\/blogs.uned.es\/mujerrural-iahu\/investigacion\/","title":{"rendered":"Dise\u00f1o de investigaci\u00f3n"},"content":{"rendered":"\t\t<div data-elementor-type=\"wp-page\" data-elementor-id=\"35\" class=\"elementor elementor-35\">\n\t\t\t\t\t\t<section class=\"elementor-section elementor-top-section elementor-element elementor-element-7962fd02 elementor-section-stretched elementor-section-content-middle elementor-section-full_width elementor-section-height-default elementor-section-height-default\" data-id=\"7962fd02\" data-element_type=\"section\" data-e-type=\"section\" data-settings=\"{&quot;stretch_section&quot;:&quot;section-stretched&quot;,&quot;background_background&quot;:&quot;classic&quot;}\">\n\t\t\t\t\t\t<div class=\"elementor-container elementor-column-gap-default\">\n\t\t\t\t\t<div class=\"elementor-column elementor-col-100 elementor-top-column elementor-element elementor-element-7700a8b7\" data-id=\"7700a8b7\" data-element_type=\"column\" data-e-type=\"column\">\n\t\t\t<div class=\"elementor-widget-wrap elementor-element-populated\">\n\t\t\t\t\t\t<section class=\"elementor-section elementor-inner-section elementor-element elementor-element-6c4f0bf4 elementor-section-boxed elementor-section-height-default elementor-section-height-default\" data-id=\"6c4f0bf4\" data-element_type=\"section\" data-e-type=\"section\">\n\t\t\t\t\t\t<div class=\"elementor-container elementor-column-gap-default\">\n\t\t\t\t\t<div class=\"elementor-column elementor-col-50 elementor-inner-column elementor-element elementor-element-aabdb45\" data-id=\"aabdb45\" data-element_type=\"column\" data-e-type=\"column\">\n\t\t\t<div class=\"elementor-widget-wrap elementor-element-populated\">\n\t\t\t\t\t\t<div class=\"elementor-element elementor-element-53507d8d elementor-widget__width-initial elementor-widget elementor-widget-image\" data-id=\"53507d8d\" data-element_type=\"widget\" data-e-type=\"widget\" data-widget_type=\"image.default\">\n\t\t\t\t<div class=\"elementor-widget-container\">\n\t\t\t\t\t\t\t\t\t\t\t\t\t\t\t<img decoding=\"async\" src=\"https:\/\/blogs.uned.es\/mujerrural-iahu\/wp-content\/uploads\/sites\/599\/elementor\/thumbs\/Mujer_IA-r953j5nysilllgv4fmj1asamkn6f7q0uc0lq0r6xg0.png\" title=\"Mujer_IA\" alt=\"Mujer_IA\" loading=\"lazy\" \/>\t\t\t\t\t\t\t\t\t\t\t\t\t\t\t<\/div>\n\t\t\t\t<\/div>\n\t\t\t\t\t<\/div>\n\t\t<\/div>\n\t\t\t\t<div class=\"elementor-column elementor-col-50 elementor-inner-column elementor-element elementor-element-755b924e\" data-id=\"755b924e\" data-element_type=\"column\" data-e-type=\"column\">\n\t\t\t<div class=\"elementor-widget-wrap elementor-element-populated\">\n\t\t\t\t\t\t<div class=\"elementor-element elementor-element-3a9b1e18 elementor-widget__width-initial elementor-widget elementor-widget-heading\" data-id=\"3a9b1e18\" data-element_type=\"widget\" data-e-type=\"widget\" data-settings=\"{&quot;_animation&quot;:&quot;none&quot;}\" data-widget_type=\"heading.default\">\n\t\t\t\t<div class=\"elementor-widget-container\">\n\t\t\t\t\t<h1 class=\"elementor-heading-title elementor-size-xl\"><div><\/div><div><span style=\"letter-spacing: -3.9px;text-align: left\">Mujeres rurales frente a la inteligencia artificial generativa<br>(MujerRural-IAHu)<\/span><\/div><\/h1>\t\t\t\t<\/div>\n\t\t\t\t<\/div>\n\t\t\t\t<section class=\"elementor-section elementor-inner-section elementor-element elementor-element-c3abb30 elementor-section-boxed elementor-section-height-default elementor-section-height-default\" data-id=\"c3abb30\" data-element_type=\"section\" data-e-type=\"section\">\n\t\t\t\t\t\t<div class=\"elementor-container elementor-column-gap-default\">\n\t\t\t\t\t<div class=\"elementor-column elementor-col-50 elementor-inner-column elementor-element elementor-element-cbe758f\" data-id=\"cbe758f\" data-element_type=\"column\" data-e-type=\"column\">\n\t\t\t<div class=\"elementor-widget-wrap\">\n\t\t\t\t\t\t\t<\/div>\n\t\t<\/div>\n\t\t\t\t<div class=\"elementor-column elementor-col-50 elementor-inner-column elementor-element elementor-element-3c99d4a\" data-id=\"3c99d4a\" data-element_type=\"column\" data-e-type=\"column\">\n\t\t\t<div class=\"elementor-widget-wrap elementor-element-populated\">\n\t\t\t\t\t\t<div class=\"elementor-element elementor-element-33a4278 elementor-widget__width-auto elementor-widget elementor-widget-image\" data-id=\"33a4278\" data-element_type=\"widget\" data-e-type=\"widget\" data-widget_type=\"image.default\">\n\t\t\t\t<div class=\"elementor-widget-container\">\n\t\t\t\t\t\t\t\t\t\t\t\t\t\t\t\t<a href=\"https:\/\/www.instagram.com\/mujerruralia\/\" target=\"_blank\">\n\t\t\t\t\t\t\t<img decoding=\"async\" src=\"https:\/\/blogs.uned.es\/mujerrural-iahu\/wp-content\/uploads\/sites\/599\/elementor\/thumbs\/instagram_icon_transparent-rfuutjxavvog8469fuuisv0mpkd74piksei85v5yt0.png\" title=\"instagram_icon_transparent\" alt=\"instagram_icon_transparent\" loading=\"lazy\" \/>\t\t\t\t\t\t\t\t<\/a>\n\t\t\t\t\t\t\t\t\t\t\t\t\t\t\t<\/div>\n\t\t\t\t<\/div>\n\t\t\t\t<div class=\"elementor-element elementor-element-41cfcc7 elementor-widget__width-auto elementor-widget elementor-widget-image\" data-id=\"41cfcc7\" data-element_type=\"widget\" data-e-type=\"widget\" data-widget_type=\"image.default\">\n\t\t\t\t<div class=\"elementor-widget-container\">\n\t\t\t\t\t\t\t\t\t\t\t\t\t\t\t\t<a href=\"https:\/\/www.facebook.com\/profile.php?id=61580921361403\" target=\"_blank\">\n\t\t\t\t\t\t\t<img decoding=\"async\" src=\"https:\/\/blogs.uned.es\/mujerrural-iahu\/wp-content\/uploads\/sites\/599\/elementor\/thumbs\/facebook_icon_transparent-rfuusvhhy6qzu95reka8016n9jpnkktk11jloo67as.png\" title=\"facebook_icon_transparent\" alt=\"facebook_icon_transparent\" loading=\"lazy\" \/>\t\t\t\t\t\t\t\t<\/a>\n\t\t\t\t\t\t\t\t\t\t\t\t\t\t\t<\/div>\n\t\t\t\t<\/div>\n\t\t\t\t<div class=\"elementor-element elementor-element-f290e04 elementor-widget__width-auto elementor-widget elementor-widget-image\" data-id=\"f290e04\" data-element_type=\"widget\" data-e-type=\"widget\" data-widget_type=\"image.default\">\n\t\t\t\t<div class=\"elementor-widget-container\">\n\t\t\t\t\t\t\t\t\t\t\t\t\t\t\t\t<a href=\"https:\/\/www.youtube.com\/@MujerRural-IAHu\" target=\"_blank\">\n\t\t\t\t\t\t\t<img decoding=\"async\" src=\"https:\/\/blogs.uned.es\/mujerrural-iahu\/wp-content\/uploads\/sites\/599\/elementor\/thumbs\/1384060-rl4lwyq8a4tap8iasvifwydduaw24uj5kh74v004fo.png\" title=\"1384060\" alt=\"Logo Youtube\" loading=\"lazy\" \/>\t\t\t\t\t\t\t\t<\/a>\n\t\t\t\t\t\t\t\t\t\t\t\t\t\t\t<\/div>\n\t\t\t\t<\/div>\n\t\t\t\t\t<\/div>\n\t\t<\/div>\n\t\t\t\t\t<\/div>\n\t\t<\/section>\n\t\t\t\t\t<\/div>\n\t\t<\/div>\n\t\t\t\t\t<\/div>\n\t\t<\/section>\n\t\t\t\t\t<\/div>\n\t\t<\/div>\n\t\t\t\t\t<\/div>\n\t\t<\/section>\n\t\t\t\t<section class=\"elementor-section elementor-top-section elementor-element elementor-element-98050fc elementor-section-stretched elementor-section-boxed elementor-section-height-default elementor-section-height-default\" data-id=\"98050fc\" data-element_type=\"section\" data-e-type=\"section\" data-settings=\"{&quot;stretch_section&quot;:&quot;section-stretched&quot;}\">\n\t\t\t\t\t\t<div class=\"elementor-container elementor-column-gap-default\">\n\t\t\t\t\t<div class=\"elementor-column elementor-col-100 elementor-top-column elementor-element elementor-element-f499131\" data-id=\"f499131\" data-element_type=\"column\" data-e-type=\"column\">\n\t\t\t<div class=\"elementor-widget-wrap elementor-element-populated\">\n\t\t\t\t\t\t<div class=\"elementor-element elementor-element-c3e86c8 elementor-widget elementor-widget-text-editor\" data-id=\"c3e86c8\" data-element_type=\"widget\" data-e-type=\"widget\" data-widget_type=\"text-editor.default\">\n\t\t\t\t<div class=\"elementor-widget-container\">\n\t\t\t\t\t\t\t\t\t<section class=\"has_ma_el_bg_slider elementor-section elementor-top-section elementor-element elementor-element-5b8113c elementor-section-boxed elementor-section-height-default elementor-section-height-default jltma-glass-effect-no\" style=\"align-self: auto;flex: 0 1 auto;--widgets-spacing: 20px 20px;--widgets-spacing-row: 20px;--widgets-spacing-column: 20px;font-family: Arial, Helvetica, sans-serif;font-size: 16px;line-height: 1.6;color: #333333\" data-element_type=\"section\">\n\n  <!-- T\u00cdTULO -->\n  <div class=\"elementor-widget-container\" style=\"margin: 0;padding: 0\">\n    <h2 class=\"elementor-heading-title elementor-size-default\" style=\"font-family: Arial, Helvetica, sans-serif;font-size: 26px;font-weight: bold;margin-bottom: 1em;color: #00533f;text-align: center\">\n      Dise\u00f1o de la investigaci\u00f3n\n    <\/h2>\n  <\/div>\n\n  <!-- CONTENIDO -->\n  <div class=\"elementor-container elementor-column-gap-wide\" style=\"margin: 0;padding: 0;position: relative;left: 20px\">\n    <div class=\"elementor-column elementor-col-100 elementor-top-column\" style=\"margin: 0;padding: 0\">\n      <div class=\"elementor-widget-wrap elementor-element-populated\" style=\"margin: 0;padding: 0\">\n\n        <!-- MISMO FORMATO QUE MOOC -->\n        <div class=\"elementor-widget elementor-widget-text-editor\">\n          <div class=\"elementor-widget-container\">\n\n            <h5 style=\"font-size: 18px;font-weight: bold;margin: 1.2em 0 0.6em 0;color: #00533f\">Hip\u00f3tesis de partida<\/h5>\n            <p>El desarrollo de competencias en IAG, desde una perspectiva humanista, en mujeres rurales facilita la disminuci\u00f3n de la brecha digital.<\/p>\n\n            <h5 style=\"font-size: 18px;font-weight: bold;margin: 1.2em 0 0.6em 0;color: #00533f\">Metodolog\u00eda<\/h5>\n            <p>El proyecto se basa en un dise\u00f1o mixto de triangulaci\u00f3n, apoyado en un modelo te\u00f3rico, que combina una parte cuantitativa (an\u00e1lisis descriptivo y contraste de medias) y otra cualitativa (an\u00e1lisis del discurso), siguiendo los principios de la teor\u00eda fundamentada. Se emplea una variedad de m\u00e9todos de recopilaci\u00f3n de datos, incluyendo cuestionarios, r\u00fabricas, entrevistas y grupos de discusi\u00f3n.<\/p>\n\n            <h5 style=\"font-size: 18px;font-weight: bold;margin: 1.2em 0 0.6em 0;color: #00533f\">Fases del proyecto<\/h5>\n            <p>El proyecto se desarrollar\u00e1 a trav\u00e9s de cinco fases, 15 tareas y 89 actividades:<\/p>\n\n            <ol>\n              <li>An\u00e1lisis documental de la situaci\u00f3n de las mujeres rurales ante la IAG.<\/li>\n              <li>An\u00e1lisis de las necesidades formativas de las mujeres rurales ante la IAG.<\/li>\n              <li>Dise\u00f1o del programa formativo.<\/li>\n              <li>Desarrollo, virtualizaci\u00f3n e implementaci\u00f3n.<\/li>\n              <li>Evaluaci\u00f3n del programa y difusi\u00f3n de los resultados obtenidos.<\/li>\n            <\/ol>\n\n            <h5 style=\"font-size: 18px;font-weight: bold;margin: 1.2em 0 0.6em 0;color: #00533f\">Resultados esperados<\/h5>\n\n            <p>Los resultados de este proyecto ofrecer\u00e1n un an\u00e1lisis detallado de la situaci\u00f3n actual de las mujeres rurales en Espa\u00f1a en cuanto a sus necesidades formativas y competencias relacionadas con la Inteligencia Artificial Generativa (IAG).<\/p>\n\n            <p>Se examinar\u00e1 la contribuci\u00f3n de los planes de formaci\u00f3n p\u00fablicos, la percepci\u00f3n de los responsables p\u00fablicos sobre estas necesidades y se identificar\u00e1n las necesidades espec\u00edficas de las mujeres en relaci\u00f3n con la IAG, con un enfoque humanista.<\/p>\n\n            <p>Una vez implementado el programa formativo, se evaluar\u00e1 su eficacia en la reducci\u00f3n de la brecha digital. Se espera que el proyecto tenga un impacto directo en el incremento del conocimiento cient\u00edfico, te\u00f3rico y emp\u00edrico sobre la mujer y la IAG (estado actual de la mujer rural y necesidades formativas), as\u00ed como un aumento de la capacitaci\u00f3n digital de estas mujeres, desarrollando actitudes, conocimientos y habilidades que faciliten la disminuci\u00f3n de la brecha digital.<\/p>\n\n          <\/div>\n        <\/div>\n\n      <\/div>\n    <\/div>\n  <\/div>\n\n<\/section>\n\t\t\t\t\t\t\t\t<\/div>\n\t\t\t\t<\/div>\n\t\t\t\t<div class=\"elementor-element elementor-element-a1355f4 elementor-align-center elementor-widget elementor-widget-button\" data-id=\"a1355f4\" data-element_type=\"widget\" data-e-type=\"widget\" data-widget_type=\"button.default\">\n\t\t\t\t<div class=\"elementor-widget-container\">\n\t\t\t\t\t\t\t\t\t<div class=\"elementor-button-wrapper\">\n\t\t\t\t\t<a class=\"elementor-button elementor-button-link elementor-size-sm\" href=\"https:\/\/blogs.uned.es\/mujerrural-iahu\/contacto\/\">\n\t\t\t\t\t\t<span class=\"elementor-button-content-wrapper\">\n\t\t\t\t\t\t\t\t\t<span class=\"elementor-button-text\">Contacta con nosotros<\/span>\n\t\t\t\t\t<\/span>\n\t\t\t\t\t<\/a>\n\t\t\t\t<\/div>\n\t\t\t\t\t\t\t\t<\/div>\n\t\t\t\t<\/div>\n\t\t\t\t\t<\/div>\n\t\t<\/div>\n\t\t\t\t\t<\/div>\n\t\t<\/section>\n\t\t\t\t<\/div>\n\t\t","protected":false},"excerpt":{"rendered":"<p>Mujeres rurales frente a la inteligencia artificial generativa(MujerRural-IAHu) Dise\u00f1o de la investigaci\u00f3n Hip\u00f3tesis de partida El desarrollo de competencias en IAG, desde una perspectiva humanista, en mujeres rurales facilita la disminuci\u00f3n de la brecha digital. Metodolog\u00eda El proyecto se basa en un dise\u00f1o mixto de triangulaci\u00f3n, apoyado en un modelo te\u00f3rico, que combina una parte cuantitativa (an\u00e1lisis descriptivo y contraste de medias) y otra cualitativa (an\u00e1lisis del discurso), siguiendo los principios de la teor\u00eda fundamentada. Se emplea una variedad de m\u00e9todos de recopilaci\u00f3n de datos, incluyendo cuestionarios, r\u00fabricas, entrevistas y grupos de discusi\u00f3n. Fases del proyecto El proyecto se desarrollar\u00e1 a trav\u00e9s de cinco fases, 15 tareas y 89 actividades: An\u00e1lisis documental de la situaci\u00f3n de las mujeres rurales ante la IAG. An\u00e1lisis de las necesidades formativas de las mujeres rurales ante la IAG. Dise\u00f1o del programa formativo. Desarrollo, virtualizaci\u00f3n e implementaci\u00f3n. Evaluaci\u00f3n del programa y difusi\u00f3n de los resultados&hellip;<\/p>\n<p> <a class=\"more-link\" href=\"https:\/\/blogs.uned.es\/mujerrural-iahu\/investigacion\/\">Leer m\u00e1s<\/a><\/p>\n","protected":false},"author":1,"featured_media":0,"parent":0,"menu_order":0,"comment_status":"closed","ping_status":"closed","template":"elementor_header_footer","meta":{"footnotes":""},"class_list":["post-35","page","type-page","status-publish"],"_links":{"self":[{"href":"https:\/\/blogs.uned.es\/mujerrural-iahu\/wp-json\/wp\/v2\/pages\/35","targetHints":{"allow":["GET"]}}],"collection":[{"href":"https:\/\/blogs.uned.es\/mujerrural-iahu\/wp-json\/wp\/v2\/pages"}],"about":[{"href":"https:\/\/blogs.uned.es\/mujerrural-iahu\/wp-json\/wp\/v2\/types\/page"}],"author":[{"embeddable":true,"href":"https:\/\/blogs.uned.es\/mujerrural-iahu\/wp-json\/wp\/v2\/users\/1"}],"replies":[{"embeddable":true,"href":"https:\/\/blogs.uned.es\/mujerrural-iahu\/wp-json\/wp\/v2\/comments?post=35"}],"version-history":[{"count":84,"href":"https:\/\/blogs.uned.es\/mujerrural-iahu\/wp-json\/wp\/v2\/pages\/35\/revisions"}],"predecessor-version":[{"id":4705,"href":"https:\/\/blogs.uned.es\/mujerrural-iahu\/wp-json\/wp\/v2\/pages\/35\/revisions\/4705"}],"wp:attachment":[{"href":"https:\/\/blogs.uned.es\/mujerrural-iahu\/wp-json\/wp\/v2\/media?parent=35"}],"curies":[{"name":"wp","href":"https:\/\/api.w.org\/{rel}","templated":true}]}}