{"id":3497,"date":"2025-12-18T22:11:31","date_gmt":"2025-12-18T21:11:31","guid":{"rendered":"https:\/\/blogs.uned.es\/mujerrural-iahu\/?page_id=3497"},"modified":"2026-03-27T15:06:55","modified_gmt":"2026-03-27T14:06:55","slug":"curso-6-laboratorios","status":"publish","type":"page","link":"https:\/\/blogs.uned.es\/mujerrural-iahu\/curso-6-laboratorios\/","title":{"rendered":"Curso 6 Laboratorios"},"content":{"rendered":"\t\t<div data-elementor-type=\"wp-page\" data-elementor-id=\"3497\" class=\"elementor elementor-3497\">\n\t\t\t\t\t\t<section class=\"elementor-section elementor-top-section elementor-element elementor-element-1a41809c elementor-section-stretched elementor-section-content-middle elementor-section-full_width elementor-section-height-default elementor-section-height-default\" data-id=\"1a41809c\" data-element_type=\"section\" data-e-type=\"section\" data-settings=\"{&quot;stretch_section&quot;:&quot;section-stretched&quot;,&quot;background_background&quot;:&quot;classic&quot;}\">\n\t\t\t\t\t\t<div class=\"elementor-container elementor-column-gap-default\">\n\t\t\t\t\t<div class=\"elementor-column elementor-col-100 elementor-top-column elementor-element elementor-element-47a68778\" data-id=\"47a68778\" data-element_type=\"column\" data-e-type=\"column\">\n\t\t\t<div class=\"elementor-widget-wrap elementor-element-populated\">\n\t\t\t\t\t\t<section class=\"elementor-section elementor-inner-section elementor-element elementor-element-654e8700 elementor-section-boxed elementor-section-height-default elementor-section-height-default\" data-id=\"654e8700\" data-element_type=\"section\" data-e-type=\"section\">\n\t\t\t\t\t\t<div class=\"elementor-container elementor-column-gap-default\">\n\t\t\t\t\t<div class=\"elementor-column elementor-col-50 elementor-inner-column elementor-element elementor-element-242f1476\" data-id=\"242f1476\" data-element_type=\"column\" data-e-type=\"column\">\n\t\t\t<div class=\"elementor-widget-wrap elementor-element-populated\">\n\t\t\t\t\t\t<div class=\"elementor-element elementor-element-72cc881e elementor-widget__width-initial elementor-widget elementor-widget-image\" data-id=\"72cc881e\" data-element_type=\"widget\" data-e-type=\"widget\" data-widget_type=\"image.default\">\n\t\t\t\t<div class=\"elementor-widget-container\">\n\t\t\t\t\t\t\t\t\t\t\t\t\t\t\t<img decoding=\"async\" src=\"https:\/\/blogs.uned.es\/mujerrural-iahu\/wp-content\/uploads\/sites\/599\/elementor\/thumbs\/Mujer_IA-r953j5nysilllgv4fmj1asamkn6f7q0uc0lq0r6xg0.png\" title=\"Mujer_IA\" alt=\"Mujer_IA\" loading=\"lazy\" \/>\t\t\t\t\t\t\t\t\t\t\t\t\t\t\t<\/div>\n\t\t\t\t<\/div>\n\t\t\t\t\t<\/div>\n\t\t<\/div>\n\t\t\t\t<div class=\"elementor-column elementor-col-50 elementor-inner-column elementor-element elementor-element-89d9a8\" data-id=\"89d9a8\" data-element_type=\"column\" data-e-type=\"column\">\n\t\t\t<div class=\"elementor-widget-wrap elementor-element-populated\">\n\t\t\t\t\t\t<div class=\"elementor-element elementor-element-5e70e27b elementor-widget__width-initial elementor-widget elementor-widget-heading\" data-id=\"5e70e27b\" data-element_type=\"widget\" data-e-type=\"widget\" data-settings=\"{&quot;_animation&quot;:&quot;none&quot;}\" data-widget_type=\"heading.default\">\n\t\t\t\t<div class=\"elementor-widget-container\">\n\t\t\t\t\t<h1 class=\"elementor-heading-title elementor-size-xl\"><div><\/div><div><span style=\"letter-spacing: -3.9px;text-align: left\">Mujeres rurales frente a la inteligencia artificial generativa<br>(MujerRural-IAHu)<\/span><\/div><\/h1>\t\t\t\t<\/div>\n\t\t\t\t<\/div>\n\t\t\t\t<section class=\"elementor-section elementor-inner-section elementor-element elementor-element-bd0ad4a elementor-section-boxed elementor-section-height-default elementor-section-height-default\" data-id=\"bd0ad4a\" data-element_type=\"section\" data-e-type=\"section\">\n\t\t\t\t\t\t<div class=\"elementor-container elementor-column-gap-default\">\n\t\t\t\t\t<div class=\"elementor-column elementor-col-50 elementor-inner-column elementor-element elementor-element-1e092da\" data-id=\"1e092da\" data-element_type=\"column\" data-e-type=\"column\">\n\t\t\t<div class=\"elementor-widget-wrap\">\n\t\t\t\t\t\t\t<\/div>\n\t\t<\/div>\n\t\t\t\t<div class=\"elementor-column elementor-col-50 elementor-inner-column elementor-element elementor-element-641249e\" data-id=\"641249e\" data-element_type=\"column\" data-e-type=\"column\">\n\t\t\t<div class=\"elementor-widget-wrap elementor-element-populated\">\n\t\t\t\t\t\t<div class=\"elementor-element elementor-element-aeb63cc elementor-widget__width-auto elementor-widget elementor-widget-image\" data-id=\"aeb63cc\" data-element_type=\"widget\" data-e-type=\"widget\" data-widget_type=\"image.default\">\n\t\t\t\t<div class=\"elementor-widget-container\">\n\t\t\t\t\t\t\t\t\t\t\t\t\t\t\t\t<a href=\"https:\/\/www.instagram.com\/mujerruralia\/\" target=\"_blank\">\n\t\t\t\t\t\t\t<img decoding=\"async\" src=\"https:\/\/blogs.uned.es\/mujerrural-iahu\/wp-content\/uploads\/sites\/599\/elementor\/thumbs\/instagram_icon_transparent-rfuutjxavvog8469fuuisv0mpkd74piksei85v5yt0.png\" title=\"instagram_icon_transparent\" alt=\"instagram_icon_transparent\" loading=\"lazy\" \/>\t\t\t\t\t\t\t\t<\/a>\n\t\t\t\t\t\t\t\t\t\t\t\t\t\t\t<\/div>\n\t\t\t\t<\/div>\n\t\t\t\t<div class=\"elementor-element elementor-element-1758a6a elementor-widget__width-auto elementor-widget elementor-widget-image\" data-id=\"1758a6a\" data-element_type=\"widget\" data-e-type=\"widget\" data-widget_type=\"image.default\">\n\t\t\t\t<div class=\"elementor-widget-container\">\n\t\t\t\t\t\t\t\t\t\t\t\t\t\t\t\t<a href=\"https:\/\/www.facebook.com\/profile.php?id=61580921361403\" target=\"_blank\">\n\t\t\t\t\t\t\t<img decoding=\"async\" src=\"https:\/\/blogs.uned.es\/mujerrural-iahu\/wp-content\/uploads\/sites\/599\/elementor\/thumbs\/facebook_icon_transparent-rfuusvhhy6qzu95reka8016n9jpnkktk11jloo67as.png\" title=\"facebook_icon_transparent\" alt=\"facebook_icon_transparent\" loading=\"lazy\" \/>\t\t\t\t\t\t\t\t<\/a>\n\t\t\t\t\t\t\t\t\t\t\t\t\t\t\t<\/div>\n\t\t\t\t<\/div>\n\t\t\t\t<div class=\"elementor-element elementor-element-c5d2db4 elementor-widget__width-auto elementor-widget elementor-widget-image\" data-id=\"c5d2db4\" data-element_type=\"widget\" data-e-type=\"widget\" data-widget_type=\"image.default\">\n\t\t\t\t<div class=\"elementor-widget-container\">\n\t\t\t\t\t\t\t\t\t\t\t\t\t\t\t\t<a href=\"https:\/\/www.youtube.com\/@MujerRural-IAHu\" target=\"_blank\">\n\t\t\t\t\t\t\t<img decoding=\"async\" src=\"https:\/\/blogs.uned.es\/mujerrural-iahu\/wp-content\/uploads\/sites\/599\/elementor\/thumbs\/1384060-rl4lwyq8a4tap8iasvifwydduaw24uj5kh74v004fo.png\" title=\"1384060\" alt=\"Logo Youtube\" loading=\"lazy\" \/>\t\t\t\t\t\t\t\t<\/a>\n\t\t\t\t\t\t\t\t\t\t\t\t\t\t\t<\/div>\n\t\t\t\t<\/div>\n\t\t\t\t\t<\/div>\n\t\t<\/div>\n\t\t\t\t\t<\/div>\n\t\t<\/section>\n\t\t\t\t\t<\/div>\n\t\t<\/div>\n\t\t\t\t\t<\/div>\n\t\t<\/section>\n\t\t\t\t\t<\/div>\n\t\t<\/div>\n\t\t\t\t\t<\/div>\n\t\t<\/section>\n\t\t\t\t<section class=\"elementor-section elementor-top-section elementor-element elementor-element-7dba139 elementor-section-boxed elementor-section-height-default elementor-section-height-default\" data-id=\"7dba139\" data-element_type=\"section\" data-e-type=\"section\">\n\t\t\t\t\t\t<div class=\"elementor-container elementor-column-gap-default\">\n\t\t\t\t\t<div class=\"elementor-column elementor-col-100 elementor-top-column elementor-element elementor-element-c671015\" data-id=\"c671015\" data-element_type=\"column\" data-e-type=\"column\">\n\t\t\t<div class=\"elementor-widget-wrap elementor-element-populated\">\n\t\t\t\t\t\t<div class=\"elementor-element elementor-element-f954e42 elementor-widget__width-initial elementor-widget elementor-widget-text-editor\" data-id=\"f954e42\" data-element_type=\"widget\" data-e-type=\"widget\" data-widget_type=\"text-editor.default\">\n\t\t\t\t<div class=\"elementor-widget-container\">\n\t\t\t\t\t\t\t\t\t<section class=\"has_ma_el_bg_slider elementor-section elementor-top-section elementor-element elementor-element-5b8113c elementor-section-boxed elementor-section-height-default elementor-section-height-default jltma-glass-effect-no\" style=\"align-self: auto;flex: 0 1 auto;--widgets-spacing: 20px 20px;--widgets-spacing-row: 20px;--widgets-spacing-column: 20px;font-family: Arial, Helvetica, sans-serif;font-size: 16px;line-height: 1.6;color: #333333\" data-id=\"5b8113c\" data-element_type=\"section\">\n<div class=\"elementor-widget-container\" style=\"margin: 0;padding: 0\">\n<h2 class=\"elementor-heading-title elementor-size-default\" style=\"font-family: Arial, Helvetica, sans-serif;font-size: 26px;font-weight: bold;margin-bottom: 1em;color: #00533f;text-align: center\">MOOC 6. Laboratorios pr\u00e1cticos: creaci\u00f3n y aplicaci\u00f3n de soluciones con IA generativa<\/h2>\n<\/div>\n<div class=\"elementor-container elementor-column-gap-wide\">\n<p><!-- COLUMNA IZQUIERDA --><\/p>\n<div class=\"elementor-column elementor-col-66 elementor-top-column\" style=\"font-family: Arial, Helvetica, sans-serif;font-size: 16px;line-height: 1.6;color: #333333\">\n<div class=\"elementor-widget-wrap elementor-element-populated\">\n<div class=\"elementor-widget elementor-widget-text-editor\">\n<div class=\"elementor-widget-container\">\n<h5 style=\"font-size: 18px;font-weight: bold;margin: 0.6em 0 0.8em 0;color: #00533f\">Introducci\u00f3n<\/h5>\n<p style=\"margin: 0.6em 0\">Este curso te invita a adentrarte en el mundo de la inteligencia artificial generativa (IAG) desde una perspectiva pr\u00e1ctica y conectada con tu realidad rural. Aprender\u00e1s a organizar mejor tus tareas, crear contenidos digitales, dise\u00f1ar campa\u00f1as de comunicaci\u00f3n o dar forma a tu propio proyecto de autoempleo, utilizando herramientas accesibles como ChatGPT, Canva o Notion AI. Todo ello con un enfoque \u00e9tico y seguro. A trav\u00e9s de una metodolog\u00eda basada en proyectos, desarrollar\u00e1s soluciones \u00fatiles para tu vida cotidiana, tu comunidad o tu futuro laboral. El curso culmina con la creaci\u00f3n de un proyecto final interdisciplinar, en el que aplicar\u00e1s lo aprendido para resolver un reto local, integrando tecnolog\u00eda, creatividad y sostenibilidad.<\/p>\n<p style=\"margin: 0.6em 0\">Esta formaci\u00f3n se basa en los conocimientos adquiridos en los cinco MOOCs previos del programa \u201cMujeres rurales frente a la Inteligencia Artificial Generativa (humanista)\u201d.<\/p>\n<h5 style=\"font-size: 18px;font-weight: bold;margin: 1.2em 0 0.6em 0;color: #00533f\">Objetivo general<\/h5>\n<p style=\"margin: 0.6em 0\">Aplicar de manera integrada los conocimientos y habilidades adquiridos en los cursos espec\u00edficos del proyecto mediante la realizaci\u00f3n de proyectos pr\u00e1cticos adaptados al contexto rural, con enfoque en la empleabilidad, el emprendimiento, la comunicaci\u00f3n digital y el uso \u00e9tico y seguro de la inteligencia artificial generativa.<\/p>\n<h5 style=\"font-size: 18px;font-weight: bold;margin: 1.2em 0 0.6em 0;color: #00533f\">Temario<\/h5>\n<ul style=\"margin: 0 0 1.5em 2.5em;padding: 0;line-height: 1.6\">\n<li>Laboratorio 1 \u2013 Aplicaciones reales de la IA en la vida cotidiana rural.<\/li>\n<li>Laboratorio 2 \u2013 Empleabilidad y emprendimiento asistido por IA.<\/li>\n<li>Laboratorio 3 \u2013 Comunicaci\u00f3n digital y audiovisual.<\/li>\n<li>Laboratorio 4 \u2013 \u00c9tica, seguridad y g\u00e9nero en el uso de la IA.<\/li>\n<li>Proyecto final interdisciplinar.<\/li>\n<\/ul>\n<\/div>\n<\/div>\n<\/div>\n<\/div>\n<p><!-- COLUMNA DERECHA --><\/p>\n<div class=\"elementor-column elementor-col-33 elementor-top-column\" style=\"border: 3px solid #5c93a3;background-color: #fbf8f2;align-self: flex-start\">\n<div class=\"elementor-widget-wrap elementor-element-populated\" style=\"padding: 15px\">\n<div style=\"padding: 20px 20px 20px 30px;line-height: 1.3;padding-left: 15px\">\n<div style=\"text-align: center;margin-bottom: 10px;margin-top: -10px\"><a href=\"https:\/\/iedra.uned.es\/courses\/course-v1:UNED+MujerRural_Laboratorios_001+2026\/about\" target=\"_blank\" rel=\"noopener\"><br>\n<img decoding=\"async\" style=\"width: 200px;height: auto\" src=\"https:\/\/blogs.uned.es\/mujerrural-iahu\/wp-content\/uploads\/sites\/599\/2025\/12\/inscribete-verde-2.png\" alt=\"Banner de inscripci\u00f3n\"><br>\n<\/a><\/div>\n<div style=\"color: #00533f;font-size: 16px;font-weight: 600;margin-bottom: 5px\">Inicio del curso<\/div>\n<div style=\"font-size: 14px;margin-bottom: 25px\">15 de septiembre de 2026<\/div>\n<div style=\"color: #00533f;font-size: 16px;font-weight: 600;margin-bottom: 5px\">Fin de la atenci\u00f3n tutorial<\/div>\n<div style=\"font-size: 14px;margin-bottom: 5px\">15 de enero de 2027<\/div>\n<div style=\"font-size: 14px;margin-bottom: 25px\"><em>Despu\u00e9s permanecer\u00e1 abierto sin tutorizaci\u00f3n.<\/em><\/div>\n<div style=\"color: #00533f;font-size: 16px;font-weight: 600;margin-bottom: 5px\">Horas de duraci\u00f3n<\/div>\n<div style=\"font-size: 14px;margin-bottom: 25px\">25 horas<\/div>\n<div style=\"color: #00533f;font-size: 16px;font-weight: 600;margin-bottom: 5px\">Precio<\/div>\n<div style=\"font-size: 14px;margin-bottom: 25px\">Gratuito<\/div>\n<div style=\"color: #00533f;font-size: 16px;font-weight: 600;margin-bottom: 5px\">Responsable<\/div>\n<div style=\"font-size: 14px;margin-bottom: 25px\">Sonia Santove\u00f1a Casal (Coord.)<\/div>\n<\/div>\n<\/div>\n<\/div>\n<\/div>\n<\/section>\t\t\t\t\t\t\t\t<\/div>\n\t\t\t\t<\/div>\n\t\t\t\t\t<\/div>\n\t\t<\/div>\n\t\t\t\t\t<\/div>\n\t\t<\/section>\n\t\t\t\t<section class=\"elementor-section elementor-top-section elementor-element elementor-element-9b2836c elementor-section-boxed elementor-section-height-default elementor-section-height-default\" data-id=\"9b2836c\" data-element_type=\"section\" data-e-type=\"section\">\n\t\t\t\t\t\t<div class=\"elementor-container elementor-column-gap-default\">\n\t\t\t\t\t<div class=\"elementor-column elementor-col-100 elementor-top-column elementor-element elementor-element-dc200ed\" data-id=\"dc200ed\" data-element_type=\"column\" data-e-type=\"column\">\n\t\t\t<div class=\"elementor-widget-wrap elementor-element-populated\">\n\t\t\t\t\t\t<div class=\"elementor-element elementor-element-9e34315 elementor-widget__width-initial elementor-widget elementor-widget-video\" data-id=\"9e34315\" data-element_type=\"widget\" data-e-type=\"widget\" data-settings=\"{&quot;youtube_url&quot;:&quot;https:\\\/\\\/www.youtube.com\\\/watch?v=F8baZNT4XsM&quot;,&quot;cc_load_policy&quot;:&quot;yes&quot;,&quot;video_type&quot;:&quot;youtube&quot;,&quot;controls&quot;:&quot;yes&quot;}\" data-widget_type=\"video.default\">\n\t\t\t\t<div class=\"elementor-widget-container\">\n\t\t\t\t\t\t\t<div class=\"elementor-wrapper elementor-open-inline\">\n\t\t\t<div class=\"elementor-video\"><\/div>\t\t<\/div>\n\t\t\t\t\t\t<\/div>\n\t\t\t\t<\/div>\n\t\t\t\t\t<\/div>\n\t\t<\/div>\n\t\t\t\t\t<\/div>\n\t\t<\/section>\n\t\t\t\t<\/div>\n\t\t","protected":false},"excerpt":{"rendered":"<p>Mujeres rurales frente a la inteligencia artificial generativa(MujerRural-IAHu) MOOC 6. Laboratorios pr\u00e1cticos: creaci\u00f3n y aplicaci\u00f3n de soluciones con IA generativa Introducci\u00f3n Este curso te invita a adentrarte en el mundo de la inteligencia artificial generativa (IAG) desde una perspectiva pr\u00e1ctica y conectada con tu realidad rural. Aprender\u00e1s a organizar mejor tus tareas, crear contenidos digitales, dise\u00f1ar campa\u00f1as de comunicaci\u00f3n o dar forma a tu propio proyecto de autoempleo, utilizando herramientas accesibles como ChatGPT, Canva o Notion AI. Todo ello con un enfoque \u00e9tico y seguro. A trav\u00e9s de una metodolog\u00eda basada en proyectos, desarrollar\u00e1s soluciones \u00fatiles para tu vida cotidiana, tu comunidad o tu futuro laboral. El curso culmina con la creaci\u00f3n de un proyecto final interdisciplinar, en el que aplicar\u00e1s lo aprendido para resolver un reto local, integrando tecnolog\u00eda, creatividad y sostenibilidad. Esta formaci\u00f3n se basa en los conocimientos adquiridos en los cinco MOOCs previos del programa \u201cMujeres rurales&hellip;<\/p>\n<p> <a class=\"more-link\" href=\"https:\/\/blogs.uned.es\/mujerrural-iahu\/curso-6-laboratorios\/\">Leer m\u00e1s<\/a><\/p>\n","protected":false},"author":8023,"featured_media":0,"parent":0,"menu_order":0,"comment_status":"closed","ping_status":"closed","template":"elementor_header_footer","meta":{"footnotes":""},"class_list":["post-3497","page","type-page","status-publish"],"_links":{"self":[{"href":"https:\/\/blogs.uned.es\/mujerrural-iahu\/wp-json\/wp\/v2\/pages\/3497","targetHints":{"allow":["GET"]}}],"collection":[{"href":"https:\/\/blogs.uned.es\/mujerrural-iahu\/wp-json\/wp\/v2\/pages"}],"about":[{"href":"https:\/\/blogs.uned.es\/mujerrural-iahu\/wp-json\/wp\/v2\/types\/page"}],"author":[{"embeddable":true,"href":"https:\/\/blogs.uned.es\/mujerrural-iahu\/wp-json\/wp\/v2\/users\/8023"}],"replies":[{"embeddable":true,"href":"https:\/\/blogs.uned.es\/mujerrural-iahu\/wp-json\/wp\/v2\/comments?post=3497"}],"version-history":[{"count":29,"href":"https:\/\/blogs.uned.es\/mujerrural-iahu\/wp-json\/wp\/v2\/pages\/3497\/revisions"}],"predecessor-version":[{"id":4689,"href":"https:\/\/blogs.uned.es\/mujerrural-iahu\/wp-json\/wp\/v2\/pages\/3497\/revisions\/4689"}],"wp:attachment":[{"href":"https:\/\/blogs.uned.es\/mujerrural-iahu\/wp-json\/wp\/v2\/media?parent=3497"}],"curies":[{"name":"wp","href":"https:\/\/api.w.org\/{rel}","templated":true}]}}