{"id":3481,"date":"2025-12-18T22:05:46","date_gmt":"2025-12-18T21:05:46","guid":{"rendered":"https:\/\/blogs.uned.es\/mujerrural-iahu\/?page_id=3481"},"modified":"2026-03-27T15:05:59","modified_gmt":"2026-03-27T14:05:59","slug":"curso-5-seguridad-digital","status":"publish","type":"page","link":"https:\/\/blogs.uned.es\/mujerrural-iahu\/curso-5-seguridad-digital\/","title":{"rendered":"Curso 5 Seguridad digital"},"content":{"rendered":"\t\t<div data-elementor-type=\"wp-page\" data-elementor-id=\"3481\" class=\"elementor elementor-3481\">\n\t\t\t\t\t\t<section class=\"elementor-section elementor-top-section elementor-element elementor-element-1a41809c elementor-section-stretched elementor-section-content-middle elementor-section-full_width elementor-section-height-default elementor-section-height-default\" data-id=\"1a41809c\" data-element_type=\"section\" data-e-type=\"section\" data-settings=\"{&quot;stretch_section&quot;:&quot;section-stretched&quot;,&quot;background_background&quot;:&quot;classic&quot;}\">\n\t\t\t\t\t\t<div class=\"elementor-container elementor-column-gap-default\">\n\t\t\t\t\t<div class=\"elementor-column elementor-col-100 elementor-top-column elementor-element elementor-element-47a68778\" data-id=\"47a68778\" data-element_type=\"column\" data-e-type=\"column\">\n\t\t\t<div class=\"elementor-widget-wrap elementor-element-populated\">\n\t\t\t\t\t\t<section class=\"elementor-section elementor-inner-section elementor-element elementor-element-654e8700 elementor-section-boxed elementor-section-height-default elementor-section-height-default\" data-id=\"654e8700\" data-element_type=\"section\" data-e-type=\"section\">\n\t\t\t\t\t\t<div class=\"elementor-container elementor-column-gap-default\">\n\t\t\t\t\t<div class=\"elementor-column elementor-col-50 elementor-inner-column elementor-element elementor-element-242f1476\" data-id=\"242f1476\" data-element_type=\"column\" data-e-type=\"column\">\n\t\t\t<div class=\"elementor-widget-wrap elementor-element-populated\">\n\t\t\t\t\t\t<div class=\"elementor-element elementor-element-72cc881e elementor-widget__width-initial elementor-widget elementor-widget-image\" data-id=\"72cc881e\" data-element_type=\"widget\" data-e-type=\"widget\" data-widget_type=\"image.default\">\n\t\t\t\t<div class=\"elementor-widget-container\">\n\t\t\t\t\t\t\t\t\t\t\t\t\t\t\t<img decoding=\"async\" src=\"https:\/\/blogs.uned.es\/mujerrural-iahu\/wp-content\/uploads\/sites\/599\/elementor\/thumbs\/Mujer_IA-r953j5nysilllgv4fmj1asamkn6f7q0uc0lq0r6xg0.png\" title=\"Mujer_IA\" alt=\"Mujer_IA\" loading=\"lazy\" \/>\t\t\t\t\t\t\t\t\t\t\t\t\t\t\t<\/div>\n\t\t\t\t<\/div>\n\t\t\t\t\t<\/div>\n\t\t<\/div>\n\t\t\t\t<div class=\"elementor-column elementor-col-50 elementor-inner-column elementor-element elementor-element-89d9a8\" data-id=\"89d9a8\" data-element_type=\"column\" data-e-type=\"column\">\n\t\t\t<div class=\"elementor-widget-wrap elementor-element-populated\">\n\t\t\t\t\t\t<div class=\"elementor-element elementor-element-5e70e27b elementor-widget__width-initial elementor-widget elementor-widget-heading\" data-id=\"5e70e27b\" data-element_type=\"widget\" data-e-type=\"widget\" data-settings=\"{&quot;_animation&quot;:&quot;none&quot;}\" data-widget_type=\"heading.default\">\n\t\t\t\t<div class=\"elementor-widget-container\">\n\t\t\t\t\t<h1 class=\"elementor-heading-title elementor-size-xl\"><div><\/div><div><span style=\"letter-spacing: -3.9px;text-align: left\">Mujeres rurales frente a la inteligencia artificial generativa<br>(MujerRural-IAHu)<\/span><\/div><\/h1>\t\t\t\t<\/div>\n\t\t\t\t<\/div>\n\t\t\t\t<section class=\"elementor-section elementor-inner-section elementor-element elementor-element-b7590f1 elementor-section-boxed elementor-section-height-default elementor-section-height-default\" data-id=\"b7590f1\" data-element_type=\"section\" data-e-type=\"section\">\n\t\t\t\t\t\t<div class=\"elementor-container elementor-column-gap-default\">\n\t\t\t\t\t<div class=\"elementor-column elementor-col-50 elementor-inner-column elementor-element elementor-element-8935a62\" data-id=\"8935a62\" data-element_type=\"column\" data-e-type=\"column\">\n\t\t\t<div class=\"elementor-widget-wrap\">\n\t\t\t\t\t\t\t<\/div>\n\t\t<\/div>\n\t\t\t\t<div class=\"elementor-column elementor-col-50 elementor-inner-column elementor-element elementor-element-e213dfd\" data-id=\"e213dfd\" data-element_type=\"column\" data-e-type=\"column\">\n\t\t\t<div class=\"elementor-widget-wrap elementor-element-populated\">\n\t\t\t\t\t\t<div class=\"elementor-element elementor-element-b0d89b5 elementor-widget__width-auto elementor-widget elementor-widget-image\" data-id=\"b0d89b5\" data-element_type=\"widget\" data-e-type=\"widget\" data-widget_type=\"image.default\">\n\t\t\t\t<div class=\"elementor-widget-container\">\n\t\t\t\t\t\t\t\t\t\t\t\t\t\t\t\t<a href=\"https:\/\/www.instagram.com\/mujerruralia\/\" target=\"_blank\">\n\t\t\t\t\t\t\t<img decoding=\"async\" src=\"https:\/\/blogs.uned.es\/mujerrural-iahu\/wp-content\/uploads\/sites\/599\/elementor\/thumbs\/instagram_icon_transparent-rfuutjxavvog8469fuuisv0mpkd74piksei85v5yt0.png\" title=\"instagram_icon_transparent\" alt=\"instagram_icon_transparent\" loading=\"lazy\" \/>\t\t\t\t\t\t\t\t<\/a>\n\t\t\t\t\t\t\t\t\t\t\t\t\t\t\t<\/div>\n\t\t\t\t<\/div>\n\t\t\t\t<div class=\"elementor-element elementor-element-53a438f elementor-widget__width-auto elementor-widget elementor-widget-image\" data-id=\"53a438f\" data-element_type=\"widget\" data-e-type=\"widget\" data-widget_type=\"image.default\">\n\t\t\t\t<div class=\"elementor-widget-container\">\n\t\t\t\t\t\t\t\t\t\t\t\t\t\t\t\t<a href=\"https:\/\/www.facebook.com\/profile.php?id=61580921361403\" target=\"_blank\">\n\t\t\t\t\t\t\t<img decoding=\"async\" src=\"https:\/\/blogs.uned.es\/mujerrural-iahu\/wp-content\/uploads\/sites\/599\/elementor\/thumbs\/facebook_icon_transparent-rfuusvhhy6qzu95reka8016n9jpnkktk11jloo67as.png\" title=\"facebook_icon_transparent\" alt=\"facebook_icon_transparent\" loading=\"lazy\" \/>\t\t\t\t\t\t\t\t<\/a>\n\t\t\t\t\t\t\t\t\t\t\t\t\t\t\t<\/div>\n\t\t\t\t<\/div>\n\t\t\t\t<div class=\"elementor-element elementor-element-61572d8 elementor-widget__width-auto elementor-widget elementor-widget-image\" data-id=\"61572d8\" data-element_type=\"widget\" data-e-type=\"widget\" data-widget_type=\"image.default\">\n\t\t\t\t<div class=\"elementor-widget-container\">\n\t\t\t\t\t\t\t\t\t\t\t\t\t\t\t\t<a href=\"https:\/\/www.youtube.com\/@MujerRural-IAHu\" target=\"_blank\">\n\t\t\t\t\t\t\t<img decoding=\"async\" src=\"https:\/\/blogs.uned.es\/mujerrural-iahu\/wp-content\/uploads\/sites\/599\/elementor\/thumbs\/1384060-rl4lwyq8a4tap8iasvifwydduaw24uj5kh74v004fo.png\" title=\"1384060\" alt=\"Logo Youtube\" loading=\"lazy\" \/>\t\t\t\t\t\t\t\t<\/a>\n\t\t\t\t\t\t\t\t\t\t\t\t\t\t\t<\/div>\n\t\t\t\t<\/div>\n\t\t\t\t\t<\/div>\n\t\t<\/div>\n\t\t\t\t\t<\/div>\n\t\t<\/section>\n\t\t\t\t\t<\/div>\n\t\t<\/div>\n\t\t\t\t\t<\/div>\n\t\t<\/section>\n\t\t\t\t\t<\/div>\n\t\t<\/div>\n\t\t\t\t\t<\/div>\n\t\t<\/section>\n\t\t\t\t<section class=\"elementor-section elementor-top-section elementor-element elementor-element-7dba139 elementor-section-boxed elementor-section-height-default elementor-section-height-default\" data-id=\"7dba139\" data-element_type=\"section\" data-e-type=\"section\">\n\t\t\t\t\t\t<div class=\"elementor-container elementor-column-gap-default\">\n\t\t\t\t\t<div class=\"elementor-column elementor-col-100 elementor-top-column elementor-element elementor-element-c671015\" data-id=\"c671015\" data-element_type=\"column\" data-e-type=\"column\">\n\t\t\t<div class=\"elementor-widget-wrap elementor-element-populated\">\n\t\t\t\t\t\t<div class=\"elementor-element elementor-element-f954e42 elementor-widget__width-initial elementor-widget elementor-widget-text-editor\" data-id=\"f954e42\" data-element_type=\"widget\" data-e-type=\"widget\" data-widget_type=\"text-editor.default\">\n\t\t\t\t<div class=\"elementor-widget-container\">\n\t\t\t\t\t\t\t\t\t<section class=\"has_ma_el_bg_slider elementor-section elementor-top-section elementor-element elementor-element-5b8113c elementor-section-boxed elementor-section-height-default elementor-section-height-default jltma-glass-effect-no\" style=\"align-self: auto;flex: 0 1 auto;--widgets-spacing: 20px 20px;--widgets-spacing-row: 20px;--widgets-spacing-column: 20px;font-family: Arial, Helvetica, sans-serif;font-size: 16px;line-height: 1.6;color: #333333\" data-id=\"5b8113c\" data-element_type=\"section\"><div class=\"elementor-widget-container\" style=\"margin: 0;padding: 0\"><h2 class=\"elementor-heading-title elementor-size-default\" style=\"font-family: Arial, Helvetica, sans-serif;font-size: 26px;font-weight: bold;margin-bottom: 1em;color: #00533f;text-align: center\">MOOC 5. Seguridad digital, g\u00e9nero y uso \u00e9tico de la IA<\/h2><\/div><div class=\"elementor-container elementor-column-gap-wide\"><p><!-- COLUMNA IZQUIERDA --><\/p><div class=\"elementor-column elementor-col-66 elementor-top-column\" style=\"font-family: Arial, Helvetica, sans-serif;font-size: 16px;line-height: 1.6;color: #333333\"><div class=\"elementor-widget-wrap elementor-element-populated\"><div class=\"elementor-widget elementor-widget-text-editor\"><div class=\"elementor-widget-container\"><h5 style=\"font-size: 18px;font-weight: bold;margin: 0.6em 0 0.8em 0;color: #00533f\">Introducci\u00f3n<\/h5><p style=\"margin: 0.6em 0\">En el mundo digital actual, las brechas de g\u00e9nero no han desaparecido; simplemente han adoptado nuevas formas. Hoy se manifiestan en el desconocimiento de los derechos digitales, en la falta de herramientas para protegerte en l\u00ednea y en distintas expresiones de violencia en los entornos virtuales. Ante estos desaf\u00edos, adquirir formaci\u00f3n en seguridad digital y en el uso \u00e9tico de tecnolog\u00edas como la inteligencia artificial es fundamental para que puedas participar de manera libre, segura y con autonom\u00eda en la sociedad digital.<\/p><p style=\"margin: 0.6em 0\">Este curso te brinda la oportunidad de fortalecer tu ciudadan\u00eda digital desde una perspectiva cr\u00edtica, \u00e9tica y feminista. A lo largo de cuatro m\u00f3dulos, aprender\u00e1s a proteger tu identidad y tus datos, reflexionar\u00e1s sobre los dilemas \u00e9ticos del entorno digital, conocer\u00e1s los principios del ciberfeminismo y comprender\u00e1s tus derechos digitales, as\u00ed como la importancia de la accesibilidad.<\/p><h5 style=\"font-size: 18px;font-weight: bold;margin: 1.2em 0 0.6em 0;color: #00533f\">Objetivo general<\/h5><p style=\"margin: 0.6em 0\">Promover una comprensi\u00f3n cr\u00edtica y aplicada de la seguridad digital desde una perspectiva de g\u00e9nero, fomentando el uso \u00e9tico, consciente y responsable de la inteligencia artificial en contextos educativos, sociales y profesionales.<\/p><h5 style=\"font-size: 18px;font-weight: bold;margin: 1.2em 0 0.6em 0;color: #00533f\">Temario<\/h5><ul style=\"margin: 0 0 1.5em 2.5em;padding: 0;line-height: 1.6\"><li>M\u00f3dulo 1. Privacidad, Datos Personales y Protecci\u00f3n Digital.<\/li><li>M\u00f3dulo 2. Desaf\u00edos digitales desde una perspectiva \u00e9tica y de g\u00e9nero.<\/li><li>M\u00f3dulo 3. Ciberfeminismo, Derechos Digitales y Accesibilidad.<\/li><li>M\u00f3dulo 4. Laboratorio: \u00c9tica, Seguridad y G\u00e9nero en el uso de aplicaciones de IA.<\/li><\/ul><\/div><\/div><\/div><\/div><p><!-- COLUMNA DERECHA --><\/p><div class=\"elementor-column elementor-col-33 elementor-top-column\" style=\"border: 3px solid #5c93a3;background-color: #fbf8f2;align-self: flex-start\"><div class=\"elementor-widget-wrap elementor-element-populated\" style=\"padding: 15px\"><div style=\"padding: 20px 20px 20px 30px;line-height: 1.3;padding-left: 15px\"><div style=\"text-align: center;margin-bottom: 10px;margin-top: -10px\"><a href=\"https:\/\/iedra.uned.es\/courses\/course-v1:UNED+MujerRural_Seguridad_001+2026\/about\" target=\"_blank\" rel=\"noopener\"><br \/><img decoding=\"async\" style=\"width: 200px;height: auto\" src=\"https:\/\/blogs.uned.es\/mujerrural-iahu\/wp-content\/uploads\/sites\/599\/2025\/12\/inscribete-verde-2.png\" alt=\"Banner de inscripci\u00f3n\" \/><br \/><\/a><\/div><div style=\"color: #00533f;font-size: 16px;font-weight: 600;margin-bottom: 5px\">Inicio del curso<\/div><div style=\"font-size: 14px;margin-bottom: 25px\">15 de septiembre de 2026<\/div><div style=\"color: #00533f;font-size: 16px;font-weight: 600;margin-bottom: 5px\">Fin de la atenci\u00f3n tutorial<\/div><div style=\"font-size: 14px;margin-bottom: 5px\">15 de enero de 2027<\/div><div style=\"font-size: 14px;margin-bottom: 25px\"><em>Despu\u00e9s permanecer\u00e1 abierto sin tutorizaci\u00f3n.<\/em><\/div><div style=\"color: #00533f;font-size: 16px;font-weight: 600;margin-bottom: 5px\">Horas de duraci\u00f3n<\/div><div style=\"font-size: 14px;margin-bottom: 25px\">25 horas<\/div><div style=\"color: #00533f;font-size: 16px;font-weight: 600;margin-bottom: 5px\">Precio<\/div><div style=\"font-size: 14px;margin-bottom: 25px\">Gratuito<\/div><div style=\"color: #00533f;font-size: 16px;font-weight: 600;margin-bottom: 5px\">Responsable<\/div><div style=\"font-size: 14px;margin-bottom: 25px\">Gloria Soto Mart\u00ednez (Coord.)<\/div><\/div><\/div><\/div><\/div><\/section>\t\t\t\t\t\t\t\t<\/div>\n\t\t\t\t<\/div>\n\t\t\t\t\t<\/div>\n\t\t<\/div>\n\t\t\t\t\t<\/div>\n\t\t<\/section>\n\t\t\t\t<section class=\"elementor-section elementor-top-section elementor-element elementor-element-21fda44 elementor-section-boxed elementor-section-height-default elementor-section-height-default\" data-id=\"21fda44\" data-element_type=\"section\" data-e-type=\"section\">\n\t\t\t\t\t\t<div class=\"elementor-container elementor-column-gap-default\">\n\t\t\t\t\t<div class=\"elementor-column elementor-col-100 elementor-top-column elementor-element elementor-element-901904f\" data-id=\"901904f\" data-element_type=\"column\" data-e-type=\"column\">\n\t\t\t<div class=\"elementor-widget-wrap elementor-element-populated\">\n\t\t\t\t\t\t<div class=\"elementor-element elementor-element-7bc45a2 elementor-widget__width-initial elementor-widget elementor-widget-video\" data-id=\"7bc45a2\" data-element_type=\"widget\" data-e-type=\"widget\" data-settings=\"{&quot;youtube_url&quot;:&quot;https:\\\/\\\/www.youtube.com\\\/watch?v=eHKpsBYHMDQ&quot;,&quot;cc_load_policy&quot;:&quot;yes&quot;,&quot;video_type&quot;:&quot;youtube&quot;,&quot;controls&quot;:&quot;yes&quot;}\" data-widget_type=\"video.default\">\n\t\t\t\t<div class=\"elementor-widget-container\">\n\t\t\t\t\t\t\t<div class=\"elementor-wrapper elementor-open-inline\">\n\t\t\t<div class=\"elementor-video\"><\/div>\t\t<\/div>\n\t\t\t\t\t\t<\/div>\n\t\t\t\t<\/div>\n\t\t\t\t\t<\/div>\n\t\t<\/div>\n\t\t\t\t\t<\/div>\n\t\t<\/section>\n\t\t\t\t<\/div>\n\t\t","protected":false},"excerpt":{"rendered":"<p>Mujeres rurales frente a la inteligencia artificial generativa(MujerRural-IAHu) MOOC 5. Seguridad digital, g\u00e9nero y uso \u00e9tico de la IA Introducci\u00f3n En el mundo digital actual, las brechas de g\u00e9nero no han desaparecido; simplemente han adoptado nuevas formas. Hoy se manifiestan en el desconocimiento de los derechos digitales, en la falta de herramientas para protegerte en l\u00ednea y en distintas expresiones de violencia en los entornos virtuales. Ante estos desaf\u00edos, adquirir formaci\u00f3n en seguridad digital y en el uso \u00e9tico de tecnolog\u00edas como la inteligencia artificial es fundamental para que puedas participar de manera libre, segura y con autonom\u00eda en la sociedad digital. Este curso te brinda la oportunidad de fortalecer tu ciudadan\u00eda digital desde una perspectiva cr\u00edtica, \u00e9tica y feminista. A lo largo de cuatro m\u00f3dulos, aprender\u00e1s a proteger tu identidad y tus datos, reflexionar\u00e1s sobre los dilemas \u00e9ticos del entorno digital, conocer\u00e1s los principios del ciberfeminismo y comprender\u00e1s tus&hellip;<\/p>\n<p> <a class=\"more-link\" href=\"https:\/\/blogs.uned.es\/mujerrural-iahu\/curso-5-seguridad-digital\/\">Leer m\u00e1s<\/a><\/p>\n","protected":false},"author":8023,"featured_media":0,"parent":0,"menu_order":0,"comment_status":"closed","ping_status":"closed","template":"elementor_header_footer","meta":{"footnotes":""},"class_list":["post-3481","page","type-page","status-publish"],"_links":{"self":[{"href":"https:\/\/blogs.uned.es\/mujerrural-iahu\/wp-json\/wp\/v2\/pages\/3481","targetHints":{"allow":["GET"]}}],"collection":[{"href":"https:\/\/blogs.uned.es\/mujerrural-iahu\/wp-json\/wp\/v2\/pages"}],"about":[{"href":"https:\/\/blogs.uned.es\/mujerrural-iahu\/wp-json\/wp\/v2\/types\/page"}],"author":[{"embeddable":true,"href":"https:\/\/blogs.uned.es\/mujerrural-iahu\/wp-json\/wp\/v2\/users\/8023"}],"replies":[{"embeddable":true,"href":"https:\/\/blogs.uned.es\/mujerrural-iahu\/wp-json\/wp\/v2\/comments?post=3481"}],"version-history":[{"count":25,"href":"https:\/\/blogs.uned.es\/mujerrural-iahu\/wp-json\/wp\/v2\/pages\/3481\/revisions"}],"predecessor-version":[{"id":4683,"href":"https:\/\/blogs.uned.es\/mujerrural-iahu\/wp-json\/wp\/v2\/pages\/3481\/revisions\/4683"}],"wp:attachment":[{"href":"https:\/\/blogs.uned.es\/mujerrural-iahu\/wp-json\/wp\/v2\/media?parent=3481"}],"curies":[{"name":"wp","href":"https:\/\/api.w.org\/{rel}","templated":true}]}}