{"id":31,"date":"2019-10-09T10:31:23","date_gmt":"2019-10-09T08:31:23","guid":{"rendered":"http:\/\/blogs.uned.es\/mujerrural-iahu\/?page_id=31"},"modified":"2026-03-27T15:07:38","modified_gmt":"2026-03-27T14:07:38","slug":"quienes","status":"publish","type":"page","link":"https:\/\/blogs.uned.es\/mujerrural-iahu\/quienes\/","title":{"rendered":"Participantes"},"content":{"rendered":"\t\t<div data-elementor-type=\"wp-page\" data-elementor-id=\"31\" class=\"elementor elementor-31\">\n\t\t\t\t\t\t<section class=\"elementor-section elementor-top-section elementor-element elementor-element-1a41809c elementor-section-stretched elementor-section-content-middle elementor-section-full_width elementor-section-height-default elementor-section-height-default\" data-id=\"1a41809c\" data-element_type=\"section\" data-e-type=\"section\" data-settings=\"{&quot;stretch_section&quot;:&quot;section-stretched&quot;,&quot;background_background&quot;:&quot;classic&quot;}\">\n\t\t\t\t\t\t<div class=\"elementor-container elementor-column-gap-default\">\n\t\t\t\t\t<div class=\"elementor-column elementor-col-100 elementor-top-column elementor-element elementor-element-47a68778\" data-id=\"47a68778\" data-element_type=\"column\" data-e-type=\"column\">\n\t\t\t<div class=\"elementor-widget-wrap elementor-element-populated\">\n\t\t\t\t\t\t<section class=\"elementor-section elementor-inner-section elementor-element elementor-element-654e8700 elementor-section-boxed elementor-section-height-default elementor-section-height-default\" data-id=\"654e8700\" data-element_type=\"section\" data-e-type=\"section\">\n\t\t\t\t\t\t<div class=\"elementor-container elementor-column-gap-default\">\n\t\t\t\t\t<div class=\"elementor-column elementor-col-50 elementor-inner-column elementor-element elementor-element-242f1476\" data-id=\"242f1476\" data-element_type=\"column\" data-e-type=\"column\">\n\t\t\t<div class=\"elementor-widget-wrap elementor-element-populated\">\n\t\t\t\t\t\t<div class=\"elementor-element elementor-element-72cc881e elementor-widget__width-initial elementor-widget elementor-widget-image\" data-id=\"72cc881e\" data-element_type=\"widget\" data-e-type=\"widget\" data-widget_type=\"image.default\">\n\t\t\t\t<div class=\"elementor-widget-container\">\n\t\t\t\t\t\t\t\t\t\t\t\t\t\t\t<img decoding=\"async\" src=\"https:\/\/blogs.uned.es\/mujerrural-iahu\/wp-content\/uploads\/sites\/599\/elementor\/thumbs\/Mujer_IA-r953j5nysilllgv4fmj1asamkn6f7q0uc0lq0r6xg0.png\" title=\"Mujer_IA\" alt=\"Mujer_IA\" loading=\"lazy\" \/>\t\t\t\t\t\t\t\t\t\t\t\t\t\t\t<\/div>\n\t\t\t\t<\/div>\n\t\t\t\t\t<\/div>\n\t\t<\/div>\n\t\t\t\t<div class=\"elementor-column elementor-col-50 elementor-inner-column elementor-element elementor-element-89d9a8\" data-id=\"89d9a8\" data-element_type=\"column\" data-e-type=\"column\">\n\t\t\t<div class=\"elementor-widget-wrap elementor-element-populated\">\n\t\t\t\t\t\t<div class=\"elementor-element elementor-element-5e70e27b elementor-widget__width-initial elementor-widget elementor-widget-heading\" data-id=\"5e70e27b\" data-element_type=\"widget\" data-e-type=\"widget\" data-settings=\"{&quot;_animation&quot;:&quot;none&quot;}\" data-widget_type=\"heading.default\">\n\t\t\t\t<div class=\"elementor-widget-container\">\n\t\t\t\t\t<h1 class=\"elementor-heading-title elementor-size-xl\"><div><\/div><div><span style=\"letter-spacing: -3.9px;text-align: left\">Mujeres rurales frente a la inteligencia artificial generativa<br>(MujerRural-IAHu)<\/span><\/div><\/h1>\t\t\t\t<\/div>\n\t\t\t\t<\/div>\n\t\t\t\t<section class=\"elementor-section elementor-inner-section elementor-element elementor-element-76c7f3f elementor-section-boxed elementor-section-height-default elementor-section-height-default\" data-id=\"76c7f3f\" data-element_type=\"section\" data-e-type=\"section\">\n\t\t\t\t\t\t<div class=\"elementor-container elementor-column-gap-default\">\n\t\t\t\t\t<div class=\"elementor-column elementor-col-50 elementor-inner-column elementor-element elementor-element-7458fef\" data-id=\"7458fef\" data-element_type=\"column\" data-e-type=\"column\">\n\t\t\t<div class=\"elementor-widget-wrap\">\n\t\t\t\t\t\t\t<\/div>\n\t\t<\/div>\n\t\t\t\t<div class=\"elementor-column elementor-col-50 elementor-inner-column elementor-element elementor-element-0fdd1c1\" data-id=\"0fdd1c1\" data-element_type=\"column\" data-e-type=\"column\">\n\t\t\t<div class=\"elementor-widget-wrap elementor-element-populated\">\n\t\t\t\t\t\t<div class=\"elementor-element elementor-element-0896116 elementor-widget__width-auto elementor-widget elementor-widget-image\" data-id=\"0896116\" data-element_type=\"widget\" data-e-type=\"widget\" data-widget_type=\"image.default\">\n\t\t\t\t<div class=\"elementor-widget-container\">\n\t\t\t\t\t\t\t\t\t\t\t\t\t\t\t\t<a href=\"https:\/\/www.instagram.com\/mujerruralia\/\" target=\"_blank\">\n\t\t\t\t\t\t\t<img decoding=\"async\" src=\"https:\/\/blogs.uned.es\/mujerrural-iahu\/wp-content\/uploads\/sites\/599\/elementor\/thumbs\/instagram_icon_transparent-rfuutjxavvog8469fuuisv0mpkd74piksei85v5yt0.png\" title=\"instagram_icon_transparent\" alt=\"instagram_icon_transparent\" loading=\"lazy\" \/>\t\t\t\t\t\t\t\t<\/a>\n\t\t\t\t\t\t\t\t\t\t\t\t\t\t\t<\/div>\n\t\t\t\t<\/div>\n\t\t\t\t<div class=\"elementor-element elementor-element-57d6e33 elementor-widget__width-auto elementor-widget elementor-widget-image\" data-id=\"57d6e33\" data-element_type=\"widget\" data-e-type=\"widget\" data-widget_type=\"image.default\">\n\t\t\t\t<div class=\"elementor-widget-container\">\n\t\t\t\t\t\t\t\t\t\t\t\t\t\t\t\t<a href=\"https:\/\/www.facebook.com\/profile.php?id=61580921361403\" target=\"_blank\">\n\t\t\t\t\t\t\t<img decoding=\"async\" src=\"https:\/\/blogs.uned.es\/mujerrural-iahu\/wp-content\/uploads\/sites\/599\/elementor\/thumbs\/facebook_icon_transparent-rfuusvhhy6qzu95reka8016n9jpnkktk11jloo67as.png\" title=\"facebook_icon_transparent\" alt=\"facebook_icon_transparent\" loading=\"lazy\" \/>\t\t\t\t\t\t\t\t<\/a>\n\t\t\t\t\t\t\t\t\t\t\t\t\t\t\t<\/div>\n\t\t\t\t<\/div>\n\t\t\t\t<div class=\"elementor-element elementor-element-f3de693 elementor-widget__width-auto elementor-widget elementor-widget-image\" data-id=\"f3de693\" data-element_type=\"widget\" data-e-type=\"widget\" data-widget_type=\"image.default\">\n\t\t\t\t<div class=\"elementor-widget-container\">\n\t\t\t\t\t\t\t\t\t\t\t\t\t\t\t\t<a href=\"https:\/\/www.youtube.com\/@MujerRural-IAHu\" target=\"_blank\">\n\t\t\t\t\t\t\t<img decoding=\"async\" src=\"https:\/\/blogs.uned.es\/mujerrural-iahu\/wp-content\/uploads\/sites\/599\/elementor\/thumbs\/1384060-rl4lwyq8a4tap8iasvifwydduaw24uj5kh74v004fo.png\" title=\"1384060\" alt=\"Logo Youtube\" loading=\"lazy\" \/>\t\t\t\t\t\t\t\t<\/a>\n\t\t\t\t\t\t\t\t\t\t\t\t\t\t\t<\/div>\n\t\t\t\t<\/div>\n\t\t\t\t\t<\/div>\n\t\t<\/div>\n\t\t\t\t\t<\/div>\n\t\t<\/section>\n\t\t\t\t\t<\/div>\n\t\t<\/div>\n\t\t\t\t\t<\/div>\n\t\t<\/section>\n\t\t\t\t\t<\/div>\n\t\t<\/div>\n\t\t\t\t\t<\/div>\n\t\t<\/section>\n\t\t\t\t<section class=\"elementor-section elementor-top-section elementor-element elementor-element-7dba139 elementor-section-boxed elementor-section-height-default elementor-section-height-default\" data-id=\"7dba139\" data-element_type=\"section\" data-e-type=\"section\">\n\t\t\t\t\t\t<div class=\"elementor-container elementor-column-gap-default\">\n\t\t\t\t\t<div class=\"elementor-column elementor-col-100 elementor-top-column elementor-element elementor-element-c671015\" data-id=\"c671015\" data-element_type=\"column\" data-e-type=\"column\">\n\t\t\t<div class=\"elementor-widget-wrap elementor-element-populated\">\n\t\t\t\t\t\t<div class=\"elementor-element elementor-element-f954e42 elementor-widget__width-initial elementor-widget elementor-widget-text-editor\" data-id=\"f954e42\" data-element_type=\"widget\" data-e-type=\"widget\" data-widget_type=\"text-editor.default\">\n\t\t\t\t<div class=\"elementor-widget-container\">\n\t\t\t\t\t\t\t\t\t<section class=\"has_ma_el_bg_slider elementor-section elementor-top-section elementor-element elementor-element-5b8113c elementor-section-boxed elementor-section-height-default elementor-section-height-default jltma-glass-effect-no\" style=\"align-self: auto;flex: 0 1 auto;--widgets-spacing: 20px 20px;--widgets-spacing-row: 20px;--widgets-spacing-column: 20px;font-family: Arial, Helvetica, sans-serif;font-size: 16px;line-height: 1.6;color: #333333\" data-id=\"5b8113c\" data-element_type=\"section\"><!-- T\u00cdTULO -->\n<div class=\"elementor-widget-container\" style=\"margin: 0;padding: 0\">\n<h2 class=\"elementor-heading-title elementor-size-default\" style=\"margin: -12px 0 1em 0;font-family: Arial, Helvetica, sans-serif;font-size: 26px;font-weight: bold;color: #00533f;text-align: center;display: block;width: 100%\">Participantes<\/h2>\n<\/div>\n<!-- CONTENIDO -->\n<div class=\"elementor-container elementor-column-gap-wide\" style=\"margin: 0;padding: 0 0 0 20px\">\n<div class=\"elementor-column elementor-col-100 elementor-top-column\">\n<div class=\"elementor-widget-wrap elementor-element-populated\">\n<div>\n\n<!-- INVESTIGACI\u00d3N -->\n<h5 style=\"font-size: 18px;font-weight: bold;margin: 1.2em 0 0.6em 0;color: #00533f\">Equipo de investigaci\u00f3n<\/h5>\n<p style=\"margin: 0.35em 0\"><a style=\"text-decoration: none;margin-right: 6px;color: #00533f\" href=\"mailto:ssantovena@edu.uned.es\">\ud83d\udce7<\/a>\n<strong>Sonia Santove\u00f1a<\/strong> \u2013 Universidad Nacional de Educaci\u00f3n a Distancia<\/p>\n<p style=\"margin: 0.35em 0\"><a style=\"text-decoration: none;margin-right: 6px;color: #00533f\" href=\"mailto:jcarpio@ieec.uned.es\">\ud83d\udce7<\/a>\n<strong>Jos\u00e9 Carpio Ib\u00e1\u00f1ez<\/strong> \u2013 Universidad Nacional de Educaci\u00f3n a Distancia<\/p>\n<p style=\"margin: 0.35em 0\"><a style=\"text-decoration: none;margin-right: 6px;color: #00533f\" href=\"mailto:caceres@ugr.es\">\ud83d\udce7<\/a>\n<strong>Pilar C\u00e1ceres<\/strong> \u2013 Universidad de Granada<\/p>\n<p style=\"margin: 0.35em 0\"><a style=\"text-decoration: none;margin-right: 6px;color: #00533f\" href=\"mailto:bpastor@flog.uned.es\">\ud83d\udce7<\/a>\n<strong>Br\u00edgida Manuela Pastor Pastor<\/strong> \u2013 Universidad Nacional de Educaci\u00f3n a Distancia<\/p>\n<p style=\"margin: 0.35em 0\"><a style=\"text-decoration: none;margin-right: 6px;color: #00533f\" href=\"mailto:djimenez@edu.uned.es\">\ud83d\udce7<\/a>\n<strong>David Jim\u00e9nez<\/strong> \u2013 Universidad Nacional de Educaci\u00f3n a Distancia<\/p>\n<p style=\"margin: 0.35em 0\"><a style=\"text-decoration: none;margin-right: 6px;color: #00533f\" href=\"mailto:gsoto@edu.uned.es\">\ud83d\udce7<\/a>\n<strong>Gloria Soto<\/strong> \u2013 Universidad Nacional de Educaci\u00f3n a Distancia<\/p>\n<p style=\"margin: 0.35em 0\"><a style=\"text-decoration: none;margin-right: 6px;color: #00533f\" href=\"mailto:mariamar.roman@edu.uned.es\">\ud83d\udce7<\/a>\n<strong>Mar\u00eda del Mar Rom\u00e1n<\/strong> \u2013 Universidad Nacional de Educaci\u00f3n a Distancia<\/p>\n<p style=\"margin: 0.35em 0\"><a style=\"text-decoration: none;margin-right: 6px;color: #00533f\" href=\"mailto:martags@um.es\">\ud83d\udce7<\/a>\n<strong>Marta Guti\u00e9rrez<\/strong> \u2013 Universidad de Murcia<\/p>\n<p style=\"margin: 0.35em 0\"><a style=\"text-decoration: none;margin-right: 6px;color: #00533f\" href=\"mailto:anabelenfc@um.es\">\ud83d\udce7<\/a>\n<strong>Ana Bel\u00e9n Fern\u00e1ndez<\/strong> \u2013 Universidad de Murcia<\/p>\n<p style=\"margin: 0.35em 0\"><a style=\"text-decoration: none;margin-right: 6px;color: #00533f\" href=\"mailto:Andrea.gracia@uclm.es\">\ud83d\udce7<\/a>\n<strong>Andrea Gracia<\/strong> \u2013 Universidad de Castilla-La Mancha<\/p>\n<!-- TRABAJO -->\n<h5 style=\"font-size: 18px;font-weight: bold;margin: 1.2em 0 0.6em 0;color: #00533f\">Equipo de trabajo<\/h5>\n<p style=\"margin: 0.35em 0\"><a style=\"text-decoration: none;margin-right: 6px;color: #00533f\" href=\"mailto:airodriguezsimon@gmail.com\">\ud83d\udce7<\/a><strong>Alejandro I. Rodr\u00edguez<\/strong> \u2013 Universitat Internacional Valenciana<\/p>\n<p style=\"margin: 0.35em 0\"><a style=\"text-decoration: none;margin-right: 6px;color: #00533f\" href=\"mailto:andressantiago@pas.uned.es\">\ud83d\udce7<\/a><strong>Andr\u00e9s Santiago Jim\u00e9nez<\/strong> \u2013 UNED<\/p>\n<p style=\"margin: 0.35em 0\"><a style=\"text-decoration: none;margin-right: 6px;color: #00533f\" href=\"mailto:Eduardo.GToledano@uclm.es\">\ud83d\udce7<\/a><strong>Eduardo Garc\u00eda<\/strong> \u2013 UCLM<\/p>\n<p style=\"margin: 0.35em 0\"><a style=\"text-decoration: none;margin-right: 6px;color: #00533f\" href=\"mailto:montoyag847@gmail.com\">\ud83d\udce7<\/a><strong>Gloria Cecilia<\/strong> \u2013 Conexi\u00f3n Colombia<\/p>\n<p style=\"margin: 0.35em 0\"><a style=\"text-decoration: none;margin-right: 6px;color: #00533f\" href=\"mailto:jbravo@ups.edu.ec\">\ud83d\udce7<\/a><strong>Jack F. Bravo<\/strong> \u2013 UPS<\/p>\n<p style=\"margin: 0.35em 0\"><a style=\"text-decoration: none;margin-right: 6px;color: #00533f\" href=\"mailto:jordiaz@edu.uned.es\">\ud83d\udce7<\/a><strong>Jorge D\u00edaz<\/strong> \u2013 UNIR<\/p>\n<p style=\"margin: 0.35em 0\"><a style=\"text-decoration: none;margin-right: 6px;color: #00533f\" href=\"mailto:mrodrigue8685@alumno.uned.es\">\ud83d\udce7<\/a><strong>Mar\u00eda Jos\u00e9 Rodr\u00edguez Z\u00e1rate<\/strong> \u2013 UNED<\/p>\n<p style=\"margin: 0.35em 0\"><a style=\"text-decoration: none;margin-right: 6px;color: #00533f\" href=\"mailto:mjroldan@edu.uned.es\">\ud83d\udce7<\/a><strong>M\u00aa Jes\u00fas Rold\u00e1n<\/strong> \u2013 UNED<\/p>\n<p style=\"margin: 0.35em 0\"><a style=\"text-decoration: none;margin-right: 6px;color: #00533f\" href=\"mailto:rubengzmz@gmail.com\">\ud83d\udce7<\/a><strong>Rub\u00e9n G\u00f3mez<\/strong> \u2013 UNED<\/p>\n<p style=\"margin: 0.35em 0\"><a style=\"text-decoration: none;margin-right: 6px;color: #00533f\" href=\"mailto:susana.lopez@unq.edu.ar\">\ud83d\udce7<\/a><strong>Susana Regina L\u00f3pez<\/strong> \u2013 Quilmes<\/p>\n<p style=\"margin: 0.35em 0\"><a style=\"text-decoration: none;margin-right: 6px;color: #00533f\" href=\"mailto:miangaca9@gmail.com\">\ud83d\udce7<\/a><strong>Miguel \u00c1ngel Gallegos<\/strong> \u2013 REALC<\/p>\n<p style=\"margin: 0.35em 0\"><a style=\"text-decoration: none;margin-right: 6px;color: #00533f\" href=\"mailto:m.diaz@a-coruna.uned.es\">\ud83d\udce7<\/a><strong>Mar\u00eda D\u00edaz de Robles<\/strong> \u2013 UNED<\/p>\n<!-- INFORM\u00c1TICO -->\n<h5 style=\"font-size: 18px;font-weight: bold;margin: 1.2em 0 0.6em 0;color: #00533f\">Equipo inform\u00e1tico<\/h5>\n<p style=\"margin: 0.35em 0\"><a style=\"text-decoration: none;margin-right: 6px;color: #00533f\" href=\"mailto:beatriz.molina@pas.uned.es\">\ud83d\udce7<\/a>\n<strong>Beatriz Molina<\/strong> \u2013 UNED<\/p>\n\n<\/div>\n<\/div>\n<\/div>\n<\/div>\n<\/section>\t\t\t\t\t\t\t\t<\/div>\n\t\t\t\t<\/div>\n\t\t\t\t\t<\/div>\n\t\t<\/div>\n\t\t\t\t\t<\/div>\n\t\t<\/section>\n\t\t\t\t<section class=\"elementor-section elementor-top-section elementor-element elementor-element-a04a025 elementor-section-stretched elementor-section-boxed elementor-section-height-default elementor-section-height-default\" data-id=\"a04a025\" data-element_type=\"section\" data-e-type=\"section\" data-settings=\"{&quot;stretch_section&quot;:&quot;section-stretched&quot;,&quot;background_background&quot;:&quot;classic&quot;}\">\n\t\t\t\t\t\t<div class=\"elementor-container elementor-column-gap-default\">\n\t\t\t\t\t<div class=\"elementor-column elementor-col-100 elementor-top-column elementor-element elementor-element-dd5780f\" data-id=\"dd5780f\" data-element_type=\"column\" data-e-type=\"column\">\n\t\t\t<div class=\"elementor-widget-wrap elementor-element-populated\">\n\t\t\t\t\t\t<div class=\"elementor-element elementor-element-46e27ae elementor-align-center elementor-widget elementor-widget-button\" data-id=\"46e27ae\" data-element_type=\"widget\" data-e-type=\"widget\" data-widget_type=\"button.default\">\n\t\t\t\t<div class=\"elementor-widget-container\">\n\t\t\t\t\t\t\t\t\t<div class=\"elementor-button-wrapper\">\n\t\t\t\t\t<a class=\"elementor-button elementor-button-link elementor-size-md\" href=\"https:\/\/blogs.uned.es\/mujerrural-iahu\/contacto\/\">\n\t\t\t\t\t\t<span class=\"elementor-button-content-wrapper\">\n\t\t\t\t\t\t\t\t\t<span class=\"elementor-button-text\">Contacta con nosotros<\/span>\n\t\t\t\t\t<\/span>\n\t\t\t\t\t<\/a>\n\t\t\t\t<\/div>\n\t\t\t\t\t\t\t\t<\/div>\n\t\t\t\t<\/div>\n\t\t\t\t\t<\/div>\n\t\t<\/div>\n\t\t\t\t\t<\/div>\n\t\t<\/section>\n\t\t\t\t<\/div>\n\t\t","protected":false},"excerpt":{"rendered":"<p>Mujeres rurales frente a la inteligencia artificial generativa(MujerRural-IAHu) Participantes Equipo de investigaci\u00f3n \ud83d\udce7 Sonia Santove\u00f1a \u2013 Universidad Nacional de Educaci\u00f3n a Distancia \ud83d\udce7 Jos\u00e9 Carpio Ib\u00e1\u00f1ez \u2013 Universidad Nacional de Educaci\u00f3n a Distancia \ud83d\udce7 Pilar C\u00e1ceres \u2013 Universidad de Granada \ud83d\udce7 Br\u00edgida Manuela Pastor Pastor \u2013 Universidad Nacional de Educaci\u00f3n a Distancia \ud83d\udce7 David Jim\u00e9nez \u2013 Universidad Nacional de Educaci\u00f3n a Distancia \ud83d\udce7 Gloria Soto \u2013 Universidad Nacional de Educaci\u00f3n a Distancia \ud83d\udce7 Mar\u00eda del Mar Rom\u00e1n \u2013 Universidad Nacional de Educaci\u00f3n a Distancia \ud83d\udce7 Marta Guti\u00e9rrez \u2013 Universidad de Murcia \ud83d\udce7 Ana Bel\u00e9n Fern\u00e1ndez \u2013 Universidad de Murcia \ud83d\udce7 Andrea Gracia \u2013 Universidad de Castilla-La Mancha Equipo de trabajo \ud83d\udce7Alejandro I. Rodr\u00edguez \u2013 Universitat Internacional Valenciana \ud83d\udce7Andr\u00e9s Santiago Jim\u00e9nez \u2013 UNED \ud83d\udce7Eduardo Garc\u00eda \u2013 UCLM \ud83d\udce7Gloria Cecilia \u2013 Conexi\u00f3n Colombia \ud83d\udce7Jack F. Bravo \u2013 UPS \ud83d\udce7Jorge D\u00edaz \u2013 UNIR \ud83d\udce7Mar\u00eda Jos\u00e9 Rodr\u00edguez Z\u00e1rate \u2013 UNED \ud83d\udce7M\u00aa Jes\u00fas Rold\u00e1n \u2013&hellip;<\/p>\n<p> <a class=\"more-link\" href=\"https:\/\/blogs.uned.es\/mujerrural-iahu\/quienes\/\">Leer m\u00e1s<\/a><\/p>\n","protected":false},"author":1,"featured_media":0,"parent":0,"menu_order":0,"comment_status":"closed","ping_status":"closed","template":"elementor_header_footer","meta":{"footnotes":""},"class_list":["post-31","page","type-page","status-publish"],"_links":{"self":[{"href":"https:\/\/blogs.uned.es\/mujerrural-iahu\/wp-json\/wp\/v2\/pages\/31","targetHints":{"allow":["GET"]}}],"collection":[{"href":"https:\/\/blogs.uned.es\/mujerrural-iahu\/wp-json\/wp\/v2\/pages"}],"about":[{"href":"https:\/\/blogs.uned.es\/mujerrural-iahu\/wp-json\/wp\/v2\/types\/page"}],"author":[{"embeddable":true,"href":"https:\/\/blogs.uned.es\/mujerrural-iahu\/wp-json\/wp\/v2\/users\/1"}],"replies":[{"embeddable":true,"href":"https:\/\/blogs.uned.es\/mujerrural-iahu\/wp-json\/wp\/v2\/comments?post=31"}],"version-history":[{"count":90,"href":"https:\/\/blogs.uned.es\/mujerrural-iahu\/wp-json\/wp\/v2\/pages\/31\/revisions"}],"predecessor-version":[{"id":4697,"href":"https:\/\/blogs.uned.es\/mujerrural-iahu\/wp-json\/wp\/v2\/pages\/31\/revisions\/4697"}],"wp:attachment":[{"href":"https:\/\/blogs.uned.es\/mujerrural-iahu\/wp-json\/wp\/v2\/media?parent=31"}],"curies":[{"name":"wp","href":"https:\/\/api.w.org\/{rel}","templated":true}]}}