{"id":1019,"date":"2025-07-15T20:32:50","date_gmt":"2025-07-15T18:32:50","guid":{"rendered":"https:\/\/blogs.uned.es\/mujerrural-iahu\/?page_id=1019"},"modified":"2026-04-30T11:52:41","modified_gmt":"2026-04-30T09:52:41","slug":"publicaciones","status":"publish","type":"page","link":"https:\/\/blogs.uned.es\/mujerrural-iahu\/publicaciones\/","title":{"rendered":"Publicaciones"},"content":{"rendered":"\t\t<div data-elementor-type=\"wp-page\" data-elementor-id=\"1019\" class=\"elementor elementor-1019\">\n\t\t\t\t\t\t<section class=\"elementor-section elementor-top-section elementor-element elementor-element-72e20b73 elementor-section-stretched elementor-section-content-middle elementor-section-full_width elementor-section-height-default elementor-section-height-default\" data-id=\"72e20b73\" data-element_type=\"section\" data-e-type=\"section\" data-settings=\"{&quot;stretch_section&quot;:&quot;section-stretched&quot;,&quot;background_background&quot;:&quot;classic&quot;}\">\n\t\t\t\t\t\t<div class=\"elementor-container elementor-column-gap-default\">\n\t\t\t\t\t<div class=\"elementor-column elementor-col-100 elementor-top-column elementor-element elementor-element-51c16103\" data-id=\"51c16103\" data-element_type=\"column\" data-e-type=\"column\">\n\t\t\t<div class=\"elementor-widget-wrap elementor-element-populated\">\n\t\t\t\t\t\t<section class=\"elementor-section elementor-inner-section elementor-element elementor-element-5f3bf09 elementor-section-boxed elementor-section-height-default elementor-section-height-default\" data-id=\"5f3bf09\" data-element_type=\"section\" data-e-type=\"section\">\n\t\t\t\t\t\t<div class=\"elementor-container elementor-column-gap-default\">\n\t\t\t\t\t<div class=\"elementor-column elementor-col-50 elementor-inner-column elementor-element elementor-element-3ac6a0b2\" data-id=\"3ac6a0b2\" data-element_type=\"column\" data-e-type=\"column\">\n\t\t\t<div class=\"elementor-widget-wrap elementor-element-populated\">\n\t\t\t\t\t\t<div class=\"elementor-element elementor-element-65fe806 elementor-widget__width-initial elementor-widget elementor-widget-image\" data-id=\"65fe806\" data-element_type=\"widget\" data-e-type=\"widget\" data-widget_type=\"image.default\">\n\t\t\t\t<div class=\"elementor-widget-container\">\n\t\t\t\t\t\t\t\t\t\t\t\t\t\t\t<img decoding=\"async\" src=\"https:\/\/blogs.uned.es\/mujerrural-iahu\/wp-content\/uploads\/sites\/599\/elementor\/thumbs\/Mujer_IA-r953j5nysilllgv4fmj1asamkn6f7q0uc0lq0r6xg0.png\" title=\"Mujer_IA\" alt=\"Mujer_IA\" loading=\"lazy\" \/>\t\t\t\t\t\t\t\t\t\t\t\t\t\t\t<\/div>\n\t\t\t\t<\/div>\n\t\t\t\t\t<\/div>\n\t\t<\/div>\n\t\t\t\t<div class=\"elementor-column elementor-col-50 elementor-inner-column elementor-element elementor-element-2f4ac1ee\" data-id=\"2f4ac1ee\" data-element_type=\"column\" data-e-type=\"column\">\n\t\t\t<div class=\"elementor-widget-wrap elementor-element-populated\">\n\t\t\t\t\t\t<div class=\"elementor-element elementor-element-20ba1b6e elementor-widget__width-initial elementor-widget elementor-widget-heading\" data-id=\"20ba1b6e\" data-element_type=\"widget\" data-e-type=\"widget\" data-settings=\"{&quot;_animation&quot;:&quot;none&quot;}\" data-widget_type=\"heading.default\">\n\t\t\t\t<div class=\"elementor-widget-container\">\n\t\t\t\t\t<h1 class=\"elementor-heading-title elementor-size-xl\"><div><\/div><div><span style=\"letter-spacing: -3.9px;text-align: left\">Mujeres rurales frente a la inteligencia artificial generativa<br>(MujerRural-IAHu)<\/span><\/div><\/h1>\t\t\t\t<\/div>\n\t\t\t\t<\/div>\n\t\t\t\t<section class=\"elementor-section elementor-inner-section elementor-element elementor-element-0204e48 elementor-section-boxed elementor-section-height-default elementor-section-height-default\" data-id=\"0204e48\" data-element_type=\"section\" data-e-type=\"section\">\n\t\t\t\t\t\t<div class=\"elementor-container elementor-column-gap-default\">\n\t\t\t\t\t<div class=\"elementor-column elementor-col-50 elementor-inner-column elementor-element elementor-element-9ea2504\" data-id=\"9ea2504\" data-element_type=\"column\" data-e-type=\"column\">\n\t\t\t<div class=\"elementor-widget-wrap\">\n\t\t\t\t\t\t\t<\/div>\n\t\t<\/div>\n\t\t\t\t<div class=\"elementor-column elementor-col-50 elementor-inner-column elementor-element elementor-element-349aee8\" data-id=\"349aee8\" data-element_type=\"column\" data-e-type=\"column\">\n\t\t\t<div class=\"elementor-widget-wrap elementor-element-populated\">\n\t\t\t\t\t\t<div class=\"elementor-element elementor-element-3acb3fd elementor-widget__width-auto elementor-widget elementor-widget-image\" data-id=\"3acb3fd\" data-element_type=\"widget\" data-e-type=\"widget\" data-widget_type=\"image.default\">\n\t\t\t\t<div class=\"elementor-widget-container\">\n\t\t\t\t\t\t\t\t\t\t\t\t\t\t\t\t<a href=\"https:\/\/www.instagram.com\/mujerruralia\/\" target=\"_blank\">\n\t\t\t\t\t\t\t<img decoding=\"async\" src=\"https:\/\/blogs.uned.es\/mujerrural-iahu\/wp-content\/uploads\/sites\/599\/elementor\/thumbs\/instagram_icon_transparent-rfuutjxavvog8469fuuisv0mpkd74piksei85v5yt0.png\" title=\"instagram_icon_transparent\" alt=\"instagram_icon_transparent\" loading=\"lazy\" \/>\t\t\t\t\t\t\t\t<\/a>\n\t\t\t\t\t\t\t\t\t\t\t\t\t\t\t<\/div>\n\t\t\t\t<\/div>\n\t\t\t\t<div class=\"elementor-element elementor-element-ae7da75 elementor-widget__width-auto elementor-widget elementor-widget-image\" data-id=\"ae7da75\" data-element_type=\"widget\" data-e-type=\"widget\" data-widget_type=\"image.default\">\n\t\t\t\t<div class=\"elementor-widget-container\">\n\t\t\t\t\t\t\t\t\t\t\t\t\t\t\t\t<a href=\"https:\/\/www.facebook.com\/profile.php?id=61580921361403\" target=\"_blank\">\n\t\t\t\t\t\t\t<img decoding=\"async\" src=\"https:\/\/blogs.uned.es\/mujerrural-iahu\/wp-content\/uploads\/sites\/599\/elementor\/thumbs\/facebook_icon_transparent-rfuusvhhy6qzu95reka8016n9jpnkktk11jloo67as.png\" title=\"facebook_icon_transparent\" alt=\"facebook_icon_transparent\" loading=\"lazy\" \/>\t\t\t\t\t\t\t\t<\/a>\n\t\t\t\t\t\t\t\t\t\t\t\t\t\t\t<\/div>\n\t\t\t\t<\/div>\n\t\t\t\t<div class=\"elementor-element elementor-element-7b3ce40 elementor-widget__width-auto elementor-widget elementor-widget-image\" data-id=\"7b3ce40\" data-element_type=\"widget\" data-e-type=\"widget\" data-widget_type=\"image.default\">\n\t\t\t\t<div class=\"elementor-widget-container\">\n\t\t\t\t\t\t\t\t\t\t\t\t\t\t\t\t<a href=\"https:\/\/www.youtube.com\/@MujerRural-IAHu\" target=\"_blank\">\n\t\t\t\t\t\t\t<img decoding=\"async\" src=\"https:\/\/blogs.uned.es\/mujerrural-iahu\/wp-content\/uploads\/sites\/599\/elementor\/thumbs\/1384060-rl4lwyq8a4tap8iasvifwydduaw24uj5kh74v004fo.png\" title=\"1384060\" alt=\"Logo Youtube\" loading=\"lazy\" \/>\t\t\t\t\t\t\t\t<\/a>\n\t\t\t\t\t\t\t\t\t\t\t\t\t\t\t<\/div>\n\t\t\t\t<\/div>\n\t\t\t\t\t<\/div>\n\t\t<\/div>\n\t\t\t\t\t<\/div>\n\t\t<\/section>\n\t\t\t\t\t<\/div>\n\t\t<\/div>\n\t\t\t\t\t<\/div>\n\t\t<\/section>\n\t\t\t\t\t<\/div>\n\t\t<\/div>\n\t\t\t\t\t<\/div>\n\t\t<\/section>\n\t\t\t\t<section class=\"elementor-section elementor-top-section elementor-element elementor-element-98050fc elementor-section-stretched elementor-section-boxed elementor-section-height-default elementor-section-height-default\" data-id=\"98050fc\" data-element_type=\"section\" data-e-type=\"section\" data-settings=\"{&quot;stretch_section&quot;:&quot;section-stretched&quot;}\">\n\t\t\t\t\t\t<div class=\"elementor-container elementor-column-gap-default\">\n\t\t\t\t\t<div class=\"elementor-column elementor-col-100 elementor-top-column elementor-element elementor-element-f499131\" data-id=\"f499131\" data-element_type=\"column\" data-e-type=\"column\">\n\t\t\t<div class=\"elementor-widget-wrap elementor-element-populated\">\n\t\t\t\t\t\t<div class=\"elementor-element elementor-element-c3e86c8 elementor-widget elementor-widget-text-editor\" data-id=\"c3e86c8\" data-element_type=\"widget\" data-e-type=\"widget\" data-widget_type=\"text-editor.default\">\n\t\t\t\t<div class=\"elementor-widget-container\">\n\t\t\t\t\t\t\t\t\t<section class=\"has_ma_el_bg_slider elementor-section elementor-top-section elementor-element elementor-element-5b8113c elementor-section-boxed elementor-section-height-default elementor-section-height-default jltma-glass-effect-no\" style=\"align-self: auto;flex: 0 1 auto;--widgets-spacing: 20px 20px;--widgets-spacing-row: 20px;--widgets-spacing-column: 20px;font-family: Arial, Helvetica, sans-serif;font-size: 16px;line-height: 1.6;color: #333333\" data-element_type=\"section\"><!-- T\u00cdTULO --><div class=\"elementor-widget-container\" style=\"margin: 0;padding: 0\"><h2 class=\"elementor-heading-title elementor-size-default\" style=\"font-family: Arial, Helvetica, sans-serif;font-size: 26px;font-weight: bold;margin-bottom: 1em;color: #00533f;text-align: center\">Publicaciones<\/h2><\/div><p><!-- CONTENEDOR --><\/p><div class=\"elementor-container elementor-column-gap-wide\" style=\"margin: 0;padding: 0;position: relative;left: 20px\"><p><!-- COLUMNA --><\/p><div class=\"elementor-column elementor-col-100 elementor-top-column\" style=\"margin: 0;padding: 0\"><p><!-- WRAP --><\/p><div class=\"elementor-widget-wrap elementor-element-populated\" style=\"margin: 0;padding: 0\"><p><!-- PUBLICACIONES --><\/p><div style=\"margin: 0;padding: 0\"><h5 style=\"font-size: 18px;font-weight: bold;margin: 1.2em 0 0.6em 0;color: #00533f\">Publicaciones<\/h5><p style=\"margin: 0.35em 0\">\u2022 Santove\u00f1a-Casal, S. (2025).\u00a0<a style=\"color: #333333;text-decoration: none\" href=\"https:\/\/canal.uned.es\/video\/67dd32c11ec80fd10f03f454\" target=\"_blank\" rel=\"noopener\"><strong>Mujeres rurales frente a la inteligencia artificial generativa (humanista): an\u00e1lisis situacional y propuesta formativa (MujerRural-IAHu)<\/strong><\/a>. Simposio Internacional: Humanidades Transversales en Femenino.<\/p><\/div><p><!-- EVENTOS --><\/p><div style=\"margin: 0;padding: 0\"><h5 style=\"font-size: 18px;font-weight: bold;margin: 1.2em 0 0.6em 0;color: #00533f\">Eventos<\/h5><p style=\"margin: 0.35em 0\">\u2022\u00a0<a style=\"color: #333333;text-decoration: none\" href=\"https:\/\/www.uned.es\/universidad\/inicio\/unidad\/unidad-cultura-cientifica\/actividades-divulgacion\/repositorio-actividades-divulgacion\/mostrarnoticia?noticia=dia-internacional-de-la-mujer-y-la-nina-en-la-ciencia-11-de-febrero\" target=\"_blank\" rel=\"noopener\"><strong>D\u00eda Internacional de la Mujer y la Ni\u00f1a en la Ciencia. 11 de febrero.\u00a0<\/strong><\/a>Actividades programadas por la UNED.<\/p><p style=\"margin: 0.35em 0\">\u2022\u00a0<a style=\"color: #333333;text-decoration: none\" href=\"https:\/\/extension.uned.es\/actividad\/idactividad\/50417\" target=\"_blank\" rel=\"noopener\"><strong>Jornada Inteligencia artificial para mujeres rurales: nuevas oportunidades para tu d\u00eda a d\u00eda.<\/strong><br \/><\/a><\/p><h5 style=\"font-size: 18px;font-weight: bold;margin: 1.2em 0 0.6em 0;color: #00533f\">Programas de radio<\/h5><p style=\"margin: 0.35em 0\">\u2022\u00a0<a style=\"color: #333333;text-decoration: none\" href=\"https:\/\/canal.uned.es\/video\/69b7d4b7839baafbc2033d84\" target=\"_blank\" rel=\"noopener\">Programa de radio en Educaci\u00f3n en Radio3 de Canal Uned. <strong>Mujeres rurales frente a la Inteligencia Artificial Generativa (Humanista).<\/strong><\/a><\/p><p>\u00a0 Participantes:<\/p><ul data-editing-info=\"{&quot;applyListStyleFromLevel&quot;:false,&quot;unorderedStyleType&quot;:2}\"><li><div class=\"x_elementToProof\" role=\"presentation\">Sonia Santove\u00f1a Casal. <i>Investigadora Principal del proyecto MujerRural-IAHu.\u00a0Catedr\u00e1tica de Universidad\u00a0del Departamento de Did\u00e1ctica, Organizaci\u00f3n Escolar y Did\u00e1cticas Especiales de la UNED<\/i><\/div><\/li><li><div class=\"x_elementToProof\" role=\"presentation\">Gloria Soto Mart\u00ednez. <i>Investigadora del proyecto MujerRural-IAHu. Profesora de la Facultad de Educaci\u00f3n de la UNED<\/i><\/div><\/li><li><div class=\"x_elementToProof\" role=\"presentation\">Rub\u00e9n G\u00f3mez M\u00e9ndez.<\/div><\/li><li><div class=\"x_elementToProof\" role=\"presentation\">Juan Ram\u00f3n Andr\u00e9s Cabero.<\/div><\/li><\/ul><\/div><p><span style=\"color: #00533f;font-size: 18px;font-weight: bold\">V\u00eddeos promocionales<\/span><\/p><div style=\"margin: 0;padding: 0\"><p style=\"margin: 0.35em 0\">\u2022\u00a0<a style=\"color: #333333;text-decoration: none\" href=\"https:\/\/www.youtube.com\/watch?v=qaRdPGiZuOA\" target=\"_blank\" rel=\"noopener\">Proyecto: <strong>Mujeres rurales frente a la IAG (Humanista).<\/strong><br \/><\/a><\/p><p style=\"margin: 0.35em 0\">\u2022 <a style=\"color: #333333;text-decoration: none\" href=\"https:\/\/www.youtube.com\/watch?v=3lsb3HkPEPc\" target=\"_blank\" rel=\"noopener\"><strong>MOOC1<\/strong>. Competencias digitales b\u00e1sicas para mujeres rurales.<br \/><\/a><\/p><p style=\"margin: 0.35em 0\">\u2022 <a style=\"color: #333333;text-decoration: none\" href=\"https:\/\/www.youtube.com\/watch?v=vshA-EbV1CQ\" target=\"_blank\" rel=\"noopener\"><strong>MOOC2<\/strong>. Introducci\u00f3n a la IA y su aplicaci\u00f3n en la vida rural.<br \/><\/a><\/p><p style=\"margin: 0.35em 0\">\u2022 <a style=\"color: #333333;text-decoration: none\" href=\"https:\/\/www.youtube.com\/watch?v=LazMbEG3Brs&amp;t=134s\" target=\"_blank\" rel=\"noopener\"><strong>MOOC3<\/strong>. Inteligencia artificial para la empleabilidad y el emprendimiento rural.<br \/><\/a><\/p><p style=\"margin: 0.35em 0\">\u2022 <a style=\"color: #333333;text-decoration: none\" href=\"https:\/\/www.youtube.com\/watch?v=6FaWf7gAvns\" target=\"_blank\" rel=\"noopener\"><strong>MOOC4<\/strong>. Creaci\u00f3n de contenido digital y comunicaci\u00f3n audiovisual con IA.<br \/><\/a><\/p><p style=\"margin: 0.35em 0\">\u2022 <a style=\"color: #333333;text-decoration: none\" href=\"https:\/\/www.youtube.com\/watch?v=eHKpsBYHMDQ\" target=\"_blank\" rel=\"noopener\"><strong>MOOC5<\/strong>. Seguridad digital, g\u00e9nero y uso \u00e9tico de la IA.<br \/><\/a><\/p><p style=\"margin: 0.35em 0\">\u2022 <a style=\"color: #333333;text-decoration: none\" href=\"https:\/\/www.youtube.com\/watch?v=F8baZNT4XsM\" target=\"_blank\" rel=\"noopener\"><strong>MOOC6<\/strong>. Laboratorios pr\u00e1cticos: creaci\u00f3n y aplicaci\u00f3n de soluciones con IA generativa.<br \/><\/a><\/p><p style=\"margin: 0.35em 0\">\u2022 <a style=\"color: #333333;text-decoration: none\" href=\"https:\/\/www.youtube.com\/watch?v=sDm6lcW1t80&amp;t=33s\" target=\"_blank\" rel=\"noopener\">Grupo de discusi\u00f3n. <strong>Mujeres rurales (Vidiago, Llanes, Asturias).<\/strong><br \/><\/a><\/p><p style=\"margin: 0.35em 0\">\u2022 <a style=\"color: #333333;text-decoration: none\" href=\"https:\/\/youtu.be\/leYfiF_87aQ\" target=\"_blank\" rel=\"noopener\">Jornada Inteligencia artificial para mujeres rurales: nuevas oportunidades para tu d\u00eda a d\u00eda. <span data-olk-copy-source=\"MessageBody\">Centro Asociado de A Coru\u00f1a<\/span><br \/><\/a><\/p><p>\u00a0 Participantes:<\/p><ul data-editing-info=\"{&quot;applyListStyleFromLevel&quot;:false,&quot;unorderedStyleType&quot;:2}\"><li><div class=\"x_elementToProof\" role=\"presentation\">Ana M\u00f3nica Novo Garc\u00eda. <i>Directora del Centro UNED A Coru\u00f1a.<\/i><\/div><\/li><li><div class=\"x_elementToProof\" role=\"presentation\">Sonia Santove\u00f1a Casal. <i>Investigadora Principal del proyecto MujerRural-IAHu.\u00a0Catedr\u00e1tica de Universidad\u00a0del Departamento de Did\u00e1ctica, Organizaci\u00f3n Escolar y Did\u00e1cticas Especiales de la UNED<\/i><\/div><\/li><li><div class=\"x_elementToProof\" role=\"presentation\">Mar\u00eda D\u00edaz de Robles Bad\u00eda. <i>Equipo de Trabajo del proyecto MujerRural-IAHu. Responsable del Servicio de Ayuda al Empleo y al Emprendimiento del Centro UNED A Coru\u00f1a<\/i><\/div><\/li><li><div class=\"x_elementToProof\" role=\"presentation\">Gloria Soto Mart\u00ednez. <i>Investigadora del proyecto MujerRural-IAHu. Profesora de la Facultad de Educaci\u00f3n de la UNED<\/i><\/div><\/li><\/ul><\/div><\/div><p><!-- widget-wrap --><\/p><\/div><p><!-- column --><\/p><\/div><p><!-- container --><\/p><\/section>\t\t\t\t\t\t\t\t<\/div>\n\t\t\t\t<\/div>\n\t\t\t\t<div class=\"elementor-element elementor-element-a1355f4 elementor-align-center elementor-widget elementor-widget-button\" data-id=\"a1355f4\" data-element_type=\"widget\" data-e-type=\"widget\" data-widget_type=\"button.default\">\n\t\t\t\t<div class=\"elementor-widget-container\">\n\t\t\t\t\t\t\t\t\t<div class=\"elementor-button-wrapper\">\n\t\t\t\t\t<a class=\"elementor-button elementor-button-link elementor-size-sm\" href=\"https:\/\/blogs.uned.es\/mujerrural-iahu\/contacto\/\">\n\t\t\t\t\t\t<span class=\"elementor-button-content-wrapper\">\n\t\t\t\t\t\t\t\t\t<span class=\"elementor-button-text\">Contacta con nosotros<\/span>\n\t\t\t\t\t<\/span>\n\t\t\t\t\t<\/a>\n\t\t\t\t<\/div>\n\t\t\t\t\t\t\t\t<\/div>\n\t\t\t\t<\/div>\n\t\t\t\t\t<\/div>\n\t\t<\/div>\n\t\t\t\t\t<\/div>\n\t\t<\/section>\n\t\t\t\t<\/div>\n\t\t","protected":false},"excerpt":{"rendered":"<p>Mujeres rurales frente a la inteligencia artificial generativa(MujerRural-IAHu) Publicaciones Publicaciones \u2022 Santove\u00f1a-Casal, S. (2025).\u00a0Mujeres rurales frente a la inteligencia artificial generativa (humanista): an\u00e1lisis situacional y propuesta formativa (MujerRural-IAHu). Simposio Internacional: Humanidades Transversales en Femenino. Eventos \u2022\u00a0D\u00eda Internacional de la Mujer y la Ni\u00f1a en la Ciencia. 11 de febrero.\u00a0Actividades programadas por la UNED. \u2022\u00a0Jornada Inteligencia artificial para mujeres rurales: nuevas oportunidades para tu d\u00eda a d\u00eda. Programas de radio \u2022\u00a0Programa de radio en Educaci\u00f3n en Radio3 de Canal Uned. Mujeres rurales frente a la Inteligencia Artificial Generativa (Humanista). \u00a0 Participantes: Sonia Santove\u00f1a Casal. Investigadora Principal del proyecto MujerRural-IAHu.\u00a0Catedr\u00e1tica de Universidad\u00a0del Departamento de Did\u00e1ctica, Organizaci\u00f3n Escolar y Did\u00e1cticas Especiales de la UNED Gloria Soto Mart\u00ednez. Investigadora del proyecto MujerRural-IAHu. Profesora de la Facultad de Educaci\u00f3n de la UNED Rub\u00e9n G\u00f3mez M\u00e9ndez. Juan Ram\u00f3n Andr\u00e9s Cabero. V\u00eddeos promocionales \u2022\u00a0Proyecto: Mujeres rurales frente a la IAG (Humanista). \u2022 MOOC1. Competencias digitales b\u00e1sicas para&hellip;<\/p>\n<p> <a class=\"more-link\" href=\"https:\/\/blogs.uned.es\/mujerrural-iahu\/publicaciones\/\">Leer m\u00e1s<\/a><\/p>\n","protected":false},"author":8023,"featured_media":0,"parent":0,"menu_order":0,"comment_status":"closed","ping_status":"closed","template":"elementor_header_footer","meta":{"footnotes":""},"class_list":["post-1019","page","type-page","status-publish"],"_links":{"self":[{"href":"https:\/\/blogs.uned.es\/mujerrural-iahu\/wp-json\/wp\/v2\/pages\/1019","targetHints":{"allow":["GET"]}}],"collection":[{"href":"https:\/\/blogs.uned.es\/mujerrural-iahu\/wp-json\/wp\/v2\/pages"}],"about":[{"href":"https:\/\/blogs.uned.es\/mujerrural-iahu\/wp-json\/wp\/v2\/types\/page"}],"author":[{"embeddable":true,"href":"https:\/\/blogs.uned.es\/mujerrural-iahu\/wp-json\/wp\/v2\/users\/8023"}],"replies":[{"embeddable":true,"href":"https:\/\/blogs.uned.es\/mujerrural-iahu\/wp-json\/wp\/v2\/comments?post=1019"}],"version-history":[{"count":105,"href":"https:\/\/blogs.uned.es\/mujerrural-iahu\/wp-json\/wp\/v2\/pages\/1019\/revisions"}],"predecessor-version":[{"id":4771,"href":"https:\/\/blogs.uned.es\/mujerrural-iahu\/wp-json\/wp\/v2\/pages\/1019\/revisions\/4771"}],"wp:attachment":[{"href":"https:\/\/blogs.uned.es\/mujerrural-iahu\/wp-json\/wp\/v2\/media?parent=1019"}],"curies":[{"name":"wp","href":"https:\/\/api.w.org\/{rel}","templated":true}]}}