{"id":31,"date":"2019-10-09T10:31:23","date_gmt":"2019-10-09T08:31:23","guid":{"rendered":"http:\/\/blogs.uned.es\/ml-edar\/?page_id=31"},"modified":"2025-10-16T08:46:30","modified_gmt":"2025-10-16T06:46:30","slug":"quienes","status":"publish","type":"page","link":"https:\/\/blogs.uned.es\/ml-edar\/quienes\/","title":{"rendered":"equipo"},"content":{"rendered":"\t\t<div data-elementor-type=\"wp-page\" data-elementor-id=\"31\" class=\"elementor elementor-31\">\n\t\t\t\t\t\t<section class=\"elementor-section elementor-top-section elementor-element elementor-element-323f72d elementor-section-stretched elementor-section-height-min-height elementor-section-content-middle elementor-section-boxed elementor-section-height-default elementor-section-items-middle\" data-id=\"323f72d\" data-element_type=\"section\" data-e-type=\"section\" data-settings=\"{&quot;stretch_section&quot;:&quot;section-stretched&quot;,&quot;background_background&quot;:&quot;classic&quot;}\">\n\t\t\t\t\t\t<div class=\"elementor-container elementor-column-gap-default\">\n\t\t\t\t\t<div class=\"elementor-column elementor-col-100 elementor-top-column elementor-element elementor-element-8292dc7\" data-id=\"8292dc7\" data-element_type=\"column\" data-e-type=\"column\">\n\t\t\t<div class=\"elementor-widget-wrap elementor-element-populated\">\n\t\t\t\t\t\t<section class=\"elementor-section elementor-inner-section elementor-element elementor-element-1bdd6da elementor-section-boxed elementor-section-height-default elementor-section-height-default\" data-id=\"1bdd6da\" data-element_type=\"section\" data-e-type=\"section\">\n\t\t\t\t\t\t<div class=\"elementor-container elementor-column-gap-default\">\n\t\t\t\t\t<div class=\"elementor-column elementor-col-50 elementor-inner-column elementor-element elementor-element-74ff986\" data-id=\"74ff986\" data-element_type=\"column\" data-e-type=\"column\">\n\t\t\t<div class=\"elementor-widget-wrap\">\n\t\t\t\t\t\t\t<\/div>\n\t\t<\/div>\n\t\t\t\t<div class=\"elementor-column elementor-col-50 elementor-inner-column elementor-element elementor-element-a8ac438\" data-id=\"a8ac438\" data-element_type=\"column\" data-e-type=\"column\">\n\t\t\t<div class=\"elementor-widget-wrap elementor-element-populated\">\n\t\t\t\t\t\t<div class=\"elementor-element elementor-element-e41b967 elementor-widget elementor-widget-heading\" data-id=\"e41b967\" data-element_type=\"widget\" data-e-type=\"widget\" data-widget_type=\"heading.default\">\n\t\t\t\t<div class=\"elementor-widget-container\">\n\t\t\t\t\t<h2 class=\"elementor-heading-title elementor-size-xxl\">\u00bfQui\u00e9nes somos?<\/h2>\t\t\t\t<\/div>\n\t\t\t\t<\/div>\n\t\t\t\t\t<\/div>\n\t\t<\/div>\n\t\t\t\t\t<\/div>\n\t\t<\/section>\n\t\t\t\t\t<\/div>\n\t\t<\/div>\n\t\t\t\t\t<\/div>\n\t\t<\/section>\n\t\t\t\t<section class=\"elementor-section elementor-top-section elementor-element elementor-element-7dba139 elementor-section-boxed elementor-section-height-default elementor-section-height-default\" data-id=\"7dba139\" data-element_type=\"section\" data-e-type=\"section\">\n\t\t\t\t\t\t<div class=\"elementor-container elementor-column-gap-default\">\n\t\t\t\t\t<div class=\"elementor-column elementor-col-100 elementor-top-column elementor-element elementor-element-c671015\" data-id=\"c671015\" data-element_type=\"column\" data-e-type=\"column\">\n\t\t\t<div class=\"elementor-widget-wrap elementor-element-populated\">\n\t\t\t\t\t\t<div class=\"elementor-element elementor-element-d988198 elementor-widget elementor-widget-heading\" data-id=\"d988198\" data-element_type=\"widget\" data-e-type=\"widget\" data-widget_type=\"heading.default\">\n\t\t\t\t<div class=\"elementor-widget-container\">\n\t\t\t\t\t<h2 class=\"elementor-heading-title elementor-size-default\">Equipo<\/h2>\t\t\t\t<\/div>\n\t\t\t\t<\/div>\n\t\t\t\t<div class=\"elementor-element elementor-element-f954e42 elementor-widget elementor-widget-text-editor\" data-id=\"f954e42\" data-element_type=\"widget\" data-e-type=\"widget\" data-widget_type=\"text-editor.default\">\n\t\t\t\t<div class=\"elementor-widget-container\">\n\t\t\t\t\t\t\t\t\t<ul><li><strong><a href=\"https:\/\/www.uned.es\/universidad\/docentes\/informatica\/felix-hernandez-del-olmo.html\">F\u00e9lix Hern\u00e1ndez del Olmo (co-IP)<\/a>:<\/strong><span class=\"Apple-converted-space\">\u00a0<\/span>Departamento de Inteligencia Artificial, E.T.S.I. Inform\u00e1tica.<\/li><li><strong><a href=\"https:\/\/www.uned.es\/universidad\/docentes\/informatica\/elena-gaudioso-vazquez.html\">Elena Gaudioso V\u00e1zquez (co-IP)<\/a>\u00a0:<\/strong><span class=\"Apple-converted-space\">\u00a0<\/span>Departamento de Inteligencia Artificial, E.T.S.I. Inform\u00e1tica.<\/li><li><strong><a href=\"https:\/\/www.uned.es\/universidad\/docentes\/informatica\/natividad-duro-carralero.html\">Natividad Duro Carralero<\/a>:<\/strong><span class=\"Apple-converted-space\">\u00a0<\/span>Departamento de Inform\u00e1tica y Autom\u00e1tica, E.T.S.I. Inform\u00e1tica.<\/li><li><strong><a href=\"https:\/\/www.uned.es\/universidad\/docentes\/informatica\/raquel-dormido-canto.html\">Raquel Dormido Canto<\/a>:<\/strong><span class=\"Apple-converted-space\">\u00a0<\/span>Departamento de Inform\u00e1tica y Autom\u00e1tica, E.T.S.I. Inform\u00e1tica.<\/li><\/ul>\t\t\t\t\t\t\t\t<\/div>\n\t\t\t\t<\/div>\n\t\t\t\t<div class=\"elementor-element elementor-element-e636225 elementor-widget-divider--view-line elementor-widget elementor-widget-divider\" data-id=\"e636225\" data-element_type=\"widget\" data-e-type=\"widget\" data-widget_type=\"divider.default\">\n\t\t\t\t<div class=\"elementor-widget-container\">\n\t\t\t\t\t\t\t<div class=\"elementor-divider\">\n\t\t\t<span class=\"elementor-divider-separator\">\n\t\t\t\t\t\t<\/span>\n\t\t<\/div>\n\t\t\t\t\t\t<\/div>\n\t\t\t\t<\/div>\n\t\t\t\t\t<\/div>\n\t\t<\/div>\n\t\t\t\t\t<\/div>\n\t\t<\/section>\n\t\t\t\t<section class=\"elementor-section elementor-top-section elementor-element elementor-element-ee509c1 elementor-section-boxed elementor-section-height-default elementor-section-height-default\" data-id=\"ee509c1\" data-element_type=\"section\" data-e-type=\"section\">\n\t\t\t\t\t\t<div class=\"elementor-container elementor-column-gap-default\">\n\t\t\t\t\t<div class=\"elementor-column elementor-col-100 elementor-top-column elementor-element elementor-element-6d06e89\" data-id=\"6d06e89\" data-element_type=\"column\" data-e-type=\"column\">\n\t\t\t<div class=\"elementor-widget-wrap elementor-element-populated\">\n\t\t\t\t\t\t<div class=\"elementor-element elementor-element-0d2db5f elementor-widget elementor-widget-heading\" data-id=\"0d2db5f\" data-element_type=\"widget\" data-e-type=\"widget\" data-widget_type=\"heading.default\">\n\t\t\t\t<div class=\"elementor-widget-container\">\n\t\t\t\t\t<h2 class=\"elementor-heading-title elementor-size-default\">\u00bfQuieres participar?<\/h2>\t\t\t\t<\/div>\n\t\t\t\t<\/div>\n\t\t\t\t\t<\/div>\n\t\t<\/div>\n\t\t\t\t\t<\/div>\n\t\t<\/section>\n\t\t\t\t<section class=\"elementor-section elementor-top-section elementor-element elementor-element-62a0cf0 elementor-section-boxed elementor-section-height-default elementor-section-height-default\" data-id=\"62a0cf0\" data-element_type=\"section\" data-e-type=\"section\">\n\t\t\t\t\t\t<div class=\"elementor-container elementor-column-gap-default\">\n\t\t\t\t\t<div class=\"elementor-column elementor-col-100 elementor-top-column elementor-element elementor-element-25ea322\" data-id=\"25ea322\" data-element_type=\"column\" data-e-type=\"column\">\n\t\t\t<div class=\"elementor-widget-wrap elementor-element-populated\">\n\t\t\t\t\t\t<section class=\"elementor-section elementor-inner-section elementor-element elementor-element-d9dc3ed elementor-section-boxed elementor-section-height-default elementor-section-height-default\" data-id=\"d9dc3ed\" data-element_type=\"section\" data-e-type=\"section\">\n\t\t\t\t\t\t<div class=\"elementor-container elementor-column-gap-default\">\n\t\t\t\t\t<div class=\"elementor-column elementor-col-50 elementor-inner-column elementor-element elementor-element-50bc197\" data-id=\"50bc197\" data-element_type=\"column\" data-e-type=\"column\">\n\t\t\t<div class=\"elementor-widget-wrap elementor-element-populated\">\n\t\t\t\t\t\t<div class=\"elementor-element elementor-element-ee51694 elementor-widget elementor-widget-heading\" data-id=\"ee51694\" data-element_type=\"widget\" data-e-type=\"widget\" data-widget_type=\"heading.default\">\n\t\t\t\t<div class=\"elementor-widget-container\">\n\t\t\t\t\t<h2 class=\"elementor-heading-title elementor-size-default\">Contacto<\/h2>\t\t\t\t<\/div>\n\t\t\t\t<\/div>\n\t\t\t\t<div class=\"elementor-element elementor-element-6a79a6f elementor-widget elementor-widget-text-editor\" data-id=\"6a79a6f\" data-element_type=\"widget\" data-e-type=\"widget\" data-widget_type=\"text-editor.default\">\n\t\t\t\t<div class=\"elementor-widget-container\">\n\t\t\t\t\t\t\t\t\t<p>F\u00e9lix Hern\u00e1ndez del Olmo: felixh@dia.uned.es<\/p><p>Elena Gaudioso V\u00e1zquez: elena@dia.uned.es<\/p>\t\t\t\t\t\t\t\t<\/div>\n\t\t\t\t<\/div>\n\t\t\t\t\t<\/div>\n\t\t<\/div>\n\t\t\t\t<div class=\"elementor-column elementor-col-50 elementor-inner-column elementor-element elementor-element-e13594d\" data-id=\"e13594d\" data-element_type=\"column\" data-e-type=\"column\">\n\t\t\t<div class=\"elementor-widget-wrap elementor-element-populated\">\n\t\t\t\t\t\t<div class=\"elementor-element elementor-element-6bb0de0 elementor-widget elementor-widget-heading\" data-id=\"6bb0de0\" data-element_type=\"widget\" data-e-type=\"widget\" data-widget_type=\"heading.default\">\n\t\t\t\t<div class=\"elementor-widget-container\">\n\t\t\t\t\t<h2 class=\"elementor-heading-title elementor-size-default\">Colaboraciones m\u00e1ster y doctorado<\/h2>\t\t\t\t<\/div>\n\t\t\t\t<\/div>\n\t\t\t\t<div class=\"elementor-element elementor-element-1622e2c elementor-widget elementor-widget-text-editor\" data-id=\"1622e2c\" data-element_type=\"widget\" data-e-type=\"widget\" data-widget_type=\"text-editor.default\">\n\t\t\t\t<div class=\"elementor-widget-container\">\n\t\t\t\t\t\t\t\t\t<p><a href=\"https:\/\/www.uned.es\/universidad\/inicio\/estudios\/masteres\/master-universitario-en-investigacion-en-inteligencia-artificial.html?idContenido=1\">M\u00e1ster en Investigaci\u00f3n en Inteligencia Artificial<\/a><\/p><p><a href=\"https:\/\/www.uned.es\/universidad\/facultades\/escueladoctorado\/programas-de-doctorado\/doctorado-en-sistemas-inteligentes.html?idContenido=1\">Doctorado en Sistemas Inteligentes<\/a><\/p><p>\u00a0<\/p>\t\t\t\t\t\t\t\t<\/div>\n\t\t\t\t<\/div>\n\t\t\t\t\t<\/div>\n\t\t<\/div>\n\t\t\t\t\t<\/div>\n\t\t<\/section>\n\t\t\t\t\t<\/div>\n\t\t<\/div>\n\t\t\t\t\t<\/div>\n\t\t<\/section>\n\t\t\t\t<\/div>\n\t\t","protected":false},"excerpt":{"rendered":"<p>\u00bfQui\u00e9nes somos? Equipo F\u00e9lix Hern\u00e1ndez del Olmo (co-IP):\u00a0Departamento de Inteligencia Artificial, E.T.S.I. Inform\u00e1tica. Elena Gaudioso V\u00e1zquez (co-IP)\u00a0:\u00a0Departamento de Inteligencia Artificial, E.T.S.I. Inform\u00e1tica. Natividad Duro Carralero:\u00a0Departamento de Inform\u00e1tica y Autom\u00e1tica, E.T.S.I. Inform\u00e1tica. Raquel Dormido Canto:\u00a0Departamento de Inform\u00e1tica y Autom\u00e1tica, E.T.S.I. Inform\u00e1tica. \u00bfQuieres participar? Contacto F\u00e9lix Hern\u00e1ndez del Olmo: felixh@dia.uned.es Elena Gaudioso V\u00e1zquez: elena@dia.uned.es Colaboraciones m\u00e1ster y doctorado M\u00e1ster en Investigaci\u00f3n en Inteligencia Artificial Doctorado en Sistemas Inteligentes \u00a0<\/p>\n","protected":false},"author":1,"featured_media":0,"parent":0,"menu_order":0,"comment_status":"closed","ping_status":"closed","template":"","meta":{"footnotes":""},"class_list":["post-31","page","type-page","status-publish"],"_links":{"self":[{"href":"https:\/\/blogs.uned.es\/ml-edar\/wp-json\/wp\/v2\/pages\/31","targetHints":{"allow":["GET"]}}],"collection":[{"href":"https:\/\/blogs.uned.es\/ml-edar\/wp-json\/wp\/v2\/pages"}],"about":[{"href":"https:\/\/blogs.uned.es\/ml-edar\/wp-json\/wp\/v2\/types\/page"}],"author":[{"embeddable":true,"href":"https:\/\/blogs.uned.es\/ml-edar\/wp-json\/wp\/v2\/users\/1"}],"replies":[{"embeddable":true,"href":"https:\/\/blogs.uned.es\/ml-edar\/wp-json\/wp\/v2\/comments?post=31"}],"version-history":[{"count":33,"href":"https:\/\/blogs.uned.es\/ml-edar\/wp-json\/wp\/v2\/pages\/31\/revisions"}],"predecessor-version":[{"id":1015,"href":"https:\/\/blogs.uned.es\/ml-edar\/wp-json\/wp\/v2\/pages\/31\/revisions\/1015"}],"wp:attachment":[{"href":"https:\/\/blogs.uned.es\/ml-edar\/wp-json\/wp\/v2\/media?parent=31"}],"curies":[{"name":"wp","href":"https:\/\/api.w.org\/{rel}","templated":true}]}}