{"id":15,"date":"2019-10-09T10:29:38","date_gmt":"2019-10-09T08:29:38","guid":{"rendered":"http:\/\/blogs.uned.es\/ml-edar\/?page_id=15"},"modified":"2024-11-28T16:01:34","modified_gmt":"2024-11-28T15:01:34","slug":"inicio","status":"publish","type":"page","link":"https:\/\/blogs.uned.es\/ml-edar\/","title":{"rendered":"Inicio"},"content":{"rendered":"\t\t<div data-elementor-type=\"wp-page\" data-elementor-id=\"15\" class=\"elementor elementor-15\">\n\t\t\t\t\t\t<section class=\"elementor-section elementor-top-section elementor-element elementor-element-648e023 elementor-section-stretched elementor-section-height-min-height elementor-section-content-middle elementor-section-boxed elementor-section-height-default elementor-section-items-middle\" data-id=\"648e023\" data-element_type=\"section\" data-e-type=\"section\" data-settings=\"{&quot;stretch_section&quot;:&quot;section-stretched&quot;,&quot;background_background&quot;:&quot;classic&quot;}\">\n\t\t\t\t\t\t<div class=\"elementor-container elementor-column-gap-default\">\n\t\t\t\t\t<div class=\"elementor-column elementor-col-50 elementor-top-column elementor-element elementor-element-2c56c9a\" data-id=\"2c56c9a\" data-element_type=\"column\" data-e-type=\"column\">\n\t\t\t<div class=\"elementor-widget-wrap elementor-element-populated\">\n\t\t\t\t\t\t<div class=\"elementor-element elementor-element-9dbee3b logoPortada animated-slow elementor-invisible elementor-widget elementor-widget-image\" data-id=\"9dbee3b\" data-element_type=\"widget\" data-e-type=\"widget\" data-settings=\"{&quot;_animation&quot;:&quot;fadeIn&quot;,&quot;_animation_delay&quot;:&quot;200&quot;}\" data-widget_type=\"image.default\">\n\t\t\t\t<div class=\"elementor-widget-container\">\n\t\t\t\t\t\t\t\t\t\t\t\t\t\t\t<img fetchpriority=\"high\" decoding=\"async\" width=\"512\" height=\"512\" src=\"https:\/\/blogs.uned.es\/ml-edar\/wp-content\/uploads\/sites\/575\/2024\/11\/plantadepuradora.jpg\" class=\"attachment-large size-large wp-image-761\" alt=\"\" srcset=\"https:\/\/blogs.uned.es\/ml-edar\/wp-content\/uploads\/sites\/575\/2024\/11\/plantadepuradora.jpg 512w, https:\/\/blogs.uned.es\/ml-edar\/wp-content\/uploads\/sites\/575\/2024\/11\/plantadepuradora-300x300.jpg 300w, https:\/\/blogs.uned.es\/ml-edar\/wp-content\/uploads\/sites\/575\/2024\/11\/plantadepuradora-150x150.jpg 150w\" sizes=\"(max-width: 512px) 100vw, 512px\" \/>\t\t\t\t\t\t\t\t\t\t\t\t\t\t\t<\/div>\n\t\t\t\t<\/div>\n\t\t\t\t\t<\/div>\n\t\t<\/div>\n\t\t\t\t<div class=\"elementor-column elementor-col-50 elementor-top-column elementor-element elementor-element-05169e9\" data-id=\"05169e9\" data-element_type=\"column\" data-e-type=\"column\">\n\t\t\t<div class=\"elementor-widget-wrap elementor-element-populated\">\n\t\t\t\t\t\t<div class=\"elementor-element elementor-element-e7ce4e7 tituloSitioPortada elementor-widget elementor-widget-heading\" data-id=\"e7ce4e7\" data-element_type=\"widget\" data-e-type=\"widget\" data-widget_type=\"heading.default\">\n\t\t\t\t<div class=\"elementor-widget-container\">\n\t\t\t\t\t<h1 class=\"elementor-heading-title elementor-size-xl\">Optimizaci\u00f3n inteligente de plantas depuradoras de aguas residuales<\/h1>\t\t\t\t<\/div>\n\t\t\t\t<\/div>\n\t\t\t\t<div class=\"elementor-element elementor-element-1d76a33 maquinaEscribirPortada elementor-widget elementor-widget-writing-effect-headline\" data-id=\"1d76a33\" data-element_type=\"widget\" data-e-type=\"widget\" data-widget_type=\"writing-effect-headline.default\">\n\t\t\t\t<div class=\"elementor-widget-container\">\n\t\t\t\t\t\t\t<h2 class=\"a13ree-written-headline\" data-speed=\"21\" data-loop=\"1\">\r\n\t\t\t\r\n\t\t\t            <span class=\"written-lines elementor-screen-only\">Aprendizaje por refuerzo para la optimizaci\u00f3n de plantas depuradoras de aguas residuales<\/span>\r\n\t\t\t\r\n\t\t\t\t\t<\/h2>\r\n\t\t\t\t\t\t<\/div>\n\t\t\t\t<\/div>\n\t\t\t\t\t<\/div>\n\t\t<\/div>\n\t\t\t\t\t<\/div>\n\t\t<\/section>\n\t\t\t\t<section class=\"elementor-section elementor-top-section elementor-element elementor-element-ef2780b elementor-section-boxed elementor-section-height-default elementor-section-height-default\" data-id=\"ef2780b\" data-element_type=\"section\" data-e-type=\"section\">\n\t\t\t\t\t\t<div class=\"elementor-container elementor-column-gap-extended\">\n\t\t\t\t\t<div class=\"elementor-column elementor-col-33 elementor-top-column elementor-element elementor-element-facd656\" data-id=\"facd656\" data-element_type=\"column\" data-e-type=\"column\">\n\t\t\t<div class=\"elementor-widget-wrap elementor-element-populated\">\n\t\t\t\t\t\t<div class=\"elementor-element elementor-element-4a811d5 elementor-widget elementor-widget-image\" data-id=\"4a811d5\" data-element_type=\"widget\" data-e-type=\"widget\" data-widget_type=\"image.default\">\n\t\t\t\t<div class=\"elementor-widget-container\">\n\t\t\t\t\t\t\t\t\t\t\t\t\t\t\t\t<a href=\"#\">\n\t\t\t\t\t\t\t<img decoding=\"async\" width=\"150\" height=\"150\" src=\"https:\/\/blogs.uned.es\/ml-edar\/wp-content\/uploads\/sites\/575\/2024\/11\/logoportadaIA-150x150.png\" class=\"attachment-thumbnail size-thumbnail wp-image-775\" alt=\"\" \/>\t\t\t\t\t\t\t\t<\/a>\n\t\t\t\t\t\t\t\t\t\t\t\t\t\t\t<\/div>\n\t\t\t\t<\/div>\n\t\t\t\t<div class=\"elementor-element elementor-element-c068a42 elementor-widget elementor-widget-heading\" data-id=\"c068a42\" data-element_type=\"widget\" data-e-type=\"widget\" data-widget_type=\"heading.default\">\n\t\t\t\t<div class=\"elementor-widget-container\">\n\t\t\t\t\t<h5 class=\"elementor-heading-title elementor-size-default\"><a href=\"https:\/\/blogs.uned.es\/ml-edar\/que-hacemos\/\">Objetivo<\/a><\/h5>\t\t\t\t<\/div>\n\t\t\t\t<\/div>\n\t\t\t\t<div class=\"elementor-element elementor-element-f8a0c53 elementor-widget elementor-widget-text-editor\" data-id=\"f8a0c53\" data-element_type=\"widget\" data-e-type=\"widget\" data-widget_type=\"text-editor.default\">\n\t\t\t\t<div class=\"elementor-widget-container\">\n\t\t\t\t\t\t\t\t\t<section id=\"introduccion\"><p>Nuestro objetivo es utilizar t\u00e9cnicas de Inteligencia Artificial para mejorar la eficiencia operativa, reducir el consumo energ\u00e9tico y garantizar el cumplimiento de normativas ambientales.<\/p><\/section><section id=\"grupo\"><\/section>\t\t\t\t\t\t\t\t<\/div>\n\t\t\t\t<\/div>\n\t\t\t\t\t<\/div>\n\t\t<\/div>\n\t\t\t\t<div class=\"elementor-column elementor-col-33 elementor-top-column elementor-element elementor-element-28a8314\" data-id=\"28a8314\" data-element_type=\"column\" data-e-type=\"column\">\n\t\t\t<div class=\"elementor-widget-wrap elementor-element-populated\">\n\t\t\t\t\t\t<div class=\"elementor-element elementor-element-27e2cea elementor-widget elementor-widget-image\" data-id=\"27e2cea\" data-element_type=\"widget\" data-e-type=\"widget\" data-widget_type=\"image.default\">\n\t\t\t\t<div class=\"elementor-widget-container\">\n\t\t\t\t\t\t\t\t\t\t\t\t\t\t\t\t<a href=\"#\">\n\t\t\t\t\t\t\t<img decoding=\"async\" width=\"150\" height=\"150\" src=\"https:\/\/blogs.uned.es\/ml-edar\/wp-content\/uploads\/sites\/575\/2019\/10\/contentos-150x150.jpg\" class=\"attachment-thumbnail size-thumbnail wp-image-57\" alt=\"\" \/>\t\t\t\t\t\t\t\t<\/a>\n\t\t\t\t\t\t\t\t\t\t\t\t\t\t\t<\/div>\n\t\t\t\t<\/div>\n\t\t\t\t<div class=\"elementor-element elementor-element-a791e39 elementor-widget elementor-widget-heading\" data-id=\"a791e39\" data-element_type=\"widget\" data-e-type=\"widget\" data-widget_type=\"heading.default\">\n\t\t\t\t<div class=\"elementor-widget-container\">\n\t\t\t\t\t<h5 class=\"elementor-heading-title elementor-size-default\"><a href=\"https:\/\/blogs.uned.es\/ml-edar\/quienes\">Equipo<\/a><\/h5>\t\t\t\t<\/div>\n\t\t\t\t<\/div>\n\t\t\t\t<div class=\"elementor-element elementor-element-0c622b6 elementor-widget elementor-widget-text-editor\" data-id=\"0c622b6\" data-element_type=\"widget\" data-e-type=\"widget\" data-widget_type=\"text-editor.default\">\n\t\t\t\t<div class=\"elementor-widget-container\">\n\t\t\t\t\t\t\t\t\t<p>Conoce a las personas implicadas en el proyecto<\/p><p>\u00a0<\/p>\t\t\t\t\t\t\t\t<\/div>\n\t\t\t\t<\/div>\n\t\t\t\t\t<\/div>\n\t\t<\/div>\n\t\t\t\t<div class=\"elementor-column elementor-col-33 elementor-top-column elementor-element elementor-element-99ea8c9\" data-id=\"99ea8c9\" data-element_type=\"column\" data-e-type=\"column\">\n\t\t\t<div class=\"elementor-widget-wrap elementor-element-populated\">\n\t\t\t\t\t\t<div class=\"elementor-element elementor-element-fb0b998 elementor-widget elementor-widget-image\" data-id=\"fb0b998\" data-element_type=\"widget\" data-e-type=\"widget\" data-widget_type=\"image.default\">\n\t\t\t\t<div class=\"elementor-widget-container\">\n\t\t\t\t\t\t\t\t\t\t\t\t\t\t\t\t<a href=\"#\">\n\t\t\t\t\t\t\t<img loading=\"lazy\" decoding=\"async\" width=\"150\" height=\"150\" src=\"https:\/\/blogs.uned.es\/ml-edar\/wp-content\/uploads\/sites\/575\/2024\/11\/logoportadapublicaciones-150x150.png\" class=\"attachment-thumbnail size-thumbnail wp-image-779\" alt=\"\" \/>\t\t\t\t\t\t\t\t<\/a>\n\t\t\t\t\t\t\t\t\t\t\t\t\t\t\t<\/div>\n\t\t\t\t<\/div>\n\t\t\t\t<div class=\"elementor-element elementor-element-75dce39 elementor-widget elementor-widget-heading\" data-id=\"75dce39\" data-element_type=\"widget\" data-e-type=\"widget\" data-widget_type=\"heading.default\">\n\t\t\t\t<div class=\"elementor-widget-container\">\n\t\t\t\t\t<h5 class=\"elementor-heading-title elementor-size-default\"><a href=\"https:\/\/blogs.uned.es\/ml-edar\/resultados\">Resultados<\/a><\/h5>\t\t\t\t<\/div>\n\t\t\t\t<\/div>\n\t\t\t\t<div class=\"elementor-element elementor-element-9774b72 elementor-widget elementor-widget-text-editor\" data-id=\"9774b72\" data-element_type=\"widget\" data-e-type=\"widget\" data-widget_type=\"text-editor.default\">\n\t\t\t\t<div class=\"elementor-widget-container\">\n\t\t\t\t\t\t\t\t\t<p>Estas son las publicaciones realizadas hasta el momento<\/p>\t\t\t\t\t\t\t\t<\/div>\n\t\t\t\t<\/div>\n\t\t\t\t\t<\/div>\n\t\t<\/div>\n\t\t\t\t\t<\/div>\n\t\t<\/section>\n\t\t\t\t<section class=\"elementor-section elementor-top-section elementor-element elementor-element-fde810b elementor-section-stretched elementor-section-boxed elementor-section-height-default elementor-section-height-default\" data-id=\"fde810b\" data-element_type=\"section\" data-e-type=\"section\" data-settings=\"{&quot;stretch_section&quot;:&quot;section-stretched&quot;,&quot;background_background&quot;:&quot;classic&quot;}\">\n\t\t\t\t\t\t<div class=\"elementor-container elementor-column-gap-default\">\n\t\t\t\t\t<div class=\"elementor-column elementor-col-100 elementor-top-column elementor-element elementor-element-5224ea1\" data-id=\"5224ea1\" data-element_type=\"column\" data-e-type=\"column\">\n\t\t\t<div class=\"elementor-widget-wrap elementor-element-populated\">\n\t\t\t\t\t\t<div class=\"elementor-element elementor-element-a758fb7 elementor-widget elementor-widget-heading\" data-id=\"a758fb7\" data-element_type=\"widget\" data-e-type=\"widget\" data-widget_type=\"heading.default\">\n\t\t\t\t<div class=\"elementor-widget-container\">\n\t\t\t\t\t<h2 class=\"elementor-heading-title elementor-size-default\">\u00bfQu\u00e9 hacemos?<\/h2>\t\t\t\t<\/div>\n\t\t\t\t<\/div>\n\t\t\t\t<div class=\"elementor-element elementor-element-c564998 elementor-widget elementor-widget-text-editor\" data-id=\"c564998\" data-element_type=\"widget\" data-e-type=\"widget\" data-widget_type=\"text-editor.default\">\n\t\t\t\t<div class=\"elementor-widget-container\">\n\t\t\t\t\t\t\t\t\t<section id=\"introduccion\"><p>Este proyecto se centra en la optimizaci\u00f3n de plantas depuradoras de aguas residuales utilizando algoritmos de aprendizaje por refuerzo. Nuestro objetivo es mejorar la eficiencia operativa, reducir el consumo energ\u00e9tico y garantizar el cumplimiento de normativas ambientales.<\/p><\/section><section id=\"grupo\"><\/section>\t\t\t\t\t\t\t\t<\/div>\n\t\t\t\t<\/div>\n\t\t\t\t<div class=\"elementor-element elementor-element-5fb4b14 elementor-align-center elementor-widget elementor-widget-button\" data-id=\"5fb4b14\" data-element_type=\"widget\" data-e-type=\"widget\" data-widget_type=\"button.default\">\n\t\t\t\t<div class=\"elementor-widget-container\">\n\t\t\t\t\t\t\t\t\t<div class=\"elementor-button-wrapper\">\n\t\t\t\t\t<a class=\"elementor-button elementor-button-link elementor-size-sm\" href=\"https:\/\/blogs.uned.es\/ml-edar\/que-hacemos\/\">\n\t\t\t\t\t\t<span class=\"elementor-button-content-wrapper\">\n\t\t\t\t\t\t\t\t\t<span class=\"elementor-button-text\">Ver m\u00e1s<\/span>\n\t\t\t\t\t<\/span>\n\t\t\t\t\t<\/a>\n\t\t\t\t<\/div>\n\t\t\t\t\t\t\t\t<\/div>\n\t\t\t\t<\/div>\n\t\t\t\t\t<\/div>\n\t\t<\/div>\n\t\t\t\t\t<\/div>\n\t\t<\/section>\n\t\t\t\t<\/div>\n\t\t","protected":false},"excerpt":{"rendered":"<p>Optimizaci\u00f3n inteligente de plantas depuradoras de aguas residuales Aprendizaje por refuerzo para la optimizaci\u00f3n de plantas depuradoras de aguas residuales Objetivo Nuestro objetivo es utilizar t\u00e9cnicas de Inteligencia Artificial para mejorar la eficiencia operativa, reducir el consumo energ\u00e9tico y garantizar el cumplimiento de normativas ambientales. Equipo Conoce a las personas implicadas en el proyecto \u00a0 Resultados Estas son las publicaciones realizadas hasta el momento \u00bfQu\u00e9 hacemos? Este proyecto se centra en la optimizaci\u00f3n de plantas depuradoras de aguas residuales utilizando algoritmos de aprendizaje por refuerzo. Nuestro objetivo es mejorar la eficiencia operativa, reducir el consumo energ\u00e9tico y garantizar el cumplimiento de normativas ambientales. Ver m\u00e1s<\/p>\n","protected":false},"author":1,"featured_media":0,"parent":0,"menu_order":0,"comment_status":"closed","ping_status":"closed","template":"","meta":{"footnotes":""},"class_list":["post-15","page","type-page","status-publish"],"_links":{"self":[{"href":"https:\/\/blogs.uned.es\/ml-edar\/wp-json\/wp\/v2\/pages\/15","targetHints":{"allow":["GET"]}}],"collection":[{"href":"https:\/\/blogs.uned.es\/ml-edar\/wp-json\/wp\/v2\/pages"}],"about":[{"href":"https:\/\/blogs.uned.es\/ml-edar\/wp-json\/wp\/v2\/types\/page"}],"author":[{"embeddable":true,"href":"https:\/\/blogs.uned.es\/ml-edar\/wp-json\/wp\/v2\/users\/1"}],"replies":[{"embeddable":true,"href":"https:\/\/blogs.uned.es\/ml-edar\/wp-json\/wp\/v2\/comments?post=15"}],"version-history":[{"count":116,"href":"https:\/\/blogs.uned.es\/ml-edar\/wp-json\/wp\/v2\/pages\/15\/revisions"}],"predecessor-version":[{"id":999,"href":"https:\/\/blogs.uned.es\/ml-edar\/wp-json\/wp\/v2\/pages\/15\/revisions\/999"}],"wp:attachment":[{"href":"https:\/\/blogs.uned.es\/ml-edar\/wp-json\/wp\/v2\/media?parent=15"}],"curies":[{"name":"wp","href":"https:\/\/api.w.org\/{rel}","templated":true}]}}