{"id":1063,"date":"2025-11-20T21:06:20","date_gmt":"2025-11-20T20:06:20","guid":{"rendered":"https:\/\/blogs.uned.es\/ml-edar\/?page_id=1063"},"modified":"2025-11-20T21:15:39","modified_gmt":"2025-11-20T20:15:39","slug":"tesis-y-trabajos-fin-de-master","status":"publish","type":"page","link":"https:\/\/blogs.uned.es\/ml-edar\/tesis-y-trabajos-fin-de-master\/","title":{"rendered":"Tesis y Trabajos fin de m\u00e1ster"},"content":{"rendered":"\n<p class=\"has-black-color has-text-color has-link-color wp-elements-519a623898da1b01cf4155606d94f51b\">&#8211; M\u00e1ster en Inteligencia Artificial Avanzada: Fundamentos, m\u00e9todos y aplicaciones (actualmente <a href=\"https:\/\/www.uned.es\/universidad\/inicio\/estudios\/masteres\/master-universitario-en-investigacion-en-inteligencia-artificial.html?idContenido=1\"><mark style=\"background-color:#ffffff\" class=\"has-inline-color has-vivid-cyan-blue-color\">M\u00e1ster en Investigaci\u00f3n en Inteligencia Artificial<\/mark><\/a>)<\/p>\n\n\n\n<ul class=\"wp-block-list\">\n<li>\u201cAprendizaje por Refuerzo en el Control de Plantas de Depuraci\u00f3n de Aguas Residuales: Comparaci\u00f3n con el Enfoque Cl\u00e1sico\u201d. Disponible en :\u00a0 <a href=\"https:\/\/e-spacio.uned.es\/entities\/publication\/359e229d-acd1-4c41-93e8-813ad2b428c6\u00a0\">https:\/\/e-spacio.uned.es\/entities\/publication\/359e229d-acd1-4c41-93e8-813ad2b428c6\u00a0<\/a><\/li>\n<\/ul>\n\n\n\n<ul class=\"wp-block-list\">\n<li>\u201cT\u00e9cnicas de aprendizaje autom\u00e1tico para el control de depuradoras. Resoluci\u00f3n del problema del Nitr\u00f3geno\u201d. Disponible en: <a href=\"https:\/\/e-spacio.uned.es\/entities\/publication\/27d91639-3f10-40d4-b465-c9021d04f5eb\u00a0\">https:\/\/e-spacio.uned.es\/entities\/publication\/27d91639-3f10-40d4-b465-c9021d04f5eb\u00a0<\/a><\/li>\n<\/ul>\n\n\n\n<p>&#8211; <a href=\"https:\/\/www.uned.es\/universidad\/inicio\/estudios\/masteres\/master-universitario-en-ingenieria-de-sistemas-y-de-control.html?idContenido=1\"><mark style=\"background-color:#ffffff\" class=\"has-inline-color has-vivid-cyan-blue-color\">M\u00e1ster en Ingenier\u00eda de Sistemas y Control<\/mark><\/a><\/p>\n\n\n\n<ul class=\"wp-block-list\">\n<li>\u00abCalibraci\u00f3n del proceso de nitrificaci\u00f3n de una planta depuradora\u00bb. Disponible en: <a href=\"https:\/\/www.uned.es\/universidad\/facultades\/dam\/jcr:eded9eaf-0372-49d6-9890-07d695bb1219\/PFM_Maria_Chaudarcas_Bilbao.pdf\">https:\/\/www.uned.es\/universidad\/facultades\/dam\/jcr:eded9eaf-0372-49d6-9890-07d695bb1219\/PFM_Maria_Chaudarcas_Bilbao.pdf<\/a><br><\/li>\n<\/ul>\n\n\n\n<p><\/p>\n","protected":false},"excerpt":{"rendered":"<p>&#8211; M\u00e1ster en Inteligencia Artificial Avanzada: Fundamentos, m\u00e9todos y aplicaciones (actualmente M\u00e1ster en Investigaci\u00f3n en Inteligencia Artificial) &#8211; M\u00e1ster en Ingenier\u00eda de Sistemas y Control<\/p>\n","protected":false},"author":7975,"featured_media":0,"parent":0,"menu_order":0,"comment_status":"closed","ping_status":"closed","template":"","meta":{"footnotes":""},"class_list":["post-1063","page","type-page","status-publish"],"_links":{"self":[{"href":"https:\/\/blogs.uned.es\/ml-edar\/wp-json\/wp\/v2\/pages\/1063","targetHints":{"allow":["GET"]}}],"collection":[{"href":"https:\/\/blogs.uned.es\/ml-edar\/wp-json\/wp\/v2\/pages"}],"about":[{"href":"https:\/\/blogs.uned.es\/ml-edar\/wp-json\/wp\/v2\/types\/page"}],"author":[{"embeddable":true,"href":"https:\/\/blogs.uned.es\/ml-edar\/wp-json\/wp\/v2\/users\/7975"}],"replies":[{"embeddable":true,"href":"https:\/\/blogs.uned.es\/ml-edar\/wp-json\/wp\/v2\/comments?post=1063"}],"version-history":[{"count":5,"href":"https:\/\/blogs.uned.es\/ml-edar\/wp-json\/wp\/v2\/pages\/1063\/revisions"}],"predecessor-version":[{"id":1079,"href":"https:\/\/blogs.uned.es\/ml-edar\/wp-json\/wp\/v2\/pages\/1063\/revisions\/1079"}],"wp:attachment":[{"href":"https:\/\/blogs.uned.es\/ml-edar\/wp-json\/wp\/v2\/media?parent=1063"}],"curies":[{"name":"wp","href":"https:\/\/api.w.org\/{rel}","templated":true}]}}