{"id":14321,"date":"2025-10-13T20:30:06","date_gmt":"2025-10-13T20:30:06","guid":{"rendered":"https:\/\/blogs.uned.es\/metis\/?page_id=14321"},"modified":"2026-03-16T05:16:02","modified_gmt":"2026-03-16T05:16:02","slug":"mayo-pinto-candenas","status":"publish","type":"page","link":"https:\/\/blogs.uned.es\/metis\/mayo-pinto-candenas\/","title":{"rendered":"Mayo Pinto Candenas"},"content":{"rendered":"\n<p><strong>Mayo Pinto Candenas (UCM): Trastornos mentales y ambivalencia funcional: Una propuesta de evaluaci\u00f3n multiescalar<\/strong><\/p>\n\n\n\n<p>Mi\u00e9rcoles 13 de mayo de 2026 @16:00 (CEST)<br><a href=\"https:\/\/maps.app.goo.gl\/Qjf6jvJJwuJuHbpS7\">Sala de Formaci\u00f3n y Uso Docente, Edificio A, Facultad de Filosof\u00eda, UCM<\/a>\u00a0&amp; <a href=\"https:\/\/meet.google.com\/hqs-cnmt-fco\">online<\/a><\/p>\n\n\n\n<p><em>Abstract<\/em><br>La Psiquiatr\u00eda Enactiva ha redefinido la comprensi\u00f3n de los trastornos mentales al concebirlos como perturbaciones relacionales y situadas que afectan a toda la din\u00e1mica del cuerpo vivo y la cognici\u00f3n, m\u00e1s que como disfunciones neurobiol\u00f3gicas de car\u00e1cter mecanicista. Sin embargo, las formulaciones m\u00e1s influyentes de este enfoque \u2014particularmente las de Nielsen y colaboradores\u2014 tienden a restringir la disfunci\u00f3n a la ruptura de las normas funcionales del individuo en relaci\u00f3n con su autoconservaci\u00f3n biol\u00f3gica y su capacidad de adaptaci\u00f3n. Esta orientaci\u00f3n monista, centrada en la autonom\u00eda biol\u00f3gica, deja sin explicar la complejidad din\u00e1mica de muchos fen\u00f3menos psicopatol\u00f3gicos que parecen cumplir, a la vez, roles funcionales y disfuncionales a distintas escalas organizacionales y temporales. Frente a esta limitaci\u00f3n, la presente propuesta introduce el concepto de ambivalencia funcional, derivado de un modelo pluralista de la autonom\u00eda.<\/p>\n\n\n\n<p>Seg\u00fan la Evaluaci\u00f3n Funcional Multiescalar (EFM), la funcionalidad de un patr\u00f3n conductual, afectivo o cognitivo debe evaluarse simult\u00e1neamente en diferentes escalas organizacionales (biol\u00f3gica, conductual, intersubjetiva y social) y temporales (sincr\u00f3nica y diacr\u00f3nica). Desde esta perspectiva, un mismo patr\u00f3n puede ser funcional en una escala \u2014por ejemplo, al permitir la autorregulaci\u00f3n inmediata frente a un evento altamente estresante\u2014 y disfuncional en otra, al erosionar otros dominios de autonom\u00eda del sujeto en el corto o largo plazo.<\/p>\n\n\n\n<p>El ejemplo de las autolesiones servir\u00e1 para ilustrar la propuesta del EFM. Consideradas desde la escala biol\u00f3gica, resultan disfuncionales por comprometer la integridad corporal, tanto en una escala sincr\u00f3nica como diacr\u00f3nica. Sin embargo, en el dominio conductual-afectivo pueden ser funcionales, al menos sincr\u00f3nicamente, al reducir la ansiedad o interrumpir episodios disociativos, ayudando as\u00ed a preservar la coherencia psicol\u00f3gica. A largo plazo, no obstante, esta estrategia tiende a volverse compulsiva y a obstaculizar la exploraci\u00f3n de alternativas reguladoras m\u00e1s adaptativas. En este sentido, el s\u00edntoma no es un simple &#8220;fracaso&#8221; ni posee \u00fanicamente dimensiones da\u00f1inas o negativas, sino que ha de comprenderse como una estrategia funcionalmente ambivalente, que contribuye al automantenimiento de ciertos dominios de autonom\u00eda a costa de otros.<\/p>\n\n\n\n<p>La noci\u00f3n de ambivalencia funcional permite ofrecer una descripci\u00f3n m\u00e1s matizada y multidimensional de las conductas problem\u00e1ticas y disruptivas asociadas a los trastornos mentales. Estos &#8220;s\u00edntomas&#8221; deben entenderse, en muchos casos, como respuestas situadas que, en determinados contextos, logran mantener ciertas formas de coherencia y viabilidad, aunque lo hagan de manera parcial o a un coste elevado. Este reconocimiento tiene implicaciones cl\u00ednicas y normativas decisivas: comprender los s\u00edntomas en su ambivalencia funcional abre la posibilidad de intervenciones m\u00e1s emp\u00e1ticas y menos estigmatizantes, orientadas a conservar las dimensiones protectoras o funcionales de estos comportamientos \u2014reconociendo su sentido\u2014 mientras se reducen sus costes.<\/p>\n\n\n\n<p>En conclusi\u00f3n, la tesis de la ambivalencia funcional redefine la noci\u00f3n enactiva de disfunci\u00f3n desde un enfoque organizacional, sensible a las distintas din\u00e1micas temporales que caracterizan a cada dominio de autonom\u00eda. Propone entender los trastornos mentales no como meras p\u00e9rdidas de sentido o adaptatividad, sino como configuraciones din\u00e1micas en las que las funciones protectoras y disfuncionales coexisten en tensi\u00f3n. Esta perspectiva multiescalar y temporalmente sensible permite captar la complejidad normativa de la vida mental y su vulnerabilidad constitutiva.<\/p>\n\n\n\n<p>Palabras clave: Funciones, psiquiatr\u00eda enactiva, autonom\u00eda organizacional<\/p>\n\n\n\n<p><em>Bio<\/em><br>Mayo Pinto Candenas es investigador predoctoral en el Departamento de L\u00f3gica y Filosof\u00eda Te\u00f3rica de la UCM y miembro de BioKoinos, grupo de investigaci\u00f3n en metaf\u00edsica y filosof\u00eda de la biolog\u00eda. Es contratado FPU dentro del proyecto &#8220;Metaf\u00edsica de la Biolog\u00eda: Procesos y Disposiciones&#8221; (PID2021-127184NB-I00). Su investigaci\u00f3n aborda el problema de la demarcaci\u00f3n de los trastornos mentales desde el marco te\u00f3rico de la Psiquiatr\u00eda Enactiva, atendiendo a los debates sobre funci\u00f3n y normatividad natural, y analizando las consecuencias de adoptar una perspectiva centrada en el desarrollo y su despliegue temporal para tratar esta cuesti\u00f3n.<\/p>\n\n\n\n<p>Comentadora<br>Laura Delgado-Verges (UNED)<\/p>\n","protected":false},"excerpt":{"rendered":"<p>Mayo Pinto Candenas (UCM): Trastornos mentales y ambivalencia funcional: Una propuesta de evaluaci\u00f3n multiescalar Mi\u00e9rcoles 13 de mayo de 2026 @16:00 (CEST)Sala de Formaci\u00f3n y Uso Docente, Edificio A, Facultad de Filosof\u00eda, UCM\u00a0&amp; online AbstractLa Psiquiatr\u00eda Enactiva ha redefinido la comprensi\u00f3n de los trastornos mentales al concebirlos como perturbaciones relacionales y situadas que afectan a [&hellip;]<\/p>\n","protected":false},"author":7965,"featured_media":0,"parent":0,"menu_order":0,"comment_status":"closed","ping_status":"closed","template":"","meta":{"footnotes":""},"class_list":["post-14321","page","type-page","status-publish","hentry"],"_links":{"self":[{"href":"https:\/\/blogs.uned.es\/metis\/wp-json\/wp\/v2\/pages\/14321","targetHints":{"allow":["GET"]}}],"collection":[{"href":"https:\/\/blogs.uned.es\/metis\/wp-json\/wp\/v2\/pages"}],"about":[{"href":"https:\/\/blogs.uned.es\/metis\/wp-json\/wp\/v2\/types\/page"}],"author":[{"embeddable":true,"href":"https:\/\/blogs.uned.es\/metis\/wp-json\/wp\/v2\/users\/7965"}],"replies":[{"embeddable":true,"href":"https:\/\/blogs.uned.es\/metis\/wp-json\/wp\/v2\/comments?post=14321"}],"version-history":[{"count":7,"href":"https:\/\/blogs.uned.es\/metis\/wp-json\/wp\/v2\/pages\/14321\/revisions"}],"predecessor-version":[{"id":14771,"href":"https:\/\/blogs.uned.es\/metis\/wp-json\/wp\/v2\/pages\/14321\/revisions\/14771"}],"wp:attachment":[{"href":"https:\/\/blogs.uned.es\/metis\/wp-json\/wp\/v2\/media?parent=14321"}],"curies":[{"name":"wp","href":"https:\/\/api.w.org\/{rel}","templated":true}]}}