{"id":14135,"date":"2025-09-09T09:29:43","date_gmt":"2025-09-09T09:29:43","guid":{"rendered":"https:\/\/blogs.uned.es\/metis\/?page_id=14135"},"modified":"2025-09-09T09:30:30","modified_gmt":"2025-09-09T09:30:30","slug":"14135-2","status":"publish","type":"page","link":"https:\/\/blogs.uned.es\/metis\/14135-2\/","title":{"rendered":"Jorge Ramos"},"content":{"rendered":"\n<p><strong>Jorge Ramos: La metaf\u00edsica de la biolog\u00eda desde la pr\u00e1ctica cient\u00edfica biol\u00f3gica<\/strong><\/p>\n\n\n\n<p>Martes 2 diciembre 2025 @11:30 (CET)<br><a href=\"https:\/\/www.google.com\/maps\/place\/UNED+-+Humanidades\/@40.4366067,-3.7379162,17z\/data=!3m2!4b1!5s0xd4228238189d7b7:0x62044c79ae77dfac!4m6!3m5!1s0xd42295f507d8465:0xc8bff2c2c262c868!8m2!3d40.4366067!4d-3.7353359!16s%2Fg%2F11d_d4qny9?entry=ttu\">Sala B, Edificio de Humanidades, UNED<\/a>\u00a0&amp;\u00a0<a href=\"https:\/\/blogs.uned.es\/metis\/contact\/\">online<\/a><\/p>\n\n\n\n<p><em>Resumen<\/em><br>En esta charla planteo una defensa de la autonom\u00eda de la metaf\u00edsica de la biolog\u00eda respecto la metaf\u00edsica de la ciencia general y, particularmente, de la f\u00edsica. Para ello, argumento a favor de la relevancia te\u00f3rica de un enfoque metaf\u00edsico pluralista frente a propuestas que descartan la metaf\u00edsica de la ciencia por considerarla irrelevante o dogm\u00e1tica, o que apoyan la existencia de una metaf\u00edsica unificada para todas las ciencias. En particular, sostengo que la metaf\u00edsica de la biolog\u00eda posee car\u00e1cter distintivo fundamentado en la diversidad de sus pr\u00e1cticas cient\u00edficas exitosas. Cada subdisciplina accede a la realidad biol\u00f3gica con herramientas conceptuales y metodol\u00f3gicas propias ni intercambiables ni reducibles entre s\u00ed. Estas producen conocimiento v\u00e1lido precisamente porque sus pr\u00e1cticas est\u00e1n constre\u00f1idas por la realidad misma que intentan describir y explicar, sugiriendo que la biolog\u00eda no puede entenderse desde una \u00fanica ontolog\u00eda.<\/p>\n\n\n\n<p>Para ilustrar la existencia de ontolog\u00edas locales espec\u00edficas, presento un m\u00e9todo para extraer contenido metaf\u00edsico de proposiciones cient\u00edficas biol\u00f3gicas, aplic\u00e1ndolo al caso de definiciones de vida en astrobiolog\u00eda, bioqu\u00edmica y biolog\u00eda sint\u00e9tica. Este an\u00e1lisis, al se\u00f1alar los distintos supuestos metaf\u00edsicos que subyacen a estas subdisciplinas, me permite mostrar la adecuaci\u00f3n del pluralismo ontol\u00f3gico a la especificidad del dominio biol\u00f3gico.<\/p>\n\n\n\n<p><em>Bio<\/em><br>Jorge Ramos es investigador predoctoral FPU en el Departamento de L\u00f3gica, Historia y Filosof\u00eda de la Ciencia en la UNED bajo la supervisi\u00f3n de Cristian Saborido.\u00a0Su investigaci\u00f3n busca principalmente caracterizar la metaf\u00edsica de la biolog\u00eda como campo particularmente distinguido en la metaf\u00edsica de la ciencia general. Entre sus intereses destaca el estudio del planteamiento de distintas definiciones de vida que se han propuesto en diferentes sub\u00e1reas biol\u00f3gicas, as\u00ed como el debate acerca del reconocimiento o el rechazo de su proliferaci\u00f3n en\u00a0el\u00a0siglo\u00a0XXI.<\/p>\n\n\n\n<p><\/p>\n","protected":false},"excerpt":{"rendered":"<p>Jorge Ramos: La metaf\u00edsica de la biolog\u00eda desde la pr\u00e1ctica cient\u00edfica biol\u00f3gica Martes 2 diciembre 2025 @11:30 (CET)Sala B, Edificio de Humanidades, UNED\u00a0&amp;\u00a0online ResumenEn esta charla planteo una defensa de la autonom\u00eda de la metaf\u00edsica de la biolog\u00eda respecto la metaf\u00edsica de la ciencia general y, particularmente, de la f\u00edsica. Para ello, argumento a favor [&hellip;]<\/p>\n","protected":false},"author":7949,"featured_media":0,"parent":0,"menu_order":0,"comment_status":"closed","ping_status":"closed","template":"","meta":{"footnotes":""},"class_list":["post-14135","page","type-page","status-publish","hentry"],"_links":{"self":[{"href":"https:\/\/blogs.uned.es\/metis\/wp-json\/wp\/v2\/pages\/14135","targetHints":{"allow":["GET"]}}],"collection":[{"href":"https:\/\/blogs.uned.es\/metis\/wp-json\/wp\/v2\/pages"}],"about":[{"href":"https:\/\/blogs.uned.es\/metis\/wp-json\/wp\/v2\/types\/page"}],"author":[{"embeddable":true,"href":"https:\/\/blogs.uned.es\/metis\/wp-json\/wp\/v2\/users\/7949"}],"replies":[{"embeddable":true,"href":"https:\/\/blogs.uned.es\/metis\/wp-json\/wp\/v2\/comments?post=14135"}],"version-history":[{"count":2,"href":"https:\/\/blogs.uned.es\/metis\/wp-json\/wp\/v2\/pages\/14135\/revisions"}],"predecessor-version":[{"id":14141,"href":"https:\/\/blogs.uned.es\/metis\/wp-json\/wp\/v2\/pages\/14135\/revisions\/14141"}],"wp:attachment":[{"href":"https:\/\/blogs.uned.es\/metis\/wp-json\/wp\/v2\/media?parent=14135"}],"curies":[{"name":"wp","href":"https:\/\/api.w.org\/{rel}","templated":true}]}}