{"id":13165,"date":"2024-11-11T11:32:16","date_gmt":"2024-11-11T11:32:16","guid":{"rendered":"https:\/\/blogs.uned.es\/metis\/?page_id=13165"},"modified":"2026-03-16T05:18:45","modified_gmt":"2026-03-16T05:18:45","slug":"seminario-de-doctorandos-biokoinos-metis","status":"publish","type":"page","link":"https:\/\/blogs.uned.es\/metis\/seminario-de-doctorandos-biokoinos-metis\/","title":{"rendered":"Seminario de Doctorandos BioKoinos-METIS"},"content":{"rendered":"\n<p><strong>Seminario de Doctorandos BioKoinos-METIS<\/strong><\/p>\n\n\n\n<p>Los doctorandos de METIS (junto con los del grupo&nbsp;<a href=\"https:\/\/www.biokoinos.org\/home\">BioKoinos<\/a>) organizan un seminario mensual donde investigadoras e investigadores predoctorales en filosof\u00eda de la ciencia, epistemolog\u00eda, filosof\u00eda de la mente (incluida la animal), filosof\u00eda del lenguaje, metaf\u00edsica anal\u00edtica, y \u00e1mbitos afines, comparten y discuten sus trabajos. La lengua de comunicaci\u00f3n exclusiva es el castellano.<\/p>\n\n\n\n<p>Las conferencias se celebran los mi\u00e9rcoles, de 16:00 a 18:00 (CET\/CEST), alternando su ubicaci\u00f3n entre las facultades de filosof\u00eda de la UNED y la UCM. Tambi\u00e9n se retransmiten en streaming. Si desea asistir en l\u00ednea, con\u00e9ctese mediante los hiperv\u00ednculos asociados a &#8220;online&#8221;.<\/p>\n\n\n\n<p>El seminario est\u00e1 coordinado actualmente por <a href=\"https:\/\/philpeople.org\/profiles\/jorge-ramos\">Jorge Ramos<\/a> (UNED) y <a href=\"https:\/\/philpeople.org\/profiles\/turad-miguel-turad\">Turad Miguel Turad<\/a> (UCM).<\/p>\n\n\n\n<p>Puedes encontrar un archivo con las sesiones de los cursos anteriores <a href=\"https:\/\/blogs.uned.es\/metis\/seminario-de-doctorandos-metis-biokoinos-24-25\/\" data-type=\"page\" data-id=\"13165\" target=\"_blank\" rel=\"noreferrer noopener\">aqu\u00ed<\/a>.<\/p>\n\n\n\n<p>Este es el calendario para el curso acad\u00e9mico 2025\/2026:<\/p>\n\n\n\n<p>29 de octubre: Gabriel Corda (CONICET, UBA): <a href=\"https:\/\/blogs.uned.es\/metis\/gabriel-corda\/\" data-type=\"page\" data-id=\"14249\">\u00bfLos animales reviven mentalmente los eventos pasados? Hacia una concepci\u00f3n evolutiva de la memoria epis\u00f3dica<\/a><\/p>\n\n\n\n<p>19 de noviembre: Alejandro Di Rienzo (USC): <a href=\"https:\/\/blogs.uned.es\/metis\/alejandro-di-rienzo\/\">Mereolog\u00eda musical<\/a><\/p>\n\n\n\n<p>17 de diciembre: Lorenzo Mil\u00e1ns del Bosch (UNED): <a href=\"https:\/\/blogs.uned.es\/metis\/lorenzo-milans-del-bosch\/\">Simetr\u00edas gauge en f\u00edsica y ontolog\u00eda de las matem\u00e1ticas<\/a><\/p>\n\n\n\n<p>14 de enero: Alberto Monterde Fuertes (UPV\/EHU): <a href=\"https:\/\/blogs.uned.es\/metis\/alberto-monterde\/\">Dolor y nocicepci\u00f3n: Diferenciaci\u00f3n funcional desde la autonom\u00eda biol\u00f3gica<\/a><\/p>\n\n\n\n<p>4 de febrero: Ignacio S\u00e1nchez-Moreno (UNED): <a href=\"https:\/\/blogs.uned.es\/metis\/ignacio-sanchez-moreno-2\/\">Animales enculturados y pidgin interespecie: Un an\u00e1lisis desde la filosof\u00eda de la comunicaci\u00f3n animal<\/a><\/p>\n\n\n\n<p>25 de febrero: David Balfag\u00f3n (UV): <a href=\"https:\/\/blogs.uned.es\/metis\/david-balfagon\/\">El ensamblado de modelos hidrol\u00f3gicos desde una concepci\u00f3n bayesiana de la probabilidad<\/a><\/p>\n\n\n\n<p>18 de marzo: Josep Gasol (UPCE): <a href=\"https:\/\/blogs.uned.es\/metis\/josep-gasol\/\">Animales silenciados: Injusticia epist\u00e9mica hacia los animales no humanos<\/a><\/p>\n\n\n\n<p>8 de abril: Irene Ad\u00e1n S\u00e1nchez-Infantes (UCM): <a href=\"https:\/\/blogs.uned.es\/metis\/irene-adan-sanchez-infantes-2\/\">Agencia epist\u00e9mica y din\u00e1micas sociales: Perspectivas filos\u00f3ficas en la era de la IA<\/a><\/p>\n\n\n\n<p>29 de abril: Elena Ostos (UGA): <a href=\"https:\/\/blogs.uned.es\/metis\/elena-ostos\/\">Particularidad y generalidad en la memoria epis\u00f3dica no humana: Un an\u00e1lisis comparativo<\/a><\/p>\n\n\n\n<p>13 de mayo: Mayo Pinto Candenas (UCM): <a href=\"https:\/\/blogs.uned.es\/metis\/mayo-pinto-candenas\/\">Trastornos mentales y ambivalencia funcional: Una perspectiva enactiva<\/a><\/p>\n\n\n\n<p>27 de mayo: Ignasi Gil (UCM): <a href=\"https:\/\/blogs.uned.es\/metis\/ignasi-gil\/\">La racionalidad epist\u00e9mica y zet\u00e9tica de la comprobaci\u00f3n compulsiva en el TOC<\/a><\/p>\n\n\n\n<p>10 de junio: Sergio Guerra (UGR): <a href=\"https:\/\/blogs.uned.es\/metis\/sergio-guerra\/\">Hiperintensionalidad e identidades conocidas<\/a><\/p>\n","protected":false},"excerpt":{"rendered":"<p>Seminario de Doctorandos BioKoinos-METIS Los doctorandos de METIS (junto con los del grupo&nbsp;BioKoinos) organizan un seminario mensual donde investigadoras e investigadores predoctorales en filosof\u00eda de la ciencia, epistemolog\u00eda, filosof\u00eda de la mente (incluida la animal), filosof\u00eda del lenguaje, metaf\u00edsica anal\u00edtica, y \u00e1mbitos afines, comparten y discuten sus trabajos. La lengua de comunicaci\u00f3n exclusiva es el [&hellip;]<\/p>\n","protected":false},"author":7965,"featured_media":0,"parent":0,"menu_order":0,"comment_status":"closed","ping_status":"closed","template":"","meta":{"footnotes":""},"class_list":["post-13165","page","type-page","status-publish","hentry"],"_links":{"self":[{"href":"https:\/\/blogs.uned.es\/metis\/wp-json\/wp\/v2\/pages\/13165","targetHints":{"allow":["GET"]}}],"collection":[{"href":"https:\/\/blogs.uned.es\/metis\/wp-json\/wp\/v2\/pages"}],"about":[{"href":"https:\/\/blogs.uned.es\/metis\/wp-json\/wp\/v2\/types\/page"}],"author":[{"embeddable":true,"href":"https:\/\/blogs.uned.es\/metis\/wp-json\/wp\/v2\/users\/7965"}],"replies":[{"embeddable":true,"href":"https:\/\/blogs.uned.es\/metis\/wp-json\/wp\/v2\/comments?post=13165"}],"version-history":[{"count":46,"href":"https:\/\/blogs.uned.es\/metis\/wp-json\/wp\/v2\/pages\/13165\/revisions"}],"predecessor-version":[{"id":14765,"href":"https:\/\/blogs.uned.es\/metis\/wp-json\/wp\/v2\/pages\/13165\/revisions\/14765"}],"wp:attachment":[{"href":"https:\/\/blogs.uned.es\/metis\/wp-json\/wp\/v2\/media?parent=13165"}],"curies":[{"name":"wp","href":"https:\/\/api.w.org\/{rel}","templated":true}]}}