{"id":12727,"date":"2024-03-12T19:27:46","date_gmt":"2024-03-12T19:27:46","guid":{"rendered":"https:\/\/blogs.uned.es\/metis\/?page_id=12727"},"modified":"2024-04-18T13:44:31","modified_gmt":"2024-04-18T13:44:31","slug":"12727-2","status":"publish","type":"page","link":"https:\/\/blogs.uned.es\/metis\/other_events\/12727-2\/","title":{"rendered":"Las revistas de filosof\u00eda en Espa\u00f1a"},"content":{"rendered":"\n<p class=\"has-text-align-center\"><strong>Las revistas de filosof\u00eda en Espa\u00f1a: un informe<\/strong><\/p>\n\n\n\n<p class=\"has-text-align-center\">17 de abril, 18.00-19.30 (CET), Videoconferencia<\/p>\n\n\n\n<p class=\"has-text-align-center\"><a href=\"https:\/\/canal.uned.es\/video\/6620e361a35b627b05761872\">Grabaci\u00f3n<\/a><\/p>\n\n\n\n<p>En diciembre de 2022, la Comisi\u00f3n de Investigaci\u00f3n de la <a href=\"https:\/\/redfilosofia.es\/\">Red Espa\u00f1ola de Filosof\u00eda<\/a> (REF) organiz\u00f3 un debate sobre <a href=\"https:\/\/canal.uned.es\/video\/63998008ae6c2228830b5122\">El acceso abierto y el futuro de la filosof\u00eda en Espa\u00f1a<\/a>. \u00bfEs posible garantizar el futuro de nuestras revisas de filosof\u00eda ante <a href=\"https:\/\/dailynous.com\/2024\/02\/06\/philosophers-should-you-pay-to-publish-your-paper-guest-post\/\">la amenaza del acceso abierto comercial<\/a>? Ram\u00f3n Feenstra y David Teira, miembros de la comisi\u00f3n de la REF, efectuaron una encuesta a 48 revistas espa\u00f1olas de filosof\u00eda, as\u00ed como una serie de entrevistas con sus editores, para describir su situaci\u00f3n, entender sus retos y discutir soluciones que garanticen su continuidad. En esta sesi\u00f3n presentar\u00e1n <a href=\"https:\/\/repositori.uji.es\/xmlui\/handle\/10234\/206136\">su informe<\/a> en discusi\u00f3n con especialistas, editores y el p\u00fablico.<\/p>\n\n\n\n<figure class=\"wp-block-image aligncenter size-full is-resized\"><img loading=\"lazy\" decoding=\"async\" width=\"441\" height=\"624\" src=\"https:\/\/blogs.uned.es\/metis\/wp-content\/uploads\/sites\/443\/2024\/03\/Cartel.png\" alt=\"\" class=\"wp-image-12751\" style=\"width:201px;height:auto\" srcset=\"https:\/\/blogs.uned.es\/metis\/wp-content\/uploads\/sites\/443\/2024\/03\/Cartel.png 441w, https:\/\/blogs.uned.es\/metis\/wp-content\/uploads\/sites\/443\/2024\/03\/Cartel-212x300.png 212w\" sizes=\"auto, (max-width: 441px) 100vw, 441px\" \/><\/figure>\n\n\n\n<p>18.00 Las revistas de filosof\u00eda en Espa\u00f1a: situaci\u00f3n y oportunidades, <a href=\"http:\/\/eticaydemocracia.uji.es\/miembros\/ramon-a-feenstra\/\" data-type=\"link\" data-id=\"http:\/\/eticaydemocracia.uji.es\/miembros\/ramon-a-feenstra\/\">Ram\u00f3n Feenstra<\/a> (UJI) &amp; <a href=\"https:\/\/www.uned.es\/universidad\/docentes\/filosofia\/david-teira-serrano.html\">David Teira <\/a>(UNED)<\/p>\n\n\n\n<p>18.10 Una mirada desde el exterior, <a href=\"https:\/\/cvnet.cpd.ua.es\/curriculum-breve\/es\/tur-vines-victoria\/5345\">Victoria Tur-Vi\u00f1\u00e9s<\/a> (UA) <\/p>\n\n\n\n<p>18.25 Debate con editores: Ana Andaluz (<em>Cuadernos salmantinos de Filosof\u00eda<\/em>), Teresa Cid (<em>Cuadernos de Pensamiento<\/em>), Javier Gonz\u00e1lez de Prado (<em>Theor\u00eda<\/em>), Kilian Lavernia (<em>Endoxa<\/em>), Mar\u00eda Medina-Vicent (<em>Recerca<\/em>), Alex Mumbr\u00fa (<em>Enrahonar<\/em>) Armando Pego (<em>Comprendre<\/em>), Eduardo Rodrigo Mart\u00ednez (<em>Scio<\/em>), Roberto Rz. Aramayo &amp; Nuria S\u00e1nchez Madrid (<em>Contextos Kantianos<\/em>), Salvador Rubio (<em>Daimon<\/em>), Sergi Rosell (<em>Quaderns de Filosof\u00eda<\/em>), Antol\u00edn S\u00e1nchez Cuervo (<em>Revista de Hispanismo Filos\u00f3fico<\/em>), &nbsp;Laura Razo (<em>Universitas<\/em>), Nuria Valverde (<em>Isegor\u00eda<\/em>)<\/p>\n\n\n\n<p>18.45 Debate con el p\u00fablico<\/p>\n\n\n\n<p>19.30 Fin de la sesi\u00f3n<\/p>\n\n\n\n<p class=\"has-text-align-center\"><strong><a href=\"https:\/\/canal.uned.es\/video\/6620e361a35b627b05761872\" data-type=\"link\" data-id=\"https:\/\/canal.uned.es\/video\/6620e361a35b627b05761872\">Grabaci\u00f3n<\/a><\/strong><\/p>\n","protected":false},"excerpt":{"rendered":"<p>Las revistas de filosof\u00eda en Espa\u00f1a: un informe 17 de abril, 18.00-19.30 (CET), Videoconferencia Grabaci\u00f3n En diciembre de 2022, la Comisi\u00f3n de Investigaci\u00f3n de la Red Espa\u00f1ola de Filosof\u00eda (REF) organiz\u00f3 un debate sobre El acceso abierto y el futuro de la filosof\u00eda en Espa\u00f1a. \u00bfEs posible garantizar el futuro de nuestras revisas de filosof\u00eda [&hellip;]<\/p>\n","protected":false},"author":291,"featured_media":0,"parent":12391,"menu_order":0,"comment_status":"closed","ping_status":"closed","template":"","meta":{"footnotes":""},"class_list":["post-12727","page","type-page","status-publish","hentry"],"_links":{"self":[{"href":"https:\/\/blogs.uned.es\/metis\/wp-json\/wp\/v2\/pages\/12727","targetHints":{"allow":["GET"]}}],"collection":[{"href":"https:\/\/blogs.uned.es\/metis\/wp-json\/wp\/v2\/pages"}],"about":[{"href":"https:\/\/blogs.uned.es\/metis\/wp-json\/wp\/v2\/types\/page"}],"author":[{"embeddable":true,"href":"https:\/\/blogs.uned.es\/metis\/wp-json\/wp\/v2\/users\/291"}],"replies":[{"embeddable":true,"href":"https:\/\/blogs.uned.es\/metis\/wp-json\/wp\/v2\/comments?post=12727"}],"version-history":[{"count":12,"href":"https:\/\/blogs.uned.es\/metis\/wp-json\/wp\/v2\/pages\/12727\/revisions"}],"predecessor-version":[{"id":12825,"href":"https:\/\/blogs.uned.es\/metis\/wp-json\/wp\/v2\/pages\/12727\/revisions\/12825"}],"up":[{"embeddable":true,"href":"https:\/\/blogs.uned.es\/metis\/wp-json\/wp\/v2\/pages\/12391"}],"wp:attachment":[{"href":"https:\/\/blogs.uned.es\/metis\/wp-json\/wp\/v2\/media?parent=12727"}],"curies":[{"name":"wp","href":"https:\/\/api.w.org\/{rel}","templated":true}]}}