{"id":12329,"date":"2023-09-27T13:03:29","date_gmt":"2023-09-27T13:03:29","guid":{"rendered":"https:\/\/blogs.uned.es\/metis\/?page_id=12329"},"modified":"2023-09-27T14:41:53","modified_gmt":"2023-09-27T14:41:53","slug":"12329-2","status":"publish","type":"page","link":"https:\/\/blogs.uned.es\/metis\/seminar\/12329-2\/","title":{"rendered":"Atocha Aliseda"},"content":{"rendered":"\n<p><strong>Atocha Aliseda: Diagn\u00f3stico m\u00e9dico automatizado<\/strong><\/p>\n\n\n\n<p>Tuesday January 30 2024 @12:00 (CEST)<br><a href=\"https:\/\/www.google.com\/maps\/place\/UNED+-+Humanidades\/@40.4366067,-3.7379162,17z\/data=!3m2!4b1!5s0xd4228238189d7b7:0x62044c79ae77dfac!4m6!3m5!1s0xd42295f507d8465:0xc8bff2c2c262c868!8m2!3d40.4366067!4d-3.7353359!16s%2Fg%2F11d_d4qny9?entry=ttu\">Sala B, Edificio de Humanidades, UNED<\/a> &amp; <a href=\"https:\/\/blogs.uned.es\/metis\/contact\/\" data-type=\"page\" data-id=\"11553\">online<\/a><\/p>\n\n\n\n<p><em>Abstract<\/em><br>En esta ponencia presento algunos retos sobre el diagn\u00f3stico m\u00e9dico automatizado. Mi postura filos\u00f3fica es pragmatista en combinaci\u00f3n con la perspectiva de la cognici\u00f3n corporeizada. Las preguntas que planteo son las siguiente: \u00bfEs el razonamiento cl\u00ednico un asunto exclusivamente humano? \u00bfPuede ser automatizado? \u00bfCu\u00e1l es lugar, si es que alguno, de un robot m\u00e9dico?<\/p>\n\n\n\n<p><em>Bio<\/em><br><a href=\"https:\/\/www.filosoficas.unam.mx\/~atocha\/index-en.html\">Atocha Aliseda<\/a> es matem\u00e1tica de origen, l\u00f3gica por entrenamiento y fil\u00f3sofa pragmatista por experiencia. Actualmente tiene un puesto temporal como investigadora Mar\u00eda Zambrano en la UNED. Su instituci\u00f3n de origen es la UNAM en la Ciudad de M\u00e9xico.<\/p>\n","protected":false},"excerpt":{"rendered":"<p>Atocha Aliseda: Diagn\u00f3stico m\u00e9dico automatizado Tuesday January 30 2024 @12:00 (CEST)Sala B, Edificio de Humanidades, UNED &amp; online AbstractEn esta ponencia presento algunos retos sobre el diagn\u00f3stico m\u00e9dico automatizado. Mi postura filos\u00f3fica es pragmatista en combinaci\u00f3n con la perspectiva de la cognici\u00f3n corporeizada. Las preguntas que planteo son las siguiente: \u00bfEs el razonamiento cl\u00ednico un [&hellip;]<\/p>\n","protected":false},"author":7717,"featured_media":0,"parent":11563,"menu_order":0,"comment_status":"closed","ping_status":"closed","template":"","meta":{"footnotes":""},"class_list":["post-12329","page","type-page","status-publish","hentry"],"_links":{"self":[{"href":"https:\/\/blogs.uned.es\/metis\/wp-json\/wp\/v2\/pages\/12329","targetHints":{"allow":["GET"]}}],"collection":[{"href":"https:\/\/blogs.uned.es\/metis\/wp-json\/wp\/v2\/pages"}],"about":[{"href":"https:\/\/blogs.uned.es\/metis\/wp-json\/wp\/v2\/types\/page"}],"author":[{"embeddable":true,"href":"https:\/\/blogs.uned.es\/metis\/wp-json\/wp\/v2\/users\/7717"}],"replies":[{"embeddable":true,"href":"https:\/\/blogs.uned.es\/metis\/wp-json\/wp\/v2\/comments?post=12329"}],"version-history":[{"count":3,"href":"https:\/\/blogs.uned.es\/metis\/wp-json\/wp\/v2\/pages\/12329\/revisions"}],"predecessor-version":[{"id":12341,"href":"https:\/\/blogs.uned.es\/metis\/wp-json\/wp\/v2\/pages\/12329\/revisions\/12341"}],"up":[{"embeddable":true,"href":"https:\/\/blogs.uned.es\/metis\/wp-json\/wp\/v2\/pages\/11563"}],"wp:attachment":[{"href":"https:\/\/blogs.uned.es\/metis\/wp-json\/wp\/v2\/media?parent=12329"}],"curies":[{"name":"wp","href":"https:\/\/api.w.org\/{rel}","templated":true}]}}