{"id":12281,"date":"2023-09-22T07:29:56","date_gmt":"2023-09-22T07:29:56","guid":{"rendered":"https:\/\/blogs.uned.es\/metis\/?page_id=12281"},"modified":"2025-11-29T15:06:31","modified_gmt":"2025-11-29T15:06:31","slug":"12281-2","status":"publish","type":"page","link":"https:\/\/blogs.uned.es\/metis\/about\/12281-2\/","title":{"rendered":"acerca de"},"content":{"rendered":"\n<p>METIS es un grupo de investigaci\u00f3n en Filosof\u00eda con sede en la UNED, en Madrid. El nombre viene del griego \u03bc\u1fc6\u03c4\u03b9\u03c2, que significa &#8216;astucia argumentativa, sabidur\u00eda, destreza&#8217;.<\/p>\n\n\n\n<p>El grupo nace en 2009 e incluye profesores y doctorandos del Departamento de L\u00f3gica, Historia y Filosof\u00eda de la Ciencia, as\u00ed como otros acad\u00e9micos asociados. Luis Vega, Francisco \u00c1lvarez y Eduardo Bustos, ahora jubilados, estaban entre los miembros fundadores y primeros directores del grupo. Trabajamos en Filosof\u00eda anal\u00edtica y nuestras \u00e1reas principales de especializaci\u00f3n son la Filosof\u00eda de la Ciencia y la Filosof\u00eda del Lenguaje. Algunos de nuestros <a href=\"https:\/\/blogs.uned.es\/metis\/members\/\">miembros<\/a> tambi\u00e9n est\u00e1n activos en L\u00f3gica, Epistemolog\u00eda, Cognici\u00f3n Animal y Filosof\u00eda del Arte. Puedes echar un vistazo a nuestros proyectos de investigaci\u00f3n actuales <a href=\"https:\/\/blogs.uned.es\/metis\/about\/projects\/\">aqu\u00ed<\/a>.<\/p>\n\n\n\n<p>El trabajo de los miembros de METIS ha aparecido en lugares de prestigio como&nbsp;<em>No\u00fbs<\/em>,&nbsp;<em>Journal of Philosophy<\/em>,&nbsp;<em>Philosophy and Phenomenological Research<\/em>,&nbsp;<em>British Journal for Philosophy of Science<\/em> o&nbsp;<em>Philosophical Quarterly<\/em>. Nuestros miembros son o han sido editores de revistas como&nbsp;<em>European Journal for Philosophy of Science<\/em>,&nbsp;<em>History and Philosophy of the Life Sciences<\/em>,&nbsp;<em>British Journal of Aesthetics<\/em> o&nbsp;<em>Theoria<\/em>. Tambi\u00e9n somos activos en divulgaci\u00f3n, habiendo publicado en lugares como&nbsp;<em>Aeon<\/em>&nbsp;y&nbsp;<em>The Conversation<\/em>, y apareciendo regularmente en medios y podcasts internacionales.<\/p>\n\n\n\n<p>Los miembros de METIS imparten clases en el M\u00e1ster en Filosof\u00eda Te\u00f3rica y Pr\u00e1ctica de la UNED. Tambi\u00e9n colaboran en el programa de doctorado de la Facultad de Filosof\u00eda, donde se han defendido 29 tesis bajo nuestra supervisi\u00f3n.<\/p>\n\n\n\n<p>Desde 2009 organizamos un&nbsp;<a href=\"https:\/\/blogs.uned.es\/metis\/seminar\/\" data-type=\"link\" data-id=\"https:\/\/blogs.uned.es\/metis\/seminar\/\">seminario<\/a>&nbsp;recurrente que ha albergado a m\u00e1s de cuatrocientos ponentes.<\/p>\n","protected":false},"excerpt":{"rendered":"<p>METIS es un grupo de investigaci\u00f3n en Filosof\u00eda con sede en la UNED, en Madrid. El nombre viene del griego \u03bc\u1fc6\u03c4\u03b9\u03c2, que significa &#8216;astucia argumentativa, sabidur\u00eda, destreza&#8217;. El grupo nace en 2009 e incluye profesores y doctorandos del Departamento de L\u00f3gica, Historia y Filosof\u00eda de la Ciencia, as\u00ed como otros acad\u00e9micos asociados. Luis Vega, Francisco [&hellip;]<\/p>\n","protected":false},"author":7717,"featured_media":0,"parent":12101,"menu_order":0,"comment_status":"closed","ping_status":"closed","template":"","meta":{"footnotes":""},"class_list":["post-12281","page","type-page","status-publish","hentry"],"_links":{"self":[{"href":"https:\/\/blogs.uned.es\/metis\/wp-json\/wp\/v2\/pages\/12281","targetHints":{"allow":["GET"]}}],"collection":[{"href":"https:\/\/blogs.uned.es\/metis\/wp-json\/wp\/v2\/pages"}],"about":[{"href":"https:\/\/blogs.uned.es\/metis\/wp-json\/wp\/v2\/types\/page"}],"author":[{"embeddable":true,"href":"https:\/\/blogs.uned.es\/metis\/wp-json\/wp\/v2\/users\/7717"}],"replies":[{"embeddable":true,"href":"https:\/\/blogs.uned.es\/metis\/wp-json\/wp\/v2\/comments?post=12281"}],"version-history":[{"count":4,"href":"https:\/\/blogs.uned.es\/metis\/wp-json\/wp\/v2\/pages\/12281\/revisions"}],"predecessor-version":[{"id":14483,"href":"https:\/\/blogs.uned.es\/metis\/wp-json\/wp\/v2\/pages\/12281\/revisions\/14483"}],"up":[{"embeddable":true,"href":"https:\/\/blogs.uned.es\/metis\/wp-json\/wp\/v2\/pages\/12101"}],"wp:attachment":[{"href":"https:\/\/blogs.uned.es\/metis\/wp-json\/wp\/v2\/media?parent=12281"}],"curies":[{"name":"wp","href":"https:\/\/api.w.org\/{rel}","templated":true}]}}