{"id":12269,"date":"2023-09-21T15:13:24","date_gmt":"2023-09-21T15:13:24","guid":{"rendered":"https:\/\/blogs.uned.es\/metis\/?page_id=12269"},"modified":"2023-11-17T16:13:17","modified_gmt":"2023-11-17T16:13:17","slug":"12269-2","status":"publish","type":"page","link":"https:\/\/blogs.uned.es\/metis\/seminar\/12269-2\/","title":{"rendered":"Cristina Corredor"},"content":{"rendered":"\n<p><strong>Cristina Corredor: Usos de la argumentaci\u00f3n en la propaganda<\/strong><\/p>\n\n\n\n<p>Tuesday December 12 2023 @12:00 (CEST)<br><a href=\"https:\/\/www.google.com\/maps\/place\/UNED+-+Humanidades\/@40.4366067,-3.7379162,17z\/data=!3m2!4b1!5s0xd4228238189d7b7:0x62044c79ae77dfac!4m6!3m5!1s0xd42295f507d8465:0xc8bff2c2c262c868!8m2!3d40.4366067!4d-3.7353359!16s%2Fg%2F11d_d4qny9?entry=ttu\">Sala B, Edificio de Humanidades, UNED<\/a> &amp; <a href=\"https:\/\/blogs.uned.es\/metis\/contact\/\" data-type=\"page\" data-id=\"11553\">online<\/a><\/p>\n\n\n\n<p><em>Abstract<\/em><br>Un recurso bien conocido y estudiado de la propaganda, en particular de la propaganda pol\u00edtica, es el uso de informaci\u00f3n aparentemente cient\u00edfica, como datos num\u00e9ricos, estad\u00edsticas, t\u00e9rminos t\u00e9cnicos, etc. para inducir confianza y aceptaci\u00f3n. Esta forma de comunicaci\u00f3n es persuasiva no por el valor de esa informaci\u00f3n, sino por la apariencia de verdad y fiabilidad que transmite. Por ello, puede considerarse una forma no racional de persuasi\u00f3n. El objetivo de esta presentaci\u00f3n es preguntar si la argumentaci\u00f3n en cuanto tal puede utilizarse tambi\u00e9n como una forma de persuasi\u00f3n no racional con fines propagand\u00edsticos. De forma notable, la presencia de argumentos en el discurso pol\u00edtico p\u00fablico puede producir un efecto enga\u00f1oso en la audiencia, presentando como razonable y bien fundado un discurso sin que esta validez est\u00e9 comprobada o sin que pueda examinarse cr\u00edticamente. Sin embargo, no est\u00e1 claro que todos estos casos puedan valorarse como casos de argumentaci\u00f3n falaz. Estos son los casos que necesitan atenci\u00f3n.<\/p>\n\n\n\n<p><em>Bio<\/em><br><a href=\"https:\/\/uned.academia.edu\/CristinaCorredor\">Cristina Corredor<\/a> es profesora titular de L\u00f3gica y Filosof\u00eda de la Ciencia en la UNED. Se ha especializado en filosof\u00eda del lenguaje, en especial en pragm\u00e1tica y la teor\u00eda de actos de habla.<\/p>\n","protected":false},"excerpt":{"rendered":"<p>Cristina Corredor: Usos de la argumentaci\u00f3n en la propaganda Tuesday December 12 2023 @12:00 (CEST)Sala B, Edificio de Humanidades, UNED &amp; online AbstractUn recurso bien conocido y estudiado de la propaganda, en particular de la propaganda pol\u00edtica, es el uso de informaci\u00f3n aparentemente cient\u00edfica, como datos num\u00e9ricos, estad\u00edsticas, t\u00e9rminos t\u00e9cnicos, etc. para inducir confianza y [&hellip;]<\/p>\n","protected":false},"author":7717,"featured_media":0,"parent":11563,"menu_order":0,"comment_status":"closed","ping_status":"closed","template":"","meta":{"footnotes":""},"class_list":["post-12269","page","type-page","status-publish","hentry"],"_links":{"self":[{"href":"https:\/\/blogs.uned.es\/metis\/wp-json\/wp\/v2\/pages\/12269","targetHints":{"allow":["GET"]}}],"collection":[{"href":"https:\/\/blogs.uned.es\/metis\/wp-json\/wp\/v2\/pages"}],"about":[{"href":"https:\/\/blogs.uned.es\/metis\/wp-json\/wp\/v2\/types\/page"}],"author":[{"embeddable":true,"href":"https:\/\/blogs.uned.es\/metis\/wp-json\/wp\/v2\/users\/7717"}],"replies":[{"embeddable":true,"href":"https:\/\/blogs.uned.es\/metis\/wp-json\/wp\/v2\/comments?post=12269"}],"version-history":[{"count":4,"href":"https:\/\/blogs.uned.es\/metis\/wp-json\/wp\/v2\/pages\/12269\/revisions"}],"predecessor-version":[{"id":12383,"href":"https:\/\/blogs.uned.es\/metis\/wp-json\/wp\/v2\/pages\/12269\/revisions\/12383"}],"up":[{"embeddable":true,"href":"https:\/\/blogs.uned.es\/metis\/wp-json\/wp\/v2\/pages\/11563"}],"wp:attachment":[{"href":"https:\/\/blogs.uned.es\/metis\/wp-json\/wp\/v2\/media?parent=12269"}],"curies":[{"name":"wp","href":"https:\/\/api.w.org\/{rel}","templated":true}]}}