{"id":895,"date":"2018-05-25T09:11:01","date_gmt":"2018-05-25T09:11:01","guid":{"rendered":"http:\/\/blogs.uned.es\/mbc\/?page_id=895"},"modified":"2018-05-25T09:11:01","modified_gmt":"2018-05-25T09:11:01","slug":"politica-de-privacidad","status":"publish","type":"page","link":"https:\/\/blogs.uned.es\/mbc\/politica-de-privacidad\/","title":{"rendered":"Pol\u00edtica de privacidad"},"content":{"rendered":"<p><b>INFORMACI\u00d3N RELATIVA A LA PROTECCI\u00d3N DE DATOS DE CAR\u00c1CTER PERSONAL<\/b><\/p>\n<p>De conformidad con lo establecido en el Reglamento UE 679\/2016 General de Protecci\u00f3n de Datos y legislaci\u00f3n vigente, le informamos que los datos aportados en este documento ser\u00e1n tratados, en calidad de Responsable del tratamiento, por la UNIVERSIDAD NACIONAL DE EDUCACI\u00d3N A DISTANCIA (UNED).<\/p>\n<p>La finalidad del tratamiento es la organizaci\u00f3n de la docencia y el estudio, as\u00ed como el ejercicio de las dem\u00e1s funciones propias del Servicio P\u00fablico de la Educaci\u00f3n Superior, reguladas en la Ley Org\u00e1nica 6\/2001, de 21 de diciembre, de Universidades y en los Estatutos de la UNED.<\/p>\n<p>La base jur\u00eddica por la cual se tratan sus datos es la ejecuci\u00f3n del servicio p\u00fablico de educaci\u00f3n que presta la UNED y en su caso el consentimiento.<\/p>\n<p>Los datos podr\u00e1n ser cedidos o comunicados, cuando legalmente proceda, a los Centros Asociados a la UNED y a las Administraciones P\u00fablicas competentes en materia educativa y en el caso de domiciliar el pago de los precios p\u00fablicos, se comunicar\u00e1n a las entidades bancarias, los datos estrictamente necesarios para la gesti\u00f3n del pago, as\u00ed como a requerimiento de la Agencia Tributaria, Juzgados o Tribunales.<\/p>\n<p><script><\/p>\n<p><\/script><\/p>\n","protected":false},"excerpt":{"rendered":"<p>INFORMACI\u00d3N RELATIVA A LA PROTECCI\u00d3N DE DATOS DE CAR\u00c1CTER PERSONAL De conformidad con lo establecido en el Reglamento UE 679\/2016 General de Protecci\u00f3n de Datos y legislaci\u00f3n vigente, le informamos que los datos aportados en este documento ser\u00e1n tratados, en calidad de Responsable del tratamiento, por la UNIVERSIDAD NACIONAL DE EDUCACI\u00d3N A DISTANCIA (UNED). La [&hellip;]<\/p>\n","protected":false},"author":1,"featured_media":0,"parent":0,"menu_order":0,"comment_status":"closed","ping_status":"closed","template":"","meta":{"footnotes":""},"class_list":["post-895","page","type-page","status-publish","czr-hentry"],"_links":{"self":[{"href":"https:\/\/blogs.uned.es\/mbc\/wp-json\/wp\/v2\/pages\/895","targetHints":{"allow":["GET"]}}],"collection":[{"href":"https:\/\/blogs.uned.es\/mbc\/wp-json\/wp\/v2\/pages"}],"about":[{"href":"https:\/\/blogs.uned.es\/mbc\/wp-json\/wp\/v2\/types\/page"}],"author":[{"embeddable":true,"href":"https:\/\/blogs.uned.es\/mbc\/wp-json\/wp\/v2\/users\/1"}],"replies":[{"embeddable":true,"href":"https:\/\/blogs.uned.es\/mbc\/wp-json\/wp\/v2\/comments?post=895"}],"version-history":[{"count":1,"href":"https:\/\/blogs.uned.es\/mbc\/wp-json\/wp\/v2\/pages\/895\/revisions"}],"predecessor-version":[{"id":899,"href":"https:\/\/blogs.uned.es\/mbc\/wp-json\/wp\/v2\/pages\/895\/revisions\/899"}],"wp:attachment":[{"href":"https:\/\/blogs.uned.es\/mbc\/wp-json\/wp\/v2\/media?parent=895"}],"curies":[{"name":"wp","href":"https:\/\/api.w.org\/{rel}","templated":true}]}}