{"id":59,"date":"2016-09-12T16:55:48","date_gmt":"2016-09-12T16:55:48","guid":{"rendered":"http:\/\/blogs.uned.es\/mbc\/?page_id=59"},"modified":"2023-03-15T09:54:45","modified_gmt":"2023-03-15T09:54:45","slug":"lineas-de-investigacion","status":"publish","type":"page","link":"https:\/\/blogs.uned.es\/mbc\/lineas-de-investigacion\/","title":{"rendered":"L\u00edneas de Investigaci\u00f3n"},"content":{"rendered":"\t\t<div data-elementor-type=\"wp-page\" data-elementor-id=\"59\" class=\"elementor elementor-59\">\n\t\t\t\t\t\t<section class=\"elementor-section elementor-top-section elementor-element elementor-element-3af7291c elementor-section-boxed elementor-section-height-default elementor-section-height-default\" data-id=\"3af7291c\" data-element_type=\"section\" data-e-type=\"section\">\n\t\t\t\t\t\t<div class=\"elementor-container elementor-column-gap-default\">\n\t\t\t\t\t<div class=\"elementor-column elementor-col-100 elementor-top-column elementor-element elementor-element-409b6ab1\" data-id=\"409b6ab1\" data-element_type=\"column\" data-e-type=\"column\">\n\t\t\t<div class=\"elementor-widget-wrap elementor-element-populated\">\n\t\t\t\t\r\n\r\n\t\t<div class=\"elementor-element elementor-element-13ad39db elementor-widget elementor-widget-text-editor\" data-id=\"13ad39db\" data-element_type=\"widget\" data-e-type=\"widget\" data-widget_type=\"text-editor.default\">\n\t\t\t\t<div class=\"elementor-widget-container\">\n\t\t\t\t\t\t\t\t\t<header>\n\n<hr \/>\n\n<h3><span style=\"color: #008080\">EVALUACI\u00d3N INTERVENCI\u00d3N Y FACTORES DE RIESGO DE LA DEPRESI\u00d3N PRENATAL<\/span><\/h3>\n<\/header>\n<ul>\n \t<li>Validaci\u00f3n de instrumentos de evaluaci\u00f3n<\/li>\n \t<li>An\u00e1lisis de factores de riesgo<\/li>\n \t<li>Relaci\u00f3n entre depresi\u00f3n y ansiedad prenatal<\/li>\n \t<li>Estudio longitudinal de variables psicol\u00f3gicas durante todo el embarazo<\/li>\n \t<li>Validaci\u00f3n del programa de prevenci\u00f3n de la depresi\u00f3n Mam\u00e1s y Beb\u00e9s en Espa\u00f1a<\/li>\n<\/ul>\n\n<hr \/>\n\n<h3><span style=\"color: #008080\">CONSECUENCIAS DE LA DEPRESI\u00d3N ANTENATAL EN EL PARTO Y EN EL BEB\u00c9<\/span><\/h3>\n<ul>\n \t<li>Consecuencias de la depresi\u00f3n prenatal en variables m\u00e9dicas durante el parto<\/li>\n \t<li>Consecuencias de la depresi\u00f3n prenatal en el beb\u00e9<\/li>\n \t<li>Apoyo al \u00a0padre en el proceso<\/li>\n<\/ul>\n\n<hr \/>\n\n<h3><span style=\"color: #008080\">RELACI\u00d3N ENTRE LA DEPRESI\u00d3N PRENATAL Y VARIABLES ENDOCRINAS<\/span><\/h3>\n<ul>\n \t<li>Estudio de la relaci\u00f3n entre la depresi\u00f3n\/ansiedad y el hiper\/hipotiroidismo<\/li>\n \t<li>Estudio de la relaci\u00f3n entre la depresi\u00f3n y la anemia durante el per\u00edodo de gestaci\u00f3n<\/li>\n<\/ul>\n\n<hr \/>\n\n<h3><span style=\"color: #008080\">IMPACTO DEL COVID EN LA SALUD MENTAL MATERNA<\/span><\/h3>\n<ul>\n \t<li style=\"list-style-type: none\">\n<ul>\n \t<li>Estudio llevado a cabo en colaboraci\u00f3n con la Universidad Loyola.<\/li>\n<\/ul>\n<\/li>\n<\/ul>\nEste estudio se enmarca dentro de una acci\u00f3n COST (European Cooperation in Science\nand Technology), que evaluar\u00e1 el impacto de la pandemia del Covid-19 en mujeres\nembarazadas y madres recientes de 12 pa\u00edses: Albania, Bulgaria, Chipre, Francia, Grecia, Israel, Malta, Portugal, Espa\u00f1a, Turqu\u00eda, Reino Unido y Brasil.\n<ul>\n \t<li>M\u00e1s informaci\u00f3n en: \u00a0\u00a0<a href=\"https:\/\/momsduringcovid.org\/es\/\">https:\/\/momsduringcovid.org\/es\/<\/a><\/li>\n<\/ul>\n&nbsp;\n\n<hr \/>\n\n<h3><span style=\"color: #008080\">IDEACI\u00d3N SUICIDA DURANTE EL PERIODO PERINATAL<\/span><\/h3>\n<ul>\n \t<li>Prevalencia de la ideaci\u00f3n suicida<\/li>\n \t<li>Factores de riego de la ideaci\u00f3n suicida<\/li>\n<\/ul>\n\n<hr \/>\n\n<h3><span style=\"color: #008080\">IMPACTO DE LA GUERRA DE UCRANIA EN EL PERIODO PERINATAL<\/span><\/h3>\nPara m\u00e1s informaci\u00f3n consultar el protocolo del proyecto en: <a href=\"https:\/\/www.frontiersin.org\/articles\/10.3389\/fpsyg.2023.1152478\/full\">https:\/\/www.frontiersin.org\/articles\/10.3389\/fpsyg.2023.1152478\/full<\/a>\t\t\t\t\t\t\t\t<\/div>\n\t\t\t\t<\/div>\n\t\t\t\t\t<\/div>\n\t\t<\/div>\n\t\t\t\t\t<\/div>\n\t\t<\/section>\n\t\t\t\t<\/div>\n\t\t","protected":false},"excerpt":{"rendered":"<p>EVALUACI\u00d3N INTERVENCI\u00d3N Y FACTORES DE RIESGO DE LA DEPRESI\u00d3N PRENATAL Validaci\u00f3n de instrumentos de evaluaci\u00f3n An\u00e1lisis de factores de riesgo Relaci\u00f3n entre depresi\u00f3n y ansiedad prenatal Estudio longitudinal de variables psicol\u00f3gicas durante todo el embarazo Validaci\u00f3n del programa de prevenci\u00f3n de la depresi\u00f3n Mam\u00e1s y Beb\u00e9s en Espa\u00f1a CONSECUENCIAS DE LA DEPRESI\u00d3N ANTENATAL EN EL [&hellip;]<\/p>\n","protected":false},"author":49,"featured_media":0,"parent":0,"menu_order":0,"comment_status":"closed","ping_status":"closed","template":"","meta":{"footnotes":""},"class_list":["post-59","page","type-page","status-publish","czr-hentry"],"_links":{"self":[{"href":"https:\/\/blogs.uned.es\/mbc\/wp-json\/wp\/v2\/pages\/59","targetHints":{"allow":["GET"]}}],"collection":[{"href":"https:\/\/blogs.uned.es\/mbc\/wp-json\/wp\/v2\/pages"}],"about":[{"href":"https:\/\/blogs.uned.es\/mbc\/wp-json\/wp\/v2\/types\/page"}],"author":[{"embeddable":true,"href":"https:\/\/blogs.uned.es\/mbc\/wp-json\/wp\/v2\/users\/49"}],"replies":[{"embeddable":true,"href":"https:\/\/blogs.uned.es\/mbc\/wp-json\/wp\/v2\/comments?post=59"}],"version-history":[{"count":42,"href":"https:\/\/blogs.uned.es\/mbc\/wp-json\/wp\/v2\/pages\/59\/revisions"}],"predecessor-version":[{"id":3657,"href":"https:\/\/blogs.uned.es\/mbc\/wp-json\/wp\/v2\/pages\/59\/revisions\/3657"}],"wp:attachment":[{"href":"https:\/\/blogs.uned.es\/mbc\/wp-json\/wp\/v2\/media?parent=59"}],"curies":[{"name":"wp","href":"https:\/\/api.w.org\/{rel}","templated":true}]}}