{"id":55,"date":"2016-09-12T16:59:11","date_gmt":"2016-09-12T16:59:11","guid":{"rendered":"http:\/\/blogs.uned.es\/mbc\/?page_id=55"},"modified":"2021-03-22T07:57:34","modified_gmt":"2021-03-22T07:57:34","slug":"difusion-radio-prensa-y-tv","status":"publish","type":"page","link":"https:\/\/blogs.uned.es\/mbc\/difusion-radio-prensa-y-tv\/","title":{"rendered":"Prensa y Radio"},"content":{"rendered":"\n<h4 class=\"wp-block-heading\"><span style=\"color: #008080\">PRENSA<\/span><\/h4>\n\n\n\n<div class=\"wp-block-image is-style-default\"><figure class=\"alignleft is-resized\"><img decoding=\"async\" src=\"http:\/\/blogs.uned.es\/mbc\/wp-content\/uploads\/sites\/31\/2017\/04\/prensaYradio-300x300.jpg\" alt=\"\" class=\"wp-image-339\" width=\"171\" srcset=\"https:\/\/blogs.uned.es\/mbc\/wp-content\/uploads\/sites\/31\/2017\/04\/prensaYradio-300x300.jpg 300w, https:\/\/blogs.uned.es\/mbc\/wp-content\/uploads\/sites\/31\/2017\/04\/prensaYradio-150x150.jpg 150w, https:\/\/blogs.uned.es\/mbc\/wp-content\/uploads\/sites\/31\/2017\/04\/prensaYradio-768x768.jpg 768w, https:\/\/blogs.uned.es\/mbc\/wp-content\/uploads\/sites\/31\/2017\/04\/prensaYradio.jpg 1000w\" sizes=\"(max-width: 300px) 100vw, 300px\" \/><\/figure><\/div>\n\n\n\n<ul class=\"wp-block-list\"><li><span style=\"color: #339966\"><strong><a style=\"color: #339966\" href=\"https:\/\/elpais.com\/mamas-papas\/2021-03-18\/depresion-perinatal-sintomas-deteccion-y-tratamiento-de-una-enfermedad-mental-infradiagnosticada.html?ssm=TW_CC\"><span style=\"color: #008080\">La depresi\u00f3n postparto. Una enfermedad infradiagnosticada.<\/span><\/a> <\/strong><\/span>El Pa\u00eds 18 de marzo de 2021<\/li><li><strong><a style=\"color: #008080\" href=\"https:\/\/elpais.com\/elpais\/2019\/11\/01\/ciencia\/1572629043_859615.html\">Las secuelas de no prevenir la depresi\u00f3n en el embarazo.<\/a><\/strong> El Pa\u00eds 5 noviembre 2019<\/li><li><strong><a href=\"http:\/\/www.mujerhoy.com\/vivir\/salud\/201706\/08\/depresion-silenciada-20170608115433-p.html\"><span style=\"color: #008080\">La depresi\u00f3n silenciada<\/span><\/a><\/strong>. Junio 2017, Mujer Hoy.<\/li><\/ul>\n\n\n\n<ul class=\"wp-block-list\"><li><strong><a style=\"color: #008080\" href=\"https:\/\/elpais.com\/elpais\/2017\/03\/07\/mujeres\/1488907397_005026.html\">Una epidemia (m\u00e1s) que sufren las mujeres y no se diagnostica<\/a><\/strong>. <span style=\"color: #000000\">Marzo de 2017, El Pa\u00eds.&nbsp;<\/span><\/li><li><strong><span style=\"color: #008080\"><a style=\"color: #008080\" href=\"http:\/\/www.diariomedico.com\/2016\/12\/19\/area-cientifica\/especialidades\/ginecologia-y-obstetricia\/un-10-de-embarazadas-presenta-riesgo-de-depresion-en-la-gestacion\">\u201cUn 10% de embarazadas presenta riesgo de depresi\u00f3n en la gestaci\u00f3n\u201d<\/a>.&nbsp;<\/span><\/strong>Diciembre de 2016, Semanario Diario M\u00e9dico<\/li><li><strong><a href=\"https:\/\/proyectomamasybebes.files.wordpress.com\/2017\/03\/peric3b3dico-de-bilbao.pdf\"><span style=\"color: #008080\">\u201cEl embarazo no es \u00fanicamente una cuesti\u00f3n f\u00edsica\u201d<\/span><\/a><\/strong>. Junio de 2016, Bilbao<\/li><\/ul>\n\n\n\n<h4 class=\"wp-block-heading\"><span style=\"color: #008080\">RADIO&nbsp;<\/span><\/h4>\n\n\n\n<ul class=\"wp-block-list\"><li><strong><span style=\"color: #008080\"><a style=\"color: #008080\" href=\"https:\/\/www.youtube.com\/watch?v=wTac-G0kOFs&amp;t=413s\">La depresi\u00f3n perinatal<\/a>.<\/span><\/strong>&nbsp;Marzo 2017, Radio UNED.<\/li><li><span style=\"color: #008080\"><strong><a style=\"color: #008080\" href=\"https:\/\/www.youtube.com\/watch?v=K3CvHmh_S-U\">Curso Mam\u00e1s y Beb\u00e9s. Prevenci\u00f3n de la depresi\u00f3n post-parto<\/a><\/strong>. <span style=\"color: #000000\">Enero 2015,&nbsp;<\/span><\/span>Radio 3.<\/li><\/ul>\n","protected":false},"excerpt":{"rendered":"<p>PRENSA La depresi\u00f3n postparto. Una enfermedad infradiagnosticada. El Pa\u00eds 18 de marzo de 2021 Las secuelas de no prevenir la depresi\u00f3n en el embarazo. El Pa\u00eds 5 noviembre 2019 La depresi\u00f3n silenciada. Junio 2017, Mujer Hoy. Una epidemia (m\u00e1s) que sufren las mujeres y no se diagnostica. Marzo de 2017, El Pa\u00eds.&nbsp; \u201cUn 10% de [&hellip;]<\/p>\n","protected":false},"author":49,"featured_media":0,"parent":0,"menu_order":0,"comment_status":"closed","ping_status":"closed","template":"","meta":{"footnotes":""},"class_list":["post-55","page","type-page","status-publish","czr-hentry"],"_links":{"self":[{"href":"https:\/\/blogs.uned.es\/mbc\/wp-json\/wp\/v2\/pages\/55","targetHints":{"allow":["GET"]}}],"collection":[{"href":"https:\/\/blogs.uned.es\/mbc\/wp-json\/wp\/v2\/pages"}],"about":[{"href":"https:\/\/blogs.uned.es\/mbc\/wp-json\/wp\/v2\/types\/page"}],"author":[{"embeddable":true,"href":"https:\/\/blogs.uned.es\/mbc\/wp-json\/wp\/v2\/users\/49"}],"replies":[{"embeddable":true,"href":"https:\/\/blogs.uned.es\/mbc\/wp-json\/wp\/v2\/comments?post=55"}],"version-history":[{"count":31,"href":"https:\/\/blogs.uned.es\/mbc\/wp-json\/wp\/v2\/pages\/55\/revisions"}],"predecessor-version":[{"id":1193,"href":"https:\/\/blogs.uned.es\/mbc\/wp-json\/wp\/v2\/pages\/55\/revisions\/1193"}],"wp:attachment":[{"href":"https:\/\/blogs.uned.es\/mbc\/wp-json\/wp\/v2\/media?parent=55"}],"curies":[{"name":"wp","href":"https:\/\/api.w.org\/{rel}","templated":true}]}}