{"id":463,"date":"2017-04-28T12:21:22","date_gmt":"2017-04-28T12:21:22","guid":{"rendered":"http:\/\/blogs.uned.es\/mbc\/?page_id=463"},"modified":"2021-04-12T12:53:22","modified_gmt":"2021-04-12T12:53:22","slug":"experiencias","status":"publish","type":"page","link":"https:\/\/blogs.uned.es\/mbc\/experiencias\/","title":{"rendered":"Experiencias"},"content":{"rendered":"\t\t<div data-elementor-type=\"wp-page\" data-elementor-id=\"463\" class=\"elementor elementor-463\">\n\t\t\t\t\t\t<section class=\"elementor-section elementor-top-section elementor-element elementor-element-5280e92 elementor-section-boxed elementor-section-height-default elementor-section-height-default\" data-id=\"5280e92\" data-element_type=\"section\" data-e-type=\"section\">\n\t\t\t\t\t\t<div class=\"elementor-container elementor-column-gap-default\">\n\t\t\t\t\t<div class=\"elementor-column elementor-col-100 elementor-top-column elementor-element elementor-element-3e6580f\" data-id=\"3e6580f\" data-element_type=\"column\" data-e-type=\"column\">\n\t\t\t<div class=\"elementor-widget-wrap elementor-element-populated\">\n\t\t\t\t\r\n\r\n\t\t<div class=\"elementor-element elementor-element-5685547 elementor-widget elementor-widget-text-editor\" data-id=\"5685547\" data-element_type=\"widget\" data-e-type=\"widget\" data-widget_type=\"text-editor.default\">\n\t\t\t\t<div class=\"elementor-widget-container\">\n\t\t\t\t\t\t\t\t\t<p><span style=\"font-weight: 700;font-size: 16.2px;letter-spacing: 2px;text-transform: uppercase\">LA OPINI\u00d3N DE LAS MAM\u00c1S SOBRE EL CURSO DE PREVENCI\u00d3N&nbsp; DEL PROYECTO MAM\u00c1S Y BEB\u00c9S:<\/span><br><\/p>\t\t\t\t\t\t\t\t<\/div>\n\t\t\t\t<\/div>\n\t\t\t\t\t<\/div>\n\t\t<\/div>\n\t\t\t\t\t<\/div>\n\t\t<\/section>\n\t\t\t\t<section class=\"elementor-section elementor-top-section elementor-element elementor-element-7d40cf0 elementor-section-boxed elementor-section-height-default elementor-section-height-default\" data-id=\"7d40cf0\" data-element_type=\"section\" data-e-type=\"section\">\n\t\t\t\t\t\t<div class=\"elementor-container elementor-column-gap-default\">\n\t\t\t\t\t<div class=\"elementor-column elementor-col-25 elementor-top-column elementor-element elementor-element-0e3994e\" data-id=\"0e3994e\" data-element_type=\"column\" data-e-type=\"column\">\n\t\t\t<div class=\"elementor-widget-wrap elementor-element-populated\">\n\t\t\t\t\t\t<div class=\"elementor-element elementor-element-bdfba54 elementor-widget elementor-widget-image\" data-id=\"bdfba54\" data-element_type=\"widget\" data-e-type=\"widget\" data-widget_type=\"image.default\">\n\t\t\t\t<div class=\"elementor-widget-container\">\n\t\t\t\t\t\t\t\t\t\t\t\t\t\t\t<img fetchpriority=\"high\" decoding=\"async\" width=\"314\" height=\"245\" src=\"https:\/\/blogs.uned.es\/mbc\/wp-content\/uploads\/sites\/31\/2017\/04\/Bocadillo-6.jpeg\" class=\"attachment-large size-large wp-image-489\" alt=\"\" srcset=\"https:\/\/blogs.uned.es\/mbc\/wp-content\/uploads\/sites\/31\/2017\/04\/Bocadillo-6.jpeg 314w, https:\/\/blogs.uned.es\/mbc\/wp-content\/uploads\/sites\/31\/2017\/04\/Bocadillo-6-300x234.jpeg 300w\" sizes=\"(max-width: 314px) 100vw, 314px\" \/>\t\t\t\t\t\t\t\t\t\t\t\t\t\t\t<\/div>\n\t\t\t\t<\/div>\n\t\t\t\t<div class=\"elementor-element elementor-element-919a8ff elementor-widget elementor-widget-image\" data-id=\"919a8ff\" data-element_type=\"widget\" data-e-type=\"widget\" data-widget_type=\"image.default\">\n\t\t\t\t<div class=\"elementor-widget-container\">\n\t\t\t\t\t\t\t\t\t\t\t\t\t\t\t<img decoding=\"async\" width=\"294\" height=\"284\" src=\"https:\/\/blogs.uned.es\/mbc\/wp-content\/uploads\/sites\/31\/2017\/04\/Bocadillo-2.jpeg\" class=\"attachment-large size-large wp-image-481\" alt=\"\" \/>\t\t\t\t\t\t\t\t\t\t\t\t\t\t\t<\/div>\n\t\t\t\t<\/div>\n\t\t\t\t\t<\/div>\n\t\t<\/div>\n\t\t\t\t<div class=\"elementor-column elementor-col-25 elementor-top-column elementor-element elementor-element-f1e9cd0\" data-id=\"f1e9cd0\" data-element_type=\"column\" data-e-type=\"column\">\n\t\t\t<div class=\"elementor-widget-wrap elementor-element-populated\">\n\t\t\t\t\t\t<div class=\"elementor-element elementor-element-3008a39 elementor-widget elementor-widget-image\" data-id=\"3008a39\" data-element_type=\"widget\" data-e-type=\"widget\" data-widget_type=\"image.default\">\n\t\t\t\t<div class=\"elementor-widget-container\">\n\t\t\t\t\t\t\t\t\t\t\t\t\t\t\t<img decoding=\"async\" width=\"286\" height=\"255\" src=\"https:\/\/blogs.uned.es\/mbc\/wp-content\/uploads\/sites\/31\/2017\/04\/Bocadillo-5.jpeg\" class=\"attachment-large size-large wp-image-487\" alt=\"\" \/>\t\t\t\t\t\t\t\t\t\t\t\t\t\t\t<\/div>\n\t\t\t\t<\/div>\n\t\t\t\t<div class=\"elementor-element elementor-element-0efc158 elementor-widget elementor-widget-image\" data-id=\"0efc158\" data-element_type=\"widget\" data-e-type=\"widget\" data-widget_type=\"image.default\">\n\t\t\t\t<div class=\"elementor-widget-container\">\n\t\t\t\t\t\t\t\t\t\t\t\t\t\t\t<img loading=\"lazy\" decoding=\"async\" width=\"560\" height=\"419\" src=\"https:\/\/blogs.uned.es\/mbc\/wp-content\/uploads\/sites\/31\/2017\/04\/mam\u00e1s-.jpeg\" class=\"attachment-large size-large wp-image-501\" alt=\"\" srcset=\"https:\/\/blogs.uned.es\/mbc\/wp-content\/uploads\/sites\/31\/2017\/04\/mam\u00e1s-.jpeg 560w, https:\/\/blogs.uned.es\/mbc\/wp-content\/uploads\/sites\/31\/2017\/04\/mam\u00e1s--300x224.jpeg 300w\" sizes=\"(max-width: 560px) 100vw, 560px\" \/>\t\t\t\t\t\t\t\t\t\t\t\t\t\t\t<\/div>\n\t\t\t\t<\/div>\n\t\t\t\t\t<\/div>\n\t\t<\/div>\n\t\t\t\t<div class=\"elementor-column elementor-col-25 elementor-top-column elementor-element elementor-element-70cb351\" data-id=\"70cb351\" data-element_type=\"column\" data-e-type=\"column\">\n\t\t\t<div class=\"elementor-widget-wrap\">\n\t\t\t\t\t\t\t<\/div>\n\t\t<\/div>\n\t\t\t\t<div class=\"elementor-column elementor-col-25 elementor-top-column elementor-element elementor-element-6f9f47d\" data-id=\"6f9f47d\" data-element_type=\"column\" data-e-type=\"column\">\n\t\t\t<div class=\"elementor-widget-wrap elementor-element-populated\">\n\t\t\t\t\t\t<div class=\"elementor-element elementor-element-c027b79 elementor-widget elementor-widget-image\" data-id=\"c027b79\" data-element_type=\"widget\" data-e-type=\"widget\" data-widget_type=\"image.default\">\n\t\t\t\t<div class=\"elementor-widget-container\">\n\t\t\t\t\t\t\t\t\t\t\t\t\t\t\t<img loading=\"lazy\" decoding=\"async\" width=\"293\" height=\"289\" src=\"https:\/\/blogs.uned.es\/mbc\/wp-content\/uploads\/sites\/31\/2017\/04\/Bocadillo-4.jpeg\" class=\"attachment-large size-large wp-image-485\" alt=\"\" \/>\t\t\t\t\t\t\t\t\t\t\t\t\t\t\t<\/div>\n\t\t\t\t<\/div>\n\t\t\t\t<div class=\"elementor-element elementor-element-a6da64e elementor-widget elementor-widget-image\" data-id=\"a6da64e\" data-element_type=\"widget\" data-e-type=\"widget\" data-widget_type=\"image.default\">\n\t\t\t\t<div class=\"elementor-widget-container\">\n\t\t\t\t\t\t\t\t\t\t\t\t\t\t\t<img loading=\"lazy\" decoding=\"async\" width=\"337\" height=\"276\" src=\"https:\/\/blogs.uned.es\/mbc\/wp-content\/uploads\/sites\/31\/2017\/04\/Bocadillo-1.jpeg\" class=\"attachment-large size-large wp-image-479\" alt=\"\" srcset=\"https:\/\/blogs.uned.es\/mbc\/wp-content\/uploads\/sites\/31\/2017\/04\/Bocadillo-1.jpeg 337w, https:\/\/blogs.uned.es\/mbc\/wp-content\/uploads\/sites\/31\/2017\/04\/Bocadillo-1-300x246.jpeg 300w\" sizes=\"(max-width: 337px) 100vw, 337px\" \/>\t\t\t\t\t\t\t\t\t\t\t\t\t\t\t<\/div>\n\t\t\t\t<\/div>\n\t\t\t\t\t<\/div>\n\t\t<\/div>\n\t\t\t\t\t<\/div>\n\t\t<\/section>\n\t\t\t\t<section class=\"elementor-section elementor-top-section elementor-element elementor-element-c8c92d2 elementor-section-boxed elementor-section-height-default elementor-section-height-default\" data-id=\"c8c92d2\" data-element_type=\"section\" data-e-type=\"section\">\n\t\t\t\t\t\t<div class=\"elementor-container elementor-column-gap-default\">\n\t\t\t\t\t<div class=\"elementor-column elementor-col-100 elementor-top-column elementor-element elementor-element-dc89efc\" data-id=\"dc89efc\" data-element_type=\"column\" data-e-type=\"column\">\n\t\t\t<div class=\"elementor-widget-wrap elementor-element-populated\">\n\t\t\t\t\t\t<div class=\"elementor-element elementor-element-18919e1 elementor-widget elementor-widget-image\" data-id=\"18919e1\" data-element_type=\"widget\" data-e-type=\"widget\" data-widget_type=\"image.default\">\n\t\t\t\t<div class=\"elementor-widget-container\">\n\t\t\t\t\t\t\t\t\t\t\t\t\t\t\t<img loading=\"lazy\" decoding=\"async\" width=\"1024\" height=\"819\" src=\"https:\/\/blogs.uned.es\/mbc\/wp-content\/uploads\/sites\/31\/2021\/04\/EXPERIENCIAS_2_editado-1.png\" class=\"attachment-large size-large wp-image-2229\" alt=\"\" \/>\t\t\t\t\t\t\t\t\t\t\t\t\t\t\t<\/div>\n\t\t\t\t<\/div>\n\t\t\t\t\t<\/div>\n\t\t<\/div>\n\t\t\t\t\t<\/div>\n\t\t<\/section>\n\t\t\t\t<\/div>\n\t\t","protected":false},"excerpt":{"rendered":"<p>LA OPINI\u00d3N DE LAS MAM\u00c1S SOBRE EL CURSO DE PREVENCI\u00d3N&nbsp; DEL PROYECTO MAM\u00c1S Y BEB\u00c9S:<\/p>\n","protected":false},"author":49,"featured_media":0,"parent":0,"menu_order":0,"comment_status":"closed","ping_status":"closed","template":"","meta":{"footnotes":""},"class_list":["post-463","page","type-page","status-publish","czr-hentry"],"_links":{"self":[{"href":"https:\/\/blogs.uned.es\/mbc\/wp-json\/wp\/v2\/pages\/463","targetHints":{"allow":["GET"]}}],"collection":[{"href":"https:\/\/blogs.uned.es\/mbc\/wp-json\/wp\/v2\/pages"}],"about":[{"href":"https:\/\/blogs.uned.es\/mbc\/wp-json\/wp\/v2\/types\/page"}],"author":[{"embeddable":true,"href":"https:\/\/blogs.uned.es\/mbc\/wp-json\/wp\/v2\/users\/49"}],"replies":[{"embeddable":true,"href":"https:\/\/blogs.uned.es\/mbc\/wp-json\/wp\/v2\/comments?post=463"}],"version-history":[{"count":15,"href":"https:\/\/blogs.uned.es\/mbc\/wp-json\/wp\/v2\/pages\/463\/revisions"}],"predecessor-version":[{"id":2235,"href":"https:\/\/blogs.uned.es\/mbc\/wp-json\/wp\/v2\/pages\/463\/revisions\/2235"}],"wp:attachment":[{"href":"https:\/\/blogs.uned.es\/mbc\/wp-json\/wp\/v2\/media?parent=463"}],"curies":[{"name":"wp","href":"https:\/\/api.w.org\/{rel}","templated":true}]}}