{"id":383,"date":"2017-04-07T10:42:33","date_gmt":"2017-04-07T10:42:33","guid":{"rendered":"http:\/\/blogs.uned.es\/mbc\/?page_id=383"},"modified":"2022-01-28T07:51:17","modified_gmt":"2022-01-28T07:51:17","slug":"congresos","status":"publish","type":"page","link":"https:\/\/blogs.uned.es\/mbc\/congresos\/","title":{"rendered":"Congresos"},"content":{"rendered":"\t\t<div data-elementor-type=\"wp-page\" data-elementor-id=\"383\" class=\"elementor elementor-383\">\n\t\t\t\t\t\t<section class=\"elementor-section elementor-top-section elementor-element elementor-element-37665453 elementor-section-boxed elementor-section-height-default elementor-section-height-default\" data-id=\"37665453\" data-element_type=\"section\" data-e-type=\"section\">\n\t\t\t\t\t\t<div class=\"elementor-container elementor-column-gap-default\">\n\t\t\t\t\t<div class=\"elementor-column elementor-col-100 elementor-top-column elementor-element elementor-element-1de12fc0\" data-id=\"1de12fc0\" data-element_type=\"column\" data-e-type=\"column\">\n\t\t\t<div class=\"elementor-widget-wrap elementor-element-populated\">\n\t\t\t\t\r\n\r\n\t\t<div class=\"elementor-element elementor-element-42ae13ad elementor-widget elementor-widget-text-editor\" data-id=\"42ae13ad\" data-element_type=\"widget\" data-e-type=\"widget\" data-widget_type=\"text-editor.default\">\n\t\t\t\t<div class=\"elementor-widget-container\">\n\t\t\t\t\t\t\t\t\t<p><img decoding=\"async\" class=\"wp-image-329 alignleft\" style=\"margin-right: 50px\" src=\"http:\/\/blogs.uned.es\/mbc\/wp-content\/uploads\/sites\/31\/2017\/04\/congresos1-300x300.jpg\" alt=\"\" width=\"113\" height=\"113\" srcset=\"https:\/\/blogs.uned.es\/mbc\/wp-content\/uploads\/sites\/31\/2017\/04\/congresos1-300x300.jpg 300w, https:\/\/blogs.uned.es\/mbc\/wp-content\/uploads\/sites\/31\/2017\/04\/congresos1-150x150.jpg 150w, https:\/\/blogs.uned.es\/mbc\/wp-content\/uploads\/sites\/31\/2017\/04\/congresos1-768x768.jpg 768w, https:\/\/blogs.uned.es\/mbc\/wp-content\/uploads\/sites\/31\/2017\/04\/congresos1.jpg 1000w\" sizes=\"(max-width: 113px) 100vw, 113px\" \/><\/p><div class=\"distanciaparrafos\"><p class=\"x_MsoNormal\">Rodriguez-Mu\u00f1oz, M.F., Jornadas Internacionales Conecta Perinatal.<em><strong> Protocolo de cribado e intervenci\u00f3n de la depresi\u00f3n perinatal<\/strong><\/em> (CID-P). (2021).<\/p><p class=\"x_MsoNormal\"><span lang=\"EN-US\">Simposio Invitado en el\u00a0<i>7th International Congress of Clinical and Health Psychology in Children and Adolescents<\/i>.\u00a0<\/span><em><strong>\u00bfQu\u00e9 pueda aportar la psicolog\u00eda perinatal a la infancia?<\/strong> <\/em>(2021)<\/p><p class=\"x_MsoNormal\">Rodriguez-Mu\u00f1oz, M.F., Sue\u00f1o en beb\u00e9s.\u00a0\u00a0<i><span lang=\"EN-US\">7th International Congress of Clinical and Health Psychology in Children and Adolescents<\/span><\/i><span lang=\"EN-US\">.\u00a0<\/span><em><strong>\u00bfQu\u00e9 pueda aportar la psicolog\u00eda perinatal a la infancia?<\/strong><\/em> (2021)<\/p><p class=\"x_MsoNormal\"><span lang=\"EN-US\">Branquinho, M., Rodriguez-Mu\u00f1oz, M.F., Maia, B., Marques, M., Matos, M.,\u00a0 Osma, J., Moreno-Peral, P., Conejo-Cer\u00f3n, S., Fonseca, A. Y\u00a0 Vousoura, E. <em><strong>Effectiveness of psychological interventions in the treatment of perinatal depression: A systematic review of systematic reviews and meta-analyses.<\/strong><\/em><\/span><span lang=\"EN-US\">\u00a0<\/span><span lang=\"EN-US\">41st SRIP (Society for Reproductive Psychology). Annual Virtual Conference (2021).<\/span><\/p><p class=\"x_MsoNormal\">Conejo-Cer\u00f3n, S., Huynh-Nhu, L., Oztekin, D,.\u00a0<span lang=\"EN-US\">Bena, R., Mateus, V., Kassianos, A.,\u00a0 Moreno-Peral, P., Rodriguez-Mu\u00f1oz, M.F, Barata, C. y Motrico, E. <em><strong>Effectiveness of interventions for the prevention of perinatal depression: A systematic review of systematic reviews and meta-analyses.<\/strong><\/em><\/span><em><strong><span lang=\"EN-US\">\u00a0<\/span><span lang=\"EN-US\">A systematic review of systematic reviews and meta-analyses.<\/span><\/strong><\/em><span lang=\"EN-US\">\u00a0<\/span><span lang=\"EN-US\">41st SRIP (Society for Reproductive Psychology). Annual Virtual Conference (2021).<\/span><\/p><p class=\"x_MsoNormal\">Rodriguez-Mu\u00f1oz, M.F.(2021). Depresi\u00f3n en el Per\u00edodo Perinatal.\u00a0<span lang=\"EN-US\">Conferencia invitada en el Worshop <em><strong>\u201cImpact of Prenatal Stress on Maternal Health and Infant Neurodevelopment\u00bb.<\/strong><\/em>\u00a0SRIP. Society for Reproductive Psychology. Granada<\/span><\/p><p class=\"x_MsoNormal\">Rodriguez-Mu\u00f1oz, M.F.(2021). Coordinadora del Simposio Invitado: <em><strong>\u00bfQu\u00e9 puede aportar la psicolog\u00eda al per\u00edodo perinatal?.<\/strong> <\/em>V Congreso Nacional de Psicolog\u00eda e International Symposio on Public Health Psychology. On line<\/p><p class=\"x_MsoNormal\">Rodriguez-Mu\u00f1oz, M.F.(2021). <em><strong>Protocolo de promoci\u00f3n de la Salud Mental en el Per\u00edodo Perinatal: prevenci\u00f3n de la depresi\u00f3n postparto.<\/strong><\/em> V Congreso Nacional de Psicolog\u00eda e International Symposio on Public Health Psychology. On line<\/p><p class=\"x_MsoNormal\">Rodriguez-Mu\u00f1oz, M.F.(2021). <em><strong>Ansiedad Prenatal: Evaluaci\u00f3n y Resultados Epidemiol\u00f3gicos.<\/strong> <\/em>V Congreso Nacional de Psicolog\u00eda e International Symposio on Public Health Psychology. On line<\/p><p class=\"x_MsoNormal\">Al-Halabi, S., Rodriguez-Mu\u00f1oz, M.F. y Lopez-Navarro, E. (2021).\u00a0<span lang=\"EN-US\"><em><strong>Antenatal depression in primiparous and multiparous women.<\/strong><\/em> 20th WPA WORLD CONGRESS OF PSYCHIATRY.\u00a0<\/span>Bangkok (Thailand).<\/p><p class=\"x_MsoNormal\">Rodr\u00edguez-Mu\u00f1oz, M.F., (2021). <em><strong>Perinatal Depression<\/strong>.<\/em>\u00a0<i><span lang=\"EN-US\">Workshop- Society for Reproductive Psychology, Londres\u00a0<\/span><\/i><span lang=\"EN-US\">(Reino Unido).<\/span><\/p><p class=\"x_MsoNormal\">Rodr\u00edguez-Mu\u00f1oz, M.F., (2020).\u00a0<em><strong> Salud mental materna: consecuencias en los beb\u00e9s.<\/strong>\u00a0<\/em><span lang=\"EN-US\">Ponencia invitada.\u00a0<i>6th International Congress of Clinical and Health Psychology in Children and Adolescents,\u00a0<\/i>Elche, (Espa\u00f1a).<\/span><\/p><p><span lang=\"es\">Rodr\u00edguez-Mu\u00f1oz, MF (2019). Coordinadora del Simposio. <em><strong>El papel del psic\u00f3logo en el per\u00edodo perinatal. Avances y Retos<\/strong><\/em>. Simposio.\u00a0 IV Congreso Nacional de Psicolog\u00eda e International Symposium on Psychological Intervention.\u00a0<\/span>Alava (Espa\u00f1a)<\/p><p><span lang=\"es\">Mar\u00eda de la F\u00e9 Rodr\u00edguez Mu\u00f1oz, Pilar Carolina Castelao Legazpi, Cristina Soto Balbuena, Mar\u00eda Eugenia Olivares Crespo, Nuria Izquierdo M\u00e9ndez, Ver\u00f3nica \u00c1lvarez de la Mata, Beatriz Fern\u00e1ndez Hortal, Cristina Cordero, Magdalena Laruelo, Adela Mart\u00edn Gonz\u00e1lez, Carmen Fern\u00e1ndez Blanco, Ana Isabel Escudero Gomis, Mar\u00eda del Carmen Picos y Mar\u00eda Isabel Rodr\u00edguez (2019). <em><strong>Evaluaci\u00f3n de la ideaci\u00f3n suicida en mujeres embarazadas<\/strong><\/em>. IV Congreso Nacional de Psicolog\u00eda e International Symposium on Psychological Intervention.\u00a0<\/span>Alava (Espa\u00f1a).<\/p><p><span lang=\"es\">Marta Fern\u00e1ndez, Paula Domingo, Mar\u00eda Dolores Amezcua, Mar\u00eda de la Fe Rodr\u00edguez-Mu\u00f1oz, Cristina Soto, Mar\u00eda Eugenia Olivares, Nuria Izquierdo, Susana Al-Halab\u00ed. <em><strong>Factores de riesgo en el desarrollo de depresi\u00f3n postparto en mujeres espa\u00f1olas e inmigrantes<\/strong><\/em>. IV Congreso Nacional de Psicolog\u00eda e International Symposium on Psychological Intervention. Alava (Espa\u00f1a)<\/span><\/p><p><span lang=\"es\">Rodr\u00edguez-Mu\u00f1oz, MF, M\u00e1rcos-N\u00e1jera, R., Lara- Cant\u00fa, A., Navarrete, L. , Le, N.(2018).\u00a0<\/span><strong><em>Prevalence and Risk Factors for Prenatal Depression un Spain and Mexico. A prevention point of view<\/em><\/strong>. Global Consortium for the Prevention of Depression. Mallorca (Espa\u00f1a).<\/p><p>Soto Balbuena, C.; Rodr\u00edguez-Mu\u00f1oz, MF.,\u00a0 Castelao Legazpi, P., Izquierdo N. Izquierdo N., Olivares\u00a0 ME.,\u00a0\u00a0 \u00c1lvarez de la Mata,V., Fdez-Hortal, B., Escudero Gomis, A., Fdez-Blanco, c.,\u00a0 Mart\u00edn, A., y Nuynh-Nhu L. (2017). <em><strong>PHQ2 como primer instrumento de cribado<\/strong>.<\/em> I Congreso Internacional de Psicolog\u00eda Salud y Educaci\u00f3n. Oviedo (Espa\u00f1a).<\/p><p>Soto Balbuena, C.; Ruiz Segovia, N., Rodr\u00edguez-Mu\u00f1oz, MF.,\u00a0 Izquierdo N. Izquierdo N., Olivares\u00a0 ME.,\u00a0\u00a0 \u00c1lvarez de la Mata,V., Fdez-Hortal, B., Escudero Gomis, A., Fdez-Blanco, c.,\u00a0 Mart\u00edn, A., y Nuynh-Nhu L. (2017). <em><strong>Cribado de la ansiedad y depresi\u00f3n perinatal: An\u00e1lisis de la fiabilidad y validez del PHQ4<\/strong><\/em>. I Congreso Internacional de Psicolog\u00eda Salud y Educaci\u00f3n. Oviedo (Espa\u00f1a).<\/p><p>Le, N., Marcos, R., Rodr\u00edguez-Mu\u00f1oz, MF., Lara, A., Navarrete, L..\u00a0<span lang=\"EN-US\">(2017). <em><strong>A CROSS-CULTURAL ANALYSIS OF THE PREVALENCE AND RISK FACTORS FOR PRENATAL DEPRESSION IN MEXICO AND SPAIN<\/strong>\u00ab<\/em> for the 3rd Biennial Perinatal Mental Health Conference on November 7-10, 2017 in Chicago.<\/span><\/p><p>Izquierdo Mendez N., Rodriguez Mu\u00f1oz M., Olivares Crespo M., Vargas De La Cruz I. , Herraiz Martinez M., Le H. <em><strong>INTERVENCI\u00d3N PREVENTIVA DE LA DEPRESION PERINATAL: ESTUDIO PILOTO EN MADRID<\/strong><\/em>. 34\u00aa Edici\u00f3n Nacional Formaci\u00f3n S.E.G.O. 2017<\/p><p>Izquierdo N. Izquierdo N., Olivares\u00a0 ME.,\u00a0 Rodr\u00edguez-Mu\u00f1oz, MF., Soto C.,\u00a0 Castelao, P.C. (2017). <em><strong>Cribado de la depresi\u00f3n perinatal, \u00bfes posible?. 34 Congreso de la Sociedad Espa\u00f1ola de Ginecolog\u00eda y Obstetricia<\/strong><\/em>. <strong><span style=\"color: #008080\">Comunicaci\u00f3n galardonada<\/span><\/strong> TRABAJO GALARDONADO EN LA 34 EDICI\u00d3N NACIONAL FORMACI\u00d3N SEGO Oviedo<\/p><p>Rodr\u00edguez-Mu\u00f1oz, M.F., Le, H.N., Marcos, R., Olivares, M.E. e Izquierdo, N. (2016). <em><strong>Evaluaci\u00f3n de la depresi\u00f3n perinatal. Proyecto Mam\u00e1s y Beb\u00e9s Hospital Cl\u00ednico San Carlos<\/strong><\/em>. IX Congreso Internacional y XIV Nacional de Psicolog\u00eda Cl\u00ednica. Santander (Internacional)<\/p><p>Soto, C., Vargas I., Escudero, A. , Rodr\u00edguez-Mu\u00f1oz, M.F., \u00c1lvarez, E., \u00c1lvarez de la Mata,V., Fdez-Hortal, B., Cordero, C., Laruelo M., Olivares, M.E., Izquierdo, N., Mart\u00edn, A., Fdez-Blanco, c., Moreno, F., V\u00e1zquez, M., Vaquerizo, O. Y., Le, H.N. (2016).<em><strong>\u00bfEs posible el uso de la escala PDSS en su forma reducida PDSS-SF para la detecci\u00f3n de la depresi\u00f3n antenatal?<\/strong><\/em> IX Congreso Internacional y XIV Nacional de Psicolog\u00eda Cl\u00ednica. Santander (Internacional)<\/p><p>Soto, C., Escudero, A., Rodr\u00edguez-Mu\u00f1oz, M.F., \u00c1lvarez de la Mata,V., \u00c1lvarez, E., Fdez-Hortal, B., Laruelo M., Cordero, C., Cordero, C., Fdez-Blanco, c., Moreno, F., V\u00e1zquez, M., Vaquerizo, O. Y., Le, H.N. (2016). <em><strong>Factores de riesgo asociados a la depresi\u00f3n perinatal.<\/strong><\/em> IX Congreso Internacional y XIV Nacional de Psicolog\u00eda Cl\u00ednica. Santander (Internacional)<\/p><p>Izquierdo M\u00e9ndez N., Olivares Crespo M., Rodriguez Mu\u00f1oz M. e Vargas De La Cruz I. (2016). <em><strong>Intervenci\u00f3n preventiva de la depresi\u00f3n perinatal. Estudio piloto programa mamas y bebes en Madrid<\/strong><\/em>. 25 Congreso de la Secci\u00f3n de Medicina Perinatal<\/p><p>Soto, C., \u00c1lvarez de la Mata, V., Fern\u00e1ndez Hortal, B., Moreno Calvo, F., V\u00e1zquez Fern\u00e1ndez, M., Mart\u00edn Gonz\u00e1lez, A., Escudero Gomis, A. Barrientos F.J. (2016). <em><strong>Prevenci\u00f3n de la depresi\u00f3n y la ansiedad perinatal. Proyecto Mam\u00e1s y Beb\u00e9s Hospital Central Universitario de Asturias<\/strong>.<\/em> IX Congreso Internacional y XIV Nacional de Psicolog\u00eda Cl\u00ednica. Santander (Internacional)<\/p><p>Le, H.N., Rodr\u00edguez-Mu\u00f1oz, M.F., Olivares, M.E., Soto, C. (2016). <em><strong>Preventing perinatal depression in Spain: lessons learned from a U. S.-Spain research collaboration.<\/strong> <\/em>Latina\/0 Psychology: Advocating for social justice, liberation, &amp; equality for our familias. (Florida, USA)<\/p><p>Rodr\u00edguez Mu\u00f1oz, M.F., Le, H.N., Marcos, R., Picos, M.C., Rodr\u00edguez e Izquierdo, N. (2015). <em><strong>Feasibility of integrating screening and prevention of perinatal depression in Spain<\/strong><\/em>. Global Maternal Newborn. M\u00e9xico (Internacional)<\/p><p>Le, H.N., Rodr\u00edguez Mu\u00f1oz, M.F., Lara, M.A., Marcos, R., Genovez, M. Navarrete, L. y Olivares, M.E. (2015).<em><strong> An international study examining risk factors for prenatal depression.<\/strong><\/em> Second Biennal Perinatal Mental Health Conference. Chicago (Internacional)<\/p><p>Rodr\u00edguez Mu\u00f1oz, M.F., Vargas, I., Olivares, M.E., Picos, M.C., Rodr\u00edguez M.y Le, H.N. (2014). <em><strong>Preventing perinatal depression in Spain: A pilot study of the Mother and Babies Course in Madrid<\/strong>.<\/em> III Congreso Iberoamericano de Psicolog\u00eda de la Salud. Sevilla. Espa\u00f1a. (Internacional)<\/p><p>Alexander, L. A., Rodriguez Munoz, M. F., Perry, D. F., y Le,N. (2012). <em><strong>Evaluating the symptom structure of the BDI-II among pregnant Latinas<\/strong>.<\/em> Paper presented at the meeting of the Eastern Psychological Association, New York, N.Y. (Internacional)<\/p><\/div>\t\t\t\t\t\t\t\t<\/div>\n\t\t\t\t<\/div>\n\t\t\t\t\t<\/div>\n\t\t<\/div>\n\t\t\t\t\t<\/div>\n\t\t<\/section>\n\t\t\t\t<\/div>\n\t\t","protected":false},"excerpt":{"rendered":"<p>Rodriguez-Mu\u00f1oz, M.F., Jornadas Internacionales Conecta Perinatal. Protocolo de cribado e intervenci\u00f3n de la depresi\u00f3n perinatal (CID-P). (2021). Simposio Invitado en el\u00a07th International Congress of Clinical and Health Psychology in Children and Adolescents.\u00a0\u00bfQu\u00e9 pueda aportar la psicolog\u00eda perinatal a la infancia? (2021) Rodriguez-Mu\u00f1oz, M.F., Sue\u00f1o en beb\u00e9s.\u00a0\u00a07th International Congress of Clinical and Health Psychology in Children [&hellip;]<\/p>\n","protected":false},"author":49,"featured_media":0,"parent":0,"menu_order":0,"comment_status":"closed","ping_status":"closed","template":"","meta":{"footnotes":""},"class_list":["post-383","page","type-page","status-publish","czr-hentry"],"_links":{"self":[{"href":"https:\/\/blogs.uned.es\/mbc\/wp-json\/wp\/v2\/pages\/383","targetHints":{"allow":["GET"]}}],"collection":[{"href":"https:\/\/blogs.uned.es\/mbc\/wp-json\/wp\/v2\/pages"}],"about":[{"href":"https:\/\/blogs.uned.es\/mbc\/wp-json\/wp\/v2\/types\/page"}],"author":[{"embeddable":true,"href":"https:\/\/blogs.uned.es\/mbc\/wp-json\/wp\/v2\/users\/49"}],"replies":[{"embeddable":true,"href":"https:\/\/blogs.uned.es\/mbc\/wp-json\/wp\/v2\/comments?post=383"}],"version-history":[{"count":31,"href":"https:\/\/blogs.uned.es\/mbc\/wp-json\/wp\/v2\/pages\/383\/revisions"}],"predecessor-version":[{"id":3335,"href":"https:\/\/blogs.uned.es\/mbc\/wp-json\/wp\/v2\/pages\/383\/revisions\/3335"}],"wp:attachment":[{"href":"https:\/\/blogs.uned.es\/mbc\/wp-json\/wp\/v2\/media?parent=383"}],"curies":[{"name":"wp","href":"https:\/\/api.w.org\/{rel}","templated":true}]}}