{"id":3423,"date":"2022-09-29T08:17:30","date_gmt":"2022-09-29T08:17:30","guid":{"rendered":"https:\/\/blogs.uned.es\/mbc\/?page_id=3423"},"modified":"2022-09-29T08:17:30","modified_gmt":"2022-09-29T08:17:30","slug":"curso-de-salud-mental-perinatal-para-matronas-obstetras-enfermeros-y-medicos-de-atencion-primaria","status":"publish","type":"page","link":"https:\/\/blogs.uned.es\/mbc\/curso-de-salud-mental-perinatal-para-matronas-obstetras-enfermeros-y-medicos-de-atencion-primaria\/","title":{"rendered":"Curso de Salud mental perinatal para matronas, obstetras, enfermeros y m\u00e9dicos de atenci\u00f3n primaria"},"content":{"rendered":"<h3>1. Presentaci\u00f3n y objetivos<\/h3>\n<p>Este curso est\u00e1 pensado para todos aquellos profesionales (matronas, m\u00e9dicos de atenci\u00f3n primaria, personal de enfermer\u00eda y obstetras) que intervienen en el embarazo, parto y postparto y que quieren ampliar sus conocimientos sobre salud mental en este per\u00edodo.<\/p>\n<p>Los objetivos de este curso son:<\/p>\n<p style=\"padding-left: 40px\">1. Conocer las principales manifestaciones cl\u00ednicas de los trastornos mentales de las mujeres en el per\u00edodo perinatal.<\/p>\n<p style=\"padding-left: 40px\">2. Promocionar la salud mental materna como un elemento m\u00e1s dentro de embarazo que debe ser evaluado y derivada, en caso necesario, al especialista de \u00e1rea correspondiente en el SNS.<\/p>\n<h3>2. Contenido<\/h3>\n<p style=\"padding-left: 40px\">1. Depresi\u00f3n perinatal.<\/p>\n<p style=\"padding-left: 40px\">2. Ansiedad, estr\u00e9s y fobias durante el embarazo y postparto.<\/p>\n<p style=\"padding-left: 40px\">3. Trastornos de alimentaci\u00f3n en el per\u00edodo perinatal.<\/p>\n<p style=\"padding-left: 40px\">4. Estr\u00e9s y problemas emocionales asociados a infertilidad y t\u00e9cnicas de reproducci\u00f3n asistida.<\/p>\n<p style=\"padding-left: 40px\">5. Trastorno mental grave perinatal.<\/p>\n<p style=\"padding-left: 40px\">6. P\u00e9rdidas en el per\u00edodo perinatal.<\/p>\n<p style=\"padding-left: 40px\">7. Suicidio durante el embarazo y el posparto. Infanticidio.<\/p>\n<p style=\"padding-left: 40px\">8. Comunicaci\u00f3n de malas noticias.<\/p>\n<p style=\"padding-left: 40px\">9. Vinculaci\u00f3n.<\/p>\n<p style=\"padding-left: 40px\">10. Manejo del dolor en el parto desde una perspectiva psicol\u00f3gica.<\/p>\n<p style=\"padding-left: 40px\">11. Muerte materna.<\/p>\n<p style=\"padding-left: 40px\">12. Tabaquismo.<\/p>\n<p style=\"padding-left: 40px\">13. Lactancia y apego.<\/p>\n<p style=\"padding-left: 40px\">14. Embarazo en adolescentes.<\/p>\n<p style=\"padding-left: 40px\">15. Manejo de los aspectos psicol\u00f3gicos del postparto inmediato.<\/p>\n<p style=\"padding-left: 40px\">16. Pacientes de alto riesgo. Hospitalizaci\u00f3n y su impacto psicol\u00f3gico.<\/p>\n<p>&nbsp;<\/p>\n<h4>Mas informaci\u00f3n e inscripci\u00f3n en el siguiente <span style=\"color: #0000ff\"><a style=\"color: #0000ff\" href=\"https:\/\/formacionpermanente.uned.es\/tp_actividad\/actividad\/salud-mental-perinatal-en-contextos-de-salud\">ENLACE<\/a><\/span><\/h4>\n","protected":false},"excerpt":{"rendered":"<p>1. Presentaci\u00f3n y objetivos Este curso est\u00e1 pensado para todos aquellos profesionales (matronas, m\u00e9dicos de atenci\u00f3n primaria, personal de enfermer\u00eda y obstetras) que intervienen en el embarazo, parto y postparto y que quieren ampliar sus conocimientos sobre salud mental en este per\u00edodo. Los objetivos de este curso son: 1. Conocer las principales manifestaciones cl\u00ednicas de [&hellip;]<\/p>\n","protected":false},"author":197,"featured_media":0,"parent":0,"menu_order":0,"comment_status":"closed","ping_status":"closed","template":"","meta":{"footnotes":""},"class_list":["post-3423","page","type-page","status-publish","czr-hentry"],"_links":{"self":[{"href":"https:\/\/blogs.uned.es\/mbc\/wp-json\/wp\/v2\/pages\/3423","targetHints":{"allow":["GET"]}}],"collection":[{"href":"https:\/\/blogs.uned.es\/mbc\/wp-json\/wp\/v2\/pages"}],"about":[{"href":"https:\/\/blogs.uned.es\/mbc\/wp-json\/wp\/v2\/types\/page"}],"author":[{"embeddable":true,"href":"https:\/\/blogs.uned.es\/mbc\/wp-json\/wp\/v2\/users\/197"}],"replies":[{"embeddable":true,"href":"https:\/\/blogs.uned.es\/mbc\/wp-json\/wp\/v2\/comments?post=3423"}],"version-history":[{"count":1,"href":"https:\/\/blogs.uned.es\/mbc\/wp-json\/wp\/v2\/pages\/3423\/revisions"}],"predecessor-version":[{"id":3427,"href":"https:\/\/blogs.uned.es\/mbc\/wp-json\/wp\/v2\/pages\/3423\/revisions\/3427"}],"wp:attachment":[{"href":"https:\/\/blogs.uned.es\/mbc\/wp-json\/wp\/v2\/media?parent=3423"}],"curies":[{"name":"wp","href":"https:\/\/api.w.org\/{rel}","templated":true}]}}