{"id":31,"date":"2016-09-12T16:58:38","date_gmt":"2016-09-12T16:58:38","guid":{"rendered":"http:\/\/blogs.uned.es\/mbc\/?page_id=31"},"modified":"2026-03-24T10:45:58","modified_gmt":"2026-03-24T10:45:58","slug":"publicaciones","status":"publish","type":"page","link":"https:\/\/blogs.uned.es\/mbc\/publicaciones\/","title":{"rendered":"Art\u00edculos"},"content":{"rendered":"<a href=\"\">2024<\/a>\n\t\t\t\t\t<p>Rodr\u00edguez-Mu\u00f1oz, M. F., Mart\u00edn-Mart\u00edn, C., Kovacheva, K., Olivares, M. E., Izquierdo, N., P\u00e9rez-Romero, P., &amp; Garc\u00eda-R\u00edos, E. (2024).\u00a0<em><strong>Hygiene-based measures for the prevention of cytomegalovirus infection in pregnant women: a systematic review.\u00a0<\/strong><\/em><i>BMC pregnancy and childbirth<\/i>,\u00a0<i>24<\/i>(1), 172.\u00a0<a href=\"https:\/\/doi.org\/10.1186\/s12884-024-06367-5\" target=\"_blank\" rel=\"noopener noreferrer\" data-auth=\"NotApplicable\" data-linkindex=\"0\">https:\/\/doi.org\/10.1186\/s12884-024-06367-5<\/a><\/p>\n<p>Rodr\u00edguez-Mu\u00f1oz, M. F., Marcos-N\u00e1jera, R., Amezcua, M. D., Soto-Balbuena, C., Le, H. N., &amp; Al-Halab\u00ed, S. (2024).\u00a0<em><strong>\u00abSocial support and stressful life events: risk factors for antenatal depression in nulliparous and multiparous women\u00bb.\u00a0<\/strong><\/em><i>Women &amp; health<\/i>, 1\u20138.\u00a0<a href=\"https:\/\/doi.org\/10.1080\/03630242.2024.2308528\" target=\"_blank\" rel=\"noopener noreferrer\" data-auth=\"NotApplicable\" data-linkindex=\"1\">https:\/\/doi.org\/10.1080\/03630242.2024.2308528<\/a><\/p>\n<p>Chrzan-D\u0119tko\u015b, M., Murawska, N., \u0141ockiewicz, M., &amp; Rodriguez-Mu\u00f1oz, M. F. (2024). <em><strong>Self-harm thoughts among postpartum women &#8211; associated factors.\u00a0<\/strong><\/em><i>Journal of reproductive and infant psychology<\/i>, 1\u201314.\u00a0<a href=\"https:\/\/doi.org\/10.1080\/02646838.2024.2313487\" target=\"_blank\" rel=\"noopener noreferrer\" data-auth=\"NotApplicable\" data-linkindex=\"2\">https:\/\/doi.org\/10.1080\/02646838.2024.2313487<\/a><\/p>\n<p>Rado\u0161, S. N., Akik, B. K., \u017duti\u0107, M., Rodriguez-Mu\u00f1oz, M. F., Uriko, K., Motrico, E., Moreno-Peral, P., Apter, G., &amp; den Berg, M. L. (2024).\u00a0<em><strong>Diagnosis of peripartum depression disorder: A state-of-the-art approach from the COST Action Riseup-PPD.\u00a0<\/strong><\/em><i>Comprehensive psychiatry<\/i>,\u00a0<i>130<\/i>, 152456.\u00a0<a href=\"https:\/\/doi.org\/10.1016\/j.comppsych.2024.152456\" target=\"_blank\" rel=\"noopener noreferrer\" data-auth=\"NotApplicable\" data-linkindex=\"3\">https:\/\/doi.org\/10.1016\/j.comppsych.2024.152456<\/a><\/p>\n\t\t\t\t\t\t\t\t\t\t\t\t<a href=\"\">2023<\/a>\n\t\t\t\t\t<p>Kovacheva, K., Rodr\u00edguez-Mu\u00f1oz, M. F., G\u00f3mez-Baya, D., Dom\u00ednguez-Salas, S., &amp; Motrico, E. (2023).\u00a0<em><strong>The socio-demographic profile associated with perinatal depression during the COVID-19 era.<\/strong><\/em>\u00a0<i>BMC public health<\/i>,\u00a0<i>23<\/i>(1), 786.\u00a0<a href=\"https:\/\/doi.org\/10.1186\/s12889-023-15665-0\" target=\"_blank\" rel=\"noopener noreferrer\" data-auth=\"NotApplicable\" data-linkindex=\"0\">https:\/\/doi.org\/10.1186\/s12889-023-15665-0<\/a><\/p>\n<p>Rodr\u00edguez-Mu\u00f1oz, M. F., Chrzan-D\u0119tko\u015b, M., Uka, A., Garc\u00eda-L\u00f3pez, H. S., Krupelnytska, L., Morozova-Larina, O., Vavilova, A., Molotokas, A., Murawska, N., &amp; Le, H. N. (2023).\u00a0<em><strong>The impact of the war in Ukraine on the perinatal period: Perinatal mental health for refugee women (pmh-rw) protocol.<\/strong><\/em>\u00a0<i>Frontiers in psychology<\/i>,\u00a0<i>14<\/i>, 1152478.\u00a0<a href=\"https:\/\/doi.org\/10.3389\/fpsyg.2023.1152478\" target=\"_blank\" rel=\"noopener noreferrer\" data-auth=\"NotApplicable\" data-linkindex=\"1\">https:\/\/doi.org\/10.3389\/fpsyg.2023.1152478<\/a><\/p>\n<p>Motrico, E., Bina, R., Kassianos, A. P., Le, H. N., Mateus, V., Oztekin, D., Rodriguez-Mu\u00f1oz, M. F., Moreno-Peral, P., &amp; Conejo-Cer\u00f3n, S. (2023).\u00a0<em><strong>Effectiveness of interventions to prevent perinatal depression: An umbrella review of systematic reviews and meta-analysis.<\/strong><\/em>\u00a0<i>General Hospital Psychiatry<\/i>, \u00a0<i>82<\/i>, 47\u201361.\u00a0<a href=\"https:\/\/doi.org\/10.1016\/j.genhosppsych.2023.03.007\" target=\"_blank\" rel=\"noopener noreferrer\" data-auth=\"NotApplicable\" data-linkindex=\"2\">https:\/\/doi.org\/10.1016\/j.genhosppsych.2023.03.007<\/a><u><\/u><\/p>\n<p>Rodriguez-Mu\u00f1oz, M. F., Rado\u0161, S. N., Uka, A., Marques, M., Maia, B. R., Matos, M., Branquinho, M., Ayd\u0131n, R., Mahmoodi, V., Chrzan-D\u0119tko\u015b, M., Walczak-Koz\u0142owska, T., &amp; Liakea, I. (2023).\u00a0<em><strong>Effectiveness of the third wave cognitive behavior therapy for peripartum depression treatment-A systematic review.<\/strong><\/em>\u00a0<i>Midwifery<\/i>,\u00a0<i>127<\/i>, 103865.\u00a0<a href=\"https:\/\/doi.org\/10.1016\/j.midw.2023.103865\" target=\"_blank\" rel=\"noopener noreferrer\" data-auth=\"NotApplicable\" data-linkindex=\"4\">https:\/\/doi.org\/10.1016\/j.midw.2023.103865<\/a><\/p>\n<p>Rodriguez-Mu\u00f1oz, M. F., Kovacheva, K., Garc\u00eda-L\u00f3pez, H. S., Le, H. N., Ruiz, N., Olivares, M. E., Izquierdo Mendez, N., &amp; Coronado, P. (2023).\u00a0<strong><em>The healthy moms and babies app to prevent postpartum depression: analysis of user-profiles and dropout cases.<\/em>\u00a0<\/strong><i>Frontiers in public health<\/i>,\u00a0<i>11<\/i>, 1186963.\u00a0<a href=\"https:\/\/doi.org\/10.3389\/fpubh.2023.1186963\" target=\"_blank\" rel=\"noopener noreferrer\" data-auth=\"NotApplicable\" data-linkindex=\"5\">https:\/\/doi.org\/10.3389\/fpubh.2023.1186963<\/a>.<\/p>\n<p>Rodr\u00edguez-Mu\u00f1oz, M. F., Motrico, E., Miguez, M. C., Chaves, C., Suso-Ribera, C., Duque, A., Garc\u00eda Salinas, M., Caparr\u00f3s-Gonz\u00e1lez, R. A., Martin-Agudiez, N., Kovacheva, K., Garc\u00eda-L\u00f3pez, H., Vazquez-Bat\u00e1n, P., Pe\u00f1acoba, C., &amp; Osma, J. (2023).\u00a0<em><strong>Perinatal depression in the spanish context: Consensus report from the general council of psychology of Spain.<\/strong><\/em>\u00a0<i>Cl\u00ednica y Salud, 34<\/i>(2), 51-63.\u00a0<a href=\"https:\/\/doi.org\/10.5093\/clysa2023a15\" target=\"_blank\" rel=\"noopener noreferrer\" data-auth=\"NotApplicable\" data-linkindex=\"6\">https:\/\/doi.org\/10.5093\/clysa2023a15<\/a>.<\/p>\n<p>Kovacheva, K., Rodr\u00edguez-Mu\u00f1oz, M F. , G\u00f3mez-Baya, D., Dom\u00ednguez-Salas, S., &amp; Motrico, E. (2023). <em><strong>Relationship between social support and perinatal depression during the COVID-19 pandemic.<\/strong><\/em>\u00a0<i>Journal of reproductive and infant psychology, 1\u2013<\/i>14.\u00a0<a href=\"https:\/\/doi.org\/10.1080\/02646838.2023.2230585\" target=\"_blank\" rel=\"noopener noreferrer\" data-auth=\"NotApplicable\" data-linkindex=\"7\">https:\/\/doi.org\/10.1080\/02646838.2023.2230585<\/a>.<\/p>\n<p>\u00a0<\/p>\n\t\t\t\t\t\t\t\t\t\t\t\t<a href=\"\">2022<\/a>\n\t\t\t\t\t<p>Kocacheva, K.\u00a0Rodriguez-Mu\u00f1oz, M. F. (2022). <strong>El tratamiento psicol\u00f3gico del insomnio durante la infancia: Una revisi\u00f3n paraguas.<\/strong> Revista de Psicolog\u00eda Cl\u00ednica con Ni\u00f1os y Adolescentes, 10 (1), 42-52\u00a0<a href=\"https:\/\/doi: 10.21134\/rpcna.2023.10.1.4\" data-wplink-url-error=\"true\">https:\/\/doi: 10.21134\/rpcna.2023.10.1.4<\/a><\/p>\n<p>Asare, S. F., &amp; Rodriguez-Mu\u00f1oz, M. F. (2022).\u00a0<strong>Understanding Healthcare Professionals&#8217; Knowledge on Perinatal Depression among Women in a Tertiary Hospital in Ghana: A Qualitative Study.<\/strong>\u00a0<i>International journal of environmental research and public health<\/i>,\u00a0<i>19<\/i>(23), 15960. <a href=\"https:\/\/doi.org\/10.3390\/ijerph192315960\">https:\/\/doi.org\/10.3390\/ijerph192315960<\/a><\/p>\n<p>Chrzan-D\u0119tko\u015b, M., Rodr\u00edguez-Mu\u00f1oz, M. F., Krupelnytska, L., Morozova-Larina, O., Vavilova, A., L\u00f3pez, H. G., Murawaska, N., and Rado\u0161, S. N. (2022).<strong> Good Practices in Perinatal Mental Health for Women during Wars and Migrations: A Narrative Synthesis from the COST Action Riseup-PPD in the Context of the War in Ukraine<\/strong>.<i>Cl\u00ednica y Salud, 33<\/i>(3), 127 &#8211; 135.\u00a0<a href=\"https:\/\/doi.org\/10.5093\/clysa2022a14\" target=\"_blank\" rel=\"noopener noreferrer\" data-auth=\"NotApplicable\" data-safelink=\"true\" data-linkindex=\"2\">https:\/\/doi.org\/10.5093\/clysa2022a14<\/a><\/p>\n<p>Mart\u00ednez Herreros, M. C., Rodr\u00edguez Mu\u00f1oz, M. F., Izquierdo M\u00e9ndez, N., &amp; Olivares Crespo, M. E. (2022). <strong>Psychological, Psychosocial and Obstetric Differences between Spanish and Immigrant Mothers: Retrospective Observational Study.<\/strong> International journal of environmental research and public health, 19(18), 11782. <a href=\"https:\/\/doi.org\/10.3390\/ijerph191811782\">https:\/\/doi.org\/10.3390\/ijerph191811782<\/a><\/p>\n<p>Kovacheva, K., Rodr\u00edguez-Mu\u00f1oz, M. F., G\u00f3mez Baya, D., Dom\u00ednguez Salas, S., &amp; Motrico Mart\u00ednez, E. (2022). <strong>The relationship between healthcare experience and perinatal depression during COVID-19 pandemic.<\/strong> Cl\u00ednica y Salud. Ahead of print.\u00a0<a href=\"https:\/\/doi.org\/10.5093\/clysa2022a13\"> https:\/\/doi.org\/10.5093\/clysa2022a13<\/a><\/p>\n<p>Motrico, E., Moreno-Peral, P., Uriko, K., Hancheva, C., An\u0111elinovi\u0107, M., Ajaz, E., Apter, G., Bramante, A., Cer\u00f3n, S. C., Christoforou, A., Dikmen-Yildiz, P., Evagorou, O., Fonseca, A., Lupatteli, A., Rado\u0161, S. N., Al Maach, N., Rodriguez-Mu\u00f1oz, M. F., \u017duti\u0107, M., &amp; Lambregtse-van den Berg, M. P. (2022). <strong>Clinical practice guidelines with recommendations for peripartum depression: A European systematic review.<\/strong> Acta psychiatrica Scandinavica, 10.1111\/acps.13478. Advance online publication. \u00a0<a href=\"https:\/\/doi.org\/10.1111\/acps.13478\">https:\/\/doi.org\/10.1111\/acps.13478<\/a> (JIF=7.734; Q1)<\/p>\n<p>Castelao, P., Rodr\u00edguez-Mu\u00f1oz, M. F., Olivares-Crespo, M. E., &amp; Izquierdo-M\u00e9ndez, N. (2022). <strong>Review of suicidal ideation during pregnancy: risk factors, prevalence, assessment instruments and consequences.<\/strong> Psychology: Research and Review, 35(1), 13. <a href=\"https:\/\/doi.org\/10.1186\/s41155-022-00220-4\"> https:\/\/doi.org\/10.1186\/s41155-022-00220-4 \u00a0<\/a>(JIF= 1.429; Q3)<\/p>\n<p>Motrico, E., Dom\u00ednguez-Salas, S., Rodr\u00edguez-Dom\u00ednguez, C., G\u00f3mez-G\u00f3mez, I., Rodr\u00edguez-Mu\u00f1oz, M. F., &amp; G\u00f3mez-Baya, D. (2022). The Impact of the COVID-19 Pandemic on Perinatal Depression and Anxiety: A Large Cross-sectional Study in Spain. Psicothema, 34(2), 200\u2013208. <a href=\"https:\/\/doi.org\/10.7334\/psicothema2021.380\">https:\/\/doi.org\/10.7334\/psicothema2021.380<\/a><\/p>\n<p>Castelao, P., Rodriguez-Mu\u00f1oz, M.F<b>.<\/b>,\u00a0Le, H-N., Olivares, M.E., Izquierdo, N\u00a0.\u00a0 <strong>Suicidal ideation: prevalence and risk factors during pregnancy<\/strong>.\u00a0<i>Midwifery, 106<\/i>, 103226.\u00a0<a href=\"https:\/\/doi.org\/10.1016\/j.midw.2021.103226\">https:\/\/doi.org\/10.1016\/j.midw.2021.103226<\/a>\u00a0<\/p>\n\t\t\t\t\t\t\t\t\t\t\t\t<a href=\"\">2021<\/a>\n\t\t\t\t\t<p>Ruiz-Segovia, N., Rodriguez-Mu\u00f1oz, M.F., Olivares, M.E., Izquierdo, N,, Coronado, P., Le, H-N.\u00a0(2021).<strong> Healthy Moms and Babies Preventive Psychological Intervention Application: A Study Protocol<\/strong>.\u00a0<i>International Journal of Environmental Research and Public Health<\/i>, 18(23):12485.\u00a0<a href=\"https:\/\/doi.org\/10.3390\/ijerph182312485\" target=\"_blank\" rel=\"noopener noreferrer\" data-auth=\"NotApplicable\" data-linkindex=\"1\">https:\/\/doi.org\/10.3390\/ijerph182312485,<\/a>\u00a0 <a href=\"https:\/\/www.mdpi.com\/1660-4601\/18\/23\/12485\">ENLACE &gt;&gt;<\/a>\u00a0 \u00a0<\/p>\n<p>Ramiro-Cortijo, D., Soto-Balbuena, C., Rodriguez-Mu\u00f1oz, M.F., (2021).\u00a0<strong>Early Association Factors for Depression Symptoms in Pregnancy: A Comparison between Spanish Women Spontaneously Gestation and with Assisted Reproduction Techniques<\/strong><i>.\u00a0Journal of Clinical Medicine.,<\/i>10(23):5672.\u00a0<a href=\"https:\/\/doi.org\/10.3390\/jcm10235672\" target=\"_blank\" rel=\"noopener noreferrer\" data-auth=\"NotApplicable\" data-linkindex=\"4\">https:\/\/doi.org\/10.3390\/jcm10235672<\/a> ,\u00a0<a href=\"https:\/\/www.mdpi.com\/2077-0383\/10\/23\/5672\">ENLACE &gt;&gt;<\/a><\/p>\n<p>Al-Halab\u00ed, S., Garc\u00eda-Haro, J.,\u00a0<b>Rodr\u00edguez-Mu\u00f1oz, M. F<\/b>., y Fonseca-Pedrero, E., (2021).<strong>\u00a0<\/strong><i><strong>Suicidal behavior and the perinatal period: taboo and misunderstanding<\/strong>.<\/i><a href=\"http:\/\/www.papelesdelpsicologo.es\/pub\/2\/\"> Papeles del Psic\u00f3logo 42(3)<\/a>, 161-169. <a href=\"https:\/\/doi.org\/10.23923\/pap.psicol.2963\">ENLACE &gt;&gt;<\/a><\/p>\n<p>Branquinho, M., Rodriguez-Mu\u00f1oz, M. F., Maia, B. R., Marques, M., Matos, M., Osma, J., Moreno-Peral, P., Conejo-Cer\u00f3n, S., Fonseca, A., &amp; Vousoura, E. (2021).\u00a0<strong>Effectiveness of psychological interventions in the treatment of perinatal depression: A systematic review of systematic reviews and meta-analyses<\/strong>.\u00a0<i>Journal of affective disorders,\u00a0291<\/i>, 294\u2013306. <a href=\"https:\/\/doi.org\/10.1016\/j.jad.2021.05.010\">ENLACE &gt;&gt;<\/a><\/p>\n<p>Fonseca Pedrero, E., P\u00e9rez-\u00c1lvarez, M., Al-Halab\u00ed, S., Inchausti, F., Mu\u00f1iz, J., L\u00f3pez-Navarro, E., P\u00e9rez de Alb\u00e9niz, A., Lucas Molina, B., Debban\u00e9, M., Bobes-Bascar\u00e1n, M. T., Gimeno-Pe\u00f3n, A., Prado-Abril, J., Fern\u00e1ndez-\u00c1lvarez, J., Rodr\u00edguez-Testal, J. F., Gonz\u00e1lez Pando, D., D\u00edez-G\u00f3mez, A., Garc\u00eda Montes, J. M., Garc\u00eda-Cerd\u00e1n, L., Osma, J., Peris Baquero, \u00d3.,<b>\u00a0<\/b>Rodr\u00edguez-Mu\u00f1oz, M. F\u00a0\u2026\u00a0Marrero, R. J. (2021).\u00a0<b>Evidence-Based Psychological Treatments for Adults: A Selective Review.<\/b>\u00a0<i>Psicothema,\u00a033(2),<\/i> 188\u2013197. <a href=\"https:\/\/doi.org\/10.7334\/psicothema2020.426\">ENLACE &gt;&gt;<\/a><\/p>\n<p>Soto-Balbuena, C., Rodr\u00edguez-Mu\u00f1oz, M. F. y Le, H. N., (2021).<strong>\u00a0The psychometric properties and factor structure of generalized anxiety disorder- 7 among Spanish pregnant women<\/strong>.\u00a0<em>Psicothema, 33<\/em>(1), 164-170. <a href=\"https:\/\/doi: 10.7334\/psicothema2020.167\">ENLACE &gt;&gt;<\/a><\/p>\n<p>Motrico, E., Bina, R., Dom\u00ednguez-Salas, S., Mateus, V., Contreras-Garc\u00eda, Y., Carrasco-Porti\u00f1o, M., Ajaz, E., Apter, G., Christoforou, A., Dikmen-Yildiz, P., Felice, E., Hancheva, C., Vousura, E., Wilson, C., Buhagiar, R., Cardaso, C., Costa, R.,\u00a0Devouche, E., Gahno, A., G\u00f3mez-Baya, D., \u2026\u00a0Rodr\u00edguez-Mu\u00f1oz, M. F. \u2026\u00a0Mesquita, A.,\u00a0(2021). <strong>Impact of Covid-19 Pandemic on Perinatal Mental Health (Riseup-PPD-COVID-19): Protocol for an International Prospective Cohort Study<\/strong>.\u00a0<em>BMC public health<\/em>,\u00a021(1), 368<a>.\u00a0<\/a><a href=\"https:\/\/doi.org\/10.1186\/s12889-021-10330-w\" target=\"_blank\" rel=\"noreferrer noopener\">ENLACE &gt;&gt;<\/a><\/p>\n\t\t\t\t\t\t\t\t\t\t\t\t<a href=\"\">2020<\/a>\n\t\t\t\t\t<p>Rodr\u00edguez-Mu\u00f1oz, M. F. y Al-Halab\u00ed, S. (2020). <strong>A Pathway to Excellence<\/strong>.\u00a0<em>Cl\u00ednica y Salud, 31<\/em>(3), 125 &#8211; 126.\u00a0<a href=\"https:\/\/doi.org\/10.5093\/clysa2020a31\" target=\"_blank\" rel=\"noreferrer noopener\">ENLACE&gt;&gt;<\/a><\/p>\n<p><!-- \/wp:post-content --><!-- wp:paragraph --><\/p>\n<p>Fonseca, A., Ganho-\u00c1vila, A., Lambregtse-van den Berg, M., Lupatelli, A., Rodriguez-Mu\u00f1oz, M. F., Ferreira, P., Rado\u0161, S. N., y Bina, R. (2020).\u00a0<strong>Emerging issues and questions on peripartum depression prevention, diagnosis and treatment: A consensus report from the COST Action RISEUP-PPD<\/strong>.\u00a0<em>Journal of Affective Disorders, 274,<\/em>\u00a0167\u2013173.<a href=\"https:\/\/doi.org\/10.1016\/j.jad.2020.05.112\" target=\"_blank\" rel=\"noreferrer noopener\"> ENLACE&gt;&gt;<\/a><\/p>\n<p><!-- \/wp:paragraph --><!-- wp:paragraph --><\/p>\n<p>Caparr\u00f3s-Gonz\u00e1lez, R.A. y Rodr\u00edguez Mu\u00f1oz, M.F. (2020). <strong>Depresi\u00f3n posparto paterna: visibilidad e influencia en la salud infantil<\/strong>.\u00a0<em>Cl\u00ednica y Salud, 31(<\/em>3), 161-163.\u00a0<a href=\"https:\/\/doi.org\/10.5093\/clysa2020a10\" target=\"_blank\" rel=\"noreferrer noopener\">ENLACE&gt;&gt;<\/a><\/p>\n<p><!-- \/wp:paragraph --><!-- wp:paragraph --><\/p>\n<p>Marcos-N\u00e1jera, R., Rodr\u00edguez-Mu\u00f1oz, M. F., Lara, M. A., Navarrete, L., y Le, H. N. (2020).\u00a0<strong>A Cross-Cultural Analysis of the Prevalence and Risk Factors for Prenatal Depression in Spain and Mexico<\/strong>.\u00a0<em>Culture, Medicine and Psychiatry<\/em>, 10.1007\/s11013-020-09691-5. Advance online publication.<\/p>\n<p><!-- \/wp:paragraph --><!-- wp:paragraph --><\/p>\n<p>Rodr\u00edguez-Mu\u00f1oz, M. F., Ruiz-Segovia, N., Soto-Balbuena, C., Le, H. N., Olivares-Crespo, M. E., e Izquierdo-M\u00e9ndez, N. (2020).\u00a0<strong>The Psychometric Properties of the Patient Health Questionnaire-4 for Pregnant Women<\/strong>.\u00a0<em>International Journal of Environmental Research and Public Health<\/em>,\u00a0<em>17<\/em>(20), 7583.\u00a0<a href=\"https:\/\/doi.org\/10.3390\/ijerph17207583\" target=\"_blank\" rel=\"noreferrer noopener\">ENLACE&gt;&gt;<\/a><\/p>\n<p><!-- \/wp:paragraph --><!-- wp:paragraph --><\/p>\n<p>Marcos-N\u00e1jera, R., Rodr\u00edguez-Mu\u00f1oz, M. F., Soto Balbuena, C., Olivares Crespo, M. E., Izquierdo M\u00e9ndez, N., Le, H. N., y Escudero Gomis, A. (2020).\u00a0<strong>The Prevalence and Risk Factors for Antenatal Depression Among Pregnant Immigrant and Native Women in Spain<\/strong>.\u00a0<em>Journal of Transcultural Nursing, 31<\/em>(6), 564\u2013575.\u00a0<a href=\"https:\/\/doi.org\/10.1177\/1043659619891234\" target=\"_blank\" rel=\"noreferrer noopener\">ENLACE&gt;&gt;<\/a><\/p>\n<p><!-- \/wp:paragraph --><!-- wp:paragraph --><\/p>\n<p>Le, H. N., Rodr\u00edguez-Mu\u00f1oz, M. F., Soto-Balbuena, C., Olivares Crespo, M. E., Izquierdo M\u00e9ndez, N., y Marcos-N\u00e1jera, R. (2020).\u00a0<strong>Preventing perinatal depression in Spain: a pilot evaluation of\u00a0<em>Mam\u00e1s y Beb\u00e9s<\/em><\/strong>.\u00a0<em>Journal of Reproductive and Infant Psychology<\/em>,\u00a0<em>38<\/em>(5), 546\u2013559.\u00a0<a href=\"https:\/\/doi.org\/10.1080\/02646838.2019.1687859\" target=\"_blank\" rel=\"noreferrer noopener\">ENLACE&gt;&gt;<\/a><\/p>\n\t\t\t\t\t\t\t\t\t\t\t\t<a href=\"\">2018<\/a>\n\t\t\t\t\t<p>Rodr\u00edguez-Mu\u00f1oz, M.F., Izquierdo-M\u00e9ndez, N., Olivares-Crespo, M.E., Picos, M.C., Rodr\u00edguez, M.I., Herr\u00e1iz. M.A., Le, H.N. y Fonseca, J. (2018).<em><strong> \u00bfEs posible el uso de la Postpartum Depression Scale-SF en la depresi\u00f3n antenatal?<\/strong><\/em>.\u00a0Cl\u00ednica y Salud, \u00a029(3) 147-150.\u00a0<a href=\"http:\/\/journals.copmadrid.org\/clysa\/archivos\/articulo20181102114836.pdf\">ENLACE&gt;&gt;<\/a><\/p>\n<p><!-- \/wp:paragraph --><!-- wp:paragraph {\"className\":\"x_MsoListParagraph\"} --><\/p>\n<p>Marcos-N\u00e1jera, R., Le, H.N., Rodriguez Mu\u00f1oz, M.F., Olivares, M.E. y Izquierdo, N. (2018).\u00a0<em><strong>The structure of the patient health questionnaire-9 in pregnant women in Spain.\u00a0<\/strong><\/em><i><strong>Midwifery<\/strong>, 62;<\/i>\u00a036-41.\u00a0doi: 10.1016\/j.midw.2018.03.011. <a href=\"https:\/\/www.ncbi.nlm.nih.gov\/pubmed\/29653416\">ENLACE&gt;&gt;<\/a><\/p>\n<p><!-- \/wp:paragraph --><!-- wp:paragraph {\"className\":\"x_MsoListParagraph\"} --><\/p>\n<p>Soto Balbuena C, Rodriguez Mu\u00f1oz, M.F., Escudero, A., Ferrer, FJ, Grupo PMBH.\u00a0(2018). <em><strong>Incidence, prevalence and risk factors related to anxiety symptoms during pregnancy<\/strong><\/em>.\u00a0\u00a0<i>Psicothema,\u00a0<\/i><i>30 (3),<\/i>\u00a0257-263 doi: 10.7334\/psicothema2017.379. <a href=\"http:\/\/www.psicothema.com\/pdf\/4479.pdf\">ENLACE&gt;&gt;<\/a><\/p>\n\t\t\t\t\t\t\t\t\t\t\t\t<a href=\"\">2017<\/a>\n\t\t\t\t\t<p>Rodr\u00edguez-Mu\u00f1oz MF, Vallejo Slocker L, Olivares Crespo ME, Izquierdo M\u00e9ndez N, Soto C, Huynh-Nhu Le. (2017) <strong>Propiedades psicom\u00e9tricas del postpartum depression predictors inventory- revised- versi\u00f3n prenatal en una muestra espa\u00f1ola de mujeres embarazadas<\/strong>. Revista Espa\u00f1ola de Salud P\u00fablica, 91:15 de diciembre e201712047.\u00a0\u00a0<a href=\"http:\/\/www.msssi.gob.es\/biblioPublic\/publicaciones\/recursos_propios\/resp\/revista_cdrom\/VOL91\/ORIGINALES\/RS91C_201712047.pdf\">ENLACE &gt;&gt;<\/a><\/p>\n<p><!-- \/wp:paragraph --><!-- wp:paragraph --><\/p>\n<p>Marcos-N\u00e1jera, R. Rodriguez-Mu\u00f1oz, M.F., Olivares, M.E., Soto Balbuena C. (2017). <strong>Depresi\u00f3n perinatal: rentabilidad y expectativas de la intervenci\u00f3n preventiva<\/strong>. <em>Cl\u00ednica y Salud, (28), 49-52<\/em>. \u00a0<a href=\"http:\/\/clysa.elsevier.es\/es\/depresion-perinatal-rentabilidad-expectativas-intervencion\/articulo\/S113052741730018X\/#.WW2pAoTyjIU\">ENLACE&gt;&gt;<\/a><\/p>\n<p><!-- \/wp:paragraph --><!-- wp:paragraph --><\/p>\n<p>Rodriguez Mu\u00f1oz, M.F., Le, H.N. Olivares, M.E., Izquierdo, N.\u00a0 <strong>Feasibility of screening and prevalence of prenatal depression in an obstetric setting in Spain<\/strong>. (2017). <em>European Journal of Obstetrics &amp; Gynecology and Reproductive Biology 215,<\/em> 101\u2013105. \u00a0 <a href=\"http:\/\/www.ejog.org\/article\/S0301-2115(17)30283-X\/fulltext\">ENLACE &gt;&gt;<\/a><\/p>\n<p><!-- \/wp:paragraph --><!-- wp:paragraph --><\/p>\n<p>Rodr\u00edguez-Mu\u00f1oz MF, Castelao Legazpi PC, Olivares Crespo ME, Soto Balbuena C, Izquierdo M\u00e9ndez N, Ferrer Barrientos FJ, Huynh-Nhu L. (2017). <strong>PHQ-2 como primer instrumento de cribado de la depresi\u00f3n prenatal<\/strong>. <em>Revista Espa\u00f1ola de Salud Publica <\/em>;91:30. \u00a0 \u00a0<a style=\"color: #008080\" href=\"http:\/\/www.msssi.gob.es\/biblioPublic\/publicaciones\/recursos_propios\/resp\/revista_cdrom\/VOL91\/ORIGINALES\/RS91C_MFRM.pdf\" target=\"_blank\" rel=\"noopener noreferrer\">ENLACE &gt;&gt;<\/a><\/p>\n\t\t\t\t\t\t\t\t\t\t\t\t<a href=\"\">2016<\/a>\n\t\t\t\t\t<p>Rodr\u00edguez-Mu\u00f1oz, M. F., Olivares, M.E., Izquierdo, N., Soto, C. y Nuynh-Nuh, Le. (2016). <strong>Prevenci\u00f3n de la depresi\u00f3n perinatal<\/strong><em>.\u00a0<\/em><em>Cl\u00ednica y Salud, (27), 97-99<\/em>.<br \/>dos: 10.1016\/j.clysa.2016.10.001 \u00a0 <a style=\"color: #008080\" href=\"http:\/\/www.sciencedirect.com\/science\/article\/pii\/S1130527416300433\" target=\"_blank\" rel=\"noopener noreferrer\">ENLACE\u00a0<\/a><\/p>\n\t\t\t\t\t\t\t\t\t\t\t\t<a href=\"\">2013<\/a>\n\t\t\t\t\t<p>Alexander, L., Rodriguez Mu\u00f1oz, M.F., Perry, D. y Le, N. (2013). <strong>The Latent Symptom Structure of the Beck Depression Inventory: Second Edition in Latina Pregnant Women<\/strong>. <em>Maternal and Child Health Journal. 18(5),<\/em> 1132-41. doi: 10.1007\/s10995-013-1343-5\u00a0 \u00a0<a style=\"color: #008080\" href=\"http:\/\/link.springer.com\/article\/10.1007%2Fs10995-013-1343-5\" target=\"_blank\" rel=\"noopener noreferrer\">ENLACE<\/a><\/p>","protected":false},"excerpt":{"rendered":"<p>2024 Rodr\u00edguez-Mu\u00f1oz, M. F., Mart\u00edn-Mart\u00edn, C., Kovacheva, K., Olivares, M. E., Izquierdo, N., P\u00e9rez-Romero, P., &amp; Garc\u00eda-R\u00edos, E. (2024).\u00a0Hygiene-based measures for the prevention of cytomegalovirus infection in pregnant women: a systematic review.\u00a0BMC pregnancy and childbirth,\u00a024(1), 172.\u00a0https:\/\/doi.org\/10.1186\/s12884-024-06367-5 Rodr\u00edguez-Mu\u00f1oz, M. F., Marcos-N\u00e1jera, R., Amezcua, M. D., Soto-Balbuena, C., Le, H. N., &amp; Al-Halab\u00ed, S. (2024).\u00a0\u00abSocial support and [&hellip;]<\/p>\n","protected":false},"author":49,"featured_media":0,"parent":0,"menu_order":0,"comment_status":"closed","ping_status":"closed","template":"","meta":{"footnotes":""},"class_list":["post-31","page","type-page","status-publish","czr-hentry"],"_links":{"self":[{"href":"https:\/\/blogs.uned.es\/mbc\/wp-json\/wp\/v2\/pages\/31","targetHints":{"allow":["GET"]}}],"collection":[{"href":"https:\/\/blogs.uned.es\/mbc\/wp-json\/wp\/v2\/pages"}],"about":[{"href":"https:\/\/blogs.uned.es\/mbc\/wp-json\/wp\/v2\/types\/page"}],"author":[{"embeddable":true,"href":"https:\/\/blogs.uned.es\/mbc\/wp-json\/wp\/v2\/users\/49"}],"replies":[{"embeddable":true,"href":"https:\/\/blogs.uned.es\/mbc\/wp-json\/wp\/v2\/comments?post=31"}],"version-history":[{"count":162,"href":"https:\/\/blogs.uned.es\/mbc\/wp-json\/wp\/v2\/pages\/31\/revisions"}],"predecessor-version":[{"id":4039,"href":"https:\/\/blogs.uned.es\/mbc\/wp-json\/wp\/v2\/pages\/31\/revisions\/4039"}],"wp:attachment":[{"href":"https:\/\/blogs.uned.es\/mbc\/wp-json\/wp\/v2\/media?parent=31"}],"curies":[{"name":"wp","href":"https:\/\/api.w.org\/{rel}","templated":true}]}}