{"id":2795,"date":"2021-09-27T10:06:34","date_gmt":"2021-09-27T10:06:34","guid":{"rendered":"https:\/\/blogs.uned.es\/mbc\/?page_id=2795"},"modified":"2023-05-17T11:20:03","modified_gmt":"2023-05-17T11:20:03","slug":"post","status":"publish","type":"page","link":"https:\/\/blogs.uned.es\/mbc\/post\/","title":{"rendered":"POSTS"},"content":{"rendered":"\t\t<div data-elementor-type=\"wp-page\" data-elementor-id=\"2795\" class=\"elementor elementor-2795\">\n\t\t\t\t\t\t<section class=\"elementor-section elementor-top-section elementor-element elementor-element-a0f38f2 elementor-section-boxed elementor-section-height-default elementor-section-height-default\" data-id=\"a0f38f2\" data-element_type=\"section\" data-e-type=\"section\">\n\t\t\t\t\t\t<div class=\"elementor-container elementor-column-gap-default\">\n\t\t\t\t\t<div class=\"elementor-column elementor-col-50 elementor-top-column elementor-element elementor-element-82757d2\" data-id=\"82757d2\" data-element_type=\"column\" data-e-type=\"column\">\n\t\t\t<div class=\"elementor-widget-wrap elementor-element-populated\">\n\t\t\t\t\t\t<div class=\"elementor-element elementor-element-785f06f elementor-widget elementor-widget-image\" data-id=\"785f06f\" data-element_type=\"widget\" data-e-type=\"widget\" data-widget_type=\"image.default\">\n\t\t\t\t<div class=\"elementor-widget-container\">\n\t\t\t\t\t\t\t\t\t\t\t\t<figure class=\"wp-caption\">\n\t\t\t\t\t\t\t\t\t\t<img fetchpriority=\"high\" decoding=\"async\" width=\"1024\" height=\"683\" src=\"https:\/\/blogs.uned.es\/mbc\/wp-content\/uploads\/sites\/31\/2023\/05\/Imagen1-1024x683.jpg\" class=\"attachment-large size-large wp-image-3839\" alt=\"\" srcset=\"https:\/\/blogs.uned.es\/mbc\/wp-content\/uploads\/sites\/31\/2023\/05\/Imagen1-1024x683.jpg 1024w, https:\/\/blogs.uned.es\/mbc\/wp-content\/uploads\/sites\/31\/2023\/05\/Imagen1-300x200.jpg 300w, https:\/\/blogs.uned.es\/mbc\/wp-content\/uploads\/sites\/31\/2023\/05\/Imagen1-768x513.jpg 768w, https:\/\/blogs.uned.es\/mbc\/wp-content\/uploads\/sites\/31\/2023\/05\/Imagen1-272x182.jpg 272w, https:\/\/blogs.uned.es\/mbc\/wp-content\/uploads\/sites\/31\/2023\/05\/Imagen1.jpg 1299w\" sizes=\"(max-width: 1024px) 100vw, 1024px\" \/>\t\t\t\t\t\t\t\t\t\t\t<figcaption class=\"widget-image-caption wp-caption-text\">Foto de Isaac Quesada en Unsplash<\/figcaption>\n\t\t\t\t\t\t\t\t\t\t<\/figure>\n\t\t\t\t\t\t\t\t\t<\/div>\n\t\t\t\t<\/div>\n\t\t\r\n\r\n\t\t<div class=\"elementor-element elementor-element-daea797 elementor-widget elementor-widget-text-editor\" data-id=\"daea797\" data-element_type=\"widget\" data-e-type=\"widget\" data-widget_type=\"text-editor.default\">\n\t\t\t\t<div class=\"elementor-widget-container\">\n\t\t\t\t\t\t\t\t\t<h5 style=\"text-align: left\"><strong><a href=\"https:\/\/blogs.uned.es\/mbc\/2023\/05\/17\/la-depresion-posparto-paterna-tambien-existe\/\">La depresi\u00f3n postparto paterna tambi\u00e9n existe<\/a><\/strong><\/h5><h6>17\/05\/2023<\/h6><div>Cuando escuchamos depresi\u00f3n posparto imaginamos una madre con un reci\u00e9n nacido, que en lugar de estar plet\u00f3rica de felicidad, est\u00e1 triste y sin \u00e1nimo para cuidar de su beb\u00e9<\/div><div>\u00a0<\/div><div>\u00a0<em>Agust\u00edn Ortega Morillas<\/em><\/div>\t\t\t\t\t\t\t\t<\/div>\n\t\t\t\t<\/div>\n\t\t\t\t\t<\/div>\n\t\t<\/div>\n\t\t\t\t<div class=\"elementor-column elementor-col-50 elementor-top-column elementor-element elementor-element-940b665\" data-id=\"940b665\" data-element_type=\"column\" data-e-type=\"column\">\n\t\t\t<div class=\"elementor-widget-wrap elementor-element-populated\">\n\t\t\t\t\t\t<div class=\"elementor-element elementor-element-1ba7bd7 elementor-widget elementor-widget-image\" data-id=\"1ba7bd7\" data-element_type=\"widget\" data-e-type=\"widget\" data-widget_type=\"image.default\">\n\t\t\t\t<div class=\"elementor-widget-container\">\n\t\t\t\t\t\t\t\t\t\t\t\t\t\t\t<img decoding=\"async\" width=\"640\" height=\"427\" src=\"https:\/\/blogs.uned.es\/mbc\/wp-content\/uploads\/sites\/31\/2023\/03\/woman-356141_640.jpg\" class=\"attachment-large size-large wp-image-3727\" alt=\"\" srcset=\"https:\/\/blogs.uned.es\/mbc\/wp-content\/uploads\/sites\/31\/2023\/03\/woman-356141_640.jpg 640w, https:\/\/blogs.uned.es\/mbc\/wp-content\/uploads\/sites\/31\/2023\/03\/woman-356141_640-300x200.jpg 300w, https:\/\/blogs.uned.es\/mbc\/wp-content\/uploads\/sites\/31\/2023\/03\/woman-356141_640-272x182.jpg 272w\" sizes=\"(max-width: 640px) 100vw, 640px\" \/>\t\t\t\t\t\t\t\t\t\t\t\t\t\t\t<\/div>\n\t\t\t\t<\/div>\n\t\t\t\t<div class=\"elementor-element elementor-element-6b8ab70 elementor-widget elementor-widget-text-editor\" data-id=\"6b8ab70\" data-element_type=\"widget\" data-e-type=\"widget\" data-widget_type=\"text-editor.default\">\n\t\t\t\t<div class=\"elementor-widget-container\">\n\t\t\t\t\t\t\t\t\t<h5><a href=\"https:\/\/blogs.uned.es\/mbc\/2023\/03\/13\/salud-mental-en-casos-de-infertilidad\/\"><b>Salud Mental en Casos de Infertilidad<\/b><\/a><\/h5><h6>13\/03\/2023<\/h6><p>Seg\u00fan la Organizaci\u00f3n Mundial de la Salud (OMS, 2019), alrededor de 48 millones de personas en el mundo han sido diagnosticadas con infertilidad. Esto quiere\u00a0decir&#8230;<\/p><p><em>Alexandra Veintimilla C.<\/em><\/p>\t\t\t\t\t\t\t\t<\/div>\n\t\t\t\t<\/div>\n\t\t\t\t\t<\/div>\n\t\t<\/div>\n\t\t\t\t\t<\/div>\n\t\t<\/section>\n\t\t\t\t<section class=\"elementor-section elementor-top-section elementor-element elementor-element-187dcaa elementor-section-boxed elementor-section-height-default elementor-section-height-default\" data-id=\"187dcaa\" data-element_type=\"section\" data-e-type=\"section\">\n\t\t\t\t\t\t<div class=\"elementor-container elementor-column-gap-default\">\n\t\t\t\t\t<div class=\"elementor-column elementor-col-50 elementor-top-column elementor-element elementor-element-e7d13f8\" data-id=\"e7d13f8\" data-element_type=\"column\" data-e-type=\"column\">\n\t\t\t<div class=\"elementor-widget-wrap elementor-element-populated\">\n\t\t\t\t\t\t<div class=\"elementor-element elementor-element-4bea4b6 elementor-widget elementor-widget-image\" data-id=\"4bea4b6\" data-element_type=\"widget\" data-e-type=\"widget\" data-widget_type=\"image.default\">\n\t\t\t\t<div class=\"elementor-widget-container\">\n\t\t\t\t\t\t\t\t\t\t\t\t\t\t\t<img decoding=\"async\" width=\"1024\" height=\"681\" src=\"https:\/\/blogs.uned.es\/mbc\/wp-content\/uploads\/sites\/31\/2021\/10\/despedida-e1635501467191-1024x681.jpg\" class=\"attachment-large size-large wp-image-3145\" alt=\"Vuelta al trabajo tras la maternidad\" srcset=\"https:\/\/blogs.uned.es\/mbc\/wp-content\/uploads\/sites\/31\/2021\/10\/despedida-e1635501467191-1024x681.jpg 1024w, https:\/\/blogs.uned.es\/mbc\/wp-content\/uploads\/sites\/31\/2021\/10\/despedida-e1635501467191-300x199.jpg 300w, https:\/\/blogs.uned.es\/mbc\/wp-content\/uploads\/sites\/31\/2021\/10\/despedida-e1635501467191-768x511.jpg 768w, https:\/\/blogs.uned.es\/mbc\/wp-content\/uploads\/sites\/31\/2021\/10\/despedida-e1635501467191-272x182.jpg 272w, https:\/\/blogs.uned.es\/mbc\/wp-content\/uploads\/sites\/31\/2021\/10\/despedida-e1635501467191.jpg 1280w\" sizes=\"(max-width: 1024px) 100vw, 1024px\" \/>\t\t\t\t\t\t\t\t\t\t\t\t\t\t\t<\/div>\n\t\t\t\t<\/div>\n\t\t\t\t<div class=\"elementor-element elementor-element-64cd2b9 elementor-widget elementor-widget-text-editor\" data-id=\"64cd2b9\" data-element_type=\"widget\" data-e-type=\"widget\" data-widget_type=\"text-editor.default\">\n\t\t\t\t<div class=\"elementor-widget-container\">\n\t\t\t\t\t\t\t\t\t<h5 style=\"text-align: left\"><strong><a href=\"https:\/\/blogs.uned.es\/mbc\/2021\/10\/29\/vuelta-al-trabajo-tras-la-maternidad\">Vuelta al Trabajo <\/a><\/strong><strong><a href=\"https:\/\/blogs.uned.es\/mbc\/2021\/10\/29\/vuelta-al-trabajo-tras-la-maternidad\">tras la Maternidad<\/a><\/strong><\/h5><h6>29\/10\/2021<\/h6><div>\u00a0<\/div><div>La reincorporaci\u00f3n al trabajo tras la baja maternal requiere de una adaptaci\u00f3n log\u00edstica por parte de la familia<\/div><div>\u00a0<\/div><div><em>Ana Heredia<\/em><\/div>\t\t\t\t\t\t\t\t<\/div>\n\t\t\t\t<\/div>\n\t\t\t\t\t<\/div>\n\t\t<\/div>\n\t\t\t\t<div class=\"elementor-column elementor-col-50 elementor-top-column elementor-element elementor-element-3c08862\" data-id=\"3c08862\" data-element_type=\"column\" data-e-type=\"column\">\n\t\t\t<div class=\"elementor-widget-wrap elementor-element-populated\">\n\t\t\t\t\t\t<div class=\"elementor-element elementor-element-8a291fa elementor-widget elementor-widget-image\" data-id=\"8a291fa\" data-element_type=\"widget\" data-e-type=\"widget\" data-widget_type=\"image.default\">\n\t\t\t\t<div class=\"elementor-widget-container\">\n\t\t\t\t\t\t\t\t\t\t\t\t\t\t\t\t<a href=\"https:\/\/blogs.uned.es\/mbc\/2021\/09\/27\/infertilidad\/\">\n\t\t\t\t\t\t\t<img loading=\"lazy\" decoding=\"async\" width=\"640\" height=\"426\" src=\"https:\/\/blogs.uned.es\/mbc\/wp-content\/uploads\/sites\/31\/2021\/09\/IMAGEN_COLUMPIO.jpg\" class=\"attachment-large size-large wp-image-2805\" alt=\"\" srcset=\"https:\/\/blogs.uned.es\/mbc\/wp-content\/uploads\/sites\/31\/2021\/09\/IMAGEN_COLUMPIO.jpg 640w, https:\/\/blogs.uned.es\/mbc\/wp-content\/uploads\/sites\/31\/2021\/09\/IMAGEN_COLUMPIO-300x200.jpg 300w, https:\/\/blogs.uned.es\/mbc\/wp-content\/uploads\/sites\/31\/2021\/09\/IMAGEN_COLUMPIO-272x182.jpg 272w\" sizes=\"(max-width: 640px) 100vw, 640px\" \/>\t\t\t\t\t\t\t\t<\/a>\n\t\t\t\t\t\t\t\t\t\t\t\t\t\t\t<\/div>\n\t\t\t\t<\/div>\n\t\t\t\t<div class=\"elementor-element elementor-element-bc3de21 elementor-widget elementor-widget-text-editor\" data-id=\"bc3de21\" data-element_type=\"widget\" data-e-type=\"widget\" data-widget_type=\"text-editor.default\">\n\t\t\t\t<div class=\"elementor-widget-container\">\n\t\t\t\t\t\t\t\t\t<h5 style=\"text-align: left\"><a href=\"https:\/\/blogs.uned.es\/mbc\/2021\/09\/27\/infertilidad\/\"><strong>La Infertilidad<\/strong><\/a><\/h5><h6>27\/09\/2021<\/h6><p>Son muchas las parejas que llegan a consulta desgastadas emocionalmente ante la dificultad de poder lograr un embarazo que llegue a t\u00e9rmino&#8230;<\/p><p><em>Natalia Nogal<\/em><\/p>\t\t\t\t\t\t\t\t<\/div>\n\t\t\t\t<\/div>\n\t\t\t\t\t<\/div>\n\t\t<\/div>\n\t\t\t\t\t<\/div>\n\t\t<\/section>\n\t\t\t\t<\/div>\n\t\t","protected":false},"excerpt":{"rendered":"<p>Foto de Isaac Quesada en Unsplash La depresi\u00f3n postparto paterna tambi\u00e9n existe 17\/05\/2023 Cuando escuchamos depresi\u00f3n posparto imaginamos una madre con un reci\u00e9n nacido, que en lugar de estar plet\u00f3rica de felicidad, est\u00e1 triste y sin \u00e1nimo para cuidar de su beb\u00e9\u00a0\u00a0Agust\u00edn Ortega Morillas Salud Mental en Casos de Infertilidad 13\/03\/2023 Seg\u00fan la Organizaci\u00f3n Mundial [&hellip;]<\/p>\n","protected":false},"author":197,"featured_media":0,"parent":0,"menu_order":0,"comment_status":"closed","ping_status":"closed","template":"custom-page.php","meta":{"footnotes":""},"class_list":["post-2795","page","type-page","status-publish","czr-hentry"],"_links":{"self":[{"href":"https:\/\/blogs.uned.es\/mbc\/wp-json\/wp\/v2\/pages\/2795","targetHints":{"allow":["GET"]}}],"collection":[{"href":"https:\/\/blogs.uned.es\/mbc\/wp-json\/wp\/v2\/pages"}],"about":[{"href":"https:\/\/blogs.uned.es\/mbc\/wp-json\/wp\/v2\/types\/page"}],"author":[{"embeddable":true,"href":"https:\/\/blogs.uned.es\/mbc\/wp-json\/wp\/v2\/users\/197"}],"replies":[{"embeddable":true,"href":"https:\/\/blogs.uned.es\/mbc\/wp-json\/wp\/v2\/comments?post=2795"}],"version-history":[{"count":101,"href":"https:\/\/blogs.uned.es\/mbc\/wp-json\/wp\/v2\/pages\/2795\/revisions"}],"predecessor-version":[{"id":3915,"href":"https:\/\/blogs.uned.es\/mbc\/wp-json\/wp\/v2\/pages\/2795\/revisions\/3915"}],"wp:attachment":[{"href":"https:\/\/blogs.uned.es\/mbc\/wp-json\/wp\/v2\/media?parent=2795"}],"curies":[{"name":"wp","href":"https:\/\/api.w.org\/{rel}","templated":true}]}}