{"id":2563,"date":"2021-07-13T10:19:41","date_gmt":"2021-07-13T10:19:41","guid":{"rendered":"https:\/\/blogs.uned.es\/mbc\/?page_id=2563"},"modified":"2021-09-02T07:48:40","modified_gmt":"2021-09-02T07:48:40","slug":"curso-de-especialista-en-salud-mental-perinatal","status":"publish","type":"page","link":"https:\/\/blogs.uned.es\/mbc\/curso-de-especialista-en-salud-mental-perinatal\/","title":{"rendered":"Curso de Especialista en Salud Mental Perinatal"},"content":{"rendered":"\t\t<div data-elementor-type=\"wp-page\" data-elementor-id=\"2563\" class=\"elementor elementor-2563\">\n\t\t\t\t\t\t<section class=\"elementor-section elementor-top-section elementor-element elementor-element-59888e88 elementor-section-boxed elementor-section-height-default elementor-section-height-default\" data-id=\"59888e88\" data-element_type=\"section\" data-e-type=\"section\">\n\t\t\t\t\t\t<div class=\"elementor-container elementor-column-gap-default\">\n\t\t\t\t\t<div class=\"elementor-column elementor-col-100 elementor-top-column elementor-element elementor-element-3f33a5f4\" data-id=\"3f33a5f4\" data-element_type=\"column\" data-e-type=\"column\">\n\t\t\t<div class=\"elementor-widget-wrap elementor-element-populated\">\n\t\t\t\t\r\n\r\n\t\t<div class=\"elementor-element elementor-element-318c43ce elementor-widget elementor-widget-text-editor\" data-id=\"318c43ce\" data-element_type=\"widget\" data-e-type=\"widget\" data-widget_type=\"text-editor.default\">\n\t\t\t\t<div class=\"elementor-widget-container\">\n\t\t\t\t\t\t\t\t\t\n<p>El Programa pretende la formaci\u00f3n de post-grado en\u00a0 Psicolog\u00eda Cl\u00ednica en el \u00e1mbito de la Psicolog\u00eda Perinatal<\/p>\n\n<p>Los objetivos del especialista en Salud Mental Perinatal son:<\/p>\n\n<ol class=\"wp-block-list\">\n<li>Conocer las principales\u00a0 manifestaciones cl\u00ednicas de los trastornos mentales de las mujeres en el per\u00edodo perinatal<\/li>\n<li>Dotar a los alumnos de los conocimientos sobre las herramientas adecuadas para el cribado y evaluaci\u00f3n de los trastornos mentales perinatales.<\/li>\n<li>Ense\u00f1ar a los alumnos los tratamientos disponibles basados en la evidencia<\/li>\n<li>Conocer diferentes aspectos asociados al embarazo como por ejemplo los embarazos en adolescentes, patolog\u00edas obst\u00e9tricas o farmacolog\u00eda.<\/li>\n<li>Conocer los problemas m\u00e1s habituales en los reci\u00e9n nacidos.<\/li>\n<\/ol>\n<p>Puede acceder al curso a trav\u00e9s del siguiente <span style=\"color: #0000ff\"><strong><a style=\"color: #0000ff\" href=\"https:\/\/formacionpermanente.uned.es\/tp_actividad\/idactividad\/12401\">ENLACE<\/a><\/strong><\/span><\/p>\n\n<p><b>\u00bfQu\u00e9 opinan quienes han estudiado en nuestro curso?<\/b><\/p>\n\n<p style=\"padding-left: 40px\"><em>\u00abMuchas gracias por toda su labor y la del resto de profesores durante este curso , a t\u00edtulo personal dir\u00e9 que me ha gustado much\u00edsimo y si me apura , me ha sabido a poco ,\u00a0 si en alg\u00fan momento pensaran en proponer una continuaci\u00f3n de este,\u00a0 ni me lo pensar\u00eda\u00bb.<\/em><\/p>\n\n<p style=\"padding-left: 40px\"><em>\u00abEl curso est\u00e1 cumpliendo con creces mis expectativas, estoy aprendiendo un mont\u00f3n y me resulta muy interesante todo el trabajo que llev\u00e1is a cabo. Como bien nos has dicho en muchas de las clases, a\u00fan hay mucho trabajo por delante en este campo pero sin duda est\u00e1is haciendo muchas cosas para ello. A lo largo de la formaci\u00f3n he sentido la pasi\u00f3n por el trabajo que hac\u00e9is y eso ha hecho que mi inter\u00e9s por la psicolog\u00eda perinatal sea mayor\u00bb.\u00a0<\/em><\/p>\n<p style=\"padding-left: 40px\">\u00ab<em>Gracias por el curso que hemos podido disfrutar. Creo que ha sido muy interesante, hemos aprendido mucho. Y ha sido un placer compartir estos temas con todos los profesores.\u00bb<\/em>\u00a0<\/p>\n\n<p><b>Directorio de psic\u00f3logos con el t\u00edtulo de Especialista en Salud Mental Perinatal<\/b><\/p>\n\n<p style=\"padding-left: 40px\">Busque en el siguiente directorio si \u00a0desea obtener informaci\u00f3n sobre la disponibilidad de terapeutas formados en esta \u00e1rea.<b><\/b><\/p>\n\n<p style=\"padding-left: 40px\">Los profesionales que figuran en este directorio tienen todos ellos el t\u00edtulo de Especialista en Salud Mental Perinatal. Aparecen, seg\u00fan los datos facilitados por ellos mismos y lo hacen para poder ser contactados, exclusivamente, en relaci\u00f3n con su actividad profesional<\/p>\n\t\t\t\t\t\t\t\t<\/div>\n\t\t\t\t<\/div>\n\t\t\t\t\t<\/div>\n\t\t<\/div>\n\t\t\t\t\t<\/div>\n\t\t<\/section>\n\t\t\t\t<section class=\"elementor-section elementor-top-section elementor-element elementor-element-699d171 elementor-section-boxed elementor-section-height-default elementor-section-height-default\" data-id=\"699d171\" data-element_type=\"section\" data-e-type=\"section\">\n\t\t\t\t\t\t<div class=\"elementor-container elementor-column-gap-default\">\n\t\t\t\t\t<div class=\"elementor-column elementor-col-100 elementor-top-column elementor-element elementor-element-3528b1e\" data-id=\"3528b1e\" data-element_type=\"column\" data-e-type=\"column\">\n\t\t\t<div class=\"elementor-widget-wrap elementor-element-populated\">\n\t\t\t\t\t\t<div class=\"elementor-element elementor-element-2dbd2ee elementor-widget elementor-widget-image\" data-id=\"2dbd2ee\" data-element_type=\"widget\" data-e-type=\"widget\" data-widget_type=\"image.default\">\n\t\t\t\t<div class=\"elementor-widget-container\">\n\t\t\t\t\t\t\t\t\t\t\t\t\t\t\t<img fetchpriority=\"high\" decoding=\"async\" width=\"1006\" height=\"669\" src=\"https:\/\/blogs.uned.es\/mbc\/wp-content\/uploads\/sites\/31\/2021\/07\/mapa_profesionales.jpg\" class=\"attachment-large size-large wp-image-2661\" alt=\"\" \/>\t\t\t\t\t\t\t\t\t\t\t\t\t\t\t<\/div>\n\t\t\t\t<\/div>\n\t\t\t\t\t<\/div>\n\t\t<\/div>\n\t\t\t\t\t<\/div>\n\t\t<\/section>\n\t\t\t\t<\/div>\n\t\t","protected":false},"excerpt":{"rendered":"<p>El Programa pretende la formaci\u00f3n de post-grado en\u00a0 Psicolog\u00eda Cl\u00ednica en el \u00e1mbito de la Psicolog\u00eda Perinatal Los objetivos del especialista en Salud Mental Perinatal son: Conocer las principales\u00a0 manifestaciones cl\u00ednicas de los trastornos mentales de las mujeres en el per\u00edodo perinatal Dotar a los alumnos de los conocimientos sobre las herramientas adecuadas para el [&hellip;]<\/p>\n","protected":false},"author":197,"featured_media":0,"parent":0,"menu_order":0,"comment_status":"closed","ping_status":"closed","template":"","meta":{"footnotes":""},"class_list":["post-2563","page","type-page","status-publish","czr-hentry"],"_links":{"self":[{"href":"https:\/\/blogs.uned.es\/mbc\/wp-json\/wp\/v2\/pages\/2563","targetHints":{"allow":["GET"]}}],"collection":[{"href":"https:\/\/blogs.uned.es\/mbc\/wp-json\/wp\/v2\/pages"}],"about":[{"href":"https:\/\/blogs.uned.es\/mbc\/wp-json\/wp\/v2\/types\/page"}],"author":[{"embeddable":true,"href":"https:\/\/blogs.uned.es\/mbc\/wp-json\/wp\/v2\/users\/197"}],"replies":[{"embeddable":true,"href":"https:\/\/blogs.uned.es\/mbc\/wp-json\/wp\/v2\/comments?post=2563"}],"version-history":[{"count":58,"href":"https:\/\/blogs.uned.es\/mbc\/wp-json\/wp\/v2\/pages\/2563\/revisions"}],"predecessor-version":[{"id":2791,"href":"https:\/\/blogs.uned.es\/mbc\/wp-json\/wp\/v2\/pages\/2563\/revisions\/2791"}],"wp:attachment":[{"href":"https:\/\/blogs.uned.es\/mbc\/wp-json\/wp\/v2\/media?parent=2563"}],"curies":[{"name":"wp","href":"https:\/\/api.w.org\/{rel}","templated":true}]}}