{"id":1889,"date":"2021-04-02T09:54:39","date_gmt":"2021-04-02T09:54:39","guid":{"rendered":"https:\/\/blogs.uned.es\/mbc\/?page_id=1889"},"modified":"2023-01-31T07:23:24","modified_gmt":"2023-01-31T07:23:24","slug":"articulos","status":"publish","type":"page","link":"https:\/\/blogs.uned.es\/mbc\/articulos\/","title":{"rendered":"Libros"},"content":{"rendered":"\t\t<div data-elementor-type=\"wp-page\" data-elementor-id=\"1889\" class=\"elementor elementor-1889\">\n\t\t\t\t\t\t<section class=\"elementor-section elementor-top-section elementor-element elementor-element-0aded7d elementor-section-boxed elementor-section-height-default elementor-section-height-default\" data-id=\"0aded7d\" data-element_type=\"section\" data-e-type=\"section\">\n\t\t\t\t\t\t<div class=\"elementor-container elementor-column-gap-default\">\n\t\t\t\t\t<div class=\"elementor-column elementor-col-100 elementor-top-column elementor-element elementor-element-977be4e\" data-id=\"977be4e\" data-element_type=\"column\" data-e-type=\"column\">\n\t\t\t<div class=\"elementor-widget-wrap elementor-element-populated\">\n\t\t\t\t\r\n\r\n\t\t<div class=\"elementor-element elementor-element-f14d8ad elementor-widget elementor-widget-text-editor\" data-id=\"f14d8ad\" data-element_type=\"widget\" data-e-type=\"widget\" data-widget_type=\"text-editor.default\">\n\t\t\t\t<div class=\"elementor-widget-container\">\n\t\t\t\t\t\t\t\t\t<p>Rodr\u00edguez-Mu\u00f1oz, M.F. y Caparros, R. (2022).\u00a0<i><strong>Psicologia Perinatal en entornos de salud<\/strong>.\u00a0<\/i>Pir\u00e1mide <a href=\"https:\/\/edicionespiramide.es\/libro.php?id=6891143\">ENLACE<\/a><\/p><p>Rodr\u00edguez-Mu\u00f1oz, M.F. (2019). <em><strong>Psicolog\u00eda Perinatal: Teor\u00eda y Pr\u00e1ctica<\/strong><\/em>. Madrid: Editorial Pir\u00e1mide.\u00a0<a href=\"https:\/\/www.edicionespiramide.es\/libro.php?id=5889570\" target=\"_blank\" rel=\"noopener\">ENLACE<\/a><\/p><p>Rodr\u00edguez-Mu\u00f1oz, M.F., Marcos, R.M., Olivares, M.E., Izquierdo, N., Soto, C., H., Le. y Postigo, F. (2021). <em><strong>Protocolo de cribado e intervenci\u00f3n de la depresi\u00f3n perinatal (CIP-P)<\/strong><\/em>. Editorial UNED.<\/p><p>Mart\u00ednez, C. Ruiz, N., Rodr\u00edguez-Mu\u00f1oz, M.F e Izquierdo, N. <em><strong>Alteraciones psicol\u00f3gicas durante el periodo perinatal en la madre: consecuencias en la salud fetal e infantil<\/strong><\/em>. Caparr\u00f3s, R.A. (Coord.), Programaci\u00f3n Fetal. Pir\u00e1mide. <a href=\"https:\/\/www.edicionespiramide.es\/libro.php?id=6496471\">ENLACE<\/a><\/p><p>Rodr\u00edguez-Mu\u00f1oz, M.F., Soto-Balbuena, C., Olivares Crespo, M. E., Marcos-N\u00e1jera, R. y Al-Halab\u00ed D\u00edaz, S. (2021). <em><strong>Trastornos mentales o del comportamiento asociados con el embarazo, el parto o el puerperio<\/strong><\/em>. Fonseca, E. (Cord.). Manual de Tratamientos Psicol\u00f3gicos Eficaces-Adultos. Pir\u00e1mide. <a href=\"https:\/\/www.edicionespiramide.es\/libro.php?id=6596599\">ENLACE<\/a><\/p>\t\t\t\t\t\t\t\t<\/div>\n\t\t\t\t<\/div>\n\t\t\t\t\t<\/div>\n\t\t<\/div>\n\t\t\t\t\t<\/div>\n\t\t<\/section>\n\t\t\t\t<\/div>\n\t\t","protected":false},"excerpt":{"rendered":"<p>Rodr\u00edguez-Mu\u00f1oz, M.F. y Caparros, R. (2022).\u00a0Psicologia Perinatal en entornos de salud.\u00a0Pir\u00e1mide ENLACE Rodr\u00edguez-Mu\u00f1oz, M.F. (2019). Psicolog\u00eda Perinatal: Teor\u00eda y Pr\u00e1ctica. Madrid: Editorial Pir\u00e1mide.\u00a0ENLACE Rodr\u00edguez-Mu\u00f1oz, M.F., Marcos, R.M., Olivares, M.E., Izquierdo, N., Soto, C., H., Le. y Postigo, F. (2021). Protocolo de cribado e intervenci\u00f3n de la depresi\u00f3n perinatal (CIP-P). Editorial UNED. Mart\u00ednez, C. Ruiz, N., [&hellip;]<\/p>\n","protected":false},"author":197,"featured_media":0,"parent":0,"menu_order":0,"comment_status":"closed","ping_status":"closed","template":"","meta":{"footnotes":""},"class_list":["post-1889","page","type-page","status-publish","czr-hentry"],"_links":{"self":[{"href":"https:\/\/blogs.uned.es\/mbc\/wp-json\/wp\/v2\/pages\/1889","targetHints":{"allow":["GET"]}}],"collection":[{"href":"https:\/\/blogs.uned.es\/mbc\/wp-json\/wp\/v2\/pages"}],"about":[{"href":"https:\/\/blogs.uned.es\/mbc\/wp-json\/wp\/v2\/types\/page"}],"author":[{"embeddable":true,"href":"https:\/\/blogs.uned.es\/mbc\/wp-json\/wp\/v2\/users\/197"}],"replies":[{"embeddable":true,"href":"https:\/\/blogs.uned.es\/mbc\/wp-json\/wp\/v2\/comments?post=1889"}],"version-history":[{"count":13,"href":"https:\/\/blogs.uned.es\/mbc\/wp-json\/wp\/v2\/pages\/1889\/revisions"}],"predecessor-version":[{"id":3481,"href":"https:\/\/blogs.uned.es\/mbc\/wp-json\/wp\/v2\/pages\/1889\/revisions\/3481"}],"wp:attachment":[{"href":"https:\/\/blogs.uned.es\/mbc\/wp-json\/wp\/v2\/media?parent=1889"}],"curies":[{"name":"wp","href":"https:\/\/api.w.org\/{rel}","templated":true}]}}