{"id":11781,"date":"2023-10-09T19:25:30","date_gmt":"2023-10-09T19:25:30","guid":{"rendered":"https:\/\/blogs.uned.es\/mbauned\/?page_id=11781"},"modified":"2026-02-23T17:54:59","modified_gmt":"2026-02-23T17:54:59","slug":"organizacion-del-curso-academico","status":"publish","type":"page","link":"https:\/\/blogs.uned.es\/mbauned\/organizacion-del-curso-academico\/","title":{"rendered":"Organizaci\u00f3n del curso acad\u00e9mico"},"content":{"rendered":"\n<div class=\"wp-block-cover alignfull has-custom-content-position is-position-center-right\" style=\"min-height:375px;aspect-ratio:unset;\"><img loading=\"lazy\" decoding=\"async\" width=\"2062\" height=\"1379\" class=\"wp-block-cover__image-background wp-image-11783\" alt=\"\" src=\"https:\/\/blogs.uned.es\/mbauned\/wp-content\/uploads\/sites\/453\/2023\/10\/organizacion.png\" style=\"object-position:41% 15%\" data-object-fit=\"cover\" data-object-position=\"41% 15%\" srcset=\"https:\/\/blogs.uned.es\/mbauned\/wp-content\/uploads\/sites\/453\/2023\/10\/organizacion.png 2062w, https:\/\/blogs.uned.es\/mbauned\/wp-content\/uploads\/sites\/453\/2023\/10\/organizacion-300x201.png 300w, https:\/\/blogs.uned.es\/mbauned\/wp-content\/uploads\/sites\/453\/2023\/10\/organizacion-1024x685.png 1024w, https:\/\/blogs.uned.es\/mbauned\/wp-content\/uploads\/sites\/453\/2023\/10\/organizacion-768x514.png 768w, https:\/\/blogs.uned.es\/mbauned\/wp-content\/uploads\/sites\/453\/2023\/10\/organizacion-1536x1027.png 1536w, https:\/\/blogs.uned.es\/mbauned\/wp-content\/uploads\/sites\/453\/2023\/10\/organizacion-2048x1370.png 2048w\" sizes=\"auto, (max-width: 2062px) 100vw, 2062px\" \/><span aria-hidden=\"true\" class=\"wp-block-cover__background has-background-dim-30 has-background-dim\"><\/span><div class=\"wp-block-cover__inner-container is-layout-flow wp-block-cover-is-layout-flow\">\n<p class=\"has-text-align-right\" style=\"font-size:65px\"><strong>Organizaci\u00f3n del curso acad\u00e9mico y pr\u00e1cticas voluntarias<\/strong><\/p>\n<\/div><\/div>\n\n\n\n<div style=\"height:50px\" aria-hidden=\"true\" class=\"wp-block-spacer\"><\/div>\n\n\n\n<p>Tanto el material did\u00e1ctico como el procedimiento de apoyo est\u00e1n pensados para que el alumno pueda compatibilizar el estudio con sus obligaciones profesionales y familiares.<\/p>\n\n\n\n<h4 class=\"wp-block-heading\"><strong>Calendario<\/strong><\/h4>\n\n\n\n<p>El curso se distribuye seg\u00fan el siguiente calendario:<\/p>\n\n\n\n<ul class=\"wp-block-list\">\n<li>Comienzo del primer trimestre: enero<\/li>\n\n\n\n<li>Finalizaci\u00f3n del primer trimestre: marzo<\/li>\n\n\n\n<li>Comienzo del segundo trimestre: abril<\/li>\n\n\n\n<li>Finalizaci\u00f3n del segundo trimestre: junio<\/li>\n\n\n\n<li>Prueba extraordinaria y final del curso: septiembre<\/li>\n<\/ul>\n\n\n\n<p>Existen dos pruebas ordinarias, cada una de las cuales consta aproximadamente de la mitad del programa de cada Curso de Experto, y que se realizan al final de los respectivos trimestres. Estas pruebas se efect\u00faan a trav\u00e9s de la plataforma educativa de la UNED (por Internet).<\/p>\n\n\n\n<p>En septiembre se realiza una prueba extraordinaria para los alumnos que no hayan superado alguna de las anteriores o ambas.<\/p>\n\n\n\n<h4 class=\"wp-block-heading\"><strong>Tutor\u00edas<\/strong><\/h4>\n\n\n\n<p>Las tutor\u00edas tienen por objeto facilitarle las consultas y resolverle las dudas que el estudio del material did\u00e1ctico pueda suscitarle. Adem\u00e1s, puede consultar cualquier otro asunto relacionado con el Curso, como fechas de env\u00edo de material did\u00e1ctico, sesiones presenciales, evaluaciones, etc.<\/p>\n\n\n\n<p>Se establece un servicio de tutor\u00edas telef\u00f3nicas, as\u00ed como la posibilidad de utilizaci\u00f3n del correo postal, del fax y del correo electr\u00f3nico.<\/p>\n\n\n\n<p>A estos efectos se consideran no lectivos:<\/p>\n\n\n\n<ul class=\"wp-block-list\">\n<li>Del 1 al 8 de enero<\/li>\n\n\n\n<li>Semana Santa<\/li>\n\n\n\n<li>Del 15 de julio al 31 de agosto<\/li>\n<\/ul>\n\n\n\n<p>El correo electr\u00f3nico es el procedimiento m\u00e1s r\u00e1pido de consulta y el que suele resultar m\u00e1s c\u00f3modo para el estudiante puesto que puede hacer las consultas en cualquier momento. Si es preciso, o el alumno lo considera conveniente, el profesorado se pone en contacto telef\u00f3nico posteriormente con el alumno a los n\u00fameros que \u00e9ste se\u00f1al\u00f3 en su matr\u00edcula o en el que indique en el correo de la consulta.<\/p>\n\n\n\n<h4 class=\"wp-block-heading\"><strong>Plataforma web<\/strong><\/h4>\n\n\n\n<p>La relaci\u00f3n entre profesores y alumnos se efect\u00faa tambi\u00e9n a trav\u00e9s de la plataforma virtual, que cuenta con los medios habituales en este instrumento: gu\u00eda, tabl\u00f3n de noticias, tareas, documentos, herramientas de evaluaci\u00f3n, calificaciones, etc\u00e9tera.<\/p>\n\n\n\n<p>La plataforma de la UNED est\u00e1 especialmente dise\u00f1ada para los procesos de aprendizaje, por lo que su utilizaci\u00f3n es muy sencilla. No obstante, est\u00e1 previsto que los propios profesores resuelvan las dudas que puedan surgir sobre el funcionamiento de la plataforma.<\/p>\n\n\n\n<p>Como ya se ha se\u00f1alado, los ex\u00e1menes, o pruebas de evaluaci\u00f3n ordinarias, se realizan a trav\u00e9s de la plataforma.<\/p>\n\n\n\n<h4 class=\"wp-block-heading\"><strong>Sesiones presenciales voluntarias<\/strong><\/h4>\n\n\n\n<p>Tienen por objeto establecer un contacto m\u00e1s directo entre los estudiantes y los profesores del Curso, as\u00ed como el intercambio de ideas con sus compa\u00f1eros. Un segundo objetivo es motivarles a perseverar en el estudio.<\/p>\n\n\n\n<p>En cada sesi\u00f3n pronuncia una conferencia una persona especialista en el tema sobre el que verse: profesionales o profesores de reconocido prestigio.<\/p>\n\n\n\n<p>Dada la dispersi\u00f3n geogr\u00e1fica de los estudiantes, la asistencia a estas sesiones presenciales es <strong>siempre voluntaria<\/strong>, en las salas que a tal efecto tiene la UNED, en el P\u00ba Senda del Rey, Madrid 28040 (en las inmediaciones de El Puente de los Franceses).<\/p>\n\n\n\n<p>Las sesiones presenciales pueden seguirse por Internet. Son grabadas, de modo que los no asistentes puedan seguirlas en diferido a trav\u00e9s del sistema espec\u00edfico propio de la UNED (CanalUNED).<\/p>\n\n\n\n<h4 class=\"wp-block-heading\"><strong>Pr\u00e1cticas en empresas<\/strong><\/h4>\n\n\n\n<p>No es obligatorio, pero, si un estudiante dispone de alguna empresa en la que hacer pr\u00e1cticas y desea hacerlas, est\u00e1 previsto realizar un convenio con ella mediante un procedimiento \u00e1gil y sencillo. Los datos de contacto del Departamento de Pr\u00e1cticas son:<\/p>\n\n\n\n<p><a href=\"https:\/\/www.uned.es\/universidad\/inicio\/estudios\/oficina-practicas\/quienes-somos.html\">https:\/\/www.uned.es\/universidad\/inicio\/estudios\/oficina-practicas\/quienes-somos.html<\/a><\/p>\n\n\n\n<p>Tel\u00e9fono:&nbsp;91 398 97 10<\/p>\n\n\n\n<p>Correo electr\u00f3nico: <a href=\"mailto:oficinadepracticas_extracurriculares@adm.uned.es\">oficinadepracticas_extracurriculares@adm.uned.es<\/a><\/p>\n\n\n\n<p><\/p>\n\n\n\n<div style=\"height:50px\" aria-hidden=\"true\" class=\"wp-block-spacer\"><\/div>\n","protected":false},"excerpt":{"rendered":"<p>Tanto el material did\u00e1ctico como el procedimiento de apoyo est\u00e1n pensados para que el alumno pueda compatibilizar el estudio con sus obligaciones profesionales y familiares. Calendario El curso se distribuye seg\u00fan el siguiente calendario: Existen dos pruebas ordinarias, cada una de las cuales consta aproximadamente de la mitad del programa de cada Curso de Experto, [&hellip;]<\/p>\n","protected":false},"author":7731,"featured_media":0,"parent":0,"menu_order":0,"comment_status":"closed","ping_status":"closed","template":"","meta":{"footnotes":""},"class_list":["post-11781","page","type-page","status-publish","hentry"],"_links":{"self":[{"href":"https:\/\/blogs.uned.es\/mbauned\/wp-json\/wp\/v2\/pages\/11781","targetHints":{"allow":["GET"]}}],"collection":[{"href":"https:\/\/blogs.uned.es\/mbauned\/wp-json\/wp\/v2\/pages"}],"about":[{"href":"https:\/\/blogs.uned.es\/mbauned\/wp-json\/wp\/v2\/types\/page"}],"author":[{"embeddable":true,"href":"https:\/\/blogs.uned.es\/mbauned\/wp-json\/wp\/v2\/users\/7731"}],"replies":[{"embeddable":true,"href":"https:\/\/blogs.uned.es\/mbauned\/wp-json\/wp\/v2\/comments?post=11781"}],"version-history":[{"count":6,"href":"https:\/\/blogs.uned.es\/mbauned\/wp-json\/wp\/v2\/pages\/11781\/revisions"}],"predecessor-version":[{"id":12039,"href":"https:\/\/blogs.uned.es\/mbauned\/wp-json\/wp\/v2\/pages\/11781\/revisions\/12039"}],"wp:attachment":[{"href":"https:\/\/blogs.uned.es\/mbauned\/wp-json\/wp\/v2\/media?parent=11781"}],"curies":[{"name":"wp","href":"https:\/\/api.w.org\/{rel}","templated":true}]}}