{"id":4903,"date":"2024-04-18T12:04:41","date_gmt":"2024-04-18T10:04:41","guid":{"rendered":"https:\/\/blogs.uned.es\/marcapaginas\/?page_id=4903"},"modified":"2024-07-08T14:39:21","modified_gmt":"2024-07-08T12:39:21","slug":"quienes-somos","status":"publish","type":"page","link":"https:\/\/blogs.uned.es\/marcapaginas\/quienes-somos\/","title":{"rendered":"Qui\u00e9nes somos"},"content":{"rendered":"\n<p>El marcap\u00e1ginas es un blog sobre libros, literatura, cine y m\u00fasica mantenido por el Servicio de Atenci\u00f3n a Usuarios de la Biblioteca UNED. Es un espacio en el que compartir lecturas y reflexiones, descubrir nuevos autores o regresar a los viejos conocidos y explorar las joyas ocultas que albergan nuestras estanter\u00edas. <\/p>\n\n\n\n<p>El blog est\u00e1 abierto a la participaci\u00f3n de la comunidad universitaria: invitamos a nuestras lectoras y lectores a que nos env\u00eden sus rese\u00f1as a <a href=\"mailto:prestamo@adm.uned.es\">prestamo@adm.uned.es<\/a>. Se recomienda que el texto posea entre 300 y 500 palabras y que hable de cualquier libro publicado por una editorial comercial. La propuesta ser\u00e1 revisada por el equipo de redacci\u00f3n del blog, que se pondr\u00e1 en contacto con el autor\/a.<\/p>\n\n\n\n<p>Esperamos que el viaje sea de vuestro agrado.<\/p>\n","protected":false},"excerpt":{"rendered":"<p>El marcap\u00e1ginas es un blog sobre libros, literatura, cine y m\u00fasica mantenido por el Servicio de Atenci\u00f3n a Usuarios de la Biblioteca UNED. Es un espacio en el que compartir lecturas y reflexiones, descubrir nuevos autores o regresar a los viejos conocidos y explorar las joyas ocultas que albergan nuestras estanter\u00edas. El blog est\u00e1 abierto [&hellip;]<\/p>\n","protected":false},"author":7853,"featured_media":0,"parent":0,"menu_order":0,"comment_status":"closed","ping_status":"closed","template":"","meta":{"site-sidebar-layout":"default","site-content-layout":"","ast-site-content-layout":"default","site-content-style":"default","site-sidebar-style":"default","ast-global-header-display":"","ast-banner-title-visibility":"","ast-main-header-display":"","ast-hfb-above-header-display":"","ast-hfb-below-header-display":"","ast-hfb-mobile-header-display":"","site-post-title":"","ast-breadcrumbs-content":"","ast-featured-img":"","footer-sml-layout":"","ast-disable-related-posts":"","theme-transparent-header-meta":"","adv-header-id-meta":"","stick-header-meta":"","header-above-stick-meta":"","header-main-stick-meta":"","header-below-stick-meta":"","astra-migrate-meta-layouts":"default","ast-page-background-enabled":"default","ast-page-background-meta":{"desktop":{"background-color":"var(--ast-global-color-4)","background-image":"","background-repeat":"repeat","background-position":"center center","background-size":"auto","background-attachment":"scroll","background-type":"","background-media":"","overlay-type":"","overlay-color":"","overlay-opacity":"","overlay-gradient":""},"tablet":{"background-color":"","background-image":"","background-repeat":"repeat","background-position":"center center","background-size":"auto","background-attachment":"scroll","background-type":"","background-media":"","overlay-type":"","overlay-color":"","overlay-opacity":"","overlay-gradient":""},"mobile":{"background-color":"","background-image":"","background-repeat":"repeat","background-position":"center center","background-size":"auto","background-attachment":"scroll","background-type":"","background-media":"","overlay-type":"","overlay-color":"","overlay-opacity":"","overlay-gradient":""}},"ast-content-background-meta":{"desktop":{"background-color":"var(--ast-global-color-5)","background-image":"","background-repeat":"repeat","background-position":"center center","background-size":"auto","background-attachment":"scroll","background-type":"","background-media":"","overlay-type":"","overlay-color":"","overlay-opacity":"","overlay-gradient":""},"tablet":{"background-color":"var(--ast-global-color-5)","background-image":"","background-repeat":"repeat","background-position":"center center","background-size":"auto","background-attachment":"scroll","background-type":"","background-media":"","overlay-type":"","overlay-color":"","overlay-opacity":"","overlay-gradient":""},"mobile":{"background-color":"var(--ast-global-color-5)","background-image":"","background-repeat":"repeat","background-position":"center center","background-size":"auto","background-attachment":"scroll","background-type":"","background-media":"","overlay-type":"","overlay-color":"","overlay-opacity":"","overlay-gradient":""}},"footnotes":""},"class_list":["post-4903","page","type-page","status-publish","hentry"],"_links":{"self":[{"href":"https:\/\/blogs.uned.es\/marcapaginas\/wp-json\/wp\/v2\/pages\/4903","targetHints":{"allow":["GET"]}}],"collection":[{"href":"https:\/\/blogs.uned.es\/marcapaginas\/wp-json\/wp\/v2\/pages"}],"about":[{"href":"https:\/\/blogs.uned.es\/marcapaginas\/wp-json\/wp\/v2\/types\/page"}],"author":[{"embeddable":true,"href":"https:\/\/blogs.uned.es\/marcapaginas\/wp-json\/wp\/v2\/users\/7853"}],"replies":[{"embeddable":true,"href":"https:\/\/blogs.uned.es\/marcapaginas\/wp-json\/wp\/v2\/comments?post=4903"}],"version-history":[{"count":3,"href":"https:\/\/blogs.uned.es\/marcapaginas\/wp-json\/wp\/v2\/pages\/4903\/revisions"}],"predecessor-version":[{"id":5827,"href":"https:\/\/blogs.uned.es\/marcapaginas\/wp-json\/wp\/v2\/pages\/4903\/revisions\/5827"}],"wp:attachment":[{"href":"https:\/\/blogs.uned.es\/marcapaginas\/wp-json\/wp\/v2\/media?parent=4903"}],"curies":[{"name":"wp","href":"https:\/\/api.w.org\/{rel}","templated":true}]}}