{"id":27,"date":"2019-10-09T10:31:09","date_gmt":"2019-10-09T08:31:09","guid":{"rendered":"http:\/\/blogs.uned.es\/mads\/?page_id=27"},"modified":"2026-02-23T11:45:48","modified_gmt":"2026-02-23T10:45:48","slug":"plan","status":"publish","type":"page","link":"https:\/\/blogs.uned.es\/mads\/plan\/","title":{"rendered":"Plan de estudios"},"content":{"rendered":"\t\t<div data-elementor-type=\"wp-page\" data-elementor-id=\"27\" class=\"elementor elementor-27\">\n\t\t\t\t\t\t<section class=\"elementor-section elementor-top-section elementor-element elementor-element-bf7c492 elementor-section-height-min-height elementor-section-content-middle elementor-section-stretched elementor-section-boxed elementor-section-height-default elementor-section-items-middle\" data-id=\"bf7c492\" data-element_type=\"section\" data-e-type=\"section\" data-settings=\"{&quot;background_background&quot;:&quot;classic&quot;,&quot;stretch_section&quot;:&quot;section-stretched&quot;}\">\n\t\t\t\t\t\t\t<div class=\"elementor-background-overlay\"><\/div>\n\t\t\t\t\t\t\t<div class=\"elementor-container elementor-column-gap-default\">\n\t\t\t\t\t<div class=\"elementor-column elementor-col-100 elementor-top-column elementor-element elementor-element-30580bc\" data-id=\"30580bc\" data-element_type=\"column\" data-e-type=\"column\">\n\t\t\t<div class=\"elementor-widget-wrap elementor-element-populated\">\n\t\t\t\t\t\t<div class=\"elementor-element elementor-element-b5b669d elementor-widget__width-initial elementor-widget elementor-widget-heading\" data-id=\"b5b669d\" data-element_type=\"widget\" data-e-type=\"widget\" data-widget_type=\"heading.default\">\n\t\t\t\t<div class=\"elementor-widget-container\">\n\t\t\t\t\t<h2 class=\"elementor-heading-title elementor-size-default\">Plan de estudios<\/h2>\t\t\t\t<\/div>\n\t\t\t\t<\/div>\n\t\t\t\t\t<\/div>\n\t\t<\/div>\n\t\t\t\t\t<\/div>\n\t\t<\/section>\n\t\t\t\t<section class=\"elementor-section elementor-top-section elementor-element elementor-element-ebe999c elementor-section-boxed elementor-section-height-default elementor-section-height-default\" data-id=\"ebe999c\" data-element_type=\"section\" data-e-type=\"section\">\n\t\t\t\t\t\t<div class=\"elementor-container elementor-column-gap-default\">\n\t\t\t\t\t<div class=\"elementor-column elementor-col-100 elementor-top-column elementor-element elementor-element-4ce5f5f\" data-id=\"4ce5f5f\" data-element_type=\"column\" data-e-type=\"column\">\n\t\t\t<div class=\"elementor-widget-wrap\">\n\t\t\t\t\t\t\t<\/div>\n\t\t<\/div>\n\t\t\t\t\t<\/div>\n\t\t<\/section>\n\t\t\t\t<section class=\"elementor-section elementor-top-section elementor-element elementor-element-5492002 elementor-section-boxed elementor-section-height-default elementor-section-height-default\" data-id=\"5492002\" data-element_type=\"section\" data-e-type=\"section\">\n\t\t\t\t\t\t<div class=\"elementor-container elementor-column-gap-default\">\n\t\t\t\t\t<div class=\"elementor-column elementor-col-100 elementor-top-column elementor-element elementor-element-33f1238\" data-id=\"33f1238\" data-element_type=\"column\" data-e-type=\"column\">\n\t\t\t<div class=\"elementor-widget-wrap elementor-element-populated\">\n\t\t\t\t\t\t<div class=\"elementor-element elementor-element-c0bac2c elementor-widget elementor-widget-text-editor\" data-id=\"c0bac2c\" data-element_type=\"widget\" data-e-type=\"widget\" data-widget_type=\"text-editor.default\">\n\t\t\t\t<div class=\"elementor-widget-container\">\n\t\t\t\t\t\t\t\t\t<p style=\"text-align: left\">El plan de estudios del MADS comprende <span style=\"color: #000000\"><strong>60 ECTS<\/strong><\/span>. Est\u00e1 conformado por <span style=\"color: #003300\"><strong>7 asignaturas obligatorias <\/strong>(35 ECTS)<\/span>, <span style=\"color: #003300\"><strong>3 asignaturas optativas<\/strong><\/span> <span style=\"color: #000000\">(15 ECTS)<\/span> y un <span style=\"color: #003300\"><strong>Trabajo Final de M\u00e1ster <\/strong>(10 ECTS)<\/span>.<\/p><p style=\"text-align: left\">Asimismo, el MADS cuenta con <strong>3 talleres presenciales<\/strong><em>\u00a0<\/em>centrados en el an\u00e1lisis de datos estad\u00edsticos. Cada taller tendr\u00e1 lugar durante un viernes y un s\u00e1bado en la sede central de la UNED en Madrid (dos en el primer semestre, uno en el segundo).<\/p>\t\t\t\t\t\t\t\t<\/div>\n\t\t\t\t<\/div>\n\t\t\t\t\t<\/div>\n\t\t<\/div>\n\t\t\t\t\t<\/div>\n\t\t<\/section>\n\t\t\t\t<section class=\"elementor-section elementor-top-section elementor-element elementor-element-d453a06 elementor-section-boxed elementor-section-height-default elementor-section-height-default\" data-id=\"d453a06\" data-element_type=\"section\" data-e-type=\"section\">\n\t\t\t\t\t\t<div class=\"elementor-container elementor-column-gap-default\">\n\t\t\t\t\t<div class=\"elementor-column elementor-col-100 elementor-top-column elementor-element elementor-element-177b77e\" data-id=\"177b77e\" data-element_type=\"column\" data-e-type=\"column\">\n\t\t\t<div class=\"elementor-widget-wrap\">\n\t\t\t\t\t\t\t<\/div>\n\t\t<\/div>\n\t\t\t\t\t<\/div>\n\t\t<\/section>\n\t\t\t\t<section class=\"elementor-section elementor-top-section elementor-element elementor-element-bca893a elementor-section-boxed elementor-section-height-default elementor-section-height-default\" data-id=\"bca893a\" data-element_type=\"section\" data-e-type=\"section\">\n\t\t\t\t\t\t<div class=\"elementor-container elementor-column-gap-default\">\n\t\t\t\t\t<div class=\"elementor-column elementor-col-50 elementor-top-column elementor-element elementor-element-1b99474\" data-id=\"1b99474\" data-element_type=\"column\" data-e-type=\"column\">\n\t\t\t<div class=\"elementor-widget-wrap elementor-element-populated\">\n\t\t\t\t\t\t<div class=\"elementor-element elementor-element-a2017af elementor-widget elementor-widget-heading\" data-id=\"a2017af\" data-element_type=\"widget\" data-e-type=\"widget\" data-widget_type=\"heading.default\">\n\t\t\t\t<div class=\"elementor-widget-container\">\n\t\t\t\t\t<h2 class=\"elementor-heading-title elementor-size-default\">Primer semestre<\/h2>\t\t\t\t<\/div>\n\t\t\t\t<\/div>\n\t\t\t\t<section class=\"elementor-section elementor-inner-section elementor-element elementor-element-36b29ec elementor-section-boxed elementor-section-height-default elementor-section-height-default\" data-id=\"36b29ec\" data-element_type=\"section\" data-e-type=\"section\">\n\t\t\t\t\t\t<div class=\"elementor-container elementor-column-gap-default\">\n\t\t\t\t\t<div class=\"elementor-column elementor-col-100 elementor-inner-column elementor-element elementor-element-94a8c50\" data-id=\"94a8c50\" data-element_type=\"column\" data-e-type=\"column\">\n\t\t\t<div class=\"elementor-widget-wrap elementor-element-populated\">\n\t\t\t\t\t\t<div class=\"elementor-element elementor-element-6aec778 elementor-widget elementor-widget-text-editor\" data-id=\"6aec778\" data-element_type=\"widget\" data-e-type=\"widget\" data-widget_type=\"text-editor.default\">\n\t\t\t\t<div class=\"elementor-widget-container\">\n\t\t\t\t\t\t\t\t\t<ul><li>Din\u00e1micas demogr\u00e1ficas<\/li><li>Movilidad y reproducci\u00f3n social<\/li><li>Desigualdades y mercado laboral<\/li><li>Desigualdades de g\u00e9nero y ciclo vital<\/li><li>Desigualdades en la participaci\u00f3n sociopol\u00edtica<\/li><li>Dise\u00f1os de investigaci\u00f3n + Talleres 1 y 2<\/li><li>Trabajo de Fin de M\u00e1ster (TFM)<\/li><\/ul>\t\t\t\t\t\t\t\t<\/div>\n\t\t\t\t<\/div>\n\t\t\t\t\t<\/div>\n\t\t<\/div>\n\t\t\t\t\t<\/div>\n\t\t<\/section>\n\t\t\t\t\t<\/div>\n\t\t<\/div>\n\t\t\t\t<div class=\"elementor-column elementor-col-50 elementor-top-column elementor-element elementor-element-0dac741\" data-id=\"0dac741\" data-element_type=\"column\" data-e-type=\"column\">\n\t\t\t<div class=\"elementor-widget-wrap elementor-element-populated\">\n\t\t\t\t\t\t<div class=\"elementor-element elementor-element-759c4d3 elementor-widget elementor-widget-heading\" data-id=\"759c4d3\" data-element_type=\"widget\" data-e-type=\"widget\" data-widget_type=\"heading.default\">\n\t\t\t\t<div class=\"elementor-widget-container\">\n\t\t\t\t\t<h2 class=\"elementor-heading-title elementor-size-default\">Segundo semestre<\/h2>\t\t\t\t<\/div>\n\t\t\t\t<\/div>\n\t\t\t\t<section class=\"elementor-section elementor-inner-section elementor-element elementor-element-aaf9550 elementor-section-boxed elementor-section-height-default elementor-section-height-default\" data-id=\"aaf9550\" data-element_type=\"section\" data-e-type=\"section\">\n\t\t\t\t\t\t<div class=\"elementor-container elementor-column-gap-default\">\n\t\t\t\t\t<div class=\"elementor-column elementor-col-100 elementor-inner-column elementor-element elementor-element-d56f33d\" data-id=\"d56f33d\" data-element_type=\"column\" data-e-type=\"column\">\n\t\t\t<div class=\"elementor-widget-wrap elementor-element-populated\">\n\t\t\t\t\t\t<div class=\"elementor-element elementor-element-ddb402b elementor-widget elementor-widget-text-editor\" data-id=\"ddb402b\" data-element_type=\"widget\" data-e-type=\"widget\" data-widget_type=\"text-editor.default\">\n\t\t\t\t<div class=\"elementor-widget-container\">\n\t\t\t\t\t\t\t\t\t<ul><li>An\u00e1lisis avanzado de datos + Taller 3<\/li><li><i>Optativa 1<\/i><\/li><li><i>Optativa 2<\/i><\/li><li><i>Optativa 3<\/i><\/li><li>Trabajo de Fin de M\u00e1ster (TFM)<\/li><\/ul>\t\t\t\t\t\t\t\t<\/div>\n\t\t\t\t<\/div>\n\t\t\t\t\t<\/div>\n\t\t<\/div>\n\t\t\t\t\t<\/div>\n\t\t<\/section>\n\t\t\t\t\t<\/div>\n\t\t<\/div>\n\t\t\t\t\t<\/div>\n\t\t<\/section>\n\t\t\t\t<section class=\"elementor-section elementor-top-section elementor-element elementor-element-5206442 elementor-section-boxed elementor-section-height-default elementor-section-height-default\" data-id=\"5206442\" data-element_type=\"section\" data-e-type=\"section\">\n\t\t\t\t\t\t<div class=\"elementor-container elementor-column-gap-default\">\n\t\t\t\t\t<div class=\"elementor-column elementor-col-100 elementor-top-column elementor-element elementor-element-746eef3\" data-id=\"746eef3\" data-element_type=\"column\" data-e-type=\"column\">\n\t\t\t<div class=\"elementor-widget-wrap elementor-element-populated\">\n\t\t\t\t\t\t<div class=\"elementor-element elementor-element-e57e610 elementor-widget elementor-widget-heading\" data-id=\"e57e610\" data-element_type=\"widget\" data-e-type=\"widget\" data-widget_type=\"heading.default\">\n\t\t\t\t<div class=\"elementor-widget-container\">\n\t\t\t\t\t<h2 class=\"elementor-heading-title elementor-size-default\">[Asignaturas optativas]<\/h2>\t\t\t\t<\/div>\n\t\t\t\t<\/div>\n\t\t\t\t<section class=\"elementor-section elementor-inner-section elementor-element elementor-element-0c92cc2 elementor-section-boxed elementor-section-height-default elementor-section-height-default\" data-id=\"0c92cc2\" data-element_type=\"section\" data-e-type=\"section\">\n\t\t\t\t\t\t<div class=\"elementor-container elementor-column-gap-default\">\n\t\t\t\t\t<div class=\"elementor-column elementor-col-100 elementor-inner-column elementor-element elementor-element-a7b97d2\" data-id=\"a7b97d2\" data-element_type=\"column\" data-e-type=\"column\">\n\t\t\t<div class=\"elementor-widget-wrap elementor-element-populated\">\n\t\t\t\t\t\t<div class=\"elementor-element elementor-element-a4e1896 elementor-widget elementor-widget-text-editor\" data-id=\"a4e1896\" data-element_type=\"widget\" data-e-type=\"widget\" data-widget_type=\"text-editor.default\">\n\t\t\t\t<div class=\"elementor-widget-container\">\n\t\t\t\t\t\t\t\t\t<ul><li>Desigualdades educativas<\/li><li>Desigualdades territoriales<\/li><li>Migraci\u00f3n y desigualdades \u00e9tnicas<\/li><li>Mercado, familia y Estado en Europa<\/li><li>Pol\u00edticas p\u00fablicas para la igualdad de g\u00e9nero<\/li><li>Distribuci\u00f3n de la renta y pol\u00edticas redistributivas<\/li><li>Desigualdades en la salud y el bienestar<\/li><\/ul>\t\t\t\t\t\t\t\t<\/div>\n\t\t\t\t<\/div>\n\t\t\t\t\t<\/div>\n\t\t<\/div>\n\t\t\t\t\t<\/div>\n\t\t<\/section>\n\t\t\t\t\t<\/div>\n\t\t<\/div>\n\t\t\t\t\t<\/div>\n\t\t<\/section>\n\t\t\t\t<\/div>\n\t\t","protected":false},"excerpt":{"rendered":"<p>Plan de estudios El plan de estudios del MADS comprende 60 ECTS. Est\u00e1 conformado por 7 asignaturas obligatorias (35 ECTS), 3 asignaturas optativas (15 ECTS) y un Trabajo Final de M\u00e1ster (10 ECTS). Asimismo, el MADS cuenta con 3 talleres presenciales\u00a0centrados en el an\u00e1lisis de datos estad\u00edsticos. Cada taller tendr\u00e1 lugar durante un viernes y un s\u00e1bado en la sede central de la UNED en Madrid (dos en el primer semestre, uno en el segundo). Primer semestre Din\u00e1micas demogr\u00e1ficas Movilidad y reproducci\u00f3n social Desigualdades y mercado laboral Desigualdades de g\u00e9nero y ciclo vital Desigualdades en la participaci\u00f3n sociopol\u00edtica Dise\u00f1os de investigaci\u00f3n + Talleres 1 y 2 Trabajo de Fin de M\u00e1ster (TFM) Segundo semestre An\u00e1lisis avanzado de datos + Taller 3 Optativa 1 Optativa 2 Optativa 3 Trabajo de Fin de M\u00e1ster (TFM) [Asignaturas optativas] Desigualdades educativas Desigualdades territoriales Migraci\u00f3n y desigualdades \u00e9tnicas Mercado, familia y Estado en Europa Pol\u00edticas&hellip;<\/p>\n<p> <a class=\"more-link\" href=\"https:\/\/blogs.uned.es\/mads\/plan\/\">Leer m\u00e1s<\/a><\/p>\n","protected":false},"author":1,"featured_media":0,"parent":0,"menu_order":0,"comment_status":"closed","ping_status":"closed","template":"","meta":{"footnotes":""},"class_list":["post-27","page","type-page","status-publish"],"_links":{"self":[{"href":"https:\/\/blogs.uned.es\/mads\/wp-json\/wp\/v2\/pages\/27","targetHints":{"allow":["GET"]}}],"collection":[{"href":"https:\/\/blogs.uned.es\/mads\/wp-json\/wp\/v2\/pages"}],"about":[{"href":"https:\/\/blogs.uned.es\/mads\/wp-json\/wp\/v2\/types\/page"}],"author":[{"embeddable":true,"href":"https:\/\/blogs.uned.es\/mads\/wp-json\/wp\/v2\/users\/1"}],"replies":[{"embeddable":true,"href":"https:\/\/blogs.uned.es\/mads\/wp-json\/wp\/v2\/comments?post=27"}],"version-history":[{"count":101,"href":"https:\/\/blogs.uned.es\/mads\/wp-json\/wp\/v2\/pages\/27\/revisions"}],"predecessor-version":[{"id":2835,"href":"https:\/\/blogs.uned.es\/mads\/wp-json\/wp\/v2\/pages\/27\/revisions\/2835"}],"wp:attachment":[{"href":"https:\/\/blogs.uned.es\/mads\/wp-json\/wp\/v2\/media?parent=27"}],"curies":[{"name":"wp","href":"https:\/\/api.w.org\/{rel}","templated":true}]}}