{"id":987,"date":"2025-06-30T19:38:52","date_gmt":"2025-06-30T17:38:52","guid":{"rendered":"https:\/\/blogs.uned.es\/madrematicas\/?page_id=987"},"modified":"2026-04-10T12:21:18","modified_gmt":"2026-04-10T10:21:18","slug":"fecyt","status":"publish","type":"page","link":"https:\/\/blogs.uned.es\/madrematicas\/fecyt\/","title":{"rendered":"Proyecto FECYT"},"content":{"rendered":"\t\t<div data-elementor-type=\"wp-page\" data-elementor-id=\"987\" class=\"elementor elementor-987\" data-elementor-post-type=\"page\">\n\t\t\t\t\t\t<section class=\"elementor-section elementor-top-section elementor-element elementor-element-e466fbc elementor-section-boxed elementor-section-height-default elementor-section-height-default\" data-id=\"e466fbc\" data-element_type=\"section\" data-e-type=\"section\">\n\t\t\t\t\t\t<div class=\"elementor-container elementor-column-gap-default\">\n\t\t\t\t\t<div class=\"elementor-column elementor-col-100 elementor-top-column elementor-element elementor-element-6eee715\" data-id=\"6eee715\" data-element_type=\"column\" data-e-type=\"column\">\n\t\t\t<div class=\"elementor-widget-wrap elementor-element-populated\">\n\t\t\t\t\t\t<div class=\"elementor-element elementor-element-737cc8d elementor-widget elementor-widget-image\" data-id=\"737cc8d\" data-element_type=\"widget\" data-e-type=\"widget\" data-widget_type=\"image.default\">\n\t\t\t\t<div class=\"elementor-widget-container\">\n\t\t\t\t\t\t\t\t\t\t\t\t\t\t\t<img decoding=\"async\" src=\"https:\/\/blogs.uned.es\/madrematicas\/wp-content\/uploads\/sites\/593\/2025\/07\/Logo-Ministerio-FECYT-Banderas.svg\" class=\"attachment-full size-full wp-image-1041\" alt=\"\" \/>\t\t\t\t\t\t\t\t\t\t\t\t\t\t\t<\/div>\n\t\t\t\t<\/div>\n\t\t\t\t<div class=\"elementor-element elementor-element-be73556 elementor-widget elementor-widget-text-editor\" data-id=\"be73556\" data-element_type=\"widget\" data-e-type=\"widget\" data-widget_type=\"text-editor.default\">\n\t\t\t\t<div class=\"elementor-widget-container\">\n\t\t\t\t\t\t\t\t\t<p><strong data-start=\"1065\" data-end=\"1207\">Proyecto financiado por la Fundaci\u00f3n Espa\u00f1ola para la Ciencia y la Tecnolog\u00eda (FECYT) \u2013 Ministerio de Ciencia, Innovaci\u00f3n y Universidades.<\/strong><\/p><h3><strong data-start=\"1212\" data-end=\"1277\">\u00ab<\/strong><span data-start=\"1212\" data-end=\"1277\"><b>MATES: sin comprensi\u00f3n no hay soluci\u00f3n\u00bb (Ref. FCT-24-20694)<\/b><\/span><strong data-start=\"1212\" data-end=\"1277\">.\u00a0<\/strong><\/h3><p><strong data-start=\"1282\" data-end=\"1423\">Con la participaci\u00f3n del grupo de divulgaci\u00f3n Madrem\u00e1ticas, integrado por los profesores:<\/strong><\/p><p><a href=\"https:\/\/www.uned.es\/universidad\/docentes\/industriales\/estibalitz-durand-cartagena.html\">Estibalitz Durand Cartagena<\/a>,\u00a0<a href=\"https:\/\/www.uned.es\/universidad\/docentes\/industriales\/esther-gil-cid.html\">Esther Gil Cid<\/a>,\u00a0<a href=\"https:\/\/www.uned.es\/universidad\/docentes\/industriales\/elvira-hernandez-garcia.html\">Elvira Hern\u00e1ndez Garc\u00eda (responsable)<\/a>,\u00a0<a href=\"https:\/\/www.uned.es\/universidad\/docentes\/industriales\/maria-del-carmen-munoz-garcia.html\">Carmen Mu\u00f1oz Garc\u00eda<\/a>,\u00a0<a href=\"https:\/\/www.uned.es\/universidad\/docentes\/industriales\/juan-jacobo-peran-mazon.html\">Juan Per\u00e1n Maz\u00f3n<\/a><\/p><p><strong data-start=\"1282\" data-end=\"1423\">del Departamento de Matem\u00e1tica Aplicada de la UNED.\u00a0<\/strong><\/p><p><strong style=\"color: black;font-size: 10.5pt\">ENTIDADES FINANCIADORAS:<\/strong><span style=\"color: black;font-size: 10.5pt\"> FECYT, UNED, y la editorial Sanz y Torres.<\/span><\/p><p><span style=\"font-size: 10.5pt;line-height: 116%;color: black\"><span style=\"font-weight: bold\">PERIODO DE EJECUCI\u00d3N:<\/span><span style=\"font-weight: 600\"> desde el 1 de octubre\u00a0 2025\u00a0 \u00a0hasta el\u00a0 30 septiembre\u00a0 2026 <\/span><\/span><\/p><p><a href=\"https:\/\/canal.uned.es\/video\/68fa1e529971e1c5180d0934\" target=\"_blank\" rel=\"noopener\"><span style=\"color: #339966\"><strong>VIDEO PROMOCIONAL <\/strong><\/span><\/a><a href=\"https:\/\/www.uned.es\/universidad\/inicio\/noticias\/mostrarnoticia?noticia=sin-comprension-no-hay-solucion-la-uned-lanza-mates-para-transformar-la-ensenanza-de-las-matematicas\" target=\"_blank\" rel=\"noopener\">NOTICIA DEL INICIO\u00a0 M\u00c1S COMPLETA<\/a>\u00a0(23 de octubre de 2025)\u00a0 <a style=\"background-color: #ffffff;color: #565656\" href=\"https:\/\/unedo365-my.sharepoint.com\/:b:\/g\/personal\/ehernandez_ind_uned_es\/IQBAiO0WR28rS4rhiBiiQTzTAYa5ncVODWxbr6ZjASwYOZg?e=6g7dbG\" target=\"_blank\" rel=\"noopener\"><span style=\"color: #339966\"><span style=\"font-weight: bold\">FOLLETO PARA IMPRIMIR<\/span><\/span><\/a><\/p><p><a href=\"https:\/\/www.uned.es\/universidad\/inicio\/noticias\/mostrarnoticia?noticia=la-uned-presenta-el-proyecto-mates-para-acercar-las-matematicas-a-la-infancia\">NOTICIA Y VIDEO DE PRESENTACI\u00d3N E INICIO ACCI\u00d3N CUENTA<\/a> (25 y 26 de marzo de 2026) <a href=\"https:\/\/unedo365-my.sharepoint.com\/:i:\/g\/personal\/ehernandez_ind_uned_es\/IQD8qjOrapu_T7__b5G4sdN1AV0Wo6xrcS_gAF4IwLrpF7Q?e=rsY5zy\"><b>CARTEL DE LA PRESENTACI\u00d3N<\/b><\/a><\/p>\t\t\t\t\t\t\t\t<\/div>\n\t\t\t\t<\/div>\n\t\t\t\t<div class=\"elementor-element elementor-element-416fc1c elementor-widget elementor-widget-heading\" data-id=\"416fc1c\" data-element_type=\"widget\" data-e-type=\"widget\" data-widget_type=\"heading.default\">\n\t\t\t\t<div class=\"elementor-widget-container\">\n\t\t\t\t\t<div class=\"elementor-heading-title elementor-size-default\"><a href=\"https:\/\/unedo365-my.sharepoint.com\/:b:\/g\/personal\/ehernandez_ind_uned_es\/EXJhu9RUDplGvzq7uHIeefsBQp2RdC-1Qt3RQbxtzVBsNQ?e=7f9V5c\"><font color=\"#000000\"><span style=\"font-size: 14px\">El t\u00edtulo MATES: sin comprensi\u00f3n no hay soluci\u00f3n elude que la comprensi\u00f3n lectora ser\u00e1 el leitmotiv de las actividades propuestas en el aula de Matem\u00e1ticas.<\/span><\/font><br><font color=\"#000000\"><span style=\"font-size: 14px\">M\u00e1s informaci\u00f3n AQU\u00cd.<\/span><\/font><\/a><\/div>\t\t\t\t<\/div>\n\t\t\t\t<\/div>\n\t\t\t\t<div class=\"elementor-element elementor-element-386a0a1 elementor-widget elementor-widget-heading\" data-id=\"386a0a1\" data-element_type=\"widget\" data-e-type=\"widget\" data-widget_type=\"heading.default\">\n\t\t\t\t<div class=\"elementor-widget-container\">\n\t\t\t\t\t<h2 class=\"elementor-heading-title elementor-size-default\">ACCIONES DEL PROYECTO<\/h2>\t\t\t\t<\/div>\n\t\t\t\t<\/div>\n\t\t\t\t\t<\/div>\n\t\t<\/div>\n\t\t\t\t\t<\/div>\n\t\t<\/section>\n\t\t\t\t<section class=\"elementor-section elementor-top-section elementor-element elementor-element-0c9929b elementor-section-boxed elementor-section-height-default elementor-section-height-default\" data-id=\"0c9929b\" data-element_type=\"section\" data-e-type=\"section\">\n\t\t\t\t\t\t<div class=\"elementor-container elementor-column-gap-default\">\n\t\t\t\t\t<div class=\"elementor-column elementor-col-33 elementor-top-column elementor-element elementor-element-7ade2c3\" data-id=\"7ade2c3\" data-element_type=\"column\" data-e-type=\"column\">\n\t\t\t<div class=\"elementor-widget-wrap elementor-element-populated\">\n\t\t\t\t\t\t<div class=\"elementor-element elementor-element-0f11910 elementor-widget elementor-widget-text-editor\" data-id=\"0f11910\" data-element_type=\"widget\" data-e-type=\"widget\" data-widget_type=\"text-editor.default\">\n\t\t\t\t<div class=\"elementor-widget-container\">\n\t\t\t\t\t\t\t\t\t<h1 style=\"text-align: center\">DICE<\/h1>\t\t\t\t\t\t\t\t<\/div>\n\t\t\t\t<\/div>\n\t\t\t\t<div class=\"elementor-element elementor-element-7020b5d elementor-view-default elementor-widget elementor-widget-icon\" data-id=\"7020b5d\" data-element_type=\"widget\" data-e-type=\"widget\" data-widget_type=\"icon.default\">\n\t\t\t\t<div class=\"elementor-widget-container\">\n\t\t\t\t\t\t\t<div class=\"elementor-icon-wrapper\">\n\t\t\t<a class=\"elementor-icon\" href=\"https:\/\/unedo365-my.sharepoint.com\/:b:\/g\/personal\/ehernandez_ind_uned_es\/EVBwesdbJAZLunFLNyKKqCMBOgLmrZjFb97G9GZG6vqAvg?e=cZYBfd\">\n\t\t\t<i aria-hidden=\"true\" class=\"far fa-comments\"><\/i>\t\t\t<\/a>\n\t\t<\/div>\n\t\t\t\t\t\t<\/div>\n\t\t\t\t<\/div>\n\t\t\t\t<div class=\"elementor-element elementor-element-0a6c75a elementor-widget elementor-widget-text-editor\" data-id=\"0a6c75a\" data-element_type=\"widget\" data-e-type=\"widget\" data-widget_type=\"text-editor.default\">\n\t\t\t\t<div class=\"elementor-widget-container\">\n\t\t\t\t\t\t\t\t\t<p style=\"text-align: center\"><b>Di\u00e1logos y exploraci\u00f3n<\/b> en talleres escolares en primaria y secundaria<\/p>\t\t\t\t\t\t\t\t<\/div>\n\t\t\t\t<\/div>\n\t\t\t\t\t<\/div>\n\t\t<\/div>\n\t\t\t\t<div class=\"elementor-column elementor-col-33 elementor-top-column elementor-element elementor-element-8616bb9\" data-id=\"8616bb9\" data-element_type=\"column\" data-e-type=\"column\">\n\t\t\t<div class=\"elementor-widget-wrap elementor-element-populated\">\n\t\t\t\t\t\t<div class=\"elementor-element elementor-element-c7499bb elementor-widget elementor-widget-text-editor\" data-id=\"c7499bb\" data-element_type=\"widget\" data-e-type=\"widget\" data-widget_type=\"text-editor.default\">\n\t\t\t\t<div class=\"elementor-widget-container\">\n\t\t\t\t\t\t\t\t\t<h1 style=\"text-align: center\">CUENTA<\/h1>\t\t\t\t\t\t\t\t<\/div>\n\t\t\t\t<\/div>\n\t\t\t\t<div class=\"elementor-element elementor-element-8f1a38b elementor-view-default elementor-widget elementor-widget-icon\" data-id=\"8f1a38b\" data-element_type=\"widget\" data-e-type=\"widget\" data-widget_type=\"icon.default\">\n\t\t\t\t<div class=\"elementor-widget-container\">\n\t\t\t\t\t\t\t<div class=\"elementor-icon-wrapper\">\n\t\t\t<a class=\"elementor-icon\" href=\"https:\/\/unedo365-my.sharepoint.com\/:b:\/g\/personal\/ehernandez_ind_uned_es\/EUt_31JhicFGs9aQnJlzBcMB8a1yTH_vw3SSFdPTecdOgg?e=7an8PB\">\n\t\t\t<i aria-hidden=\"true\" class=\"fas fa-book-open\"><\/i>\t\t\t<\/a>\n\t\t<\/div>\n\t\t\t\t\t\t<\/div>\n\t\t\t\t<\/div>\n\t\t\t\t<div class=\"elementor-element elementor-element-1c0f39b elementor-widget elementor-widget-text-editor\" data-id=\"1c0f39b\" data-element_type=\"widget\" data-e-type=\"widget\" data-widget_type=\"text-editor.default\">\n\t\t\t\t<div class=\"elementor-widget-container\">\n\t\t\t\t\t\t\t\t\t<p style=\"text-align: center\"><b>Cuentacuento<\/b> con taller en bibliotecas y engrega del \u00e1lbum ilustrado<\/p><p><strong><em>Blanca Matem\u00e1tica: En busca del principio<\/em><\/strong><\/p><p>Est\u00e1 disponible en google books, <a href=\"https:\/\/books.google.es\/books\/about?id=pwfLEQAAQBAJ&amp;redir_esc=y\">aqu\u00ed\u00a0<\/a><\/p>\t\t\t\t\t\t\t\t<\/div>\n\t\t\t\t<\/div>\n\t\t\t\t\t<\/div>\n\t\t<\/div>\n\t\t\t\t<div class=\"elementor-column elementor-col-33 elementor-top-column elementor-element elementor-element-3952f69\" data-id=\"3952f69\" data-element_type=\"column\" data-e-type=\"column\">\n\t\t\t<div class=\"elementor-widget-wrap elementor-element-populated\">\n\t\t\t\t\t\t<div class=\"elementor-element elementor-element-3ae4879 elementor-widget elementor-widget-text-editor\" data-id=\"3ae4879\" data-element_type=\"widget\" data-e-type=\"widget\" data-widget_type=\"text-editor.default\">\n\t\t\t\t<div class=\"elementor-widget-container\">\n\t\t\t\t\t\t\t\t\t<h1 style=\"text-align: center\">ENCUENTRO<\/h1>\t\t\t\t\t\t\t\t<\/div>\n\t\t\t\t<\/div>\n\t\t\t\t<div class=\"elementor-element elementor-element-783b014 elementor-view-default elementor-widget elementor-widget-icon\" data-id=\"783b014\" data-element_type=\"widget\" data-e-type=\"widget\" data-widget_type=\"icon.default\">\n\t\t\t\t<div class=\"elementor-widget-container\">\n\t\t\t\t\t\t\t<div class=\"elementor-icon-wrapper\">\n\t\t\t<a class=\"elementor-icon\" href=\"https:\/\/unedo365-my.sharepoint.com\/:b:\/g\/personal\/ehernandez_ind_uned_es\/EaFJ4B42MRhMtJ-xkh_FX3wB0nJ5T9uokXF-tmcB9UL3qA?e=r1m0I3\">\n\t\t\t<i aria-hidden=\"true\" class=\"fas fa-compress-arrows-alt\"><\/i>\t\t\t<\/a>\n\t\t<\/div>\n\t\t\t\t\t\t<\/div>\n\t\t\t\t<\/div>\n\t\t\t\t<div class=\"elementor-element elementor-element-7cc163b elementor-widget elementor-widget-text-editor\" data-id=\"7cc163b\" data-element_type=\"widget\" data-e-type=\"widget\" data-widget_type=\"text-editor.default\">\n\t\t\t\t<div class=\"elementor-widget-container\">\n\t\t\t\t\t\t\t\t\t<p style=\"text-align: center\">Reuniones amenizadas que buscan acercar las matem\u00e1ticas a <b>p\u00fablico general<\/b><\/p>\t\t\t\t\t\t\t\t<\/div>\n\t\t\t\t<\/div>\n\t\t\t\t\t<\/div>\n\t\t<\/div>\n\t\t\t\t\t<\/div>\n\t\t<\/section>\n\t\t\t\t<section class=\"elementor-section elementor-top-section elementor-element elementor-element-85d0268 elementor-section-boxed elementor-section-height-default elementor-section-height-default\" data-id=\"85d0268\" data-element_type=\"section\" data-e-type=\"section\">\n\t\t\t\t\t\t<div class=\"elementor-container elementor-column-gap-default\">\n\t\t\t\t\t<div class=\"elementor-column elementor-col-100 elementor-top-column elementor-element elementor-element-248044d\" data-id=\"248044d\" data-element_type=\"column\" data-e-type=\"column\">\n\t\t\t<div class=\"elementor-widget-wrap elementor-element-populated\">\n\t\t\t\t\t\t<div class=\"elementor-element elementor-element-b7ec147 elementor-widget elementor-widget-heading\" data-id=\"b7ec147\" data-element_type=\"widget\" data-e-type=\"widget\" data-widget_type=\"heading.default\">\n\t\t\t\t<div class=\"elementor-widget-container\">\n\t\t\t\t\t<h4 class=\"elementor-heading-title elementor-size-default\">Colaboran<\/u>: Antono Manuel Vargas Ure\u00f1a, M\u00aa Carmen Barrientos Bon, Carlos Javier L\u00f3pez G\u00f3mez, Blanca Fern\u00e1ndez Besoy,  Cristina Juarranz Ba\u00f1os, Claudia Guerrero-Garc\u00eda Heras, Juan Antonio Juano Ayll\u00f3n, Eva Sotres Cruz y Rafael Mateo Galindo. <br><u><\/h4>\t\t\t\t<\/div>\n\t\t\t\t<\/div>\n\t\t\t\t\t<\/div>\n\t\t<\/div>\n\t\t\t\t\t<\/div>\n\t\t<\/section>\n\t\t\t\t<section class=\"elementor-section elementor-top-section elementor-element elementor-element-f5e2a86 elementor-section-boxed elementor-section-height-default elementor-section-height-default\" data-id=\"f5e2a86\" data-element_type=\"section\" data-e-type=\"section\">\n\t\t\t\t\t\t<div class=\"elementor-container elementor-column-gap-default\">\n\t\t\t\t\t<div class=\"elementor-column elementor-col-100 elementor-top-column elementor-element elementor-element-00b3bcc\" data-id=\"00b3bcc\" data-element_type=\"column\" data-e-type=\"column\">\n\t\t\t<div class=\"elementor-widget-wrap elementor-element-populated\">\n\t\t\t\t\t\t<div class=\"elementor-element elementor-element-c45e651 elementor-widget elementor-widget-image\" data-id=\"c45e651\" data-element_type=\"widget\" data-e-type=\"widget\" data-widget_type=\"image.default\">\n\t\t\t\t<div class=\"elementor-widget-container\">\n\t\t\t\t\t\t\t\t\t\t\t\t\t\t\t\t<a href=\"https:\/\/view.genially.com\/6935e0402d2c61e07f865842\/interactive-content-actividades-del-fecyt-ref-fct-24-20694\">\n\t\t\t\t\t\t\t<img fetchpriority=\"high\" decoding=\"async\" width=\"682\" height=\"371\" src=\"https:\/\/blogs.uned.es\/madrematicas\/wp-content\/uploads\/sites\/593\/2026\/03\/calendario-02-03-26.png\" class=\"attachment-large size-large wp-image-3015\" alt=\"\" srcset=\"https:\/\/blogs.uned.es\/madrematicas\/wp-content\/uploads\/sites\/593\/2026\/03\/calendario-02-03-26.png 682w, https:\/\/blogs.uned.es\/madrematicas\/wp-content\/uploads\/sites\/593\/2026\/03\/calendario-02-03-26-300x163.png 300w\" sizes=\"(max-width: 682px) 100vw, 682px\" \/>\t\t\t\t\t\t\t\t<\/a>\n\t\t\t\t\t\t\t\t\t\t\t\t\t\t\t<\/div>\n\t\t\t\t<\/div>\n\t\t\t\t\t<\/div>\n\t\t<\/div>\n\t\t\t\t\t<\/div>\n\t\t<\/section>\n\t\t\t\t<section class=\"elementor-section elementor-top-section elementor-element elementor-element-3ed69a2 elementor-section-boxed elementor-section-height-default elementor-section-height-default\" data-id=\"3ed69a2\" data-element_type=\"section\" data-e-type=\"section\">\n\t\t\t\t\t\t<div class=\"elementor-container elementor-column-gap-default\">\n\t\t\t\t\t<div class=\"elementor-column elementor-col-100 elementor-top-column elementor-element elementor-element-9888707\" data-id=\"9888707\" data-element_type=\"column\" data-e-type=\"column\">\n\t\t\t<div class=\"elementor-widget-wrap\">\n\t\t\t\t\t\t\t<\/div>\n\t\t<\/div>\n\t\t\t\t\t<\/div>\n\t\t<\/section>\n\t\t\t\t<section class=\"elementor-section elementor-top-section elementor-element elementor-element-4643fd6 elementor-section-boxed elementor-section-height-default elementor-section-height-default\" data-id=\"4643fd6\" data-element_type=\"section\" data-e-type=\"section\">\n\t\t\t\t\t\t<div class=\"elementor-container elementor-column-gap-default\">\n\t\t\t\t\t<div class=\"elementor-column elementor-col-50 elementor-top-column elementor-element elementor-element-c601b01\" data-id=\"c601b01\" data-element_type=\"column\" data-e-type=\"column\">\n\t\t\t<div class=\"elementor-widget-wrap elementor-element-populated\">\n\t\t\t\t\t\t<div class=\"elementor-element elementor-element-9ace9a8 elementor-widget elementor-widget-image\" data-id=\"9ace9a8\" data-element_type=\"widget\" data-e-type=\"widget\" data-widget_type=\"image.default\">\n\t\t\t\t<div class=\"elementor-widget-container\">\n\t\t\t\t\t\t\t\t\t\t\t\t\t\t\t\t<a href=\"https:\/\/view.genially.com\/67829826306e88f01ac61ba5\/horizontal-infographic-diagrams-temporalizacion-fecyt\">\n\t\t\t\t\t\t\t<img decoding=\"async\" width=\"800\" height=\"433\" src=\"https:\/\/blogs.uned.es\/madrematicas\/wp-content\/uploads\/sites\/593\/2025\/07\/TEMPORALIZACION.png\" class=\"attachment-large size-large wp-image-1485\" alt=\"\" srcset=\"https:\/\/blogs.uned.es\/madrematicas\/wp-content\/uploads\/sites\/593\/2025\/07\/TEMPORALIZACION.png 937w, https:\/\/blogs.uned.es\/madrematicas\/wp-content\/uploads\/sites\/593\/2025\/07\/TEMPORALIZACION-300x162.png 300w, https:\/\/blogs.uned.es\/madrematicas\/wp-content\/uploads\/sites\/593\/2025\/07\/TEMPORALIZACION-768x416.png 768w\" sizes=\"(max-width: 800px) 100vw, 800px\" \/>\t\t\t\t\t\t\t\t<\/a>\n\t\t\t\t\t\t\t\t\t\t\t\t\t\t\t<\/div>\n\t\t\t\t<\/div>\n\t\t\t\t\t<\/div>\n\t\t<\/div>\n\t\t\t\t<div class=\"elementor-column elementor-col-50 elementor-top-column elementor-element elementor-element-e767f13\" data-id=\"e767f13\" data-element_type=\"column\" data-e-type=\"column\">\n\t\t\t<div class=\"elementor-widget-wrap elementor-element-populated\">\n\t\t\t\t\t\t<div class=\"elementor-element elementor-element-9430d40 elementor-widget elementor-widget-image\" data-id=\"9430d40\" data-element_type=\"widget\" data-e-type=\"widget\" data-widget_type=\"image.default\">\n\t\t\t\t<div class=\"elementor-widget-container\">\n\t\t\t\t\t\t\t\t\t\t\t\t\t\t\t<img decoding=\"async\" width=\"300\" height=\"300\" src=\"https:\/\/blogs.uned.es\/madrematicas\/wp-content\/uploads\/sites\/593\/2025\/10\/LOGO-SELLO-MATES-negro-300x300.png\" class=\"attachment-medium size-medium wp-image-2347\" alt=\"\" srcset=\"https:\/\/blogs.uned.es\/madrematicas\/wp-content\/uploads\/sites\/593\/2025\/10\/LOGO-SELLO-MATES-negro-300x300.png 300w, https:\/\/blogs.uned.es\/madrematicas\/wp-content\/uploads\/sites\/593\/2025\/10\/LOGO-SELLO-MATES-negro-1024x1024.png 1024w, https:\/\/blogs.uned.es\/madrematicas\/wp-content\/uploads\/sites\/593\/2025\/10\/LOGO-SELLO-MATES-negro-150x150.png 150w, https:\/\/blogs.uned.es\/madrematicas\/wp-content\/uploads\/sites\/593\/2025\/10\/LOGO-SELLO-MATES-negro-768x768.png 768w, https:\/\/blogs.uned.es\/madrematicas\/wp-content\/uploads\/sites\/593\/2025\/10\/LOGO-SELLO-MATES-negro-1536x1536.png 1536w, https:\/\/blogs.uned.es\/madrematicas\/wp-content\/uploads\/sites\/593\/2025\/10\/elementor\/thumbs\/LOGO-SELLO-MATES-negro-150x150.png 1772w, https:\/\/blogs.uned.es\/madrematicas\/wp-content\/uploads\/sites\/593\/2025\/10\/LOGO-SELLO-MATES-negro.png 1674w\" sizes=\"(max-width: 300px) 100vw, 300px\" \/>\t\t\t\t\t\t\t\t\t\t\t\t\t\t\t<\/div>\n\t\t\t\t<\/div>\n\t\t\t\t\t<\/div>\n\t\t<\/div>\n\t\t\t\t\t<\/div>\n\t\t<\/section>\n\t\t\t\t<\/div>\n\t\t","protected":false},"excerpt":{"rendered":"<p>Proyecto financiado por la Fundaci\u00f3n Espa\u00f1ola para la Ciencia y la Tecnolog\u00eda (FECYT) \u2013 Ministerio de Ciencia, Innovaci\u00f3n y Universidades. \u00abMATES: sin comprensi\u00f3n no hay soluci\u00f3n\u00bb (Ref. FCT-24-20694).\u00a0 Con la participaci\u00f3n del grupo de divulgaci\u00f3n Madrem\u00e1ticas, integrado por los profesores: Estibalitz Durand Cartagena,\u00a0Esther Gil Cid,\u00a0Elvira Hern\u00e1ndez Garc\u00eda (responsable),\u00a0Carmen Mu\u00f1oz Garc\u00eda,\u00a0Juan Per\u00e1n Maz\u00f3n del Departamento de Matem\u00e1tica Aplicada de la UNED.\u00a0 ENTIDADES FINANCIADORAS: FECYT, UNED, y la editorial Sanz y Torres. PERIODO DE EJECUCI\u00d3N: desde el 1 de octubre\u00a0 2025\u00a0 \u00a0hasta el\u00a0 30 septiembre\u00a0 2026 VIDEO PROMOCIONAL NOTICIA DEL INICIO\u00a0 M\u00c1S COMPLETA\u00a0(23 de octubre de 2025)\u00a0 FOLLETO PARA IMPRIMIR NOTICIA Y VIDEO DE PRESENTACI\u00d3N E INICIO ACCI\u00d3N CUENTA (25 y 26 de marzo de 2026) CARTEL DE LA PRESENTACI\u00d3N El t\u00edtulo MATES: sin comprensi\u00f3n no hay soluci\u00f3n elude que la comprensi\u00f3n lectora ser\u00e1 el leitmotiv de las actividades propuestas en el aula de Matem\u00e1ticas.M\u00e1s informaci\u00f3n AQU\u00cd. ACCIONES DEL PROYECTO DICE Di\u00e1logos&hellip;<\/p>\n<p> <a class=\"more-link\" href=\"https:\/\/blogs.uned.es\/madrematicas\/fecyt\/\">Leer m\u00e1s<\/a><\/p>\n","protected":false},"author":8005,"featured_media":0,"parent":0,"menu_order":2,"comment_status":"closed","ping_status":"closed","template":"","meta":{"footnotes":""},"class_list":["post-987","page","type-page","status-publish"],"jetpack_sharing_enabled":true,"_links":{"self":[{"href":"https:\/\/blogs.uned.es\/madrematicas\/wp-json\/wp\/v2\/pages\/987","targetHints":{"allow":["GET"]}}],"collection":[{"href":"https:\/\/blogs.uned.es\/madrematicas\/wp-json\/wp\/v2\/pages"}],"about":[{"href":"https:\/\/blogs.uned.es\/madrematicas\/wp-json\/wp\/v2\/types\/page"}],"author":[{"embeddable":true,"href":"https:\/\/blogs.uned.es\/madrematicas\/wp-json\/wp\/v2\/users\/8005"}],"replies":[{"embeddable":true,"href":"https:\/\/blogs.uned.es\/madrematicas\/wp-json\/wp\/v2\/comments?post=987"}],"version-history":[{"count":188,"href":"https:\/\/blogs.uned.es\/madrematicas\/wp-json\/wp\/v2\/pages\/987\/revisions"}],"predecessor-version":[{"id":3245,"href":"https:\/\/blogs.uned.es\/madrematicas\/wp-json\/wp\/v2\/pages\/987\/revisions\/3245"}],"wp:attachment":[{"href":"https:\/\/blogs.uned.es\/madrematicas\/wp-json\/wp\/v2\/media?parent=987"}],"curies":[{"name":"wp","href":"https:\/\/api.w.org\/{rel}","templated":true}]}}