{"id":35,"date":"2019-10-09T10:31:37","date_gmt":"2019-10-09T08:31:37","guid":{"rendered":"http:\/\/blogs.uned.es\/madrematicas\/?page_id=35"},"modified":"2025-09-28T17:05:53","modified_gmt":"2025-09-28T15:05:53","slug":"donde","status":"publish","type":"page","link":"https:\/\/blogs.uned.es\/madrematicas\/donde\/","title":{"rendered":"D\u00f3nde"},"content":{"rendered":"\t\t<div data-elementor-type=\"wp-page\" data-elementor-id=\"35\" class=\"elementor elementor-35\" data-elementor-post-type=\"page\">\n\t\t\t\t\t\t<section class=\"elementor-section elementor-top-section elementor-element elementor-element-98050fc elementor-section-stretched elementor-section-boxed elementor-section-height-default elementor-section-height-default\" data-id=\"98050fc\" data-element_type=\"section\" data-e-type=\"section\" data-settings=\"{&quot;stretch_section&quot;:&quot;section-stretched&quot;}\">\n\t\t\t\t\t\t<div class=\"elementor-container elementor-column-gap-default\">\n\t\t\t\t\t<div class=\"elementor-column elementor-col-100 elementor-top-column elementor-element elementor-element-f499131\" data-id=\"f499131\" data-element_type=\"column\" data-e-type=\"column\">\n\t\t\t<div class=\"elementor-widget-wrap elementor-element-populated\">\n\t\t\t\t\t\t<div class=\"elementor-element elementor-element-5e80650 elementor-widget elementor-widget-image\" data-id=\"5e80650\" data-element_type=\"widget\" data-e-type=\"widget\" data-widget_type=\"image.default\">\n\t\t\t\t<div class=\"elementor-widget-container\">\n\t\t\t\t\t\t\t\t\t\t\t\t\t\t\t<img fetchpriority=\"high\" decoding=\"async\" width=\"567\" height=\"329\" src=\"https:\/\/blogs.uned.es\/madrematicas\/wp-content\/uploads\/sites\/593\/2025\/07\/escuela.png\" class=\"attachment-large size-large wp-image-1221\" alt=\"\" srcset=\"https:\/\/blogs.uned.es\/madrematicas\/wp-content\/uploads\/sites\/593\/2025\/07\/escuela.png 567w, https:\/\/blogs.uned.es\/madrematicas\/wp-content\/uploads\/sites\/593\/2025\/07\/escuela-300x174.png 300w\" sizes=\"(max-width: 567px) 100vw, 567px\" \/>\t\t\t\t\t\t\t\t\t\t\t\t\t\t\t<\/div>\n\t\t\t\t<\/div>\n\t\t\t\t<div class=\"elementor-element elementor-element-a1355f4 elementor-align-center elementor-widget elementor-widget-button\" data-id=\"a1355f4\" data-element_type=\"widget\" data-e-type=\"widget\" data-widget_type=\"button.default\">\n\t\t\t\t<div class=\"elementor-widget-container\">\n\t\t\t\t\t\t\t\t\t<div class=\"elementor-button-wrapper\">\n\t\t\t\t\t<a class=\"elementor-button elementor-button-link elementor-size-sm\" href=\"https:\/\/www.uned.es\/universidad\/facultades\/industriales.html\" target=\"_blank\">\n\t\t\t\t\t\t<span class=\"elementor-button-content-wrapper\">\n\t\t\t\t\t\t\t\t\t<span class=\"elementor-button-text\">Estamos en la ETSI Industriales de la UNED<\/span>\n\t\t\t\t\t<\/span>\n\t\t\t\t\t<\/a>\n\t\t\t\t<\/div>\n\t\t\t\t\t\t\t\t<\/div>\n\t\t\t\t<\/div>\n\t\t\t\t<div class=\"elementor-element elementor-element-c3e86c8 elementor-widget elementor-widget-text-editor\" data-id=\"c3e86c8\" data-element_type=\"widget\" data-e-type=\"widget\" data-widget_type=\"text-editor.default\">\n\t\t\t\t<div class=\"elementor-widget-container\">\n\t\t\t\t\t\t\t\t\t<p><span style=\"font-weight: bold;, roboto, helvetica, arial, sans-serif, sans-serif;font-size: 1.625em\">Direcci\u00f3n:<\/span><\/p><address>Departamento de Matem\u00e1tica Aplicada I<\/address><address>Escuela T\u00e9cnica Superior de Ingenieros Industriales.<\/address><address>C\/ Juan del Rosal, 12.<\/address><address>28040 Madrid<\/address><div>\u00a0<\/div>\t\t\t\t\t\t\t\t<\/div>\n\t\t\t\t<\/div>\n\t\t\t\t<div class=\"elementor-element elementor-element-135ce23 elementor-widget elementor-widget-google_maps\" data-id=\"135ce23\" data-element_type=\"widget\" data-e-type=\"widget\" data-widget_type=\"google_maps.default\">\n\t\t\t\t<div class=\"elementor-widget-container\">\n\t\t\t\t\t\t\t<div class=\"elementor-custom-embed\">\n\t\t\t<iframe loading=\"lazy\"\n\t\t\t\t\tsrc=\"https:\/\/maps.google.com\/maps?q=40.45167625767204%2C%20-3.7364592661161957&#038;t=m&#038;z=14&#038;output=embed&#038;iwloc=near\"\n\t\t\t\t\ttitle=\"40.45167625767204, -3.7364592661161957\"\n\t\t\t\t\taria-label=\"40.45167625767204, -3.7364592661161957\"\n\t\t\t><\/iframe>\n\t\t<\/div>\n\t\t\t\t\t\t<\/div>\n\t\t\t\t<\/div>\n\t\t\t\t\t<\/div>\n\t\t<\/div>\n\t\t\t\t\t<\/div>\n\t\t<\/section>\n\t\t\t\t<section class=\"elementor-section elementor-top-section elementor-element elementor-element-6f09b05 elementor-section-boxed elementor-section-height-default elementor-section-height-default\" data-id=\"6f09b05\" data-element_type=\"section\" data-e-type=\"section\">\n\t\t\t\t\t\t<div class=\"elementor-container elementor-column-gap-default\">\n\t\t\t\t\t<div class=\"elementor-column elementor-col-100 elementor-top-column elementor-element elementor-element-c020587\" data-id=\"c020587\" data-element_type=\"column\" data-e-type=\"column\">\n\t\t\t<div class=\"elementor-widget-wrap elementor-element-populated\">\n\t\t\t\t\t\t<div class=\"elementor-element elementor-element-3acdbed elementor-widget elementor-widget-writing-effect-headline\" data-id=\"3acdbed\" data-element_type=\"widget\" data-e-type=\"widget\" data-widget_type=\"writing-effect-headline.default\">\n\t\t\t\t<div class=\"elementor-widget-container\">\n\t\t\t\t\t\t\t<h3 class=\"a13ree-written-headline\" data-speed=\"10\" data-loop=\"1\">\r\n\t\t\t\t\t\t\t<span class=\"before-written\">\"La belleza de las matem\u00e1ticas solo se muestra a los seguidores m\u00e1s pacientes\".<\/span>\r\n\t\t\t\r\n\t\t\t            <span class=\"written-lines elementor-screen-only\">Maryam Mirzakhani (1977-2017)<\/span>\r\n\t\t\t\r\n\t\t\t\t\t<\/h3>\r\n\t\t\t\t\t\t<\/div>\n\t\t\t\t<\/div>\n\t\t\t\t\t<\/div>\n\t\t<\/div>\n\t\t\t\t\t<\/div>\n\t\t<\/section>\n\t\t\t\t<\/div>\n\t\t","protected":false},"excerpt":{"rendered":"<p>Estamos en la ETSI Industriales de la UNED Direcci\u00f3n: Departamento de Matem\u00e1tica Aplicada I Escuela T\u00e9cnica Superior de Ingenieros Industriales. C\/ Juan del Rosal, 12. 28040 Madrid \u00a0 \u00abLa belleza de las matem\u00e1ticas solo se muestra a los seguidores m\u00e1s pacientes\u00bb. Maryam Mirzakhani (1977-2017)<\/p>\n","protected":false},"author":1,"featured_media":0,"parent":0,"menu_order":4,"comment_status":"closed","ping_status":"closed","template":"","meta":{"footnotes":""},"class_list":["post-35","page","type-page","status-publish"],"jetpack_sharing_enabled":true,"_links":{"self":[{"href":"https:\/\/blogs.uned.es\/madrematicas\/wp-json\/wp\/v2\/pages\/35","targetHints":{"allow":["GET"]}}],"collection":[{"href":"https:\/\/blogs.uned.es\/madrematicas\/wp-json\/wp\/v2\/pages"}],"about":[{"href":"https:\/\/blogs.uned.es\/madrematicas\/wp-json\/wp\/v2\/types\/page"}],"author":[{"embeddable":true,"href":"https:\/\/blogs.uned.es\/madrematicas\/wp-json\/wp\/v2\/users\/1"}],"replies":[{"embeddable":true,"href":"https:\/\/blogs.uned.es\/madrematicas\/wp-json\/wp\/v2\/comments?post=35"}],"version-history":[{"count":72,"href":"https:\/\/blogs.uned.es\/madrematicas\/wp-json\/wp\/v2\/pages\/35\/revisions"}],"predecessor-version":[{"id":2117,"href":"https:\/\/blogs.uned.es\/madrematicas\/wp-json\/wp\/v2\/pages\/35\/revisions\/2117"}],"wp:attachment":[{"href":"https:\/\/blogs.uned.es\/madrematicas\/wp-json\/wp\/v2\/media?parent=35"}],"curies":[{"name":"wp","href":"https:\/\/api.w.org\/{rel}","templated":true}]}}