{"id":31,"date":"2019-10-09T10:31:23","date_gmt":"2019-10-09T08:31:23","guid":{"rendered":"http:\/\/blogs.uned.es\/madrematicas\/?page_id=31"},"modified":"2026-03-23T08:04:41","modified_gmt":"2026-03-23T07:04:41","slug":"quienes","status":"publish","type":"page","link":"https:\/\/blogs.uned.es\/madrematicas\/quienes\/","title":{"rendered":"Qui\u00e9nes"},"content":{"rendered":"\t\t<div data-elementor-type=\"wp-page\" data-elementor-id=\"31\" class=\"elementor elementor-31\" data-elementor-post-type=\"page\">\n\t\t\t\t\t\t<section class=\"elementor-section elementor-top-section elementor-element elementor-element-323f72d elementor-section-stretched elementor-section-height-min-height elementor-section-content-middle elementor-section-boxed elementor-section-height-default elementor-section-items-middle\" data-id=\"323f72d\" data-element_type=\"section\" data-e-type=\"section\" data-settings=\"{&quot;stretch_section&quot;:&quot;section-stretched&quot;,&quot;background_background&quot;:&quot;classic&quot;}\">\n\t\t\t\t\t\t<div class=\"elementor-container elementor-column-gap-default\">\n\t\t\t\t\t<div class=\"elementor-column elementor-col-100 elementor-top-column elementor-element elementor-element-8292dc7\" data-id=\"8292dc7\" data-element_type=\"column\" data-e-type=\"column\">\n\t\t\t<div class=\"elementor-widget-wrap elementor-element-populated\">\n\t\t\t\t\t\t<section class=\"elementor-section elementor-inner-section elementor-element elementor-element-1bdd6da elementor-section-boxed elementor-section-height-default elementor-section-height-default\" data-id=\"1bdd6da\" data-element_type=\"section\" data-e-type=\"section\">\n\t\t\t\t\t\t<div class=\"elementor-container elementor-column-gap-default\">\n\t\t\t\t\t<div class=\"elementor-column elementor-col-100 elementor-inner-column elementor-element elementor-element-a8ac438\" data-id=\"a8ac438\" data-element_type=\"column\" data-e-type=\"column\">\n\t\t\t<div class=\"elementor-widget-wrap elementor-element-populated\">\n\t\t\t\t\t\t<div class=\"elementor-element elementor-element-e41b967 elementor-widget elementor-widget-heading\" data-id=\"e41b967\" data-element_type=\"widget\" data-e-type=\"widget\" data-widget_type=\"heading.default\">\n\t\t\t\t<div class=\"elementor-widget-container\">\n\t\t\t\t\t<h2 class=\"elementor-heading-title elementor-size-xxl\">Grupo divulgaci\u00f3n de matem\u00e1ticas <\/h2>\t\t\t\t<\/div>\n\t\t\t\t<\/div>\n\t\t\t\t\t<\/div>\n\t\t<\/div>\n\t\t\t\t\t<\/div>\n\t\t<\/section>\n\t\t\t\t\t<\/div>\n\t\t<\/div>\n\t\t\t\t\t<\/div>\n\t\t<\/section>\n\t\t\t\t<section class=\"elementor-section elementor-top-section elementor-element elementor-element-7dba139 elementor-section-boxed elementor-section-height-default elementor-section-height-default\" data-id=\"7dba139\" data-element_type=\"section\" data-e-type=\"section\">\n\t\t\t\t\t\t<div class=\"elementor-container elementor-column-gap-default\">\n\t\t\t\t\t<div class=\"elementor-column elementor-col-100 elementor-top-column elementor-element elementor-element-c671015\" data-id=\"c671015\" data-element_type=\"column\" data-e-type=\"column\">\n\t\t\t<div class=\"elementor-widget-wrap elementor-element-populated\">\n\t\t\t\t\t\t<div class=\"elementor-element elementor-element-74410b9 elementor-widget elementor-widget-heading\" data-id=\"74410b9\" data-element_type=\"widget\" data-e-type=\"widget\" data-widget_type=\"heading.default\">\n\t\t\t\t<div class=\"elementor-widget-container\">\n\t\t\t\t\t<h1 class=\"elementor-heading-title elementor-size-default\">Qui\u00e9nes somos<\/h1>\t\t\t\t<\/div>\n\t\t\t\t<\/div>\n\t\t\t\t<div class=\"elementor-element elementor-element-f954e42 elementor-widget elementor-widget-text-editor\" data-id=\"f954e42\" data-element_type=\"widget\" data-e-type=\"widget\" data-widget_type=\"text-editor.default\">\n\t\t\t\t<div class=\"elementor-widget-container\">\n\t\t\t\t\t\t\t\t\t<p>Somos un grupo de cuatro profesoras y dos profesores de <b>matem\u00e1ticas<\/b> que, adem\u00e1s de nuestras obligaciones docentes, investigadoras o de gesti\u00f3n, realizamos tareas de <b>divulgaci\u00f3n <\/b>de las matem\u00e1ticas\u00a0<span>desde <span style=\"color: #ff0000\">el amor<\/span> incondicional, \u221e e incansable.\u00a0<\/span><\/p><p>Pretendemos <b>desdramatizar la relaci\u00f3n con<\/b> las Matem\u00e1ticas en el sentido de fortalecer (<span>empoderar)\u00a0 la confianza o habilidades de los estudiantes.\u00a0<\/span><span>Por otro lado, buscamos visibilizar las Matem\u00e1ticas como <\/span><b>materia indispensable<\/b><span>\u00a0<\/span><span>(<\/span><em>madre de todas las ciencias<\/em><span>)<\/span><span>\u00a0sobre la que se construyen y verifican todas las dem\u00e1s disciplinas cient\u00edficas.<\/span><\/p><p>As\u00ed mismo, tratamos de mostrar referentes cercanos.<\/p><p style=\"text-align: center\"><a href=\"https:\/\/www.uned.es\/universidad\/docentes\/industriales\/estibalitz-durand-cartagena.html\">Estibalitz Durand Cartagena<\/a>,\u00a0<a href=\"https:\/\/www.uned.es\/universidad\/docentes\/industriales\/esther-gil-cid.html\">Esther Gil Cid<\/a>,\u00a0<a href=\"https:\/\/www.uned.es\/universidad\/docentes\/industriales\/elvira-hernandez-garcia.html\">Elvira Hern\u00e1ndez Garc\u00eda<\/a>,\u00a0<\/p><p style=\"text-align: center\"><a href=\"https:\/\/www.uned.es\/universidad\/docentes\/industriales\/maria-del-carmen-munoz-garcia.html\">Carmen Mu\u00f1oz Garc\u00eda<\/a>,\u00a0<a href=\"https:\/\/www.uned.es\/universidad\/docentes\/industriales\/juan-jacobo-peran-mazon.html\">Juan Per\u00e1n Maz\u00f3n<\/a>, <a href=\"https:\/\/www.uned.es\/universidad\/docentes\/industriales\/antonio-manuel-vargas-urena.html\">Antonio Manuel Vargas Ure\u00f1a<\/a>.<\/p>\t\t\t\t\t\t\t\t<\/div>\n\t\t\t\t<\/div>\n\t\t\t\t<div class=\"elementor-element elementor-element-ffff446 elementor-widget elementor-widget-heading\" data-id=\"ffff446\" data-element_type=\"widget\" data-e-type=\"widget\" data-widget_type=\"heading.default\">\n\t\t\t\t<div class=\"elementor-widget-container\">\n\t\t\t\t\t<h1 class=\"elementor-heading-title elementor-size-default\">Nuestros objetivos<\/h1>\t\t\t\t<\/div>\n\t\t\t\t<\/div>\n\t\t\t\t\t<\/div>\n\t\t<\/div>\n\t\t\t\t\t<\/div>\n\t\t<\/section>\n\t\t\t\t<section class=\"elementor-section elementor-top-section elementor-element elementor-element-151a8dd elementor-section-boxed elementor-section-height-default elementor-section-height-default\" data-id=\"151a8dd\" data-element_type=\"section\" data-e-type=\"section\">\n\t\t\t\t\t\t<div class=\"elementor-container elementor-column-gap-default\">\n\t\t\t\t\t<div class=\"elementor-column elementor-col-33 elementor-top-column elementor-element elementor-element-d2996b8\" data-id=\"d2996b8\" data-element_type=\"column\" data-e-type=\"column\">\n\t\t\t<div class=\"elementor-widget-wrap elementor-element-populated\">\n\t\t\t\t\t\t<div class=\"elementor-element elementor-element-9c35caf elementor-view-default elementor-position-block-start elementor-mobile-position-block-start elementor-widget elementor-widget-icon-box\" data-id=\"9c35caf\" data-element_type=\"widget\" data-e-type=\"widget\" data-widget_type=\"icon-box.default\">\n\t\t\t\t<div class=\"elementor-widget-container\">\n\t\t\t\t\t\t\t<div class=\"elementor-icon-box-wrapper\">\n\n\t\t\t\t\t\t<div class=\"elementor-icon-box-icon\">\n\t\t\t\t<span  class=\"elementor-icon\">\n\t\t\t\t<i aria-hidden=\"true\" class=\"far fa-smile-wink\"><\/i>\t\t\t\t<\/span>\n\t\t\t<\/div>\n\t\t\t\n\t\t\t\t\t\t<div class=\"elementor-icon-box-content\">\n\n\t\t\t\t\t\t\t\t\t<h2 class=\"elementor-icon-box-title\">\n\t\t\t\t\t\t<span  >\n\t\t\t\t\t\t\tDesdramatizar<br>\n<font color=\"#7a7a7a\"><span style=\"font-size: 15px;font-weight: 400\">Rompiendo el miedo y barreras<\/span><\/font>\t\t\t\t\t\t<\/span>\n\t\t\t\t\t<\/h2>\n\t\t\t\t\n\t\t\t\t\n\t\t\t<\/div>\n\t\t\t\n\t\t<\/div>\n\t\t\t\t\t\t<\/div>\n\t\t\t\t<\/div>\n\t\t\t\t\t<\/div>\n\t\t<\/div>\n\t\t\t\t<div class=\"elementor-column elementor-col-33 elementor-top-column elementor-element elementor-element-14cc385\" data-id=\"14cc385\" data-element_type=\"column\" data-e-type=\"column\">\n\t\t\t<div class=\"elementor-widget-wrap elementor-element-populated\">\n\t\t\t\t\t\t<div class=\"elementor-element elementor-element-0b25b4f elementor-view-default elementor-position-block-start elementor-mobile-position-block-start elementor-widget elementor-widget-icon-box\" data-id=\"0b25b4f\" data-element_type=\"widget\" data-e-type=\"widget\" data-widget_type=\"icon-box.default\">\n\t\t\t\t<div class=\"elementor-widget-container\">\n\t\t\t\t\t\t\t<div class=\"elementor-icon-box-wrapper\">\n\n\t\t\t\t\t\t<div class=\"elementor-icon-box-icon\">\n\t\t\t\t<span  class=\"elementor-icon\">\n\t\t\t\t<i aria-hidden=\"true\" class=\"fas fa-graduation-cap\"><\/i>\t\t\t\t<\/span>\n\t\t\t<\/div>\n\t\t\t\n\t\t\t\t\t\t<div class=\"elementor-icon-box-content\">\n\n\t\t\t\t\t\t\t\t\t<h3 class=\"elementor-icon-box-title\">\n\t\t\t\t\t\t<span  >\n\t\t\t\t\t\t\tEnse\u00f1ar <br>\n<span style=\"font-size: 15px\">B<\/span><span style=\"font-size: 15px;font-weight: 400\">uscando la curiosidad y motivaci\u00f3n<\/span>\t\t\t\t\t\t<\/span>\n\t\t\t\t\t<\/h3>\n\t\t\t\t\n\t\t\t\t\n\t\t\t<\/div>\n\t\t\t\n\t\t<\/div>\n\t\t\t\t\t\t<\/div>\n\t\t\t\t<\/div>\n\t\t\t\t\t<\/div>\n\t\t<\/div>\n\t\t\t\t<div class=\"elementor-column elementor-col-33 elementor-top-column elementor-element elementor-element-7b96598\" data-id=\"7b96598\" data-element_type=\"column\" data-e-type=\"column\">\n\t\t\t<div class=\"elementor-widget-wrap elementor-element-populated\">\n\t\t\t\t\t\t<div class=\"elementor-element elementor-element-fe83c83 elementor-view-default elementor-position-block-start elementor-mobile-position-block-start elementor-widget elementor-widget-icon-box\" data-id=\"fe83c83\" data-element_type=\"widget\" data-e-type=\"widget\" data-widget_type=\"icon-box.default\">\n\t\t\t\t<div class=\"elementor-widget-container\">\n\t\t\t\t\t\t\t<div class=\"elementor-icon-box-wrapper\">\n\n\t\t\t\t\t\t<div class=\"elementor-icon-box-icon\">\n\t\t\t\t<span  class=\"elementor-icon\">\n\t\t\t\t<i aria-hidden=\"true\" class=\"far fa-handshake\"><\/i>\t\t\t\t<\/span>\n\t\t\t<\/div>\n\t\t\t\n\t\t\t\t\t\t<div class=\"elementor-icon-box-content\">\n\n\t\t\t\t\t\t\t\t\t<h3 class=\"elementor-icon-box-title\">\n\t\t\t\t\t\t<span  >\n\t\t\t\t\t\t\tFortalecer <br><span style=\"font-size: 15px;font-weight: 400\">Inspirando desde lo innato <\/span>\t\t\t\t\t\t<\/span>\n\t\t\t\t\t<\/h3>\n\t\t\t\t\n\t\t\t\t\n\t\t\t<\/div>\n\t\t\t\n\t\t<\/div>\n\t\t\t\t\t\t<\/div>\n\t\t\t\t<\/div>\n\t\t\t\t\t<\/div>\n\t\t<\/div>\n\t\t\t\t\t<\/div>\n\t\t<\/section>\n\t\t\t\t<section class=\"elementor-section elementor-top-section elementor-element elementor-element-eefa2a8 elementor-section-boxed elementor-section-height-default elementor-section-height-default\" data-id=\"eefa2a8\" data-element_type=\"section\" data-e-type=\"section\">\n\t\t\t\t\t\t<div class=\"elementor-container elementor-column-gap-default\">\n\t\t\t\t\t<div class=\"elementor-column elementor-col-16 elementor-top-column elementor-element elementor-element-3d13cf7\" data-id=\"3d13cf7\" data-element_type=\"column\" data-e-type=\"column\">\n\t\t\t<div class=\"elementor-widget-wrap elementor-element-populated\">\n\t\t\t\t\t\t<div class=\"elementor-element elementor-element-f992744 elementor-widget elementor-widget-image\" data-id=\"f992744\" data-element_type=\"widget\" data-e-type=\"widget\" data-widget_type=\"image.default\">\n\t\t\t\t<div class=\"elementor-widget-container\">\n\t\t\t\t\t\t\t\t\t\t\t\t\t\t\t<img fetchpriority=\"high\" decoding=\"async\" width=\"800\" height=\"551\" src=\"https:\/\/blogs.uned.es\/madrematicas\/wp-content\/uploads\/sites\/593\/2025\/07\/ninnosIV-1024x705.jpg\" class=\"attachment-large size-large wp-image-1229\" alt=\"\" srcset=\"https:\/\/blogs.uned.es\/madrematicas\/wp-content\/uploads\/sites\/593\/2025\/07\/ninnosIV-1024x705.jpg 1024w, https:\/\/blogs.uned.es\/madrematicas\/wp-content\/uploads\/sites\/593\/2025\/07\/ninnosIV-300x206.jpg 300w, https:\/\/blogs.uned.es\/madrematicas\/wp-content\/uploads\/sites\/593\/2025\/07\/ninnosIV-768x528.jpg 768w, https:\/\/blogs.uned.es\/madrematicas\/wp-content\/uploads\/sites\/593\/2025\/07\/ninnosIV-1536x1057.jpg 1536w, https:\/\/blogs.uned.es\/madrematicas\/wp-content\/uploads\/sites\/593\/2025\/07\/ninnosIV.jpg 1600w\" sizes=\"(max-width: 800px) 100vw, 800px\" \/>\t\t\t\t\t\t\t\t\t\t\t\t\t\t\t<\/div>\n\t\t\t\t<\/div>\n\t\t\t\t\t<\/div>\n\t\t<\/div>\n\t\t\t\t<div class=\"elementor-column elementor-col-16 elementor-top-column elementor-element elementor-element-0b39d2f\" data-id=\"0b39d2f\" data-element_type=\"column\" data-e-type=\"column\">\n\t\t\t<div class=\"elementor-widget-wrap elementor-element-populated\">\n\t\t\t\t\t\t<div class=\"elementor-element elementor-element-1605e2a elementor-widget elementor-widget-image\" data-id=\"1605e2a\" data-element_type=\"widget\" data-e-type=\"widget\" data-widget_type=\"image.default\">\n\t\t\t\t<div class=\"elementor-widget-container\">\n\t\t\t\t\t\t\t\t\t\t\t\t\t\t\t<img decoding=\"async\" width=\"300\" height=\"300\" src=\"https:\/\/blogs.uned.es\/madrematicas\/wp-content\/uploads\/sites\/593\/2025\/09\/logo.jpg\" class=\"attachment-large size-large wp-image-1697\" alt=\"\" srcset=\"https:\/\/blogs.uned.es\/madrematicas\/wp-content\/uploads\/sites\/593\/2025\/09\/logo.jpg 300w, https:\/\/blogs.uned.es\/madrematicas\/wp-content\/uploads\/sites\/593\/2025\/09\/logo-150x150.jpg 150w\" sizes=\"(max-width: 300px) 100vw, 300px\" \/>\t\t\t\t\t\t\t\t\t\t\t\t\t\t\t<\/div>\n\t\t\t\t<\/div>\n\t\t\t\t\t<\/div>\n\t\t<\/div>\n\t\t\t\t<div class=\"elementor-column elementor-col-16 elementor-top-column elementor-element elementor-element-95970d8\" data-id=\"95970d8\" data-element_type=\"column\" data-e-type=\"column\">\n\t\t\t<div class=\"elementor-widget-wrap elementor-element-populated\">\n\t\t\t\t\t\t<div class=\"elementor-element elementor-element-5d590e7 elementor-widget elementor-widget-image\" data-id=\"5d590e7\" data-element_type=\"widget\" data-e-type=\"widget\" data-widget_type=\"image.default\">\n\t\t\t\t<div class=\"elementor-widget-container\">\n\t\t\t\t\t\t\t\t\t\t\t\t\t\t\t<img decoding=\"async\" width=\"800\" height=\"379\" src=\"https:\/\/blogs.uned.es\/madrematicas\/wp-content\/uploads\/sites\/593\/2025\/10\/logo-etsii-1024x485.png\" class=\"attachment-large size-large wp-image-2353\" alt=\"\" srcset=\"https:\/\/blogs.uned.es\/madrematicas\/wp-content\/uploads\/sites\/593\/2025\/10\/logo-etsii-1024x485.png 1024w, https:\/\/blogs.uned.es\/madrematicas\/wp-content\/uploads\/sites\/593\/2025\/10\/logo-etsii-300x142.png 300w, https:\/\/blogs.uned.es\/madrematicas\/wp-content\/uploads\/sites\/593\/2025\/10\/logo-etsii-768x364.png 768w, https:\/\/blogs.uned.es\/madrematicas\/wp-content\/uploads\/sites\/593\/2025\/10\/logo-etsii-1536x727.png 1536w, https:\/\/blogs.uned.es\/madrematicas\/wp-content\/uploads\/sites\/593\/2025\/10\/logo-etsii-2048x970.png 2048w\" sizes=\"(max-width: 800px) 100vw, 800px\" \/>\t\t\t\t\t\t\t\t\t\t\t\t\t\t\t<\/div>\n\t\t\t\t<\/div>\n\t\t\t\t\t<\/div>\n\t\t<\/div>\n\t\t\t\t<div class=\"elementor-column elementor-col-16 elementor-top-column elementor-element elementor-element-09da289\" data-id=\"09da289\" data-element_type=\"column\" data-e-type=\"column\">\n\t\t\t<div class=\"elementor-widget-wrap elementor-element-populated\">\n\t\t\t\t\t\t<div class=\"elementor-element elementor-element-2cea44c elementor-widget elementor-widget-image\" data-id=\"2cea44c\" data-element_type=\"widget\" data-e-type=\"widget\" data-widget_type=\"image.default\">\n\t\t\t\t<div class=\"elementor-widget-container\">\n\t\t\t\t\t\t\t\t\t\t\t\t\t\t\t<img loading=\"lazy\" decoding=\"async\" width=\"800\" height=\"800\" src=\"https:\/\/blogs.uned.es\/madrematicas\/wp-content\/uploads\/sites\/593\/2025\/10\/LOGO-SELLO-MATES-negro-1024x1024.png\" class=\"attachment-large size-large wp-image-2347\" alt=\"\" srcset=\"https:\/\/blogs.uned.es\/madrematicas\/wp-content\/uploads\/sites\/593\/2025\/10\/LOGO-SELLO-MATES-negro-1024x1024.png 1024w, https:\/\/blogs.uned.es\/madrematicas\/wp-content\/uploads\/sites\/593\/2025\/10\/LOGO-SELLO-MATES-negro-300x300.png 300w, https:\/\/blogs.uned.es\/madrematicas\/wp-content\/uploads\/sites\/593\/2025\/10\/LOGO-SELLO-MATES-negro-150x150.png 150w, https:\/\/blogs.uned.es\/madrematicas\/wp-content\/uploads\/sites\/593\/2025\/10\/LOGO-SELLO-MATES-negro-768x768.png 768w, https:\/\/blogs.uned.es\/madrematicas\/wp-content\/uploads\/sites\/593\/2025\/10\/LOGO-SELLO-MATES-negro-1536x1536.png 1536w, https:\/\/blogs.uned.es\/madrematicas\/wp-content\/uploads\/sites\/593\/2025\/10\/elementor\/thumbs\/LOGO-SELLO-MATES-negro-150x150.png 1772w, https:\/\/blogs.uned.es\/madrematicas\/wp-content\/uploads\/sites\/593\/2025\/10\/LOGO-SELLO-MATES-negro.png 1674w\" sizes=\"(max-width: 800px) 100vw, 800px\" \/>\t\t\t\t\t\t\t\t\t\t\t\t\t\t\t<\/div>\n\t\t\t\t<\/div>\n\t\t\t\t\t<\/div>\n\t\t<\/div>\n\t\t\t\t<div class=\"elementor-column elementor-col-16 elementor-top-column elementor-element elementor-element-9e7dbff\" data-id=\"9e7dbff\" data-element_type=\"column\" data-e-type=\"column\">\n\t\t\t<div class=\"elementor-widget-wrap elementor-element-populated\">\n\t\t\t\t\t\t<div class=\"elementor-element elementor-element-ee88aa6 elementor-widget elementor-widget-image\" data-id=\"ee88aa6\" data-element_type=\"widget\" data-e-type=\"widget\" data-widget_type=\"image.default\">\n\t\t\t\t<div class=\"elementor-widget-container\">\n\t\t\t\t\t\t\t\t\t\t\t\t\t\t\t<img loading=\"lazy\" decoding=\"async\" width=\"768\" height=\"1024\" src=\"https:\/\/blogs.uned.es\/madrematicas\/wp-content\/uploads\/sites\/593\/2025\/09\/WhatsApp-Image-2024-09-27-at-16.50.57-768x1024.jpeg\" class=\"attachment-large size-large wp-image-1701\" alt=\"\" srcset=\"https:\/\/blogs.uned.es\/madrematicas\/wp-content\/uploads\/sites\/593\/2025\/09\/WhatsApp-Image-2024-09-27-at-16.50.57-768x1024.jpeg 768w, https:\/\/blogs.uned.es\/madrematicas\/wp-content\/uploads\/sites\/593\/2025\/09\/WhatsApp-Image-2024-09-27-at-16.50.57-225x300.jpeg 225w, https:\/\/blogs.uned.es\/madrematicas\/wp-content\/uploads\/sites\/593\/2025\/09\/WhatsApp-Image-2024-09-27-at-16.50.57.jpeg 960w\" sizes=\"(max-width: 768px) 100vw, 768px\" \/>\t\t\t\t\t\t\t\t\t\t\t\t\t\t\t<\/div>\n\t\t\t\t<\/div>\n\t\t\t\t\t<\/div>\n\t\t<\/div>\n\t\t\t\t<div class=\"elementor-column elementor-col-16 elementor-top-column elementor-element elementor-element-fa868f7\" data-id=\"fa868f7\" data-element_type=\"column\" data-e-type=\"column\">\n\t\t\t<div class=\"elementor-widget-wrap elementor-element-populated\">\n\t\t\t\t\t\t<div class=\"elementor-element elementor-element-d91dc59 elementor-widget elementor-widget-image\" data-id=\"d91dc59\" data-element_type=\"widget\" data-e-type=\"widget\" data-widget_type=\"image.default\">\n\t\t\t\t<div class=\"elementor-widget-container\">\n\t\t\t\t\t\t\t\t\t\t\t\t\t\t\t<img loading=\"lazy\" decoding=\"async\" width=\"800\" height=\"450\" src=\"https:\/\/blogs.uned.es\/madrematicas\/wp-content\/uploads\/sites\/593\/2025\/09\/feriaCiencia-2025-1024x576.jpg\" class=\"attachment-large size-large wp-image-1691\" alt=\"\" srcset=\"https:\/\/blogs.uned.es\/madrematicas\/wp-content\/uploads\/sites\/593\/2025\/09\/feriaCiencia-2025-1024x576.jpg 1024w, https:\/\/blogs.uned.es\/madrematicas\/wp-content\/uploads\/sites\/593\/2025\/09\/feriaCiencia-2025-300x169.jpg 300w, https:\/\/blogs.uned.es\/madrematicas\/wp-content\/uploads\/sites\/593\/2025\/09\/feriaCiencia-2025-768x432.jpg 768w, https:\/\/blogs.uned.es\/madrematicas\/wp-content\/uploads\/sites\/593\/2025\/09\/feriaCiencia-2025-1536x864.jpg 1536w, https:\/\/blogs.uned.es\/madrematicas\/wp-content\/uploads\/sites\/593\/2025\/09\/feriaCiencia-2025.jpg 1600w\" sizes=\"(max-width: 800px) 100vw, 800px\" \/>\t\t\t\t\t\t\t\t\t\t\t\t\t\t\t<\/div>\n\t\t\t\t<\/div>\n\t\t\t\t\t<\/div>\n\t\t<\/div>\n\t\t\t\t\t<\/div>\n\t\t<\/section>\n\t\t\t\t<\/div>\n\t\t","protected":false},"excerpt":{"rendered":"<p>Grupo divulgaci\u00f3n de matem\u00e1ticas Qui\u00e9nes somos Somos un grupo de cuatro profesoras y dos profesores de matem\u00e1ticas que, adem\u00e1s de nuestras obligaciones docentes, investigadoras o de gesti\u00f3n, realizamos tareas de divulgaci\u00f3n de las matem\u00e1ticas\u00a0desde el amor incondicional, \u221e e incansable.\u00a0 Pretendemos desdramatizar la relaci\u00f3n con las Matem\u00e1ticas en el sentido de fortalecer (empoderar)\u00a0 la confianza o habilidades de los estudiantes.\u00a0Por otro lado, buscamos visibilizar las Matem\u00e1ticas como materia indispensable\u00a0(madre de todas las ciencias)\u00a0sobre la que se construyen y verifican todas las dem\u00e1s disciplinas cient\u00edficas. As\u00ed mismo, tratamos de mostrar referentes cercanos. Estibalitz Durand Cartagena,\u00a0Esther Gil Cid,\u00a0Elvira Hern\u00e1ndez Garc\u00eda,\u00a0 Carmen Mu\u00f1oz Garc\u00eda,\u00a0Juan Per\u00e1n Maz\u00f3n, Antonio Manuel Vargas Ure\u00f1a. Nuestros objetivos Desdramatizar Rompiendo el miedo y barreras Ense\u00f1ar Buscando la curiosidad y motivaci\u00f3n Fortalecer Inspirando desde lo innato<\/p>\n","protected":false},"author":1,"featured_media":1229,"parent":0,"menu_order":0,"comment_status":"closed","ping_status":"closed","template":"","meta":{"footnotes":""},"class_list":["post-31","page","type-page","status-publish","has-post-thumbnail"],"jetpack_sharing_enabled":true,"_links":{"self":[{"href":"https:\/\/blogs.uned.es\/madrematicas\/wp-json\/wp\/v2\/pages\/31","targetHints":{"allow":["GET"]}}],"collection":[{"href":"https:\/\/blogs.uned.es\/madrematicas\/wp-json\/wp\/v2\/pages"}],"about":[{"href":"https:\/\/blogs.uned.es\/madrematicas\/wp-json\/wp\/v2\/types\/page"}],"author":[{"embeddable":true,"href":"https:\/\/blogs.uned.es\/madrematicas\/wp-json\/wp\/v2\/users\/1"}],"replies":[{"embeddable":true,"href":"https:\/\/blogs.uned.es\/madrematicas\/wp-json\/wp\/v2\/comments?post=31"}],"version-history":[{"count":76,"href":"https:\/\/blogs.uned.es\/madrematicas\/wp-json\/wp\/v2\/pages\/31\/revisions"}],"predecessor-version":[{"id":3115,"href":"https:\/\/blogs.uned.es\/madrematicas\/wp-json\/wp\/v2\/pages\/31\/revisions\/3115"}],"wp:featuredmedia":[{"embeddable":true,"href":"https:\/\/blogs.uned.es\/madrematicas\/wp-json\/wp\/v2\/media\/1229"}],"wp:attachment":[{"href":"https:\/\/blogs.uned.es\/madrematicas\/wp-json\/wp\/v2\/media?parent=31"}],"curies":[{"name":"wp","href":"https:\/\/api.w.org\/{rel}","templated":true}]}}