{"id":15,"date":"2019-10-09T10:29:38","date_gmt":"2019-10-09T08:29:38","guid":{"rendered":"http:\/\/blogs.uned.es\/madrematicas\/?page_id=15"},"modified":"2026-04-01T21:32:55","modified_gmt":"2026-04-01T19:32:55","slug":"inicio","status":"publish","type":"page","link":"https:\/\/blogs.uned.es\/madrematicas\/","title":{"rendered":"Inicio"},"content":{"rendered":"\t\t<div data-elementor-type=\"wp-page\" data-elementor-id=\"15\" class=\"elementor elementor-15\" data-elementor-post-type=\"page\">\n\t\t\t\t\t\t<section class=\"elementor-section elementor-top-section elementor-element elementor-element-648e023 elementor-section-stretched elementor-section-height-min-height elementor-section-content-middle elementor-section-boxed elementor-section-height-default elementor-section-items-middle\" data-id=\"648e023\" data-element_type=\"section\" data-e-type=\"section\" data-settings=\"{&quot;stretch_section&quot;:&quot;section-stretched&quot;,&quot;background_background&quot;:&quot;classic&quot;}\">\n\t\t\t\t\t\t<div class=\"elementor-container elementor-column-gap-default\">\n\t\t\t\t\t<div class=\"elementor-column elementor-col-33 elementor-top-column elementor-element elementor-element-2c56c9a\" data-id=\"2c56c9a\" data-element_type=\"column\" data-e-type=\"column\">\n\t\t\t<div class=\"elementor-widget-wrap elementor-element-populated\">\n\t\t\t\t\t\t\t<\/div>\n\t\t<\/div>\n\t\t\t\t<div class=\"elementor-column elementor-col-33 elementor-top-column elementor-element elementor-element-e60e08b\" data-id=\"e60e08b\" data-element_type=\"column\" data-e-type=\"column\">\n\t\t\t<div class=\"elementor-widget-wrap elementor-element-populated\">\n\t\t\t\t\t\t<div class=\"elementor-element elementor-element-f889fd2 logoPortada animated-slow elementor-invisible elementor-widget elementor-widget-image\" data-id=\"f889fd2\" data-element_type=\"widget\" data-e-type=\"widget\" data-settings=\"{&quot;_animation&quot;:&quot;fadeIn&quot;,&quot;_animation_delay&quot;:&quot;200&quot;}\" data-widget_type=\"image.default\">\n\t\t\t\t<div class=\"elementor-widget-container\">\n\t\t\t\t\t\t\t\t\t\t\t\t\t\t\t<img fetchpriority=\"high\" decoding=\"async\" width=\"800\" height=\"800\" src=\"https:\/\/blogs.uned.es\/madrematicas\/wp-content\/uploads\/sites\/593\/2025\/10\/CB-MADREMATICAS-RGB-blanco-cuadrado-1024x1024.jpg\" class=\"attachment-large size-large wp-image-2149\" alt=\"\" srcset=\"https:\/\/blogs.uned.es\/madrematicas\/wp-content\/uploads\/sites\/593\/2025\/10\/CB-MADREMATICAS-RGB-blanco-cuadrado-1024x1024.jpg 1024w, https:\/\/blogs.uned.es\/madrematicas\/wp-content\/uploads\/sites\/593\/2025\/10\/CB-MADREMATICAS-RGB-blanco-cuadrado-300x300.jpg 300w, https:\/\/blogs.uned.es\/madrematicas\/wp-content\/uploads\/sites\/593\/2025\/10\/CB-MADREMATICAS-RGB-blanco-cuadrado-150x150.jpg 150w, https:\/\/blogs.uned.es\/madrematicas\/wp-content\/uploads\/sites\/593\/2025\/10\/CB-MADREMATICAS-RGB-blanco-cuadrado-768x768.jpg 768w, https:\/\/blogs.uned.es\/madrematicas\/wp-content\/uploads\/sites\/593\/2025\/10\/CB-MADREMATICAS-RGB-blanco-cuadrado-1536x1536.jpg 1536w, https:\/\/blogs.uned.es\/madrematicas\/wp-content\/uploads\/sites\/593\/2025\/10\/CB-MADREMATICAS-RGB-blanco-cuadrado.jpg 1772w\" sizes=\"(max-width: 800px) 100vw, 800px\" \/>\t\t\t\t\t\t\t\t\t\t\t\t\t\t\t<\/div>\n\t\t\t\t<\/div>\n\t\t\t\t\t<\/div>\n\t\t<\/div>\n\t\t\t\t<div class=\"elementor-column elementor-col-33 elementor-top-column elementor-element elementor-element-05169e9\" data-id=\"05169e9\" data-element_type=\"column\" data-e-type=\"column\">\n\t\t\t<div class=\"elementor-widget-wrap elementor-element-populated\">\n\t\t\t\t\t\t<div class=\"elementor-element elementor-element-e7ce4e7 tituloSitioPortada elementor-widget elementor-widget-heading\" data-id=\"e7ce4e7\" data-element_type=\"widget\" data-e-type=\"widget\" data-widget_type=\"heading.default\">\n\t\t\t\t<div class=\"elementor-widget-container\">\n\t\t\t\t\t<h1 class=\"elementor-heading-title elementor-size-xxl\">Madrem\u00e1ticas<\/h1>\t\t\t\t<\/div>\n\t\t\t\t<\/div>\n\t\t\t\t<div class=\"elementor-element elementor-element-1d76a33 maquinaEscribirPortada elementor-widget elementor-widget-writing-effect-headline\" data-id=\"1d76a33\" data-element_type=\"widget\" data-e-type=\"widget\" data-widget_type=\"writing-effect-headline.default\">\n\t\t\t\t<div class=\"elementor-widget-container\">\n\t\t\t\t\t\t\t<h2 class=\"a13ree-written-headline\" data-speed=\"21\" data-loop=\"1\">\r\n\t\t\t\r\n\t\t\t            <span class=\"written-lines elementor-screen-only\">Difusi\u00f3n de actividades y materiales de divulgaci\u00f3n cient\u00edfica y ciencia ciudadana de matem\u00e1ticas\nTeam of educators passionate about math outreach<\/span>\r\n\t\t\t\r\n\t\t\t\t\t<\/h2>\r\n\t\t\t\t\t\t<\/div>\n\t\t\t\t<\/div>\n\t\t\t\t\t<\/div>\n\t\t<\/div>\n\t\t\t\t\t<\/div>\n\t\t<\/section>\n\t\t\t\t<section class=\"elementor-section elementor-top-section elementor-element elementor-element-19c2759 elementor-section-boxed elementor-section-height-default elementor-section-height-default\" data-id=\"19c2759\" data-element_type=\"section\" data-e-type=\"section\">\n\t\t\t\t\t\t<div class=\"elementor-container elementor-column-gap-default\">\n\t\t\t\t\t<div class=\"elementor-column elementor-col-100 elementor-top-column elementor-element elementor-element-7d90ec2\" data-id=\"7d90ec2\" data-element_type=\"column\" data-e-type=\"column\">\n\t\t\t<div class=\"elementor-widget-wrap elementor-element-populated\">\n\t\t\t\t\t\t<div class=\"elementor-element elementor-element-4fc968e elementor-widget elementor-widget-heading\" data-id=\"4fc968e\" data-element_type=\"widget\" data-e-type=\"widget\" data-widget_type=\"heading.default\">\n\t\t\t\t<div class=\"elementor-widget-container\">\n\t\t\t\t\t<h1 class=\"elementor-heading-title elementor-size-default\"><br>\u00daLTIMOS <i>COMPROMISOS<\/i><\/h1>\t\t\t\t<\/div>\n\t\t\t\t<\/div>\n\t\t\t\t<div class=\"elementor-element elementor-element-b2633a3 elementor-widget elementor-widget-text-editor\" data-id=\"b2633a3\" data-element_type=\"widget\" data-e-type=\"widget\" data-widget_type=\"text-editor.default\">\n\t\t\t\t<div class=\"elementor-widget-container\">\n\t\t\t\t\t\t\t\t\t<p style=\"text-align: center\">Aqu\u00ed se publica (\u2211 pr\u00f3ximas) actividades a las que <em><strong>Madrem\u00e1ticas <\/strong><\/em>se ha comprometido <img decoding=\"async\" class=\"emoji\" role=\"img\" src=\"https:\/\/s.w.org\/images\/core\/emoji\/16.0.1\/svg\/1f49e.svg\" alt=\"\ud83d\udc9e\" \/> o entregado <img decoding=\"async\" class=\"emoji\" role=\"img\" src=\"https:\/\/s.w.org\/images\/core\/emoji\/16.0.1\/svg\/267e.svg\" alt=\"\u267e\" \/>\ufe0f.\u00a0<\/p><p style=\"text-align: center\">En la pesta\u00f1a <strong>ACTIVIDADES<\/strong>\u00a0aparecen las ya\u00a0realizadas.<\/p>\t\t\t\t\t\t\t\t<\/div>\n\t\t\t\t<\/div>\n\t\t\t\t<div class=\"elementor-element elementor-element-2b993c6 elementor-widget-divider--view-line elementor-widget elementor-widget-divider\" data-id=\"2b993c6\" data-element_type=\"widget\" data-e-type=\"widget\" data-widget_type=\"divider.default\">\n\t\t\t\t<div class=\"elementor-widget-container\">\n\t\t\t\t\t\t\t<div class=\"elementor-divider\">\n\t\t\t<span class=\"elementor-divider-separator\">\n\t\t\t\t\t\t<\/span>\n\t\t<\/div>\n\t\t\t\t\t\t<\/div>\n\t\t\t\t<\/div>\n\t\t\t\t\t<\/div>\n\t\t<\/div>\n\t\t\t\t\t<\/div>\n\t\t<\/section>\n\t\t\t\t<section class=\"elementor-section elementor-top-section elementor-element elementor-element-224f6f3 elementor-section-boxed elementor-section-height-default elementor-section-height-default\" data-id=\"224f6f3\" data-element_type=\"section\" data-e-type=\"section\">\n\t\t\t\t\t\t<div class=\"elementor-container elementor-column-gap-custom\">\n\t\t\t\t\t<div class=\"elementor-column elementor-col-50 elementor-top-column elementor-element elementor-element-6347bec\" data-id=\"6347bec\" data-element_type=\"column\" data-e-type=\"column\">\n\t\t\t<div class=\"elementor-widget-wrap elementor-element-populated\">\n\t\t\t\t\t\t<div class=\"elementor-element elementor-element-347c858 elementor-widget__width-initial elementor-widget elementor-widget-text-editor\" data-id=\"347c858\" data-element_type=\"widget\" data-e-type=\"widget\" data-widget_type=\"text-editor.default\">\n\t\t\t\t<div class=\"elementor-widget-container\">\n\t\t\t\t\t\t\t\t\t<h3><span style=\"color: #003300\"><strong>La acci\u00f3n DICE del proyecto FECYT <\/strong><\/span><\/h3><p><img decoding=\"async\" class=\"emoji\" role=\"img\" src=\"https:\/\/s.w.org\/images\/core\/emoji\/17.0.2\/svg\/1f680.svg\" alt=\"\ud83d\ude80\" \/>Despeg\u00f3 en Almagro (26.01.2026) y ya m<span style=\"text-decoration: underline\">\u00e1s de 350 estudiantes<\/span>\u00a0han formado parte del viaje.<\/p><p><img decoding=\"async\" class=\"emoji\" role=\"img\" src=\"https:\/\/s.w.org\/images\/core\/emoji\/17.0.2\/svg\/1f4cd.svg\" alt=\"\ud83d\udccd\" \/>Siguientes pasajeros:\u00a0 6\u00ba de Primaria en dos coles de Calatayud\u00a0 (15-16<span style=\"font-size: 1.1em\">.04.2026<\/span><span style=\"font-size: 1.1em\">) y\u00a0<\/span><span style=\"font-size: 1.1em\">1\u00ba ESO de IES La Poveda, Madrid (22.04.2026).\u00a0<\/span><\/p><h5><img decoding=\"async\" class=\"emoji\" style=\"color: #ff00ff;font-size: 1.2em;background-color: #ffffff\" role=\"img\" src=\"https:\/\/s.w.org\/images\/core\/emoji\/17.0.2\/svg\/1f50d.svg\" alt=\"\ud83d\udd0d\" \/><a href=\"https:\/\/blogs.uned.es\/madrematicas\/fecyt\/\"><span style=\"color: #ff00ff;font-size: 1.2em\">M\u00e1s informaci\u00f3n desde pesta\u00f1a FECYT<\/span><\/a><\/h5><h4><a href=\"https:\/\/www.instagram.com\/madrematicasuned\">Im\u00e1genes del fant\u00e1stico viaje desde nuestro Instagram @madrematicasuned<\/a><\/h4>\t\t\t\t\t\t\t\t<\/div>\n\t\t\t\t<\/div>\n\t\t\t\t\t<\/div>\n\t\t<\/div>\n\t\t\t\t<div class=\"elementor-column elementor-col-50 elementor-top-column elementor-element elementor-element-fe2c4fd\" data-id=\"fe2c4fd\" data-element_type=\"column\" data-e-type=\"column\">\n\t\t\t<div class=\"elementor-widget-wrap elementor-element-populated\">\n\t\t\t\t\t\t<div class=\"elementor-element elementor-element-c9a1438 elementor-widget__width-initial elementor-widget elementor-widget-image\" data-id=\"c9a1438\" data-element_type=\"widget\" data-e-type=\"widget\" data-widget_type=\"image.default\">\n\t\t\t\t<div class=\"elementor-widget-container\">\n\t\t\t\t\t\t\t\t\t\t\t\t\t\t\t<img decoding=\"async\" width=\"300\" height=\"300\" src=\"https:\/\/blogs.uned.es\/madrematicas\/wp-content\/uploads\/sites\/593\/2025\/10\/LOGO-SELLO-MATES-negro-300x300.png\" class=\"attachment-medium size-medium wp-image-2347\" alt=\"\" srcset=\"https:\/\/blogs.uned.es\/madrematicas\/wp-content\/uploads\/sites\/593\/2025\/10\/LOGO-SELLO-MATES-negro-300x300.png 300w, https:\/\/blogs.uned.es\/madrematicas\/wp-content\/uploads\/sites\/593\/2025\/10\/LOGO-SELLO-MATES-negro-1024x1024.png 1024w, https:\/\/blogs.uned.es\/madrematicas\/wp-content\/uploads\/sites\/593\/2025\/10\/LOGO-SELLO-MATES-negro-150x150.png 150w, https:\/\/blogs.uned.es\/madrematicas\/wp-content\/uploads\/sites\/593\/2025\/10\/LOGO-SELLO-MATES-negro-768x768.png 768w, https:\/\/blogs.uned.es\/madrematicas\/wp-content\/uploads\/sites\/593\/2025\/10\/LOGO-SELLO-MATES-negro-1536x1536.png 1536w, https:\/\/blogs.uned.es\/madrematicas\/wp-content\/uploads\/sites\/593\/2025\/10\/elementor\/thumbs\/LOGO-SELLO-MATES-negro-150x150.png 1772w, https:\/\/blogs.uned.es\/madrematicas\/wp-content\/uploads\/sites\/593\/2025\/10\/LOGO-SELLO-MATES-negro.png 1674w\" sizes=\"(max-width: 300px) 100vw, 300px\" \/>\t\t\t\t\t\t\t\t\t\t\t\t\t\t\t<\/div>\n\t\t\t\t<\/div>\n\t\t\t\t\t<\/div>\n\t\t<\/div>\n\t\t\t\t\t<\/div>\n\t\t<\/section>\n\t\t\t\t<section class=\"elementor-section elementor-top-section elementor-element elementor-element-2ccc177 elementor-section-full_width elementor-section-height-default elementor-section-height-default\" data-id=\"2ccc177\" data-element_type=\"section\" data-e-type=\"section\">\n\t\t\t\t\t\t<div class=\"elementor-container elementor-column-gap-no\">\n\t\t\t\t\t<div class=\"elementor-column elementor-col-100 elementor-top-column elementor-element elementor-element-44e4e01\" data-id=\"44e4e01\" data-element_type=\"column\" data-e-type=\"column\">\n\t\t\t<div class=\"elementor-widget-wrap elementor-element-populated\">\n\t\t\t\t\t\t<div class=\"elementor-element elementor-element-ffac9d2 elementor-widget elementor-widget-heading\" data-id=\"ffac9d2\" data-element_type=\"widget\" data-e-type=\"widget\" data-widget_type=\"heading.default\">\n\t\t\t\t<div class=\"elementor-widget-container\">\n\t\t\t\t\t<h2 class=\"elementor-heading-title elementor-size-default\"><a href=\"https:\/\/canal.uned.es\/video\/69c51365fcff8c2d94091032\">Primera publicaci\u00f3n de MADREM\u00c1TICAS<br><b> <i>Blanca Matem\u00e1tica: En busca del principio<\/i><\/b><i> <\/i><br>e inicio de la acci\u00f3n CUENTA<\/a><\/h2>\t\t\t\t<\/div>\n\t\t\t\t<\/div>\n\t\t\t\t<div class=\"elementor-element elementor-element-8942986 elementor-widget elementor-widget-image\" data-id=\"8942986\" data-element_type=\"widget\" data-e-type=\"widget\" data-widget_type=\"image.default\">\n\t\t\t\t<div class=\"elementor-widget-container\">\n\t\t\t\t\t\t\t\t\t\t\t\t\t\t\t<img decoding=\"async\" width=\"400\" height=\"267\" src=\"https:\/\/blogs.uned.es\/madrematicas\/wp-content\/uploads\/sites\/593\/2026\/04\/LibroBM-foto.jpg\" class=\"attachment-large size-large wp-image-3189\" alt=\"\" srcset=\"https:\/\/blogs.uned.es\/madrematicas\/wp-content\/uploads\/sites\/593\/2026\/04\/LibroBM-foto.jpg 400w, https:\/\/blogs.uned.es\/madrematicas\/wp-content\/uploads\/sites\/593\/2026\/04\/LibroBM-foto-300x200.jpg 300w\" sizes=\"(max-width: 400px) 100vw, 400px\" \/>\t\t\t\t\t\t\t\t\t\t\t\t\t\t\t<\/div>\n\t\t\t\t<\/div>\n\t\t\t\t\t<\/div>\n\t\t<\/div>\n\t\t\t\t\t<\/div>\n\t\t<\/section>\n\t\t\t\t<section class=\"elementor-section elementor-top-section elementor-element elementor-element-dd3b1ad elementor-section-boxed elementor-section-height-default elementor-section-height-default\" data-id=\"dd3b1ad\" data-element_type=\"section\" data-e-type=\"section\">\n\t\t\t\t\t\t<div class=\"elementor-container elementor-column-gap-default\">\n\t\t\t\t\t<div class=\"elementor-column elementor-col-100 elementor-top-column elementor-element elementor-element-cafc52d\" data-id=\"cafc52d\" data-element_type=\"column\" data-e-type=\"column\">\n\t\t\t<div class=\"elementor-widget-wrap elementor-element-populated\">\n\t\t\t\t\t\t<div class=\"elementor-element elementor-element-73000c0 elementor-widget elementor-widget-text-editor\" data-id=\"73000c0\" data-element_type=\"widget\" data-e-type=\"widget\" data-widget_type=\"text-editor.default\">\n\t\t\t\t<div class=\"elementor-widget-container\">\n\t\t\t\t\t\t\t\t\t<p>Gracias a la cofinanciaci\u00f3n de la editorial <a href=\"https:\/\/www.sanzytorres.es\/\">Sanz y Torres<\/a>\u00a0 asociada al proyecto FECYT ref. FCT-24-20694 disponemos de <b>500 ejemplares<\/b> del \u00e1lbum escrito por Madrem\u00e1ticas e ilustrado por M\u00f3nica Calvo Gil, para entregar al p\u00fablico de 3\u00ba o 4\u00ba de Primaria, en los talleres de cuentacuentos en bibliotecas p\u00fablicas. Adem\u00e1s, la versi\u00f3n online est\u00e1 disponible gratuitamente desde <a href=\"https:\/\/www.editorialsanzytorres.com\/libros\/blanca-matematica\/9788410409545\/\">https:\/\/www.editorialsanzytorres.com\/libros\/blanca-matematica\/9788410409545\/<\/a> .\u00a0 V\u00e9ase tambi\u00e9n google libros <a href=\"https:\/\/books.google.es\/books\/about?id=pwfLEQAAQBAJ&amp;redir_esc=y\">google libros<\/a>\u00a0 y <a href=\"https:\/\/play.google.com\/store\/books\/details?id=pwfLEQAAQBAJ\">play google<\/a>.\u00a0\u00a0<\/p><p><a href=\"https:\/\/www.uned.es\/universidad\/inicio\/noticias\/mostrarnoticia?noticia=la-uned-presenta-el-proyecto-mates-para-acercar-las-matematicas-a-la-infancia\">Informaci\u00f3n de la acci\u00f3n CUENTA en la noticia UNED del 26 de marzo de 2026.<\/a><\/p><p><img loading=\"lazy\" decoding=\"async\" class=\"size-medium wp-image-3179 aligncenter\" src=\"http:\/\/blogs.uned.es\/madrematicas\/wp-content\/uploads\/sites\/593\/2026\/04\/equipoMM-FECYT24-300x200.jpg\" alt=\"\" width=\"300\" height=\"200\" srcset=\"https:\/\/blogs.uned.es\/madrematicas\/wp-content\/uploads\/sites\/593\/2026\/04\/equipoMM-FECYT24-300x200.jpg 300w, https:\/\/blogs.uned.es\/madrematicas\/wp-content\/uploads\/sites\/593\/2026\/04\/equipoMM-FECYT24-768x512.jpg 768w, https:\/\/blogs.uned.es\/madrematicas\/wp-content\/uploads\/sites\/593\/2026\/04\/equipoMM-FECYT24.jpg 799w\" sizes=\"(max-width: 300px) 100vw, 300px\" \/><\/p>\t\t\t\t\t\t\t\t<\/div>\n\t\t\t\t<\/div>\n\t\t\t\t<div class=\"elementor-element elementor-element-3aafbb5 elementor-widget-divider--view-line elementor-widget elementor-widget-divider\" data-id=\"3aafbb5\" data-element_type=\"widget\" data-e-type=\"widget\" data-widget_type=\"divider.default\">\n\t\t\t\t<div class=\"elementor-widget-container\">\n\t\t\t\t\t\t\t<div class=\"elementor-divider\">\n\t\t\t<span class=\"elementor-divider-separator\">\n\t\t\t\t\t\t<\/span>\n\t\t<\/div>\n\t\t\t\t\t\t<\/div>\n\t\t\t\t<\/div>\n\t\t\t\t<div class=\"elementor-element elementor-element-eaea6a1 elementor-shape-circle elementor-grid-0 e-grid-align-center elementor-widget elementor-widget-social-icons\" data-id=\"eaea6a1\" data-element_type=\"widget\" data-e-type=\"widget\" data-widget_type=\"social-icons.default\">\n\t\t\t\t<div class=\"elementor-widget-container\">\n\t\t\t\t\t\t\t<div class=\"elementor-social-icons-wrapper elementor-grid\">\n\t\t\t\t\t\t\t<span class=\"elementor-grid-item\">\n\t\t\t\t\t<a class=\"elementor-icon elementor-social-icon elementor-social-icon-instagram elementor-repeater-item-b2745a6\" href=\"https:\/\/www.instagram.com\/madrematicasuned\/\" target=\"_blank\">\n\t\t\t\t\t\t<span class=\"elementor-screen-only\">Instagram<\/span>\n\t\t\t\t\t\t<i aria-hidden=\"true\" class=\"fab fa-instagram\"><\/i>\t\t\t\t\t<\/a>\n\t\t\t\t<\/span>\n\t\t\t\t\t<\/div>\n\t\t\t\t\t\t<\/div>\n\t\t\t\t<\/div>\n\t\t\t\t\t<\/div>\n\t\t<\/div>\n\t\t\t\t\t<\/div>\n\t\t<\/section>\n\t\t\t\t<\/div>\n\t\t","protected":false},"excerpt":{"rendered":"<p>Madrem\u00e1ticas Difusi\u00f3n de actividades y materiales de divulgaci\u00f3n cient\u00edfica y ciencia ciudadana de matem\u00e1ticas Team of educators passionate about math outreach \u00daLTIMOS COMPROMISOS Aqu\u00ed se publica (\u2211 pr\u00f3ximas) actividades a las que Madrem\u00e1ticas se ha comprometido o entregado \ufe0f.\u00a0 En la pesta\u00f1a ACTIVIDADES\u00a0aparecen las ya\u00a0realizadas. La acci\u00f3n DICE del proyecto FECYT Despeg\u00f3 en Almagro (26.01.2026) y ya m\u00e1s de 350 estudiantes\u00a0han formado parte del viaje. Siguientes pasajeros:\u00a0 6\u00ba de Primaria en dos coles de Calatayud\u00a0 (15-16.04.2026) y\u00a01\u00ba ESO de IES La Poveda, Madrid (22.04.2026).\u00a0 M\u00e1s informaci\u00f3n desde pesta\u00f1a FECYT Im\u00e1genes del fant\u00e1stico viaje desde nuestro Instagram @madrematicasuned Primera publicaci\u00f3n de MADREM\u00c1TICAS Blanca Matem\u00e1tica: En busca del principio e inicio de la acci\u00f3n CUENTA Gracias a la cofinanciaci\u00f3n de la editorial Sanz y Torres\u00a0 asociada al proyecto FECYT ref. FCT-24-20694 disponemos de 500 ejemplares del \u00e1lbum escrito por Madrem\u00e1ticas e ilustrado por M\u00f3nica Calvo Gil, para entregar al p\u00fablico de 3\u00ba&hellip;<\/p>\n<p> <a class=\"more-link\" href=\"https:\/\/blogs.uned.es\/madrematicas\/\">Leer m\u00e1s<\/a><\/p>\n","protected":false},"author":1,"featured_media":0,"parent":0,"menu_order":1,"comment_status":"closed","ping_status":"closed","template":"","meta":{"footnotes":""},"class_list":["post-15","page","type-page","status-publish"],"jetpack_sharing_enabled":true,"_links":{"self":[{"href":"https:\/\/blogs.uned.es\/madrematicas\/wp-json\/wp\/v2\/pages\/15","targetHints":{"allow":["GET"]}}],"collection":[{"href":"https:\/\/blogs.uned.es\/madrematicas\/wp-json\/wp\/v2\/pages"}],"about":[{"href":"https:\/\/blogs.uned.es\/madrematicas\/wp-json\/wp\/v2\/types\/page"}],"author":[{"embeddable":true,"href":"https:\/\/blogs.uned.es\/madrematicas\/wp-json\/wp\/v2\/users\/1"}],"replies":[{"embeddable":true,"href":"https:\/\/blogs.uned.es\/madrematicas\/wp-json\/wp\/v2\/comments?post=15"}],"version-history":[{"count":407,"href":"https:\/\/blogs.uned.es\/madrematicas\/wp-json\/wp\/v2\/pages\/15\/revisions"}],"predecessor-version":[{"id":3207,"href":"https:\/\/blogs.uned.es\/madrematicas\/wp-json\/wp\/v2\/pages\/15\/revisions\/3207"}],"wp:attachment":[{"href":"https:\/\/blogs.uned.es\/madrematicas\/wp-json\/wp\/v2\/media?parent=15"}],"curies":[{"name":"wp","href":"https:\/\/api.w.org\/{rel}","templated":true}]}}