{"id":1269,"date":"2021-07-20T23:25:21","date_gmt":"2021-07-20T21:25:21","guid":{"rendered":"https:\/\/blogs.uned.es\/koinonia\/?page_id=1269"},"modified":"2021-07-21T00:27:17","modified_gmt":"2021-07-20T22:27:17","slug":"koinonia-2","status":"publish","type":"page","link":"https:\/\/blogs.uned.es\/koinonia\/","title":{"rendered":"Koinon\u00eda"},"content":{"rendered":"\t\t<div data-elementor-type=\"wp-page\" data-elementor-id=\"1269\" class=\"elementor elementor-1269\">\n\t\t\t\t\t\t<section class=\"elementor-section elementor-top-section elementor-element elementor-element-7015112e elementor-section-boxed elementor-section-height-default elementor-section-height-default\" data-id=\"7015112e\" data-element_type=\"section\" data-e-type=\"section\">\n\t\t\t\t\t\t<div class=\"elementor-container elementor-column-gap-default\">\n\t\t\t\t\t<div class=\"elementor-column elementor-col-100 elementor-top-column elementor-element elementor-element-1bd335a0\" data-id=\"1bd335a0\" data-element_type=\"column\" data-e-type=\"column\">\n\t\t\t<div class=\"elementor-widget-wrap elementor-element-populated\">\n\t\t\t\t\t\t<div class=\"elementor-element elementor-element-586049d1 elementor-widget elementor-widget-text-editor\" data-id=\"586049d1\" data-element_type=\"widget\" data-e-type=\"widget\" data-widget_type=\"text-editor.default\">\n\t\t\t\t<div class=\"elementor-widget-container\">\n\t\t\t\t\t\t\t\t\t<h2 style=\"text-align: center\"><span style=\"color: #666699\"><strong>PRESENTACI\u00d3N<\/strong><\/span><\/h2>\t\t\t\t\t\t\t\t<\/div>\n\t\t\t\t<\/div>\n\t\t\t\t\t<\/div>\n\t\t<\/div>\n\t\t\t\t\t<\/div>\n\t\t<\/section>\n\t\t\t\t<section class=\"elementor-section elementor-top-section elementor-element elementor-element-81143d4 elementor-section-boxed elementor-section-height-default elementor-section-height-default\" data-id=\"81143d4\" data-element_type=\"section\" data-e-type=\"section\">\n\t\t\t\t\t\t<div class=\"elementor-container elementor-column-gap-default\">\n\t\t\t\t\t<div class=\"elementor-column elementor-col-100 elementor-top-column elementor-element elementor-element-68049fa\" data-id=\"68049fa\" data-element_type=\"column\" data-e-type=\"column\">\n\t\t\t<div class=\"elementor-widget-wrap elementor-element-populated\">\n\t\t\t\t\t\t<div class=\"elementor-element elementor-element-d12cab8 elementor-widget elementor-widget-text-editor\" data-id=\"d12cab8\" data-element_type=\"widget\" data-e-type=\"widget\" data-widget_type=\"text-editor.default\">\n\t\t\t\t<div class=\"elementor-widget-container\">\n\t\t\t\t\t\t\t\t\t<h6 style=\"text-align: center\">\u00a0<span style=\"font-size: 1.2em;text-align: center;color: #1c148f\"><strong><em>Koinon\u00eda<\/em><\/strong><strong>: Grupo interdisciplinario de investigaci\u00f3n sobre Trabajo Social, Historia, Derecho e Intervenci\u00f3n Social<\/strong><\/span><strong style=\"text-align: center;color: #178a15;font-size: 15px\">\u00a0<\/strong><\/h6>\t\t\t\t\t\t\t\t<\/div>\n\t\t\t\t<\/div>\n\t\t\t\t\t<\/div>\n\t\t<\/div>\n\t\t\t\t\t<\/div>\n\t\t<\/section>\n\t\t\t\t<section class=\"elementor-section elementor-top-section elementor-element elementor-element-5137a14 elementor-section-boxed elementor-section-height-default elementor-section-height-default\" data-id=\"5137a14\" data-element_type=\"section\" data-e-type=\"section\">\n\t\t\t\t\t\t<div class=\"elementor-container elementor-column-gap-default\">\n\t\t\t\t\t<div class=\"elementor-column elementor-col-100 elementor-top-column elementor-element elementor-element-d834003\" data-id=\"d834003\" data-element_type=\"column\" data-e-type=\"column\">\n\t\t\t<div class=\"elementor-widget-wrap elementor-element-populated\">\n\t\t\t\t\t\t<div class=\"elementor-element elementor-element-9955cba elementor-widget elementor-widget-video\" data-id=\"9955cba\" data-element_type=\"widget\" data-e-type=\"widget\" data-settings=\"{&quot;video_type&quot;:&quot;hosted&quot;,&quot;controls&quot;:&quot;yes&quot;}\" data-widget_type=\"video.default\">\n\t\t\t\t<div class=\"elementor-widget-container\">\n\t\t\t\t\t\t\t<div class=\"e-hosted-video elementor-wrapper elementor-open-inline\">\n\t\t\t\t\t<video class=\"elementor-video\" src=\"https:\/\/canal.uned.es\/trackfile\/5a6f3e4ab1111f3a5c8b4579.mp4\" controls=\"\" preload=\"metadata\" controlsList=\"nodownload\"><\/video>\n\t\t\t\t<\/div>\n\t\t\t\t\t\t<\/div>\n\t\t\t\t<\/div>\n\t\t\t\t\t<\/div>\n\t\t<\/div>\n\t\t\t\t\t<\/div>\n\t\t<\/section>\n\t\t\t\t<section class=\"elementor-section elementor-top-section elementor-element elementor-element-344c63a elementor-section-boxed elementor-section-height-default elementor-section-height-default\" data-id=\"344c63a\" data-element_type=\"section\" data-e-type=\"section\">\n\t\t\t\t\t\t<div class=\"elementor-container elementor-column-gap-default\">\n\t\t\t\t\t<div class=\"elementor-column elementor-col-100 elementor-top-column elementor-element elementor-element-19befaa\" data-id=\"19befaa\" data-element_type=\"column\" data-e-type=\"column\">\n\t\t\t<div class=\"elementor-widget-wrap elementor-element-populated\">\n\t\t\t\t\t\t<div class=\"elementor-element elementor-element-36aea0e elementor-widget elementor-widget-text-editor\" data-id=\"36aea0e\" data-element_type=\"widget\" data-e-type=\"widget\" data-widget_type=\"text-editor.default\">\n\t\t\t\t<div class=\"elementor-widget-container\">\n\t\t\t\t\t\t\t\t\t<p style=\"text-align: left\"><span style=\"color: #666699\">Nuestro grupo de investigaci\u00f3n, acreditado por la UNED desde el a\u00f1o 2012, tiene una larga trayectoria de investigaci\u00f3n en el extenso campo que conforman el Trabajo Social y los Servicios Sociales, el Derecho, la Historia y la Intervenci\u00f3n Social. Desde el a\u00f1o 2019 hemos reorientado nuestras l\u00edneas de investigaci\u00f3n y nuestras actividades de transferencia bajo las coordenadas de la Agenda 2030 y los Objetivos de Desarrollo Sostenible (ODS) prestando particular atenci\u00f3n a la investigaci\u00f3n sobre el Trabajo Social Digital o e-Social Work, las pol\u00edticas del cuidado, la innovaci\u00f3n en Servicios Sociales, y las din\u00e1micas de participaci\u00f3n en el entorno de los Objetivos de Desarrollo Sostenible (con especial atenci\u00f3n a las agendas urbanas, el urbanismo sostenible y las din\u00e1micas de participaci\u00f3n en el entorno local). Actualmente, profesores del grupo dirigen la C\u00e1tedra UNED-Ayuntamiento de Fuenlabrada-Asociaci\u00f3n Estatal de Directoras y Gerentes de Servicios Sociales en Innovaci\u00f3n en Servicios Sociales y Dependencia, la c\u00e1tedra UNED-Instituto Lincoln de Pol\u00edticas de Suelo, y el Participatory Group, UNED-Ayuntamiento de Madrid, que integra a 50 ciudades de todo el mundo en un proyecto de buenas pr\u00e1cticas participativas . En el grupo Koinon\u00eda se integran profesores de universidades de prestigio, y dentro de la UNED, se conforma como un equipo formado por profesores de los Departamentos de Trabajo Social y de Derecho Administrativo de la Facultad de Derecho de la UNED.<\/span><\/p>\t\t\t\t\t\t\t\t<\/div>\n\t\t\t\t<\/div>\n\t\t\t\t\t<\/div>\n\t\t<\/div>\n\t\t\t\t\t<\/div>\n\t\t<\/section>\n\t\t\t\t<\/div>\n\t\t","protected":false},"excerpt":{"rendered":"<p>PRESENTACI\u00d3N &nbsp;Koinon\u00eda: Grupo interdisciplinario de investigaci\u00f3n sobre Trabajo Social, Historia, Derecho e Intervenci\u00f3n Social&nbsp; https:\/\/canal.uned.es\/trackfile\/5a6f3e4ab1111f3a5c8b4579.mp4 Nuestro grupo de investigaci\u00f3n, acreditado por la UNED desde el a\u00f1o 2012, tiene una larga trayectoria de investigaci\u00f3n en el extenso campo que conforman el Trabajo Social y los Servicios Sociales, el Derecho, la Historia y la Intervenci\u00f3n Social. Desde el a\u00f1o 2019 hemos reorientado nuestras l\u00edneas de investigaci\u00f3n y nuestras actividades de transferencia bajo las coordenadas de la Agenda 2030 y los Objetivos de Desarrollo Sostenible (ODS) prestando particular atenci\u00f3n a la investigaci\u00f3n sobre el Trabajo Social Digital o e-Social Work, las pol\u00edticas del cuidado, la innovaci\u00f3n en Servicios Sociales, y las din\u00e1micas de participaci\u00f3n en el entorno de los Objetivos de Desarrollo Sostenible (con especial atenci\u00f3n a las agendas urbanas, el urbanismo sostenible y las din\u00e1micas de participaci\u00f3n en el entorno local). Actualmente, profesores del grupo dirigen la C\u00e1tedra UNED-Ayuntamiento de Fuenlabrada-Asociaci\u00f3n Estatal&hellip;<\/p>\n<p> <a class=\"more-link\" href=\"https:\/\/blogs.uned.es\/koinonia\/\">Leer m\u00e1s<\/a><\/p>\n","protected":false},"author":7435,"featured_media":1315,"parent":0,"menu_order":0,"comment_status":"closed","ping_status":"closed","template":"","meta":{"footnotes":""},"class_list":["post-1269","page","type-page","status-publish","has-post-thumbnail"],"_links":{"self":[{"href":"https:\/\/blogs.uned.es\/koinonia\/wp-json\/wp\/v2\/pages\/1269","targetHints":{"allow":["GET"]}}],"collection":[{"href":"https:\/\/blogs.uned.es\/koinonia\/wp-json\/wp\/v2\/pages"}],"about":[{"href":"https:\/\/blogs.uned.es\/koinonia\/wp-json\/wp\/v2\/types\/page"}],"author":[{"embeddable":true,"href":"https:\/\/blogs.uned.es\/koinonia\/wp-json\/wp\/v2\/users\/7435"}],"replies":[{"embeddable":true,"href":"https:\/\/blogs.uned.es\/koinonia\/wp-json\/wp\/v2\/comments?post=1269"}],"version-history":[{"count":9,"href":"https:\/\/blogs.uned.es\/koinonia\/wp-json\/wp\/v2\/pages\/1269\/revisions"}],"predecessor-version":[{"id":1307,"href":"https:\/\/blogs.uned.es\/koinonia\/wp-json\/wp\/v2\/pages\/1269\/revisions\/1307"}],"wp:featuredmedia":[{"embeddable":true,"href":"https:\/\/blogs.uned.es\/koinonia\/wp-json\/wp\/v2\/media\/1315"}],"wp:attachment":[{"href":"https:\/\/blogs.uned.es\/koinonia\/wp-json\/wp\/v2\/media?parent=1269"}],"curies":[{"name":"wp","href":"https:\/\/api.w.org\/{rel}","templated":true}]}}