{"id":13329,"date":"2025-03-08T10:34:13","date_gmt":"2025-03-08T10:34:13","guid":{"rendered":"https:\/\/blogs.uned.es\/intervencionsocioeducativa\/?page_id=13329"},"modified":"2025-03-08T10:34:13","modified_gmt":"2025-03-08T10:34:13","slug":"alvaro-muelas","status":"publish","type":"page","link":"https:\/\/blogs.uned.es\/intervencionsocioeducativa\/alvaro-muelas\/","title":{"rendered":"\u00c1lvaro Muelas"},"content":{"rendered":"\n<div class=\"wp-block-columns is-layout-flex wp-container-core-columns-is-layout-28f84493 wp-block-columns-is-layout-flex\">\n<div class=\"wp-block-column is-layout-flow wp-block-column-is-layout-flow\">\n<figure class=\"wp-block-image size-full\"><img loading=\"lazy\" decoding=\"async\" width=\"225\" height=\"225\" src=\"https:\/\/blogs.uned.es\/intervencionsocioeducativa\/wp-content\/uploads\/sites\/395\/2025\/03\/download-1.png\" alt=\"\" class=\"wp-image-13333\" srcset=\"https:\/\/blogs.uned.es\/intervencionsocioeducativa\/wp-content\/uploads\/sites\/395\/2025\/03\/download-1.png 225w, https:\/\/blogs.uned.es\/intervencionsocioeducativa\/wp-content\/uploads\/sites\/395\/2025\/03\/download-1-150x150.png 150w\" sizes=\"auto, (max-width: 225px) 100vw, 225px\" \/><\/figure>\n<\/div>\n\n\n\n<div class=\"wp-block-column is-layout-flow wp-block-column-is-layout-flow\">\n<p class=\"has-large-font-size\"><strong>ALVARO MUELAS PLAZA<\/strong><\/p>\n\n\n\n<p>\u2709amuelasplaza@invi.uned.es<\/p>\n<\/div>\n<\/div>\n\n\n\n<p>\u00c1lvaro Muelas es Diplomado en Magisterio de Ed. Primaria, esp. Educaci\u00f3n F\u00edsica (1997),Curso Adaptaci\u00f3n licenciatura Pedagog\u00eda(1998),licenciado Psicopedagog\u00eda (2000) y M\u00e1ster Neuropsicolog\u00eda y Educaci\u00f3n(2006).En 2006 obtuvo el Diploma de Estudios Avanzados; en 2011 fue Doctor en dep. Psicolog\u00eda Evolutiva, Fac. Educaci\u00f3n Universidad Complutense Madrid(UCM) con calificaci\u00f3n de Sobresaliente Cum Laude. Su investigaci\u00f3n se centra en tres l\u00edneas:1) Psicolog\u00eda evolutiva y educaci\u00f3n y neurociencia en distintas etapas educativas;2) Innovaci\u00f3n docente: ApS y TFM 3)Orientaci\u00f3n educativa y profesional. Desde 2008 investiga sobre Estrategias de Aprendizaje y la Neuropsicolog\u00eda en relaci\u00f3n con el rendimiento acad\u00e9mico de los estudiantes. Ha impulsado proyectos de grupos de investigaci\u00f3n de neuropsicolog\u00eda y educaci\u00f3n financiados por UNIR-Gdl_NYE2(2015).Evaluador externo en Revista de Psicolog\u00eda y Educaci\u00f3n(2011),Prisma Social(2022) y Pedagog\u00eda Social. Revista Interuniversitaria(2022).Premio a la calidad docente del grupo de investigaci\u00f3n UNED(2022). Actualmente, es miembro del grupo de investigaci\u00f3n e innovaci\u00f3n y Director del proyecto de innovaci\u00f3n docente: Juego Limpio: Educaci\u00f3n valores en deporte(2020-2025)\/U.Villanueva. Colaborador en proyecto de investigaci\u00f3n de innovaci\u00f3n docente(2012-2025)\/UNED, siendo difundidos los resultados de su investigaci\u00f3n en libros y cap\u00edtulos nacionales-extranjeros (8 de ellos en Q1)y art\u00edculos revistas nacionales-extranjeras(destacando 4 de ellas JCR),concret\u00e1ndose desde 2006 hasta la actualidad. En ponencias, en 21 congresos nacionales e internacionales centrados en las l\u00edneas de investigaci\u00f3n indicadas por el candidato. Sobre docencia, ha impartido m\u00e1s de 8000 horas entre diplomatura, grado, licenciatura y master en UNIR, Villanueva, UNED, obteniendo calificaciones excelentes en las evaluaciones del Dpto. de Calidad. Desde el 2010 hasta la actualidad, entre otras funciones, ha sido coordinador de pr\u00e1cticas en las titulaciones de grado de magisterio (Villanueva-UNIR),master profesorado (Villanueva-UNIR) y master Neuropsicolog\u00eda y Educaci\u00f3n (UNIR), miembro en tribunales y director de TFG-TFM(Villanueva-UNIR-UNED) y asesor de m\u00e1s de 50 estudiantes de grado(Villanueva). Profesionalmente, desde el a\u00f1o 2000 es orientador en centro de bachillerato: Fomento Fundaci\u00f3n y docente en la asignatura de psicolog\u00eda (2\u00ba bachillerato),siendo un complemento notorio en su formaci\u00f3n acad\u00e9mica e investigadora de la universidad, al igual que sus m\u00e1s de 3000 horas de docencia en la escuela de entrenadores de Federaci\u00f3n de baloncesto de Madrid y Espa\u00f1ola, en asignaturas relacionadas con su l\u00ednea de investigaci\u00f3n.<\/p>\n\n\n\n<div style=\"height:30px\" aria-hidden=\"true\" class=\"wp-block-spacer\"><\/div>\n\n\n\n<div class=\"wp-block-columns is-layout-flex wp-container-core-columns-is-layout-28f84493 wp-block-columns-is-layout-flex\">\n<div class=\"wp-block-column is-layout-flow wp-block-column-is-layout-flow\">\n<figure class=\"wp-block-image aligncenter size-full is-resized\"><a href=\"https:\/\/orcid.org\/0000-0003-0336-0274\"><img loading=\"lazy\" decoding=\"async\" width=\"225\" height=\"225\" src=\"http:\/\/blogs.uned.es\/intervencionsocioeducativa\/wp-content\/uploads\/sites\/395\/2023\/03\/descarga.png\" alt=\"\" class=\"wp-image-12033\" style=\"width:53px;height:auto\" srcset=\"https:\/\/blogs.uned.es\/intervencionsocioeducativa\/wp-content\/uploads\/sites\/395\/2023\/03\/descarga.png 225w, https:\/\/blogs.uned.es\/intervencionsocioeducativa\/wp-content\/uploads\/sites\/395\/2023\/03\/descarga-150x150.png 150w\" sizes=\"auto, (max-width: 225px) 100vw, 225px\" \/><\/a><\/figure>\n<\/div>\n\n\n\n<div class=\"wp-block-column is-layout-flow wp-block-column-is-layout-flow\">\n<figure class=\"wp-block-image aligncenter size-full is-resized\"><a href=\"https:\/\/www.villanueva.edu\/profesor\/alvaro-muelas\/\"><img loading=\"lazy\" decoding=\"async\" width=\"225\" height=\"225\" src=\"http:\/\/blogs.uned.es\/intervencionsocioeducativa\/wp-content\/uploads\/sites\/395\/2023\/03\/descarga-1.png\" alt=\"\" class=\"wp-image-12035\" style=\"width:60px;height:auto\" srcset=\"https:\/\/blogs.uned.es\/intervencionsocioeducativa\/wp-content\/uploads\/sites\/395\/2023\/03\/descarga-1.png 225w, https:\/\/blogs.uned.es\/intervencionsocioeducativa\/wp-content\/uploads\/sites\/395\/2023\/03\/descarga-1-150x150.png 150w\" sizes=\"auto, (max-width: 225px) 100vw, 225px\" \/><\/a><\/figure>\n<\/div>\n<\/div>\n\n\n\n<div style=\"height:30px\" aria-hidden=\"true\" class=\"wp-block-spacer\"><\/div>\n\n\n\n<div id=\"wp-block-themeisle-blocks-button-group-d91f72b3\" class=\"wp-block-themeisle-blocks-button-group wp-block-buttons\"><\/div>\n\n\n\n<div class=\"wp-block-buttons is-layout-flex wp-block-buttons-is-layout-flex\">\n<div class=\"wp-block-button\"><a class=\"wp-block-button__link has-vivid-green-cyan-background-color has-background wp-element-button\" href=\"https:\/\/blogs.uned.es\/intervencionsocioeducativa\/equipo\/\">Volver a Equipo<\/a><\/div>\n<\/div>\n\n\n\n<p><\/p>\n","protected":false},"excerpt":{"rendered":"<p>ALVARO MUELAS PLAZA \u2709amuelasplaza@invi.uned.es \u00c1lvaro Muelas es Diplomado en Magisterio de Ed. Primaria, esp. Educaci\u00f3n F\u00edsica (1997),Curso Adaptaci\u00f3n licenciatura Pedagog\u00eda(1998),licenciado Psicopedagog\u00eda (2000) y M\u00e1ster Neuropsicolog\u00eda y Educaci\u00f3n(2006).En 2006 obtuvo el Diploma de Estudios Avanzados; en 2011 fue Doctor en dep. Psicolog\u00eda Evolutiva, Fac. Educaci\u00f3n Universidad Complutense Madrid(UCM) con calificaci\u00f3n de Sobresaliente Cum Laude. Su investigaci\u00f3n [&hellip;]<\/p>\n","protected":false},"author":7637,"featured_media":0,"parent":0,"menu_order":0,"comment_status":"closed","ping_status":"closed","template":"","meta":{"footnotes":""},"class_list":["post-13329","page","type-page","status-publish","hentry"],"_links":{"self":[{"href":"https:\/\/blogs.uned.es\/intervencionsocioeducativa\/wp-json\/wp\/v2\/pages\/13329","targetHints":{"allow":["GET"]}}],"collection":[{"href":"https:\/\/blogs.uned.es\/intervencionsocioeducativa\/wp-json\/wp\/v2\/pages"}],"about":[{"href":"https:\/\/blogs.uned.es\/intervencionsocioeducativa\/wp-json\/wp\/v2\/types\/page"}],"author":[{"embeddable":true,"href":"https:\/\/blogs.uned.es\/intervencionsocioeducativa\/wp-json\/wp\/v2\/users\/7637"}],"replies":[{"embeddable":true,"href":"https:\/\/blogs.uned.es\/intervencionsocioeducativa\/wp-json\/wp\/v2\/comments?post=13329"}],"version-history":[{"count":2,"href":"https:\/\/blogs.uned.es\/intervencionsocioeducativa\/wp-json\/wp\/v2\/pages\/13329\/revisions"}],"predecessor-version":[{"id":13337,"href":"https:\/\/blogs.uned.es\/intervencionsocioeducativa\/wp-json\/wp\/v2\/pages\/13329\/revisions\/13337"}],"wp:attachment":[{"href":"https:\/\/blogs.uned.es\/intervencionsocioeducativa\/wp-json\/wp\/v2\/media?parent=13329"}],"curies":[{"name":"wp","href":"https:\/\/api.w.org\/{rel}","templated":true}]}}