{"id":13269,"date":"2025-01-30T10:56:04","date_gmt":"2025-01-30T10:56:04","guid":{"rendered":"https:\/\/blogs.uned.es\/intervencionsocioeducativa\/?page_id=13269"},"modified":"2025-01-30T11:03:13","modified_gmt":"2025-01-30T11:03:13","slug":"eva-maria-rubio-guzman","status":"publish","type":"page","link":"https:\/\/blogs.uned.es\/intervencionsocioeducativa\/eva-maria-rubio-guzman\/","title":{"rendered":"Eva Mar\u00eda Rubio Guzm\u00e1n"},"content":{"rendered":"\n<div class=\"wp-block-columns is-layout-flex wp-container-core-columns-is-layout-28f84493 wp-block-columns-is-layout-flex\">\n<div class=\"wp-block-column is-layout-flow wp-block-column-is-layout-flow\">\n<figure class=\"wp-block-image size-full is-resized\"><img loading=\"lazy\" decoding=\"async\" width=\"151\" height=\"110\" src=\"https:\/\/blogs.uned.es\/intervencionsocioeducativa\/wp-content\/uploads\/sites\/395\/2025\/01\/thumbnail_image001.png\" alt=\"\" class=\"wp-image-13279\" style=\"width:302px;height:auto\" \/><\/figure>\n<\/div>\n\n\n\n<div class=\"wp-block-column is-layout-flow wp-block-column-is-layout-flow\">\n<p><\/p>\n\n\n\n<p class=\"has-medium-font-size\"><strong>EVA MAR\u00cdA RUBIO GUZM\u00c1N<\/strong><\/p>\n\n\n\n<p>\u2709<a href=\"mailto:amartinez@cee.uned.es\">erubio@comillas.edu<\/a><\/p>\n<\/div>\n<\/div>\n\n\n\n<p>Profesora Colaboradora Asistente. Departamento de Sociolog\u00eda y Trabajo social. Facultad de Ciencias Humanas y Sociales. Universidad Pontificia Comillas. Diplomada en Trabajo Social en 1994 (Universidad Pontificia Comillas), Licenciada en Ciencias Pol\u00edticas y Sociolog\u00eda en 1997(Universidad Pontificia Salamanca), Doctora en 2016 (Universidad Pontificia Comillas), Graduada en Criminolog\u00eda en 2023 (Universidad a Distancia de Madrid) , M\u00e1ster en Intervenci\u00f3n Interdisciplinar en Violencia de G\u00e9nero en 2024 (Universidad Internacional de Valencia), M\u00e1ster en An\u00e1lisis y Prevenci\u00f3n del Crimen (en realizaci\u00f3n, Universidad Miguel Hern\u00e1ndez, Centro CRIMINA). Profesora de una gran variedad de asignaturas de Trabajo Social, Sociolog\u00eda y Criminolog\u00eda desde octubre de 1995. Coordinadora de Relaciones Internacionales durante el periodo de 2000-2003. Coordinadora del Postgrado en Gerontolog\u00eda que la Universidad Pontificia Comillas realizaba junto con Cruz Roja, durante los a\u00f1os 2000-2002. Coordinadora de Pr\u00e1cticas de Trabajo Social durante los a\u00f1os 2007- 2017. Investigadora participante en diversos estudios relativos a exclusi\u00f3n social y problemas sociales, juventud y g\u00e9nero.<\/p>\n\n\n\n<div style=\"height:30px\" aria-hidden=\"true\" class=\"wp-block-spacer\"><\/div>\n\n\n\n<div class=\"wp-block-columns is-layout-flex wp-container-core-columns-is-layout-28f84493 wp-block-columns-is-layout-flex\">\n<div class=\"wp-block-column is-layout-flow wp-block-column-is-layout-flow\">\n<figure class=\"wp-block-image aligncenter size-full is-resized\"><a href=\"https:\/\/orcid.org\/0000-0003-0547-6879\"><img loading=\"lazy\" decoding=\"async\" width=\"225\" height=\"225\" src=\"http:\/\/blogs.uned.es\/intervencionsocioeducativa\/wp-content\/uploads\/sites\/395\/2023\/03\/descarga.png\" alt=\"\" class=\"wp-image-12033\" style=\"width:74px;height:auto\" srcset=\"https:\/\/blogs.uned.es\/intervencionsocioeducativa\/wp-content\/uploads\/sites\/395\/2023\/03\/descarga.png 225w, https:\/\/blogs.uned.es\/intervencionsocioeducativa\/wp-content\/uploads\/sites\/395\/2023\/03\/descarga-150x150.png 150w\" sizes=\"auto, (max-width: 225px) 100vw, 225px\" \/><\/a><\/figure>\n<\/div>\n\n\n\n<div class=\"wp-block-column is-layout-flow wp-block-column-is-layout-flow\">\n<figure class=\"wp-block-image aligncenter size-full is-resized\"><a href=\"https:\/\/web.comillas.edu\/profesor\/erubio\"><img loading=\"lazy\" decoding=\"async\" width=\"225\" height=\"225\" src=\"http:\/\/blogs.uned.es\/intervencionsocioeducativa\/wp-content\/uploads\/sites\/395\/2023\/03\/descarga-1.png\" alt=\"\" class=\"wp-image-12035\" style=\"width:75px;height:auto\" srcset=\"https:\/\/blogs.uned.es\/intervencionsocioeducativa\/wp-content\/uploads\/sites\/395\/2023\/03\/descarga-1.png 225w, https:\/\/blogs.uned.es\/intervencionsocioeducativa\/wp-content\/uploads\/sites\/395\/2023\/03\/descarga-1-150x150.png 150w\" sizes=\"auto, (max-width: 225px) 100vw, 225px\" \/><\/a><\/figure>\n<\/div>\n<\/div>\n\n\n\n<div style=\"height:30px\" aria-hidden=\"true\" class=\"wp-block-spacer\"><\/div>\n\n\n\n<div class=\"wp-block-buttons is-layout-flex wp-block-buttons-is-layout-flex\">\n<div class=\"wp-block-button is-style-fill\"><a class=\"wp-block-button__link has-light-green-cyan-background-color has-background wp-element-button\" href=\"https:\/\/blogs.uned.es\/intervencionsocioeducativa\/equipo\/\">Volver a Equipo<\/a><\/div>\n<\/div>\n\n\n\n<p><\/p>\n","protected":false},"excerpt":{"rendered":"<p>EVA MAR\u00cdA RUBIO GUZM\u00c1N \u2709erubio@comillas.edu Profesora Colaboradora Asistente. Departamento de Sociolog\u00eda y Trabajo social. Facultad de Ciencias Humanas y Sociales. Universidad Pontificia Comillas. Diplomada en Trabajo Social en 1994 (Universidad Pontificia Comillas), Licenciada en Ciencias Pol\u00edticas y Sociolog\u00eda en 1997(Universidad Pontificia Salamanca), Doctora en 2016 (Universidad Pontificia Comillas), Graduada en Criminolog\u00eda en 2023 (Universidad a [&hellip;]<\/p>\n","protected":false},"author":7637,"featured_media":0,"parent":0,"menu_order":0,"comment_status":"closed","ping_status":"closed","template":"","meta":{"footnotes":""},"class_list":["post-13269","page","type-page","status-publish","hentry"],"_links":{"self":[{"href":"https:\/\/blogs.uned.es\/intervencionsocioeducativa\/wp-json\/wp\/v2\/pages\/13269","targetHints":{"allow":["GET"]}}],"collection":[{"href":"https:\/\/blogs.uned.es\/intervencionsocioeducativa\/wp-json\/wp\/v2\/pages"}],"about":[{"href":"https:\/\/blogs.uned.es\/intervencionsocioeducativa\/wp-json\/wp\/v2\/types\/page"}],"author":[{"embeddable":true,"href":"https:\/\/blogs.uned.es\/intervencionsocioeducativa\/wp-json\/wp\/v2\/users\/7637"}],"replies":[{"embeddable":true,"href":"https:\/\/blogs.uned.es\/intervencionsocioeducativa\/wp-json\/wp\/v2\/comments?post=13269"}],"version-history":[{"count":2,"href":"https:\/\/blogs.uned.es\/intervencionsocioeducativa\/wp-json\/wp\/v2\/pages\/13269\/revisions"}],"predecessor-version":[{"id":13281,"href":"https:\/\/blogs.uned.es\/intervencionsocioeducativa\/wp-json\/wp\/v2\/pages\/13269\/revisions\/13281"}],"wp:attachment":[{"href":"https:\/\/blogs.uned.es\/intervencionsocioeducativa\/wp-json\/wp\/v2\/media?parent=13269"}],"curies":[{"name":"wp","href":"https:\/\/api.w.org\/{rel}","templated":true}]}}