{"id":12731,"date":"2023-03-29T11:23:11","date_gmt":"2023-03-29T11:23:11","guid":{"rendered":"https:\/\/blogs.uned.es\/intervencionsocioeducativa\/?page_id=12731"},"modified":"2023-03-29T11:27:47","modified_gmt":"2023-03-29T11:27:47","slug":"jesus-manuel-perez-viejo","status":"publish","type":"page","link":"https:\/\/blogs.uned.es\/intervencionsocioeducativa\/jesus-manuel-perez-viejo\/","title":{"rendered":"Jes\u00fas Manuel P\u00e9rez Viejo"},"content":{"rendered":"\n<div class=\"wp-block-columns is-layout-flex wp-container-core-columns-is-layout-28f84493 wp-block-columns-is-layout-flex\">\n<div class=\"wp-block-column is-layout-flow wp-block-column-is-layout-flow\" style=\"flex-basis:33.33%\">\n<figure class=\"wp-block-image size-full\"><img loading=\"lazy\" decoding=\"async\" width=\"512\" height=\"512\" src=\"http:\/\/blogs.uned.es\/intervencionsocioeducativa\/wp-content\/uploads\/sites\/395\/2022\/01\/cropped-logouned21outlinefavicon.jpg\" alt=\"\" class=\"wp-image-533\" srcset=\"https:\/\/blogs.uned.es\/intervencionsocioeducativa\/wp-content\/uploads\/sites\/395\/2022\/01\/cropped-logouned21outlinefavicon.jpg 512w, https:\/\/blogs.uned.es\/intervencionsocioeducativa\/wp-content\/uploads\/sites\/395\/2022\/01\/cropped-logouned21outlinefavicon-300x300.jpg 300w, https:\/\/blogs.uned.es\/intervencionsocioeducativa\/wp-content\/uploads\/sites\/395\/2022\/01\/cropped-logouned21outlinefavicon-150x150.jpg 150w\" sizes=\"auto, (max-width: 512px) 100vw, 512px\" \/><\/figure>\n<\/div>\n\n\n\n<div class=\"wp-block-column is-layout-flow wp-block-column-is-layout-flow\" style=\"flex-basis:66.66%\">\n<p class=\"has-large-font-size\"><strong>JES\u00daS MANUEL PEREZ VIEJO<\/strong><\/p>\n\n\n\n<p>\u2709jmperezviejo@der.uned.es<\/p>\n<\/div>\n<\/div>\n\n\n\n<p>Jes\u00fas M. P\u00e9rez Viejo es Doctor en Trabajo Social por la Universidad de Castilla la Mancha, licenciado en Psicolog\u00eda por la Universidad Pontificia de Salamanca y Graduado en Trabajo Social por la Universidad Aut\u00f3noma. Adem\u00e1s, M\u00e1ster en Prevenci\u00f3n de la Violencia de G\u00e9nero y Atenci\u00f3n Integral a las V\u00edctimas y en Intervenci\u00f3n Social en las Sociedades del Conocimiento. En la actualidad es Profesor Contratado Doctor (acreditado a Profesor Titular de Universidad) en el Departamento de Trabajo Social en la Facultad de Derecho de la Universidad Nacional de Educaci\u00f3n a Distancia. Imparte docencia en el Grado de Trabajo Social y en el M\u00e1ster Universitario Estado del Bienestar, Trabajo Social y Metodolog\u00eda de la Intervenci\u00f3n Social de la UNED. Es coeditor de la revista Comunitania, Revista Internacional de Trabajo Social y Ciencias Sociales y miembro del panel de expertos de la Uni\u00f3n Europea acreditado por la secci\u00f3n \u201cGender Equality Division\u201d, para el desarrollo de proyectos internacionales y seleccionado por un comit\u00e9 experto internacional. Ha publicado m\u00faltiples art\u00edculos cient\u00edficos en revistas de impacto (SPI 2018, JCR, SRJ, FECYT), gu\u00edas t\u00e9cnicas y protocolos de intervenci\u00f3n social. Tiene experiencia en proyectos de intervenci\u00f3n con j\u00f3venes y ni\u00f1os y ni\u00f1as en zonas de conflicto como Palestina y L\u00edbano, donde trabaj\u00f3 como Asesor de Salud Mental durante un periodo de casi dos a\u00f1os. Sus temas de inter\u00e9s y l\u00edneas de investigaci\u00f3n giran en torno a la Intervenci\u00f3n Social, Violencia, Salud Mental, Bienestar Emocional y Cooperaci\u00f3n Internacional.&nbsp;<\/p>\n\n\n\n<div class=\"wp-block-columns is-layout-flex wp-container-core-columns-is-layout-28f84493 wp-block-columns-is-layout-flex\">\n<div class=\"wp-block-column is-layout-flow wp-block-column-is-layout-flow\">\n<figure class=\"wp-block-image aligncenter size-full is-resized\"><a href=\"https:\/\/orcid.org\/0000-0001-8733-4764\"><img loading=\"lazy\" decoding=\"async\" src=\"http:\/\/blogs.uned.es\/intervencionsocioeducativa\/wp-content\/uploads\/sites\/395\/2023\/03\/descarga.png\" alt=\"\" class=\"wp-image-12033\" width=\"49\" height=\"49\" srcset=\"https:\/\/blogs.uned.es\/intervencionsocioeducativa\/wp-content\/uploads\/sites\/395\/2023\/03\/descarga.png 225w, https:\/\/blogs.uned.es\/intervencionsocioeducativa\/wp-content\/uploads\/sites\/395\/2023\/03\/descarga-150x150.png 150w\" sizes=\"auto, (max-width: 49px) 100vw, 49px\" \/><\/a><\/figure>\n<\/div>\n\n\n\n<div class=\"wp-block-column is-layout-flow wp-block-column-is-layout-flow\">\n<figure class=\"wp-block-image aligncenter size-full is-resized\"><a href=\"https:\/\/www.uned.es\/universidad\/docentes\/derecho\/jesus-manuel-perez-viejo.html\"><img loading=\"lazy\" decoding=\"async\" src=\"http:\/\/blogs.uned.es\/intervencionsocioeducativa\/wp-content\/uploads\/sites\/395\/2023\/03\/descarga-1.png\" alt=\"\" class=\"wp-image-12035\" width=\"57\" height=\"57\" srcset=\"https:\/\/blogs.uned.es\/intervencionsocioeducativa\/wp-content\/uploads\/sites\/395\/2023\/03\/descarga-1.png 225w, https:\/\/blogs.uned.es\/intervencionsocioeducativa\/wp-content\/uploads\/sites\/395\/2023\/03\/descarga-1-150x150.png 150w\" sizes=\"auto, (max-width: 57px) 100vw, 57px\" \/><\/a><\/figure>\n<\/div>\n<\/div>\n\n\n\n<div class=\"wp-block-buttons is-layout-flex wp-block-buttons-is-layout-flex\">\n<div class=\"wp-block-button\"><a class=\"wp-block-button__link has-vivid-green-cyan-background-color has-background wp-element-button\" href=\"https:\/\/blogs.uned.es\/intervencionsocioeducativa\">Volver a inicio<\/a><\/div>\n<\/div>\n","protected":false},"excerpt":{"rendered":"<p>JES\u00daS MANUEL PEREZ VIEJO \u2709jmperezviejo@der.uned.es Jes\u00fas M. P\u00e9rez Viejo es Doctor en Trabajo Social por la Universidad de Castilla la Mancha, licenciado en Psicolog\u00eda por la Universidad Pontificia de Salamanca y Graduado en Trabajo Social por la Universidad Aut\u00f3noma. Adem\u00e1s, M\u00e1ster en Prevenci\u00f3n de la Violencia de G\u00e9nero y Atenci\u00f3n Integral a las V\u00edctimas y [&hellip;]<\/p>\n","protected":false},"author":7637,"featured_media":0,"parent":0,"menu_order":0,"comment_status":"closed","ping_status":"closed","template":"","meta":{"footnotes":""},"class_list":["post-12731","page","type-page","status-publish","hentry"],"_links":{"self":[{"href":"https:\/\/blogs.uned.es\/intervencionsocioeducativa\/wp-json\/wp\/v2\/pages\/12731","targetHints":{"allow":["GET"]}}],"collection":[{"href":"https:\/\/blogs.uned.es\/intervencionsocioeducativa\/wp-json\/wp\/v2\/pages"}],"about":[{"href":"https:\/\/blogs.uned.es\/intervencionsocioeducativa\/wp-json\/wp\/v2\/types\/page"}],"author":[{"embeddable":true,"href":"https:\/\/blogs.uned.es\/intervencionsocioeducativa\/wp-json\/wp\/v2\/users\/7637"}],"replies":[{"embeddable":true,"href":"https:\/\/blogs.uned.es\/intervencionsocioeducativa\/wp-json\/wp\/v2\/comments?post=12731"}],"version-history":[{"count":2,"href":"https:\/\/blogs.uned.es\/intervencionsocioeducativa\/wp-json\/wp\/v2\/pages\/12731\/revisions"}],"predecessor-version":[{"id":12737,"href":"https:\/\/blogs.uned.es\/intervencionsocioeducativa\/wp-json\/wp\/v2\/pages\/12731\/revisions\/12737"}],"wp:attachment":[{"href":"https:\/\/blogs.uned.es\/intervencionsocioeducativa\/wp-json\/wp\/v2\/media?parent=12731"}],"curies":[{"name":"wp","href":"https:\/\/api.w.org\/{rel}","templated":true}]}}