{"id":12579,"date":"2023-03-21T16:11:53","date_gmt":"2023-03-21T16:11:53","guid":{"rendered":"https:\/\/blogs.uned.es\/intervencionsocioeducativa\/?page_id=12579"},"modified":"2023-03-29T16:32:01","modified_gmt":"2023-03-29T16:32:01","slug":"jornada-2021","status":"publish","type":"page","link":"https:\/\/blogs.uned.es\/intervencionsocioeducativa\/jornada-2021\/","title":{"rendered":"Jornada 2021"},"content":{"rendered":"\n<div class=\"wp-block-cover alignfull\"><span aria-hidden=\"true\" class=\"wp-block-cover__background has-background-dim\"><\/span><img loading=\"lazy\" decoding=\"async\" width=\"1240\" height=\"378\" class=\"wp-block-cover__image-background wp-image-12555\" alt=\"\" src=\"http:\/\/blogs.uned.es\/intervencionsocioeducativa\/wp-content\/uploads\/sites\/395\/2023\/03\/Encabezado-UNED-2.jpg\" data-object-fit=\"cover\" srcset=\"https:\/\/blogs.uned.es\/intervencionsocioeducativa\/wp-content\/uploads\/sites\/395\/2023\/03\/Encabezado-UNED-2.jpg 1240w, https:\/\/blogs.uned.es\/intervencionsocioeducativa\/wp-content\/uploads\/sites\/395\/2023\/03\/Encabezado-UNED-2-300x91.jpg 300w, https:\/\/blogs.uned.es\/intervencionsocioeducativa\/wp-content\/uploads\/sites\/395\/2023\/03\/Encabezado-UNED-2-1024x312.jpg 1024w, https:\/\/blogs.uned.es\/intervencionsocioeducativa\/wp-content\/uploads\/sites\/395\/2023\/03\/Encabezado-UNED-2-768x234.jpg 768w\" sizes=\"auto, (max-width: 1240px) 100vw, 1240px\" \/><div class=\"wp-block-cover__inner-container is-layout-flow wp-block-cover-is-layout-flow\">\n<p class=\"has-text-align-center has-large-font-size\">II Seminario cient\u00edfico sobre intervenci\u00f3n socioeducativa<\/p>\n\n\n\n<p class=\"has-text-align-center\" style=\"font-size:1.5rem\">El \u00e1mbito penitenciario. Colectivos y realidades.<\/p>\n\n\n\n<p class=\"has-text-align-center has-small-font-size\">Facultad de Educaci\u00f3n UNED. Modalidad online<\/p>\n\n\n\n<p class=\"has-text-align-center has-small-font-size\">28 de noviembre de 2021<\/p>\n<\/div><\/div>\n\n\n\n<p><strong>Presentaci\u00f3n<\/strong><\/p>\n\n\n\n<p>Los entornos penitenciarios, no solo son espacios donde una personas cumple<br>una sanci\u00f3n establecida legalmente, sino que presentan, como establece el<br>art\u00edculo 25.2 de la Constituci\u00f3n Espa\u00f1ola, una clara orientaci\u00f3n educativa. El<br>presente seminario, pretende ser una aproximaci\u00f3n a la intervenci\u00f3n<br>socioeducativa de determinados colectivos concretos, donde se expondr\u00e1n<br>sus caracter\u00edsticas y necesidades. Adem\u00e1s, tambi\u00e9n se abordar\u00e1 el papel de la<br>familia en el proceso rehabilitador y el fen\u00f3meno de la reinserci\u00f3n tras la<br>condena.<\/p>\n\n\n\n<p><strong>Dirige<\/strong><\/p>\n\n\n\n<ul class=\"wp-block-list\">\n<li><strong>Dr. Diego Gal\u00e1n Casado<\/strong>. Universidad Nacional de Educaci\u00f3n a Distancia<\/li>\n<\/ul>\n\n\n\n<p><strong>Ponentes<\/strong><\/p>\n\n\n\n<ul class=\"wp-block-list\">\n<li><strong>D\u00aa Sandra Chiclana de la Fuente<\/strong> Secretaria General de Instituciones Penitenciarias.<\/li>\n\n\n\n<li><strong>D\u00aa Ana Terlera Bao.<\/strong> Secretar\u00eda General de Instituciones Penitenciarias<\/li>\n\n\n\n<li><strong>D\u00aa. Mar Garc\u00eda-Vita.<\/strong> Universidad de Almer\u00eda<\/li>\n\n\n\n<li><strong>D\u00aa. Fanny T. A\u00f1a\u00f1os Bedri\u00f1ana<\/strong>. Universidad de Granada.\n<ul class=\"wp-block-list\"><\/ul>\n<\/li>\n<\/ul>\n\n\n\n<div style=\"height:30px\" aria-hidden=\"true\" class=\"wp-block-spacer\"><\/div>\n\n\n\n<div class=\"wp-block-buttons is-content-justification-center is-layout-flex wp-container-core-buttons-is-layout-a89b3969 wp-block-buttons-is-layout-flex\">\n<div class=\"wp-block-button\"><a class=\"wp-block-button__link has-vivid-red-background-color has-background wp-element-button\" href=\"https:\/\/canal.uned.es\/video\/61a49e89b609232f7c7629c2\">Acceso a los videos del evento<\/a><\/div>\n<\/div>\n\n\n\n<div style=\"height:30px\" aria-hidden=\"true\" class=\"wp-block-spacer\"><\/div>\n\n\n\n<div class=\"wp-block-buttons is-layout-flex wp-block-buttons-is-layout-flex\">\n<div class=\"wp-block-button\"><a class=\"wp-block-button__link has-vivid-green-cyan-background-color has-background wp-element-button\" href=\"https:\/\/blogs.uned.es\/intervencionsocioeducativa\/eventos-cientificos\/\">Volver a eventos cient\u00edficos<\/a><\/div>\n<\/div>\n","protected":false},"excerpt":{"rendered":"<p>Presentaci\u00f3n Los entornos penitenciarios, no solo son espacios donde una personas cumpleuna sanci\u00f3n establecida legalmente, sino que presentan, como establece elart\u00edculo 25.2 de la Constituci\u00f3n Espa\u00f1ola, una clara orientaci\u00f3n educativa. Elpresente seminario, pretende ser una aproximaci\u00f3n a la intervenci\u00f3nsocioeducativa de determinados colectivos concretos, donde se expondr\u00e1nsus caracter\u00edsticas y necesidades. Adem\u00e1s, tambi\u00e9n se abordar\u00e1 el papel [&hellip;]<\/p>\n","protected":false},"author":7637,"featured_media":0,"parent":0,"menu_order":0,"comment_status":"closed","ping_status":"closed","template":"","meta":{"footnotes":""},"class_list":["post-12579","page","type-page","status-publish","hentry"],"_links":{"self":[{"href":"https:\/\/blogs.uned.es\/intervencionsocioeducativa\/wp-json\/wp\/v2\/pages\/12579","targetHints":{"allow":["GET"]}}],"collection":[{"href":"https:\/\/blogs.uned.es\/intervencionsocioeducativa\/wp-json\/wp\/v2\/pages"}],"about":[{"href":"https:\/\/blogs.uned.es\/intervencionsocioeducativa\/wp-json\/wp\/v2\/types\/page"}],"author":[{"embeddable":true,"href":"https:\/\/blogs.uned.es\/intervencionsocioeducativa\/wp-json\/wp\/v2\/users\/7637"}],"replies":[{"embeddable":true,"href":"https:\/\/blogs.uned.es\/intervencionsocioeducativa\/wp-json\/wp\/v2\/comments?post=12579"}],"version-history":[{"count":6,"href":"https:\/\/blogs.uned.es\/intervencionsocioeducativa\/wp-json\/wp\/v2\/pages\/12579\/revisions"}],"predecessor-version":[{"id":12631,"href":"https:\/\/blogs.uned.es\/intervencionsocioeducativa\/wp-json\/wp\/v2\/pages\/12579\/revisions\/12631"}],"wp:attachment":[{"href":"https:\/\/blogs.uned.es\/intervencionsocioeducativa\/wp-json\/wp\/v2\/media?parent=12579"}],"curies":[{"name":"wp","href":"https:\/\/api.w.org\/{rel}","templated":true}]}}