{"id":12569,"date":"2023-03-21T15:59:44","date_gmt":"2023-03-21T15:59:44","guid":{"rendered":"https:\/\/blogs.uned.es\/intervencionsocioeducativa\/?page_id=12569"},"modified":"2023-03-21T17:08:45","modified_gmt":"2023-03-21T17:08:45","slug":"jornada-2021c","status":"publish","type":"page","link":"https:\/\/blogs.uned.es\/intervencionsocioeducativa\/jornada-2021c\/","title":{"rendered":"Jornada 2021c"},"content":{"rendered":"\n<div class=\"wp-block-cover alignfull\"><span aria-hidden=\"true\" class=\"wp-block-cover__background has-background-dim\"><\/span><img loading=\"lazy\" decoding=\"async\" width=\"1240\" height=\"378\" class=\"wp-block-cover__image-background wp-image-12555\" alt=\"\" src=\"http:\/\/blogs.uned.es\/intervencionsocioeducativa\/wp-content\/uploads\/sites\/395\/2023\/03\/Encabezado-UNED-2.jpg\" data-object-fit=\"cover\" srcset=\"https:\/\/blogs.uned.es\/intervencionsocioeducativa\/wp-content\/uploads\/sites\/395\/2023\/03\/Encabezado-UNED-2.jpg 1240w, https:\/\/blogs.uned.es\/intervencionsocioeducativa\/wp-content\/uploads\/sites\/395\/2023\/03\/Encabezado-UNED-2-300x91.jpg 300w, https:\/\/blogs.uned.es\/intervencionsocioeducativa\/wp-content\/uploads\/sites\/395\/2023\/03\/Encabezado-UNED-2-1024x312.jpg 1024w, https:\/\/blogs.uned.es\/intervencionsocioeducativa\/wp-content\/uploads\/sites\/395\/2023\/03\/Encabezado-UNED-2-768x234.jpg 768w\" sizes=\"auto, (max-width: 1240px) 100vw, 1240px\" \/><div class=\"wp-block-cover__inner-container is-layout-flow wp-block-cover-is-layout-flow\">\n<p class=\"has-text-align-center has-large-font-size\">Seminario Cient\u00edfico<\/p>\n\n\n\n<p class=\"has-text-align-center\" style=\"font-size:1.5rem\">Los programas de comunidad en el Museo Nacional del Prado<\/p>\n\n\n\n<p class=\"has-text-align-center has-medium-font-size\">Una intervenci\u00f3n educativa en red con entidades sociales y colectivos vulnerables<\/p>\n\n\n\n<p class=\"has-text-align-center has-small-font-size\">Facultad de Educaci\u00f3n. Modalidad online<\/p>\n\n\n\n<p class=\"has-text-align-center has-small-font-size\">28 de junio de 2021<\/p>\n<\/div><\/div>\n\n\n\n<p><strong>Presentaci\u00f3n<\/strong><\/p>\n\n\n\n<p>Como es sabido, el Museo del Prado, en consonancia con el compromiso social y la responsabilidad institucional que le corresponde, desarrolla un conjunto de acciones y programas que buscan tejer redes de colaboraci\u00f3n con grupos del entorno social que frecuentemente han sido excluidos de la participaci\u00f3n y la aportaci\u00f3n cultural.<br>El prop\u00f3sito de este Seminario es presentar la intervenci\u00f3n socioeducativa que se realiza desde el Museo y que se articula en dos grandes programas: Prado Social y El Prado para todos, los cuales buscan recorrer el camino que va de la accesibilidad a la inclusi\u00f3n, favoreciendo aquellas modalidades de encuentro que fomentan la normalizaci\u00f3n y el empoderamiento de estos p\u00fablicos, pero sin olvidar que todav\u00eda son necesarias las medidas de acci\u00f3n positiva que deben contribuir a derribar los muros invisibles de las grandes instituciones culturales.<br>Se combinan as\u00ed actividades de ocio sociocultural que tienen lugar en una o dos sesiones de trabajo y proyectos de media y larga duraci\u00f3n, siempre partiendo de la escucha y de los v\u00ednculos con el tejido social y las entidades implicadas<\/p>\n\n\n\n<p><strong>Dirigen<\/strong><\/p>\n\n\n\n<ul class=\"wp-block-list\">\n<li><strong>Francisco Javier Garc\u00eda Castilla<\/strong>. Universidad Nacional de Educaci\u00f3n a Distancia<\/li>\n\n\n\n<li><strong>\u00c1ngel De Juanas Oliva<\/strong>. Universidad Nacional de Educaci\u00f3n a Distancia.<\/li>\n<\/ul>\n\n\n\n<p><strong>Ponentes<\/strong><\/p>\n\n\n\n<ul class=\"wp-block-list\">\n<li><strong>Santiago Gonz\u00e1lez D\u00b4Ambrosio. <\/strong>T\u00e9cnico de gesti\u00f3n del \u00c1rea de Educaci\u00f3n del MNP. Responsable programa \u00abEl Prado para todos\u00bb<\/li>\n\n\n\n<li><strong>Tania Ugena Candel. <\/strong>Educadora del Programa \u201cEl Prado para Todos\u201d. \u00c1rea de Educaci\u00f3n del Museo Nacional del Prado; Creadora de Girasol Arteterapia en Movimiento\n\n\n\n\n<ul class=\"wp-block-list\"><\/ul>\n\n\n\n<ul class=\"wp-block-list\"><\/ul>\n<\/li>\n<\/ul>\n\n\n\n<div style=\"height:30px\" aria-hidden=\"true\" class=\"wp-block-spacer\"><\/div>\n\n\n\n<div class=\"wp-block-buttons is-content-justification-center is-layout-flex wp-container-core-buttons-is-layout-a89b3969 wp-block-buttons-is-layout-flex\">\n<div class=\"wp-block-button\"><a class=\"wp-block-button__link has-vivid-red-background-color has-background wp-element-button\" href=\"https:\/\/canal.uned.es\/video\/60dabeecb6092323ad19ea2e\">Acceso a los videos del evento<\/a><\/div>\n<\/div>\n\n\n\n<div style=\"height:30px\" aria-hidden=\"true\" class=\"wp-block-spacer\"><\/div>\n\n\n\n<div class=\"wp-block-buttons is-layout-flex wp-block-buttons-is-layout-flex\">\n<div class=\"wp-block-button\"><a class=\"wp-block-button__link has-vivid-green-cyan-background-color has-background wp-element-button\" href=\"https:\/\/blogs.uned.es\/intervencionsocioeducativa\/eventos-cientificos\/\">Volver a eventos cient\u00edficos<\/a><\/div>\n<\/div>\n","protected":false},"excerpt":{"rendered":"<p>Presentaci\u00f3n Como es sabido, el Museo del Prado, en consonancia con el compromiso social y la responsabilidad institucional que le corresponde, desarrolla un conjunto de acciones y programas que buscan tejer redes de colaboraci\u00f3n con grupos del entorno social que frecuentemente han sido excluidos de la participaci\u00f3n y la aportaci\u00f3n cultural.El prop\u00f3sito de este Seminario [&hellip;]<\/p>\n","protected":false},"author":7637,"featured_media":0,"parent":0,"menu_order":0,"comment_status":"closed","ping_status":"closed","template":"","meta":{"footnotes":""},"class_list":["post-12569","page","type-page","status-publish","hentry"],"_links":{"self":[{"href":"https:\/\/blogs.uned.es\/intervencionsocioeducativa\/wp-json\/wp\/v2\/pages\/12569","targetHints":{"allow":["GET"]}}],"collection":[{"href":"https:\/\/blogs.uned.es\/intervencionsocioeducativa\/wp-json\/wp\/v2\/pages"}],"about":[{"href":"https:\/\/blogs.uned.es\/intervencionsocioeducativa\/wp-json\/wp\/v2\/types\/page"}],"author":[{"embeddable":true,"href":"https:\/\/blogs.uned.es\/intervencionsocioeducativa\/wp-json\/wp\/v2\/users\/7637"}],"replies":[{"embeddable":true,"href":"https:\/\/blogs.uned.es\/intervencionsocioeducativa\/wp-json\/wp\/v2\/comments?post=12569"}],"version-history":[{"count":6,"href":"https:\/\/blogs.uned.es\/intervencionsocioeducativa\/wp-json\/wp\/v2\/pages\/12569\/revisions"}],"predecessor-version":[{"id":12635,"href":"https:\/\/blogs.uned.es\/intervencionsocioeducativa\/wp-json\/wp\/v2\/pages\/12569\/revisions\/12635"}],"wp:attachment":[{"href":"https:\/\/blogs.uned.es\/intervencionsocioeducativa\/wp-json\/wp\/v2\/media?parent=12569"}],"curies":[{"name":"wp","href":"https:\/\/api.w.org\/{rel}","templated":true}]}}