{"id":12559,"date":"2023-03-21T15:55:15","date_gmt":"2023-03-21T15:55:15","guid":{"rendered":"https:\/\/blogs.uned.es\/intervencionsocioeducativa\/?page_id=12559"},"modified":"2023-03-21T17:07:31","modified_gmt":"2023-03-21T17:07:31","slug":"jornada-2021-a","status":"publish","type":"page","link":"https:\/\/blogs.uned.es\/intervencionsocioeducativa\/jornada-2021-a\/","title":{"rendered":"Jornada 2021 a"},"content":{"rendered":"\n<div class=\"wp-block-cover alignfull\"><span aria-hidden=\"true\" class=\"wp-block-cover__background has-background-dim\"><\/span><img loading=\"lazy\" decoding=\"async\" width=\"1240\" height=\"378\" class=\"wp-block-cover__image-background wp-image-12555\" alt=\"\" src=\"http:\/\/blogs.uned.es\/intervencionsocioeducativa\/wp-content\/uploads\/sites\/395\/2023\/03\/Encabezado-UNED-2.jpg\" data-object-fit=\"cover\" srcset=\"https:\/\/blogs.uned.es\/intervencionsocioeducativa\/wp-content\/uploads\/sites\/395\/2023\/03\/Encabezado-UNED-2.jpg 1240w, https:\/\/blogs.uned.es\/intervencionsocioeducativa\/wp-content\/uploads\/sites\/395\/2023\/03\/Encabezado-UNED-2-300x91.jpg 300w, https:\/\/blogs.uned.es\/intervencionsocioeducativa\/wp-content\/uploads\/sites\/395\/2023\/03\/Encabezado-UNED-2-1024x312.jpg 1024w, https:\/\/blogs.uned.es\/intervencionsocioeducativa\/wp-content\/uploads\/sites\/395\/2023\/03\/Encabezado-UNED-2-768x234.jpg 768w\" sizes=\"auto, (max-width: 1240px) 100vw, 1240px\" \/><div class=\"wp-block-cover__inner-container is-layout-flow wp-block-cover-is-layout-flow\">\n<p class=\"has-text-align-center has-large-font-size\"><strong>Seminario Cient\u00edfico<\/strong><\/p>\n\n\n\n<p class=\"has-text-align-center\">\u00bfCu\u00e1ndo funciona bien un instrumento de recogida de datos? Conceptos, constructos, componentes y factores en la medici\u00f3n cuantitativa<\/p>\n\n\n\n<p class=\"has-text-align-center\">Facultad de Educaci\u00f3n. UNED. Modalidad online <\/p>\n\n\n\n<p class=\"has-text-align-center\">28 de septiembre de 2022<\/p>\n<\/div><\/div>\n\n\n\n<p><strong>Presentaci\u00f3n<\/strong><\/p>\n\n\n\n<p>Muchas veces aparecen dificultades cuando analizamos los datos que hemos recogido y necesitamos identificar \u201ccu\u00e1l ha sido el problema\u201d. \u00bfLa escala aplicada ha funcionado bien; tal como pretende su validaci\u00f3n? Dos maneras de aproximarnos a esta respuesta son el an\u00e1lisis factorial exploratorio (EFA) y el an\u00e1lisis factorial confirmatorio (CFA). Con base en ejemplos reales y simples de EFA y CFA aplicados a instrumentos de medici\u00f3n com\u00fanmente utilizados para medir constructos como perspectivas temporales, valores, autorregulaci\u00f3n, procrastinaci\u00f3n, necesidades psicol\u00f3gicas, motivaciones, bienestar subjetivo y calidad de vida, se defiende la importancia del an\u00e1lisis factorial para evaluar validez y fiabilidad de instrumentos. Comprender la l\u00f3gica y la pr\u00e1ctica de ambos tipos de an\u00e1lisis factorial sirve a investigadores en educaci\u00f3n social, psicopedagog\u00eda, psicolog\u00eda social y afines para elegir, aplicar y adaptar herramientas de medici\u00f3n adecuadas a sus prop\u00f3sitos que permitan un an\u00e1lisis fruct\u00edfero del fen\u00f3meno estudiado, mediante una calidad psicom\u00e9trica suficiente.<\/p>\n\n\n\n<p>Al usar m\u00e9todos cuantitativos, adem\u00e1s de definir conceptos y operaciones de medici\u00f3n (constructos), si esas operaciones de medici\u00f3n son puntuaciones en \u00edtems como los que t\u00edpicamente usamos, necesitamos considerar si estos tienen una l\u00f3gica de medici\u00f3n <em>formativa<\/em> o <em>refleja<\/em>; es decir, si o bien asumimos que la medici\u00f3n del fen\u00f3meno ser\u00e1 un producto o suma de otros fen\u00f3menos (<em>medici\u00f3n<\/em> <em>formativa<\/em> de un \u201cfen\u00f3meno\u201d que no existe antes de que otros lo formen o compongan), o bien asumimos que la medici\u00f3n del fen\u00f3meno es reflejo de una propiedad o factor latente que realmente existe con independencia y anterioridad a cualesquiera de sus expresiones y mediciones (<em>medici\u00f3n refleja<\/em>).<\/p>\n\n\n\n<p>Una analog\u00eda a la <em>medici\u00f3n formativa<\/em> ser\u00eda un pan; este no existe con anterioridad ni independencia a la harina, agua y levadura que lo forman o componen; sino que es un resultado aditivo o producto de aquellas. En educaci\u00f3n, puntuaciones en habilidad de aprendizaje o rendimiento acad\u00e9mico podr\u00edan considerarse mediciones formativas dado que resultan de la suma de un conjunto de fen\u00f3menos.<\/p>\n\n\n\n<p>Por otra parte, un ejemplo de <em>medici\u00f3n refleja<\/em> ser\u00eda la inteligencia, un factor latente que existe con anterioridad e independencia respecto a sus mediciones y que se ve reflejado en estas (que constatan una capacidad superior en soluci\u00f3n de problemas, consistente e independiente del campo). En educaci\u00f3n, puntuaciones en perseverancia o control emocional, ser\u00edan reflejo de unos fen\u00f3menos que s\u00ed existen en s\u00ed mismos: la disposici\u00f3n estable para persistir en la consecuci\u00f3n de metas, o el nivel de control de emociones, que caracterizan al individuo y a su personalidad.<\/p>\n\n\n\n<p>El seminario pretende contribuir a la reflexi\u00f3n sobre maneras de entender, elegir y adaptar herramientas de recogida de datos para facilitar su an\u00e1lisis, interpretaci\u00f3n y utilidad.<\/p>\n\n\n\n<p><strong>Dirigen<\/strong><\/p>\n\n\n\n<ul class=\"wp-block-list\">\n<li><strong>Dr. \u00c1ngel De Juanas Oliva<\/strong>. Universidad Nacional de Educaci\u00f3n a Distancia<\/li>\n\n\n\n<li><strong>Dr. Francisco Javier Garcia Castilla<\/strong>. Universidad Nacional de Educaci\u00f3n a Distancia\n<ul class=\"wp-block-list\"><\/ul>\n<\/li>\n<\/ul>\n\n\n\n<p><strong>Participan<\/strong><\/p>\n\n\n\n<ul class=\"wp-block-list\">\n<li><strong>Dr. Rafael Valenzuela<\/strong>. Universidad de Barcelona<\/li>\n\n\n\n<li><strong>Dra. Ver\u00f3nica Sevillano Monje. <\/strong>Universidad de Sevilla\n<ul class=\"wp-block-list\"><\/ul>\n<\/li>\n<\/ul>\n\n\n\n<div style=\"height:30px\" aria-hidden=\"true\" class=\"wp-block-spacer\"><\/div>\n\n\n\n<div class=\"wp-block-buttons is-content-justification-center is-layout-flex wp-container-core-buttons-is-layout-a89b3969 wp-block-buttons-is-layout-flex\">\n<div class=\"wp-block-button\"><a class=\"wp-block-button__link has-vivid-red-background-color has-background wp-element-button\" href=\"https:\/\/canal.uned.es\/video\/6335882d6f3c00543415d572\">Acceso a los videos del evento<\/a><\/div>\n<\/div>\n\n\n\n<div style=\"height:60px\" aria-hidden=\"true\" class=\"wp-block-spacer\"><\/div>\n\n\n\n<div class=\"wp-block-buttons is-layout-flex wp-block-buttons-is-layout-flex\">\n<div class=\"wp-block-button\"><a class=\"wp-block-button__link has-vivid-green-cyan-background-color has-background wp-element-button\" href=\"https:\/\/blogs.uned.es\/intervencionsocioeducativa\/eventos-cientificos\/\">Volver a eventos cient\u00edficos<\/a><\/div>\n<\/div>\n","protected":false},"excerpt":{"rendered":"<p>Presentaci\u00f3n Muchas veces aparecen dificultades cuando analizamos los datos que hemos recogido y necesitamos identificar \u201ccu\u00e1l ha sido el problema\u201d. \u00bfLa escala aplicada ha funcionado bien; tal como pretende su validaci\u00f3n? Dos maneras de aproximarnos a esta respuesta son el an\u00e1lisis factorial exploratorio (EFA) y el an\u00e1lisis factorial confirmatorio (CFA). Con base en ejemplos reales [&hellip;]<\/p>\n","protected":false},"author":7637,"featured_media":0,"parent":0,"menu_order":0,"comment_status":"closed","ping_status":"closed","template":"","meta":{"footnotes":""},"class_list":["post-12559","page","type-page","status-publish","hentry"],"_links":{"self":[{"href":"https:\/\/blogs.uned.es\/intervencionsocioeducativa\/wp-json\/wp\/v2\/pages\/12559","targetHints":{"allow":["GET"]}}],"collection":[{"href":"https:\/\/blogs.uned.es\/intervencionsocioeducativa\/wp-json\/wp\/v2\/pages"}],"about":[{"href":"https:\/\/blogs.uned.es\/intervencionsocioeducativa\/wp-json\/wp\/v2\/types\/page"}],"author":[{"embeddable":true,"href":"https:\/\/blogs.uned.es\/intervencionsocioeducativa\/wp-json\/wp\/v2\/users\/7637"}],"replies":[{"embeddable":true,"href":"https:\/\/blogs.uned.es\/intervencionsocioeducativa\/wp-json\/wp\/v2\/comments?post=12559"}],"version-history":[{"count":6,"href":"https:\/\/blogs.uned.es\/intervencionsocioeducativa\/wp-json\/wp\/v2\/pages\/12559\/revisions"}],"predecessor-version":[{"id":12633,"href":"https:\/\/blogs.uned.es\/intervencionsocioeducativa\/wp-json\/wp\/v2\/pages\/12559\/revisions\/12633"}],"wp:attachment":[{"href":"https:\/\/blogs.uned.es\/intervencionsocioeducativa\/wp-json\/wp\/v2\/media?parent=12559"}],"curies":[{"name":"wp","href":"https:\/\/api.w.org\/{rel}","templated":true}]}}