{"id":12551,"date":"2023-03-21T15:51:36","date_gmt":"2023-03-21T15:51:36","guid":{"rendered":"https:\/\/blogs.uned.es\/intervencionsocioeducativa\/?page_id=12551"},"modified":"2023-03-21T17:09:24","modified_gmt":"2023-03-21T17:09:24","slug":"jornada-2022","status":"publish","type":"page","link":"https:\/\/blogs.uned.es\/intervencionsocioeducativa\/jornada-2022\/","title":{"rendered":"Jornada 2022"},"content":{"rendered":"\n<div class=\"wp-block-cover alignfull\" style=\"min-height:323px;aspect-ratio:unset;\"><span aria-hidden=\"true\" class=\"wp-block-cover__background has-background-dim\"><\/span><img loading=\"lazy\" decoding=\"async\" width=\"1240\" height=\"378\" class=\"wp-block-cover__image-background wp-image-12555\" alt=\"\" src=\"https:\/\/blogs.uned.es\/intervencionsocioeducativa\/wp-content\/uploads\/sites\/395\/2023\/03\/Encabezado-UNED-2.jpg\" data-object-fit=\"cover\" srcset=\"https:\/\/blogs.uned.es\/intervencionsocioeducativa\/wp-content\/uploads\/sites\/395\/2023\/03\/Encabezado-UNED-2.jpg 1240w, https:\/\/blogs.uned.es\/intervencionsocioeducativa\/wp-content\/uploads\/sites\/395\/2023\/03\/Encabezado-UNED-2-300x91.jpg 300w, https:\/\/blogs.uned.es\/intervencionsocioeducativa\/wp-content\/uploads\/sites\/395\/2023\/03\/Encabezado-UNED-2-1024x312.jpg 1024w, https:\/\/blogs.uned.es\/intervencionsocioeducativa\/wp-content\/uploads\/sites\/395\/2023\/03\/Encabezado-UNED-2-768x234.jpg 768w\" sizes=\"auto, (max-width: 1240px) 100vw, 1240px\" \/><div class=\"wp-block-cover__inner-container is-layout-flow wp-block-cover-is-layout-flow\">\n<p class=\"has-text-align-center has-large-font-size\"><strong>III Reuni\u00f3n Cient\u00edfica Internacional de la<br>Red OcioGune<\/strong><\/p>\n\n\n\n<p class=\"has-text-align-center has-medium-font-size\">Transferencia de conocimiento: revistas indexadas y<br>divulgaci\u00f3n socioeducativa<\/p>\n\n\n\n<p class=\"has-text-align-center has-small-font-size\">USC-UNED. Modalidad online<br>25 de noviembre de 2022<br><br><\/p>\n<\/div><\/div>\n\n\n\n<p><strong>Presentaci\u00f3n<\/strong><\/p>\n\n\n\n<p>El Grupo de Investigaci\u00f3n SEPA_interea en Pedagox\u00eda Social Educaci\u00f3n Ambiental<br>de la Universidad de Santiago de Compostela y el Grupo de Investigaci\u00f3n en<br>Intervenci\u00f3n Socioeducativa (Contextos-ISE) de la Universidad Nacional de<br>Educaci\u00f3n a Distancia tienen el placer de organizar la III Reuni\u00f3n Cient\u00edfica<br>Internacional de la Red OcioGune. Transferencia de conocimiento: revistas indexadas y divulgaci\u00f3n socioeducativa. Este acto tiene lugar en el marco de la Red de Investigaci\u00f3n en Ocio (OcioGune) y en los actos del 50 aniversario de la UNED y presenta los siguientes objetivos:<\/p>\n\n\n\n<ul class=\"wp-block-list\">\n<li>Conocer la filosof\u00eda editorial y l\u00edneas de publicaci\u00f3n de revistas indexadas del<br>\u00e1mbito socioeducativo.<\/li>\n\n\n\n<li>Visibilizar y poner en valor el trabajo de revistas de divulgaci\u00f3n cient\u00edfica para<br>la transferencia del conocimiento en la tem\u00e1tica del ocio.<\/li>\n\n\n\n<li>Analizar estrategias para mejorar la difusi\u00f3n y transferencia del conocimiento.<\/li>\n<\/ul>\n\n\n\n<p><strong>Comit\u00e9 organizador<\/strong><\/p>\n\n\n\n<p><strong>Dra. Bel\u00e9n Caballo Villar,<\/strong> USC<br><strong>Dr. Jos\u00e9 Antonio Caride G\u00f3mez,<\/strong> USC<br><strong>Jorge D\u00edaz Esterri,<\/strong> UNED<br><strong>Dr. Diego Gal\u00e1n Casado<\/strong>, UNED<br><strong>Dr. Francisco Javier Garc\u00eda Castilla<\/strong>, UNED<br><strong>Dra. Rosa Goig Mart\u00ednez<\/strong>, UNED<br><strong>Dra. Rita Grada\u00edlle Pernas<\/strong>, USC<br><strong>Dr. \u00c1ngel de Juanas Oliva<\/strong>, UNED<br><strong>Dr. Jes\u00fas P\u00e9rez Viejo<\/strong>, UNED<br><strong>Dra. Y\u00e9sica Teijeiro Bo\u00f3<\/strong>, USC<\/p>\n\n\n\n<p><strong>Ponentes<\/strong><\/p>\n\n\n\n<ul class=\"wp-block-list\">\n<li><strong>D\u00f1a. Huimei Liu<\/strong>, Managing Editor de la revista Leisure Studies.<\/li>\n\n\n\n<li><strong>D. Jos\u00e9 Luis Gavir\u00eda Soto<\/strong>, Editor Jege de la Revista de Educaci\u00f3n.<\/li>\n\n\n\n<li><strong>D. Jos\u00e9 Antonio Ib\u00e1\u00f1ez-Mart\u00edn<\/strong>, Director de la Revista Espa\u00f1ola de Pedagog\u00eda.<\/li>\n\n\n\n<li>D\u00f1a. Esther L\u00f3pez Mart\u00edn, Editora Jefe de Educaci\u00f3n XX1.<\/li>\n\n\n\n<li><strong>D. Arturo Gal\u00e1n Gonz\u00e1lez<\/strong>, Editor de Aula Magna 2.0. Consorcio de Revistas Cient\u00edficas de Educaci\u00f3n en Red.<\/li>\n\n\n\n<li><strong>D\u00f1a. Eva Catal\u00e1n.<\/strong> Periodista especializada en Educaci\u00f3n en The Conversation, Espa\u00f1a.<\/li>\n\n\n\n<li><strong>D\u00f1a. Eva Rodr\u00edguez Nieto.<\/strong> Periodista especializada en Ciencia, Medioambiente y Sociedad en la Agencia SINC.<\/li>\n\n\n\n<li><strong>D. Antonio Mart\u00ednez Ron<\/strong>. Periodista cient\u00edfico, divulgador y escritor espa\u00f1ol. Redactor Jefe de Ciencia en Vozp\u00f3puli.<\/li>\n\n\n\n<li><strong>D. Pablo Guti\u00e9rrez del Alamo<\/strong>. Periodista y Director de El Diario de la Educaci\u00f3n.<\/li>\n<\/ul>\n\n\n\n<div style=\"height:30px\" aria-hidden=\"true\" class=\"wp-block-spacer\"><\/div>\n\n\n\n<div class=\"wp-block-buttons is-content-justification-center is-layout-flex wp-container-core-buttons-is-layout-a89b3969 wp-block-buttons-is-layout-flex\">\n<div class=\"wp-block-button\"><a class=\"wp-block-button__link has-vivid-red-background-color has-background wp-element-button\" href=\"https:\/\/canal.uned.es\/video\/63848c76b9130f165a35dce2\">Acceso a los videos del evento<\/a><\/div>\n<\/div>\n\n\n\n<div style=\"height:60px\" aria-hidden=\"true\" class=\"wp-block-spacer\"><\/div>\n\n\n\n<div class=\"wp-block-buttons is-layout-flex wp-block-buttons-is-layout-flex\">\n<div class=\"wp-block-button\"><a class=\"wp-block-button__link has-vivid-green-cyan-background-color has-background wp-element-button\" href=\"https:\/\/blogs.uned.es\/intervencionsocioeducativa\/eventos-cientificos\/\">Volver a eventos cient\u00edficos<\/a><\/div>\n<\/div>\n","protected":false},"excerpt":{"rendered":"<p>Presentaci\u00f3n El Grupo de Investigaci\u00f3n SEPA_interea en Pedagox\u00eda Social Educaci\u00f3n Ambientalde la Universidad de Santiago de Compostela y el Grupo de Investigaci\u00f3n enIntervenci\u00f3n Socioeducativa (Contextos-ISE) de la Universidad Nacional deEducaci\u00f3n a Distancia tienen el placer de organizar la III Reuni\u00f3n Cient\u00edficaInternacional de la Red OcioGune. Transferencia de conocimiento: revistas indexadas y divulgaci\u00f3n socioeducativa. Este acto [&hellip;]<\/p>\n","protected":false},"author":7637,"featured_media":0,"parent":0,"menu_order":0,"comment_status":"closed","ping_status":"closed","template":"","meta":{"footnotes":""},"class_list":["post-12551","page","type-page","status-publish","hentry"],"_links":{"self":[{"href":"https:\/\/blogs.uned.es\/intervencionsocioeducativa\/wp-json\/wp\/v2\/pages\/12551","targetHints":{"allow":["GET"]}}],"collection":[{"href":"https:\/\/blogs.uned.es\/intervencionsocioeducativa\/wp-json\/wp\/v2\/pages"}],"about":[{"href":"https:\/\/blogs.uned.es\/intervencionsocioeducativa\/wp-json\/wp\/v2\/types\/page"}],"author":[{"embeddable":true,"href":"https:\/\/blogs.uned.es\/intervencionsocioeducativa\/wp-json\/wp\/v2\/users\/7637"}],"replies":[{"embeddable":true,"href":"https:\/\/blogs.uned.es\/intervencionsocioeducativa\/wp-json\/wp\/v2\/comments?post=12551"}],"version-history":[{"count":4,"href":"https:\/\/blogs.uned.es\/intervencionsocioeducativa\/wp-json\/wp\/v2\/pages\/12551\/revisions"}],"predecessor-version":[{"id":12637,"href":"https:\/\/blogs.uned.es\/intervencionsocioeducativa\/wp-json\/wp\/v2\/pages\/12551\/revisions\/12637"}],"wp:attachment":[{"href":"https:\/\/blogs.uned.es\/intervencionsocioeducativa\/wp-json\/wp\/v2\/media?parent=12551"}],"curies":[{"name":"wp","href":"https:\/\/api.w.org\/{rel}","templated":true}]}}