{"id":12505,"date":"2023-03-21T15:00:47","date_gmt":"2023-03-21T15:00:47","guid":{"rendered":"https:\/\/blogs.uned.es\/intervencionsocioeducativa\/?page_id=12505"},"modified":"2023-03-21T15:00:48","modified_gmt":"2023-03-21T15:00:48","slug":"c2020","status":"publish","type":"page","link":"https:\/\/blogs.uned.es\/intervencionsocioeducativa\/c2020\/","title":{"rendered":"C2020"},"content":{"rendered":"\n<p>Borelli, M. T., Anguita Acero, J. M. y S\u00e1nchez-Verdejo P\u00e9rez. F. J. (2020). The EMAS and Its Role in the ESL Instruction to Immigrants in England. En M. E. G\u00f3mez-Parra y C. A. Huertas-Abril (coords.), <em>Handbook of Research on Bilingual and Intercultural Education<\/em> (pp. 71-104). IGI GLOBAL<\/p>\n\n\n\n<p>Diaz-Esterri, J., De-Juanas, A., y Goig, R. (2020). Resiliencia y valores culturales de&nbsp; j\u00f3venes en riesgo social: una panor\u00e1mica de investigaciones y publicaciones cient\u00edficas<em>. <\/em>En VV.AA<em>, <\/em><em>Enfoques y an\u00e1lisis novedosos para contenidos culturales<\/em>. Editorial Tirant Loblanch.<\/p>\n\n\n\n<p>Diaz-Esterri, J., Goig, R., y De-Juanas, A. (2020). Juventud en riesgo social y bienestar psicol\u00f3gico: an\u00e1lisis documental contempor\u00e1neo. En VV.AA, <em>Acci\u00f3n social y educativa para la inclusi\u00f3n y reinserci\u00f3n desde el contexto penitenciario. <\/em>Editorial Pir\u00e1mide.<\/p>\n\n\n\n<p>Vasco-Gonz\u00e1lez, M. y Goig. R. (2020).&nbsp; Pr\u00e1cticas de ocio digital en los j\u00f3venes y su aplicabilidad educativa. En VV.AA, <em>i<\/em><em>nvestigaciones multidisciplinares de vanguardia para la academia del siglo XXI<\/em>. Tirant lo Blanch.<\/p>\n\n\n\n<p>Vasco-Gonz\u00e1lez, M. y&nbsp;Goig, R.&nbsp;(2020). Elementos contextuales que dificultan la inclusi\u00f3n sociodigital de los j\u00f3venes vulnerables. En VV.AA.,&nbsp;<em>Investigaci\u00f3n e innovaci\u00f3n educativa. Tendencias y retos<\/em>&nbsp;(pp.151-164). Dykinson<\/p>\n\n\n\n<div style=\"height:30px\" aria-hidden=\"true\" class=\"wp-block-spacer\"><\/div>\n\n\n\n<div class=\"wp-block-buttons is-layout-flex wp-block-buttons-is-layout-flex\">\n<div class=\"wp-block-button\"><a class=\"wp-block-button__link has-vivid-green-cyan-background-color has-background wp-element-button\" href=\"https:\/\/blogs.uned.es\/intervencionsocioeducativa\/capitulos-de-libro\/\">Volver a cap\u00edtulos de libro<\/a><\/div>\n<\/div>\n","protected":false},"excerpt":{"rendered":"<p>Borelli, M. T., Anguita Acero, J. M. y S\u00e1nchez-Verdejo P\u00e9rez. F. J. (2020). The EMAS and Its Role in the ESL Instruction to Immigrants in England. En M. E. G\u00f3mez-Parra y C. A. Huertas-Abril (coords.), Handbook of Research on Bilingual and Intercultural Education (pp. 71-104). IGI GLOBAL Diaz-Esterri, J., De-Juanas, A., y Goig, R. (2020). [&hellip;]<\/p>\n","protected":false},"author":7637,"featured_media":0,"parent":0,"menu_order":0,"comment_status":"closed","ping_status":"closed","template":"","meta":{"footnotes":""},"class_list":["post-12505","page","type-page","status-publish","hentry"],"_links":{"self":[{"href":"https:\/\/blogs.uned.es\/intervencionsocioeducativa\/wp-json\/wp\/v2\/pages\/12505","targetHints":{"allow":["GET"]}}],"collection":[{"href":"https:\/\/blogs.uned.es\/intervencionsocioeducativa\/wp-json\/wp\/v2\/pages"}],"about":[{"href":"https:\/\/blogs.uned.es\/intervencionsocioeducativa\/wp-json\/wp\/v2\/types\/page"}],"author":[{"embeddable":true,"href":"https:\/\/blogs.uned.es\/intervencionsocioeducativa\/wp-json\/wp\/v2\/users\/7637"}],"replies":[{"embeddable":true,"href":"https:\/\/blogs.uned.es\/intervencionsocioeducativa\/wp-json\/wp\/v2\/comments?post=12505"}],"version-history":[{"count":1,"href":"https:\/\/blogs.uned.es\/intervencionsocioeducativa\/wp-json\/wp\/v2\/pages\/12505\/revisions"}],"predecessor-version":[{"id":12507,"href":"https:\/\/blogs.uned.es\/intervencionsocioeducativa\/wp-json\/wp\/v2\/pages\/12505\/revisions\/12507"}],"wp:attachment":[{"href":"https:\/\/blogs.uned.es\/intervencionsocioeducativa\/wp-json\/wp\/v2\/media?parent=12505"}],"curies":[{"name":"wp","href":"https:\/\/api.w.org\/{rel}","templated":true}]}}