{"id":12451,"date":"2023-03-17T16:50:19","date_gmt":"2023-03-17T16:50:19","guid":{"rendered":"https:\/\/blogs.uned.es\/intervencionsocioeducativa\/?page_id=12451"},"modified":"2023-03-17T16:53:10","modified_gmt":"2023-03-17T16:53:10","slug":"a2018","status":"publish","type":"page","link":"https:\/\/blogs.uned.es\/intervencionsocioeducativa\/a2018\/","title":{"rendered":"A2018"},"content":{"rendered":"\n<p>Byrne, J., Kirwan, G. &amp; Flavin, F. (2018) Groupwork with people who have experienced&nbsp;&nbsp;&nbsp;&nbsp;&nbsp;&nbsp;&nbsp;&nbsp;&nbsp;&nbsp; political oppression: context and challenges. <em>Groupwork<\/em>, 28 (1):77-99.&nbsp;&nbsp;&nbsp;&nbsp;&nbsp;&nbsp;&nbsp;&nbsp;&nbsp;&nbsp;&nbsp;&nbsp;<\/p>\n\n\n\n<p>Fraguela, R., De-Juanas, \u00c1., &amp; Franco, R. (2018). Ocio deportivo en j\u00f3venes potencialmente vulnerables: beneficios y organizaci\u00f3n de la pr\u00e1ctica, <em>Pedagog\u00eda Social Revista Interuniversitaria 31<\/em>, 49-58. 1139-1723. https:\/\/doi.org\/0.7179\/PSRI_2018.31.04<\/p>\n\n\n\n<p>Gal\u00e1n Casado, D. y Gil Cantero, F. (2018). Posibilidades educativas en los m\u00f3dulos de respeto. An\u00e1lisis de un caso. <em>Revista Complutense de Educaci\u00f3n, 29<\/em>(2), 475-489. https:\/\/doi.org\/10.5209\/RCED.53425.<\/p>\n\n\n\n<p>Garc\u00eda-Castilla, F.J., Melendro, M., y Blaya, C. (2018). Preferencias, renuncias y oportunidades en la pr\u00e1ctica de ocio de los j\u00f3venes vulnerables<em>. Pedagog\u00eda Social. Revista Interuniversitaria<\/em>, 31, 21-32. https:\/\/doi.org\/10.7179\/PSRI_2018.31.02<\/p>\n\n\n\n<p>M\u00e9ndez, D., M\u00e9ndez, M. y Anguita, J. (2018). Motivation of 14 Year-old Students using Tablets, compared to those using Textbooks and Workbooks.\u00a0<em>International Journal of Interactive Mobile Technologies (iJIM)<\/em>,\u00a0<em>12<\/em>(4), 86\u201396. <a href=\"https:\/\/doi.org\/10.3991\/ijim.v12i4.9203\">https:\/\/doi.org\/10.3991\/ijim.v12i4.9203<\/a><\/p>\n\n\n\n<p>Swan, M., Holt, S. &amp; Kirwan, G. (2018) \u00bbWho do I turn to if something really bad happens?&#8217;\u00a0\u00a0\u00a0\u00a0\u00a0\u00a0\u00a0 Keyworking and Relationship Based Practice in Residential Child Care. <em>Journal of Social Work Practice<\/em>, 32 (4): 447-461.\u00a0\u00a0\u00a0\u00a0<\/p>\n\n\n\n<div style=\"height:30px\" aria-hidden=\"true\" class=\"wp-block-spacer\"><\/div>\n\n\n\n<div class=\"wp-block-buttons is-layout-flex wp-block-buttons-is-layout-flex\">\n<div class=\"wp-block-button\"><a class=\"wp-block-button__link has-vivid-green-cyan-background-color has-background wp-element-button\" href=\"https:\/\/blogs.uned.es\/intervencionsocioeducativa\/articulos\/\">Volver a art\u00edculos<\/a><\/div>\n<\/div>\n","protected":false},"excerpt":{"rendered":"<p>Byrne, J., Kirwan, G. &amp; Flavin, F. (2018) Groupwork with people who have experienced&nbsp;&nbsp;&nbsp;&nbsp;&nbsp;&nbsp;&nbsp;&nbsp;&nbsp;&nbsp; political oppression: context and challenges. Groupwork, 28 (1):77-99.&nbsp;&nbsp;&nbsp;&nbsp;&nbsp;&nbsp;&nbsp;&nbsp;&nbsp;&nbsp;&nbsp;&nbsp; Fraguela, R., De-Juanas, \u00c1., &amp; Franco, R. (2018). Ocio deportivo en j\u00f3venes potencialmente vulnerables: beneficios y organizaci\u00f3n de la pr\u00e1ctica, Pedagog\u00eda Social Revista Interuniversitaria 31, 49-58. 1139-1723. https:\/\/doi.org\/0.7179\/PSRI_2018.31.04 Gal\u00e1n Casado, D. y Gil [&hellip;]<\/p>\n","protected":false},"author":7637,"featured_media":0,"parent":0,"menu_order":0,"comment_status":"closed","ping_status":"closed","template":"","meta":{"footnotes":""},"class_list":["post-12451","page","type-page","status-publish","hentry"],"_links":{"self":[{"href":"https:\/\/blogs.uned.es\/intervencionsocioeducativa\/wp-json\/wp\/v2\/pages\/12451","targetHints":{"allow":["GET"]}}],"collection":[{"href":"https:\/\/blogs.uned.es\/intervencionsocioeducativa\/wp-json\/wp\/v2\/pages"}],"about":[{"href":"https:\/\/blogs.uned.es\/intervencionsocioeducativa\/wp-json\/wp\/v2\/types\/page"}],"author":[{"embeddable":true,"href":"https:\/\/blogs.uned.es\/intervencionsocioeducativa\/wp-json\/wp\/v2\/users\/7637"}],"replies":[{"embeddable":true,"href":"https:\/\/blogs.uned.es\/intervencionsocioeducativa\/wp-json\/wp\/v2\/comments?post=12451"}],"version-history":[{"count":3,"href":"https:\/\/blogs.uned.es\/intervencionsocioeducativa\/wp-json\/wp\/v2\/pages\/12451\/revisions"}],"predecessor-version":[{"id":12467,"href":"https:\/\/blogs.uned.es\/intervencionsocioeducativa\/wp-json\/wp\/v2\/pages\/12451\/revisions\/12467"}],"wp:attachment":[{"href":"https:\/\/blogs.uned.es\/intervencionsocioeducativa\/wp-json\/wp\/v2\/media?parent=12451"}],"curies":[{"name":"wp","href":"https:\/\/api.w.org\/{rel}","templated":true}]}}