{"id":12429,"date":"2023-03-17T16:12:46","date_gmt":"2023-03-17T16:12:46","guid":{"rendered":"https:\/\/blogs.uned.es\/intervencionsocioeducativa\/?page_id=12429"},"modified":"2023-03-17T16:51:02","modified_gmt":"2023-03-17T16:51:02","slug":"a2021","status":"publish","type":"page","link":"https:\/\/blogs.uned.es\/intervencionsocioeducativa\/a2021\/","title":{"rendered":"A2021"},"content":{"rendered":"\n<p>Chiclana de la fuente, S., Gal\u00e1n Casado, D. Garc\u00eda-vita, M. y De-Juanas Oliva, A. (2021). Ocio y tiempo libre en prisi\u00f3n. Los m\u00f3dulos de respeto como espacios que generan bienestar en tiempos de pandemia. <em>Revista Edetania. Estudios y propuestas socioeducativos, 60<\/em>, 165-186. <a href=\"https:\/\/doi.org\/10.46583\/edetania_2021.60.906\">https:\/\/doi.org\/10.46583\/edetania_2021.60.906<\/a>.<\/p>\n\n\n\n<p>D\u00edaz-Esterri, J., De-Juanas, \u00c1., Goig-Mart\u00ednez, R., y Garc\u00eda-Castilla, F. J. (2021). Time Inclusive Leisure as a Resource for Socio-Educational Intervention During COVID-19 Pandemic with Care Leaverstrajectories. <em>Sustainability.&nbsp; 13<\/em>(16) (8851). 1-18. DOI:10.3390\/su13168851.<\/p>\n\n\n\n<p>D\u00edaz-Esterri, J., Goig-Mart\u00ednez, R., y De-Juanas, \u00c1. (2021). Espacios intergeneracionales de ocio y redes de apoyo social en j\u00f3venes egresados del sistema de protecci\u00f3n. <em>Psyshcoloy, Society &amp; Education<\/em>,<em>13<\/em>(1), 98-113<\/p>\n\n\n\n<p>Flores Tena, MJ., Ortega Navas, M\u00aa.C. y S\u00e1nchez Fuster, MC. (2021). Las nuevas tecnolog\u00edas como estrategias innovadoras de ense\u00f1anza-aprendizaje en la era digital. <em>Revista Electr\u00f3nica Interuniversitaria de Formaci\u00f3n del Profesorado, 24<\/em>(19), 29-42.<\/p>\n\n\n\n<p>Gal\u00e1n Casado, D., Ramos-\u00c1balos, E.M., Turbi Pinazo, A. y A\u00f1a\u00f1os, F.T. (2021). Salud mental y consumo de drogas en prisiones espa\u00f1olas. Una perspectiva socioeducativa y de g\u00e9nero. <em>Psychology, Society, &amp; Education,<\/em> <em>13<\/em>(1), 85-98. <a href=\"https:\/\/doi.org\/10.25115\/psye.v1i1.3478\">https:\/\/doi.org\/10.25115\/psye.v1i1.3478<\/a>.<\/p>\n\n\n\n<p>Garc\u00eda, I. D., Anguita Acero, J. M., De Las Heras-Fern\u00e1ndez, R. y Calder\u00f3n-Garrido, D. (2021). Digital competence and the use of technological resources by teachers in music conservatories and schools of music. <em>Revista M\u00fasica Hodie<\/em>, <em>21<\/em>, e69145. <a href=\"https:\/\/doi.org\/10.5216\/mh.v21.69145\">https:\/\/doi.org\/10.5216\/mh.v21.69145<\/a><\/p>\n\n\n\n<p>Gomez-Garcia, M., Hossein-Mohand, H., Trujillo-Torres, J. M., &amp; Hossein-Mohand, H. (2020).&nbsp;\u201cThe Training and Use of ICT in Teaching Perceptions of Melilla&#8217;s (Spain) Mathematics Teachers\u201d<em>.&nbsp;Mathematics, 8<\/em>(10).&nbsp;<a href=\"https:\/\/doi.org:10.3390\/math8101641\">https:\/\/doi.org:10.3390\/math8101641<\/a>.<\/p>\n\n\n\n<p>Gonz\u00e1lez Olivares, A. L. (2021). Formaci\u00f3n permanente de las personas con capacidades diferentes en tiempos de pandemia: socializaci\u00f3n y aprendizaje alternativo en el \u00e1mbito profesional. International Journal of Developmental and Educational Psychology. <em>INFAD Revista de Psicolog\u00eda<\/em>, <em>1<\/em>(2), 319-328.<\/p>\n\n\n\n<p>Hossein-Mohand, H.; Trujillo-Torres, J.-M.; G\u00f3mez-Garc\u00eda, M.; Hossein-Mohand, H.; Campos-Soto, A. (2021).&nbsp;\u201cAnalysis of the Use and Integration of the Flipped Learning Model, Project-Based Learning, and Gamification Methodologies by Secondary School Mathematics Teachers<strong><em>\u201d<\/em><\/strong>.&nbsp;<em>Sustainability<\/em>,&nbsp;<em>13<\/em>, 2606.&nbsp;<a href=\"https:\/\/doi.org\/10.3390\/su13052606\">https:\/\/doi.org\/10.3390\/su13052606<\/a>.<\/p>\n\n\n\n<p>Hossein-Mohand, H.; G\u00f3mez-Garc\u00eda, M.; Trujillo-Torres, J.-M.; Hossein-Mohand, H.; Boumadan-Hamed, M.&nbsp;(2021). \u201cUses and Resources of Technologies by Mathematics Students Prior to COVID-19\u201d.<em> Sustainability,13,<\/em> 1630.&nbsp;<a href=\"https:\/\/doi.org\/10.3390\/su13041630\">https:\/\/doi.org\/10.3390\/su13041630<\/a>.<\/p>\n\n\n\n<p>Kirwan, G. (2021) Speaking Truth to Power: Mental Health Service Users\u2019 Experiences of&nbsp;&nbsp;&nbsp;&nbsp;&nbsp;&nbsp;&nbsp; Participation in their Diagnosis and Treatment. <em>Social Work and Social Sciences Review, 22<\/em>(1):100-119.&nbsp;&nbsp;&nbsp;&nbsp;&nbsp;&nbsp;&nbsp;&nbsp;&nbsp;&nbsp;&nbsp;&nbsp;<\/p>\n\n\n\n<p>L\u00f3pez-Noguero, F., Garc\u00eda-L\u00e1zaro, I., y Gallardo-L\u00f3pez, J. A. (2021). Consecuencias del COVID-19 en los centros educativos en funci\u00f3n de su contexto socioecon\u00f3mico y titularidad. <em>PUBLICACIONES<\/em>, <em>51<\/em>(3), 421-441. <a href=\"https:\/\/doi.org\/10.30827\/publicaciones.v51i3.16709\">https:\/\/doi.org\/10.30827\/publicaciones.v51i3.16709<\/a><\/p>\n\n\n\n<p>L\u00f3pez-Noguero F., Gallardo-L\u00f3pez J. A., y Garc\u00eda-L\u00e1zaro I. (2021). The Educational Community in the Face of COVID-19. Discursive Analysis on Vulnerability and Education. <em>International Journal of Environmental Research and Public Health<\/em>, <em>18<\/em>(13), 6716. <a href=\"https:\/\/doi.org\/10.3390\/ijerph18136716\">https:\/\/doi.org\/10.3390\/ijerph18136716<\/a><\/p>\n\n\n\n<p>Trujillo-Torres, J.-M., Hossein-Mohand, H., Gomez-Garcia, M., Hossein-Mohand, H., &amp; Caceres-Reche, M.-P. (2020). Mathematics&nbsp;\u201cTeachers&#8217; Perceptions of the Introduction of ICT: The Relationship between Motivation and Use in the Teaching Function\u201d.&nbsp;<em>Mathematics, 8<\/em>(12).&nbsp;<a href=\"https:\/\/doi.org:10.3390\/math8122158\">https:\/\/doi.org:10.3390\/math8122158<\/a>. <\/p>\n\n\n\n<p>Vasco-Gonz\u00e1lez., Goig-Mart\u00ednez, R. M\u00aa., Mart\u00ednez- S\u00e1nchez, I y, \u00c1lvarez- Rodr\u00edguez, J. (2021). Socially Disadvantaged Youth: Forms of Expression and Communication in Social Networks as a Vehicle of Inclusion. <em>Sustainability, 13<\/em>(23), 13160.<\/p>\n\n\n\n<div style=\"height:30px\" aria-hidden=\"true\" class=\"wp-block-spacer\"><\/div>\n\n\n\n<div class=\"wp-block-buttons is-layout-flex wp-block-buttons-is-layout-flex\">\n<div class=\"wp-block-button\"><a class=\"wp-block-button__link has-vivid-green-cyan-background-color has-background wp-element-button\" href=\"https:\/\/blogs.uned.es\/intervencionsocioeducativa\/articulos\/\">Volver a art\u00edculos<\/a><\/div>\n<\/div>\n","protected":false},"excerpt":{"rendered":"<p>Chiclana de la fuente, S., Gal\u00e1n Casado, D. Garc\u00eda-vita, M. y De-Juanas Oliva, A. (2021). Ocio y tiempo libre en prisi\u00f3n. Los m\u00f3dulos de respeto como espacios que generan bienestar en tiempos de pandemia. Revista Edetania. Estudios y propuestas socioeducativos, 60, 165-186. https:\/\/doi.org\/10.46583\/edetania_2021.60.906. D\u00edaz-Esterri, J., De-Juanas, \u00c1., Goig-Mart\u00ednez, R., y Garc\u00eda-Castilla, F. J. (2021). Time [&hellip;]<\/p>\n","protected":false},"author":7637,"featured_media":0,"parent":0,"menu_order":0,"comment_status":"closed","ping_status":"closed","template":"","meta":{"footnotes":""},"class_list":["post-12429","page","type-page","status-publish","hentry"],"_links":{"self":[{"href":"https:\/\/blogs.uned.es\/intervencionsocioeducativa\/wp-json\/wp\/v2\/pages\/12429","targetHints":{"allow":["GET"]}}],"collection":[{"href":"https:\/\/blogs.uned.es\/intervencionsocioeducativa\/wp-json\/wp\/v2\/pages"}],"about":[{"href":"https:\/\/blogs.uned.es\/intervencionsocioeducativa\/wp-json\/wp\/v2\/types\/page"}],"author":[{"embeddable":true,"href":"https:\/\/blogs.uned.es\/intervencionsocioeducativa\/wp-json\/wp\/v2\/users\/7637"}],"replies":[{"embeddable":true,"href":"https:\/\/blogs.uned.es\/intervencionsocioeducativa\/wp-json\/wp\/v2\/comments?post=12429"}],"version-history":[{"count":2,"href":"https:\/\/blogs.uned.es\/intervencionsocioeducativa\/wp-json\/wp\/v2\/pages\/12429\/revisions"}],"predecessor-version":[{"id":12455,"href":"https:\/\/blogs.uned.es\/intervencionsocioeducativa\/wp-json\/wp\/v2\/pages\/12429\/revisions\/12455"}],"wp:attachment":[{"href":"https:\/\/blogs.uned.es\/intervencionsocioeducativa\/wp-json\/wp\/v2\/media?parent=12429"}],"curies":[{"name":"wp","href":"https:\/\/api.w.org\/{rel}","templated":true}]}}