{"id":12319,"date":"2023-03-17T07:24:48","date_gmt":"2023-03-17T07:24:48","guid":{"rendered":"https:\/\/blogs.uned.es\/intervencionsocioeducativa\/?page_id=12319"},"modified":"2023-03-17T07:24:49","modified_gmt":"2023-03-17T07:24:49","slug":"jorge-diaz-esterri","status":"publish","type":"page","link":"https:\/\/blogs.uned.es\/intervencionsocioeducativa\/jorge-diaz-esterri\/","title":{"rendered":"Jorge D\u00edaz Esterri"},"content":{"rendered":"\n<div class=\"wp-block-columns is-layout-flex wp-container-core-columns-is-layout-28f84493 wp-block-columns-is-layout-flex\">\n<div class=\"wp-block-column is-layout-flow wp-block-column-is-layout-flow\" style=\"flex-basis:33.33%\">\n<figure class=\"wp-block-image size-full\"><img loading=\"lazy\" decoding=\"async\" width=\"701\" height=\"700\" src=\"http:\/\/blogs.uned.es\/intervencionsocioeducativa\/wp-content\/uploads\/sites\/395\/2022\/01\/logouned21outlinefavicon.jpg\" alt=\"\" class=\"wp-image-531\" srcset=\"https:\/\/blogs.uned.es\/intervencionsocioeducativa\/wp-content\/uploads\/sites\/395\/2022\/01\/logouned21outlinefavicon.jpg 701w, https:\/\/blogs.uned.es\/intervencionsocioeducativa\/wp-content\/uploads\/sites\/395\/2022\/01\/logouned21outlinefavicon-300x300.jpg 300w, https:\/\/blogs.uned.es\/intervencionsocioeducativa\/wp-content\/uploads\/sites\/395\/2022\/01\/logouned21outlinefavicon-150x150.jpg 150w\" sizes=\"auto, (max-width: 701px) 100vw, 701px\" \/><\/figure>\n<\/div>\n\n\n\n<div class=\"wp-block-column is-layout-flow wp-block-column-is-layout-flow\" style=\"flex-basis:66.66%\">\n<p class=\"has-large-font-size\"><strong>JORGE D\u00cdAZ ESTERRI<\/strong><\/p>\n\n\n\n<p>\u2709jordiaz@edu.uned.es<\/p>\n<\/div>\n<\/div>\n\n\n\n<p>Jorge D\u00edaz Esterri es Personal Docente Investigador con Contrato Predoctoral en el Departamento de Teor\u00eda de la Educaci\u00f3n y Pedagog\u00eda Social (UNED) desde diciembre de 2021. Doctorando en Programa de Doctorado en Educaci\u00f3n de la Universidad Nacional de Educaci\u00f3n a Distancia. M\u00e1ster en Formaci\u00f3n del Profesado de Educaci\u00f3n Secundaria Obligatoria, Bachillerato, Formaci\u00f3n Profesional y Ense\u00f1anza de Idiomas por la Universidad de Nebrija, Postgrado en Pedagog\u00eda Social por la Universidad de Zaragoza, Graduado en Educaci\u00f3n Social por la Universidad Nacional de Educaci\u00f3n a Distancia y Diplomado en Trabajo Social por la Universidad de Zaragoza.<\/p>\n\n\n\n<p>A lo largo de 12 a\u00f1os ha desarrollado su trayectoria laboral como Educador Social con menores en riesgo de exclusi\u00f3n social en diferentes recursos de acogimiento en el sistema de protecci\u00f3n a la infancia y adolescencia y en centros de internamiento por medida judicial en el sistema de reforma dentro de los cuales ha ejercido las labores de educador y coordinador de centro. Actualmente est\u00e1 vinculado como investigador en formaci\u00f3n en el Grupo de Investigaci\u00f3n Contextos-ISE de Intervenci\u00f3n Socioeducativa de la Universidad Nacional de Educaci\u00f3n a Distancia.<\/p>\n\n\n\n<p>Su actividad docente e investigadora est\u00e1 relacionada con la intervenci\u00f3n socioeducativa en diferentes contextos con menores y j\u00f3venes en riesgo social y\/o en situaci\u00f3n de exclusi\u00f3n social. El an\u00e1lisis del bienestar subjetivo, la estructura de valores y los procesos de resiliencia, las relaciones sociales y afectivas, la gesti\u00f3n del tiempo y el ocio en colectivos vulnerables.<\/p>\n\n\n\n<p>En el \u00e1mbito docente, ha impartido clases en la Grado de Educaci\u00f3n Social como Profesor Tutor en la Universidad Nacional de Educaci\u00f3n a Distancia de las asignaturas de Comunicaci\u00f3n y Educaci\u00f3n (2020-21 y 2021\/22), Did\u00e1ctica General (2021\/2022) de Educaci\u00f3n Social y Pedagog\u00eda. Medios, Recursos Did\u00e1cticos y Tecnolog\u00eda Educativa (2019-20; 2020-21 y 2021-22) del Grado de Pedagog\u00eda Pedagog\u00eda; y Medios, Tecnolog\u00eda y Recursos para la Intervenci\u00f3n Socioeducativa (2019-20; 2020-21 y 2021-22) del Grado de Educaci\u00f3n Social. Tambi\u00e9n imparte docencia como Personal con Contrato Predoctoral en las asignaturas de Educaci\u00f3n de Personas Adultas y Mayores y coodirege un Trabajo Fin de Grado en el Grado de Educaci\u00f3n Social en la Universidad Nacional de Educaci\u00f3n a Distancia (UNED).<\/p>\n\n\n\n<p>Cuenta con &nbsp;diversos cap\u00edtulos de libro y art\u00edculos publicados en revistas evaluadas en rankings como JCR, SJR y Scopus. Ha participado en m\u00e1s de una decena de seminarios, cursos, congresos cient\u00edficos y conferencias nacionales e internacionales como organizador o ponente. Es miembro del Grupo de Innovaci\u00f3n Docente de la UNED \u00abEstrategias did\u00e1cticas Eficaces en los Trabajos Fin de T\u00edtulo\u00bb. Asimismo, ejerce como Evaluador Externo de las revistas Psichology, Society &amp; Education y Prisma Social.<\/p>\n\n\n\n<div class=\"wp-block-columns is-layout-flex wp-container-core-columns-is-layout-28f84493 wp-block-columns-is-layout-flex\">\n<div class=\"wp-block-column is-layout-flow wp-block-column-is-layout-flow\">\n<figure class=\"wp-block-image aligncenter size-full is-resized\"><a href=\"https:\/\/orcid.org\/0000-0001-5621-1120\"><img loading=\"lazy\" decoding=\"async\" src=\"http:\/\/blogs.uned.es\/intervencionsocioeducativa\/wp-content\/uploads\/sites\/395\/2023\/03\/descarga.png\" alt=\"\" class=\"wp-image-12033\" width=\"56\" height=\"56\" srcset=\"https:\/\/blogs.uned.es\/intervencionsocioeducativa\/wp-content\/uploads\/sites\/395\/2023\/03\/descarga.png 225w, https:\/\/blogs.uned.es\/intervencionsocioeducativa\/wp-content\/uploads\/sites\/395\/2023\/03\/descarga-150x150.png 150w\" sizes=\"auto, (max-width: 56px) 100vw, 56px\" \/><\/a><\/figure>\n<\/div>\n\n\n\n<div class=\"wp-block-column is-layout-flow wp-block-column-is-layout-flow\">\n<figure class=\"wp-block-image aligncenter size-full is-resized\"><a href=\"https:\/\/www.uned.es\/universidad\/docentes\/educacion\/jorge-diaz-esterri.html\"><img loading=\"lazy\" decoding=\"async\" src=\"http:\/\/blogs.uned.es\/intervencionsocioeducativa\/wp-content\/uploads\/sites\/395\/2023\/03\/descarga-1.png\" alt=\"\" class=\"wp-image-12035\" width=\"55\" height=\"55\" srcset=\"https:\/\/blogs.uned.es\/intervencionsocioeducativa\/wp-content\/uploads\/sites\/395\/2023\/03\/descarga-1.png 225w, https:\/\/blogs.uned.es\/intervencionsocioeducativa\/wp-content\/uploads\/sites\/395\/2023\/03\/descarga-1-150x150.png 150w\" sizes=\"auto, (max-width: 55px) 100vw, 55px\" \/><\/a><\/figure>\n<\/div>\n\n\n\n<div class=\"wp-block-column is-layout-flow wp-block-column-is-layout-flow\">\n<figure class=\"wp-block-image aligncenter size-full is-resized\"><a href=\"https:\/\/twitter.com\/diazesterri?lang=es\"><img loading=\"lazy\" decoding=\"async\" src=\"http:\/\/blogs.uned.es\/intervencionsocioeducativa\/wp-content\/uploads\/sites\/395\/2023\/03\/Twitter.png\" alt=\"\" class=\"wp-image-12065\" width=\"66\" height=\"66\" srcset=\"https:\/\/blogs.uned.es\/intervencionsocioeducativa\/wp-content\/uploads\/sites\/395\/2023\/03\/Twitter.png 225w, https:\/\/blogs.uned.es\/intervencionsocioeducativa\/wp-content\/uploads\/sites\/395\/2023\/03\/Twitter-150x150.png 150w\" sizes=\"auto, (max-width: 66px) 100vw, 66px\" \/><\/a><\/figure>\n<\/div>\n<\/div>\n\n\n\n<div class=\"wp-block-buttons is-layout-flex wp-block-buttons-is-layout-flex\">\n<div class=\"wp-block-button\"><a class=\"wp-block-button__link has-vivid-green-cyan-background-color has-background wp-element-button\" href=\"https:\/\/blogs.uned.es\/intervencionsocioeducativa\/equipo\/\">Volver a equipo<\/a><\/div>\n<\/div>\n","protected":false},"excerpt":{"rendered":"<p>JORGE D\u00cdAZ ESTERRI \u2709jordiaz@edu.uned.es Jorge D\u00edaz Esterri es Personal Docente Investigador con Contrato Predoctoral en el Departamento de Teor\u00eda de la Educaci\u00f3n y Pedagog\u00eda Social (UNED) desde diciembre de 2021. Doctorando en Programa de Doctorado en Educaci\u00f3n de la Universidad Nacional de Educaci\u00f3n a Distancia. M\u00e1ster en Formaci\u00f3n del Profesado de Educaci\u00f3n Secundaria Obligatoria, Bachillerato, [&hellip;]<\/p>\n","protected":false},"author":7637,"featured_media":0,"parent":0,"menu_order":0,"comment_status":"closed","ping_status":"closed","template":"","meta":{"footnotes":""},"class_list":["post-12319","page","type-page","status-publish","hentry"],"_links":{"self":[{"href":"https:\/\/blogs.uned.es\/intervencionsocioeducativa\/wp-json\/wp\/v2\/pages\/12319","targetHints":{"allow":["GET"]}}],"collection":[{"href":"https:\/\/blogs.uned.es\/intervencionsocioeducativa\/wp-json\/wp\/v2\/pages"}],"about":[{"href":"https:\/\/blogs.uned.es\/intervencionsocioeducativa\/wp-json\/wp\/v2\/types\/page"}],"author":[{"embeddable":true,"href":"https:\/\/blogs.uned.es\/intervencionsocioeducativa\/wp-json\/wp\/v2\/users\/7637"}],"replies":[{"embeddable":true,"href":"https:\/\/blogs.uned.es\/intervencionsocioeducativa\/wp-json\/wp\/v2\/comments?post=12319"}],"version-history":[{"count":1,"href":"https:\/\/blogs.uned.es\/intervencionsocioeducativa\/wp-json\/wp\/v2\/pages\/12319\/revisions"}],"predecessor-version":[{"id":12321,"href":"https:\/\/blogs.uned.es\/intervencionsocioeducativa\/wp-json\/wp\/v2\/pages\/12319\/revisions\/12321"}],"wp:attachment":[{"href":"https:\/\/blogs.uned.es\/intervencionsocioeducativa\/wp-json\/wp\/v2\/media?parent=12319"}],"curies":[{"name":"wp","href":"https:\/\/api.w.org\/{rel}","templated":true}]}}