{"id":12303,"date":"2023-03-17T07:06:58","date_gmt":"2023-03-17T07:06:58","guid":{"rendered":"https:\/\/blogs.uned.es\/intervencionsocioeducativa\/?page_id=12303"},"modified":"2023-03-17T07:06:58","modified_gmt":"2023-03-17T07:06:58","slug":"maria-jose-diaz-santiago","status":"publish","type":"page","link":"https:\/\/blogs.uned.es\/intervencionsocioeducativa\/maria-jose-diaz-santiago\/","title":{"rendered":"Mar\u00eda Jos\u00e9 D\u00edaz Santiago"},"content":{"rendered":"\n<div class=\"wp-block-columns is-layout-flex wp-container-core-columns-is-layout-28f84493 wp-block-columns-is-layout-flex\">\n<div class=\"wp-block-column is-layout-flow wp-block-column-is-layout-flow\" style=\"flex-basis:33.33%\">\n<figure class=\"wp-block-image size-full\"><img loading=\"lazy\" decoding=\"async\" width=\"225\" height=\"225\" src=\"https:\/\/blogs.uned.es\/intervencionsocioeducativa\/wp-content\/uploads\/sites\/395\/2023\/03\/Complutense.png\" alt=\"\" class=\"wp-image-12305\" srcset=\"https:\/\/blogs.uned.es\/intervencionsocioeducativa\/wp-content\/uploads\/sites\/395\/2023\/03\/Complutense.png 225w, https:\/\/blogs.uned.es\/intervencionsocioeducativa\/wp-content\/uploads\/sites\/395\/2023\/03\/Complutense-150x150.png 150w\" sizes=\"auto, (max-width: 225px) 100vw, 225px\" \/><\/figure>\n<\/div>\n\n\n\n<div class=\"wp-block-column is-layout-flow wp-block-column-is-layout-flow\" style=\"flex-basis:66.66%\">\n<p class=\"has-large-font-size\"><strong>MAR\u00cdA JOS\u00c9 D\u00cdAZ SANTIAGO<\/strong><\/p>\n\n\n\n<p>\u2709mjdiaz@cps.ucm.es<\/p>\n<\/div>\n<\/div>\n\n\n\n<p>Doctora en Sociolog\u00eda y Premio Extraordinario de Doctorado (UCM). Imparto docencia, con evaluaci\u00f3n muy positiva, en <em>GADE<\/em> y M\u00e1steres, como el <em>M\u00e1ster O. U. de Estudios de G\u00e9nero<\/em>, <em>M\u00e1ster O.U. de \u00c9tica Aplicada<\/em>, <em>M\u00e1ster O.U. en Estudios Avanzados de Trabajo y Empleo<\/em> y <em>M\u00e1ster O.U. en Consumo y Comercio<\/em> con tem\u00e1ticas sobre Sociolog\u00eda del Trabajo, arqueolog\u00eda industrial, metodolog\u00edas para la investigaci\u00f3n social, Responsabilidad Social Empresarial, cadenas globales, diversidad y g\u00e9nero.<\/p>\n\n\n\n<p>Forma parte del Grupo de investigaci\u00f3n UCM Charles Babbage en Ciencias Sociales del Trabajo (CPD. 940040), el Grupo de investigaci\u00f3n TABA Internacional Research sobre inclusi\u00f3n social y derechos humanos y el Grupo de Investigaci\u00f3n de Intervenci\u00f3n Socioeducativa (ISE) estos dos de la UNED, as\u00ed como de sus redes acad\u00e9micas y laborales.<\/p>\n\n\n\n<p>Investigo en tem\u00e1ticas de g\u00e9nero y trabajo en proyectos, art\u00edculo 83, docentes nacionales y europeos (Apprent, SUPERA, Transiciones (I+D+i) e INSOCTEA\u2026); y he realizado estancias internacionales en el ISEG-SOCIUS en la Universidad de Lisboa, Universidad de Santiago de Chile y en el CEIL-CONICET y Universidad de Buenos Aires (UBA).<\/p>\n\n\n\n<p>Miembro del Consejo de direcci\u00f3n de la revista Tendencias Sociales de la UNED, cuento con publicaciones en revistas como Sociolog\u00eda del Trabajo, Cuaderno de Relaciones Laborales, Social Work Education y he coordinado y participado en libros colectivos de editoriales como la UNED y Springer, por ejemplo.<\/p>\n\n\n\n<p>Soy vicepresidenta de la Asociaci\u00f3n Madrile\u00f1a de Sociolog\u00eda y primer vocal del Comit\u00e9 de Trabajo de la Federaci\u00f3n Espa\u00f1ola de Sociolog\u00eda. He sido directora de la Unidad de Igualdad de G\u00e9nero y formado parte del Consejo de Gobierno y mesa de claustro de la UCM.<\/p>\n\n\n\n<p>Anteriormente, como experiencia laboral no acad\u00e9mica de m\u00e1s de doce a\u00f1os, he trabajado en una multinacional holandesa de formaci\u00f3n y, sobre todo, en dos entidades, CEESA-CCOO Madrid y la C\u00e1mara Oficial de Comercio, Industria y Servicios de Madrid como coordinadora de proyectos nacionales y europeos, investigadora y asesora de empresas y administraciones p\u00fablicas.<\/p>\n\n\n\n<p>Respecto al trabajo con j\u00f3venes investigadores desde hace seis a\u00f1os coordino el Aula Laboratorio de Teatro Social de la UCM en la Facultad de CCPP y Sociolog\u00eda donde formamos e investigamos con j\u00f3venes investigadores e investigadoras a trav\u00e9s de t\u00e9cnicas de Investigaci\u00f3n-Acci\u00f3n-Participaci\u00f3n.<\/p>\n\n\n\n<div class=\"wp-block-columns is-layout-flex wp-container-core-columns-is-layout-28f84493 wp-block-columns-is-layout-flex\">\n<div class=\"wp-block-column is-layout-flow wp-block-column-is-layout-flow\">\n<figure class=\"wp-block-image aligncenter size-full is-resized\"><a href=\"https:\/\/orcid.org\/0000-0001-7172-1620\"><img loading=\"lazy\" decoding=\"async\" src=\"http:\/\/blogs.uned.es\/intervencionsocioeducativa\/wp-content\/uploads\/sites\/395\/2023\/03\/descarga.png\" alt=\"\" class=\"wp-image-12033\" width=\"51\" height=\"51\" srcset=\"https:\/\/blogs.uned.es\/intervencionsocioeducativa\/wp-content\/uploads\/sites\/395\/2023\/03\/descarga.png 225w, https:\/\/blogs.uned.es\/intervencionsocioeducativa\/wp-content\/uploads\/sites\/395\/2023\/03\/descarga-150x150.png 150w\" sizes=\"auto, (max-width: 51px) 100vw, 51px\" \/><\/a><\/figure>\n<\/div>\n\n\n\n<div class=\"wp-block-column is-layout-flow wp-block-column-is-layout-flow\">\n<figure class=\"wp-block-image aligncenter size-full is-resized\"><a href=\"https:\/\/www.ucm.es\/directorio?id=23916\"><img loading=\"lazy\" decoding=\"async\" src=\"http:\/\/blogs.uned.es\/intervencionsocioeducativa\/wp-content\/uploads\/sites\/395\/2023\/03\/descarga-1.png\" alt=\"\" class=\"wp-image-12035\" width=\"53\" height=\"53\" srcset=\"https:\/\/blogs.uned.es\/intervencionsocioeducativa\/wp-content\/uploads\/sites\/395\/2023\/03\/descarga-1.png 225w, https:\/\/blogs.uned.es\/intervencionsocioeducativa\/wp-content\/uploads\/sites\/395\/2023\/03\/descarga-1-150x150.png 150w\" sizes=\"auto, (max-width: 53px) 100vw, 53px\" \/><\/a><\/figure>\n<\/div>\n\n\n\n<div class=\"wp-block-column is-layout-flow wp-block-column-is-layout-flow\">\n<figure class=\"wp-block-image aligncenter size-full is-resized\"><a href=\"https:\/\/twitter.com\/mjdiazsan?lang=es\"><img loading=\"lazy\" decoding=\"async\" src=\"http:\/\/blogs.uned.es\/intervencionsocioeducativa\/wp-content\/uploads\/sites\/395\/2023\/03\/Twitter.png\" alt=\"\" class=\"wp-image-12065\" width=\"52\" height=\"52\" srcset=\"https:\/\/blogs.uned.es\/intervencionsocioeducativa\/wp-content\/uploads\/sites\/395\/2023\/03\/Twitter.png 225w, https:\/\/blogs.uned.es\/intervencionsocioeducativa\/wp-content\/uploads\/sites\/395\/2023\/03\/Twitter-150x150.png 150w\" sizes=\"auto, (max-width: 52px) 100vw, 52px\" \/><\/a><\/figure>\n<\/div>\n<\/div>\n\n\n\n<div class=\"wp-block-buttons is-layout-flex wp-block-buttons-is-layout-flex\">\n<div class=\"wp-block-button\"><a class=\"wp-block-button__link has-vivid-green-cyan-background-color has-background wp-element-button\" href=\"https:\/\/blogs.uned.es\/intervencionsocioeducativa\/equipo\/\">Volver a equipo<\/a><\/div>\n<\/div>\n","protected":false},"excerpt":{"rendered":"<p>MAR\u00cdA JOS\u00c9 D\u00cdAZ SANTIAGO \u2709mjdiaz@cps.ucm.es Doctora en Sociolog\u00eda y Premio Extraordinario de Doctorado (UCM). Imparto docencia, con evaluaci\u00f3n muy positiva, en GADE y M\u00e1steres, como el M\u00e1ster O. U. de Estudios de G\u00e9nero, M\u00e1ster O.U. de \u00c9tica Aplicada, M\u00e1ster O.U. en Estudios Avanzados de Trabajo y Empleo y M\u00e1ster O.U. en Consumo y Comercio con [&hellip;]<\/p>\n","protected":false},"author":7637,"featured_media":0,"parent":0,"menu_order":0,"comment_status":"closed","ping_status":"closed","template":"","meta":{"footnotes":""},"class_list":["post-12303","page","type-page","status-publish","hentry"],"_links":{"self":[{"href":"https:\/\/blogs.uned.es\/intervencionsocioeducativa\/wp-json\/wp\/v2\/pages\/12303","targetHints":{"allow":["GET"]}}],"collection":[{"href":"https:\/\/blogs.uned.es\/intervencionsocioeducativa\/wp-json\/wp\/v2\/pages"}],"about":[{"href":"https:\/\/blogs.uned.es\/intervencionsocioeducativa\/wp-json\/wp\/v2\/types\/page"}],"author":[{"embeddable":true,"href":"https:\/\/blogs.uned.es\/intervencionsocioeducativa\/wp-json\/wp\/v2\/users\/7637"}],"replies":[{"embeddable":true,"href":"https:\/\/blogs.uned.es\/intervencionsocioeducativa\/wp-json\/wp\/v2\/comments?post=12303"}],"version-history":[{"count":1,"href":"https:\/\/blogs.uned.es\/intervencionsocioeducativa\/wp-json\/wp\/v2\/pages\/12303\/revisions"}],"predecessor-version":[{"id":12307,"href":"https:\/\/blogs.uned.es\/intervencionsocioeducativa\/wp-json\/wp\/v2\/pages\/12303\/revisions\/12307"}],"wp:attachment":[{"href":"https:\/\/blogs.uned.es\/intervencionsocioeducativa\/wp-json\/wp\/v2\/media?parent=12303"}],"curies":[{"name":"wp","href":"https:\/\/api.w.org\/{rel}","templated":true}]}}