{"id":12283,"date":"2023-03-17T06:38:08","date_gmt":"2023-03-17T06:38:08","guid":{"rendered":"https:\/\/blogs.uned.es\/intervencionsocioeducativa\/?page_id=12283"},"modified":"2023-03-17T06:38:08","modified_gmt":"2023-03-17T06:38:08","slug":"isabel-martinez-sanchez","status":"publish","type":"page","link":"https:\/\/blogs.uned.es\/intervencionsocioeducativa\/isabel-martinez-sanchez\/","title":{"rendered":"Isabel Mart\u00ednez S\u00e1nchez"},"content":{"rendered":"\n<div class=\"wp-block-columns is-layout-flex wp-container-core-columns-is-layout-28f84493 wp-block-columns-is-layout-flex\">\n<div class=\"wp-block-column is-layout-flow wp-block-column-is-layout-flow\" style=\"flex-basis:33.33%\">\n<figure class=\"wp-block-image size-full\"><img loading=\"lazy\" decoding=\"async\" width=\"701\" height=\"700\" src=\"http:\/\/blogs.uned.es\/intervencionsocioeducativa\/wp-content\/uploads\/sites\/395\/2022\/01\/logouned21outlinefavicon.jpg\" alt=\"\" class=\"wp-image-531\" srcset=\"https:\/\/blogs.uned.es\/intervencionsocioeducativa\/wp-content\/uploads\/sites\/395\/2022\/01\/logouned21outlinefavicon.jpg 701w, https:\/\/blogs.uned.es\/intervencionsocioeducativa\/wp-content\/uploads\/sites\/395\/2022\/01\/logouned21outlinefavicon-300x300.jpg 300w, https:\/\/blogs.uned.es\/intervencionsocioeducativa\/wp-content\/uploads\/sites\/395\/2022\/01\/logouned21outlinefavicon-150x150.jpg 150w\" sizes=\"auto, (max-width: 701px) 100vw, 701px\" \/><\/figure>\n<\/div>\n\n\n\n<div class=\"wp-block-column is-layout-flow wp-block-column-is-layout-flow\" style=\"flex-basis:66.66%\">\n<p class=\"has-large-font-size\"><strong>ISABEL MART\u00cdNEZ S\u00c1NCHEZ<\/strong><\/p>\n\n\n\n<p>\u2709imsanchez@edu.uned.es<\/p>\n<\/div>\n<\/div>\n\n\n\n<p>Profesora Titular de Universidad del Departamento de M\u00e9todos de Investigaci\u00f3n y Diagn\u00f3stico en Educaci\u00f3n I, en la Facultad de Educaci\u00f3n de la Universidad Nacional de Educaci\u00f3n a Distancia. Licenciada en Pedagog\u00eda por la Facultad Ciencias de la Educaci\u00f3n de la Universidad de Granada desde 2007. Un a\u00f1o despu\u00e9s de cursar dicha titulaci\u00f3n, obtuvo el t\u00edtulo de M\u00e1ster Universitario en Intervenci\u00f3n Psicopedag\u00f3gica por la misma instituci\u00f3n educativa y, posteriormente, en 2013, el Grado de Doctora, con una calificaci\u00f3n de Cum Laude.<\/p>\n\n\n\n<p>Como docente, su trayectoria se inici\u00f3 en 2008 en la Facultad de Ciencias de la Educaci\u00f3n de la Universidad de Granada. En 2009 obtuvo una Beca de Formaci\u00f3n del Profesorado Universitario (cuyo contrato se regula en el Contrato Real Decreto 63\/2006) en esta misma instituci\u00f3n, en el periodo comprendido entre 2009 y 2013. Desde 2013 hasta febrero de 2015 continu\u00f3 como profesora de esta Universidad. En marzo de 2015 y hasta la actualidad, desarrolla la docencia en la Facultad de Educaci\u00f3n de la Universidad Nacional de Educaci\u00f3n a Distancia.<\/p>\n\n\n\n<p><a>Forma parte <\/a>de los grupos de Investigaci\u00f3n Laboratorio de Investigaci\u00f3n en Formaci\u00f3n y Profesionalizaci\u00f3n de la Universidad de Granada (SEJ059) y del grupo (GI17) de Intervenci\u00f3n Socioeducativa de la UNED (GI17). Trabaja en el campo de la educaci\u00f3n superior, la evaluaci\u00f3n de la calidad de la educaci\u00f3n y los centros educativos, as\u00ed como la metodolog\u00eda de investigaci\u00f3n, donde cuenta con diferentes trabajos publicados tanto a nivel nacional como internacional, entre sus publicaciones destacan varios cap\u00edtulos de libros y art\u00edculos de alto impacto (SPI 2018, JCR, SRJ, FECYT). Ha participado en Proyectos de Investigaci\u00f3n Nacionales e Internacionales, en Redes de Investigaci\u00f3n para la Innovaci\u00f3n Docente y en Congresos Internacionales y Nacionales como comunicante y ponente. Tambi\u00e9n ha sido Investigadora Principal de un proyecto desarrollado en la Universidad de Granada. Ha supervisado la coordinaci\u00f3n y organizaci\u00f3n de diversos congresos nacionales e internacionales, siendo tambi\u00e9n miembro del comit\u00e9 cient\u00edfico en varias ocasiones.<\/p>\n\n\n\n<div class=\"wp-block-columns is-layout-flex wp-container-core-columns-is-layout-28f84493 wp-block-columns-is-layout-flex\">\n<div class=\"wp-block-column is-layout-flow wp-block-column-is-layout-flow\">\n<figure class=\"wp-block-image aligncenter size-full is-resized\"><a href=\"https:\/\/orcid.org\/0000-0003-0802-4878\"><img loading=\"lazy\" decoding=\"async\" src=\"http:\/\/blogs.uned.es\/intervencionsocioeducativa\/wp-content\/uploads\/sites\/395\/2023\/03\/descarga.png\" alt=\"\" class=\"wp-image-12033\" width=\"51\" height=\"51\" srcset=\"https:\/\/blogs.uned.es\/intervencionsocioeducativa\/wp-content\/uploads\/sites\/395\/2023\/03\/descarga.png 225w, https:\/\/blogs.uned.es\/intervencionsocioeducativa\/wp-content\/uploads\/sites\/395\/2023\/03\/descarga-150x150.png 150w\" sizes=\"auto, (max-width: 51px) 100vw, 51px\" \/><\/a><\/figure>\n<\/div>\n\n\n\n<div class=\"wp-block-column is-layout-flow wp-block-column-is-layout-flow\">\n<figure class=\"wp-block-image aligncenter size-full is-resized\"><a href=\"https:\/\/www.uned.es\/universidad\/docentes\/educacion\/isabel-martinez-sanchez.html\"><img loading=\"lazy\" decoding=\"async\" src=\"http:\/\/blogs.uned.es\/intervencionsocioeducativa\/wp-content\/uploads\/sites\/395\/2023\/03\/descarga-1.png\" alt=\"\" class=\"wp-image-12035\" width=\"54\" height=\"54\" srcset=\"https:\/\/blogs.uned.es\/intervencionsocioeducativa\/wp-content\/uploads\/sites\/395\/2023\/03\/descarga-1.png 225w, https:\/\/blogs.uned.es\/intervencionsocioeducativa\/wp-content\/uploads\/sites\/395\/2023\/03\/descarga-1-150x150.png 150w\" sizes=\"auto, (max-width: 54px) 100vw, 54px\" \/><\/a><\/figure>\n<\/div>\n<\/div>\n\n\n\n<div class=\"wp-block-buttons is-layout-flex wp-block-buttons-is-layout-flex\">\n<div class=\"wp-block-button\"><a class=\"wp-block-button__link has-vivid-green-cyan-background-color has-background wp-element-button\" href=\"https:\/\/blogs.uned.es\/intervencionsocioeducativa\/equipo\/\">Volver a equipo<\/a><\/div>\n<\/div>\n","protected":false},"excerpt":{"rendered":"<p>ISABEL MART\u00cdNEZ S\u00c1NCHEZ \u2709imsanchez@edu.uned.es Profesora Titular de Universidad del Departamento de M\u00e9todos de Investigaci\u00f3n y Diagn\u00f3stico en Educaci\u00f3n I, en la Facultad de Educaci\u00f3n de la Universidad Nacional de Educaci\u00f3n a Distancia. Licenciada en Pedagog\u00eda por la Facultad Ciencias de la Educaci\u00f3n de la Universidad de Granada desde 2007. Un a\u00f1o despu\u00e9s de cursar dicha [&hellip;]<\/p>\n","protected":false},"author":7637,"featured_media":0,"parent":0,"menu_order":0,"comment_status":"closed","ping_status":"closed","template":"","meta":{"footnotes":""},"class_list":["post-12283","page","type-page","status-publish","hentry"],"_links":{"self":[{"href":"https:\/\/blogs.uned.es\/intervencionsocioeducativa\/wp-json\/wp\/v2\/pages\/12283","targetHints":{"allow":["GET"]}}],"collection":[{"href":"https:\/\/blogs.uned.es\/intervencionsocioeducativa\/wp-json\/wp\/v2\/pages"}],"about":[{"href":"https:\/\/blogs.uned.es\/intervencionsocioeducativa\/wp-json\/wp\/v2\/types\/page"}],"author":[{"embeddable":true,"href":"https:\/\/blogs.uned.es\/intervencionsocioeducativa\/wp-json\/wp\/v2\/users\/7637"}],"replies":[{"embeddable":true,"href":"https:\/\/blogs.uned.es\/intervencionsocioeducativa\/wp-json\/wp\/v2\/comments?post=12283"}],"version-history":[{"count":1,"href":"https:\/\/blogs.uned.es\/intervencionsocioeducativa\/wp-json\/wp\/v2\/pages\/12283\/revisions"}],"predecessor-version":[{"id":12285,"href":"https:\/\/blogs.uned.es\/intervencionsocioeducativa\/wp-json\/wp\/v2\/pages\/12283\/revisions\/12285"}],"wp:attachment":[{"href":"https:\/\/blogs.uned.es\/intervencionsocioeducativa\/wp-json\/wp\/v2\/media?parent=12283"}],"curies":[{"name":"wp","href":"https:\/\/api.w.org\/{rel}","templated":true}]}}