{"id":12273,"date":"2023-03-17T06:22:15","date_gmt":"2023-03-17T06:22:15","guid":{"rendered":"https:\/\/blogs.uned.es\/intervencionsocioeducativa\/?page_id=12273"},"modified":"2023-03-17T06:30:18","modified_gmt":"2023-03-17T06:30:18","slug":"jose-alberto-gallardo-lopez","status":"publish","type":"page","link":"https:\/\/blogs.uned.es\/intervencionsocioeducativa\/jose-alberto-gallardo-lopez\/","title":{"rendered":"Jos\u00e9 Alberto Gallardo L\u00f3pez"},"content":{"rendered":"\n<div class=\"wp-block-columns is-layout-flex wp-container-core-columns-is-layout-28f84493 wp-block-columns-is-layout-flex\">\n<div class=\"wp-block-column is-layout-flow wp-block-column-is-layout-flow\" style=\"flex-basis:33.33%\">\n<figure class=\"wp-block-image size-full\"><img loading=\"lazy\" decoding=\"async\" width=\"195\" height=\"259\" src=\"https:\/\/blogs.uned.es\/intervencionsocioeducativa\/wp-content\/uploads\/sites\/395\/2023\/03\/UCA.png\" alt=\"\" class=\"wp-image-12275\" \/><\/figure>\n<\/div>\n\n\n\n<div class=\"wp-block-column is-layout-flow wp-block-column-is-layout-flow\" style=\"flex-basis:66.66%\">\n<p class=\"has-large-font-size\"><strong>JOS\u00c9 ALBERTO GALLARDO L\u00d3PEZ<\/strong><\/p>\n\n\n\n<p>\u2709josealberto.gallardo@gm.uca.es<\/p>\n<\/div>\n<\/div>\n\n\n\n<p>Profesor Ayudante Doctor (con acreditaci\u00f3n de Contratado Doctor) en el Departamento de Did\u00e1ctica y Organizaci\u00f3n Escolar de la Facultad de Ciencias de la Educaci\u00f3n (Universidad de C\u00e1diz). Licenciado en Pedagog\u00eda y Doctorado en Educaci\u00f3n por la Universidad de Sevilla. Su docencia e investigaci\u00f3n est\u00e1 relacionada con Inclusi\u00f3n educativa, Interculturalidad, Pedagog\u00eda social, Educaci\u00f3n emocional, Metodolog\u00edas participativas y Tecnolog\u00eda educativa. Ha participado en diversos Proyectos de I+D+i financiados en convocatorias competitivas de Administraciones o entidades p\u00fablicas y privadas. Entre ellos destaca su participaci\u00f3n en el Proyecto \u201cEvaluaci\u00f3n de las transiciones a la vida adulta de los j\u00f3venes que egresan del sistema de protecci\u00f3n\u201d, de \u00e1mbito nacional, desarrollado desde 2019 hasta 2021, y financiado por el Ministerio de Ciencia, Innovaci\u00f3n y Universidades. Adem\u00e1s, ha participado en el proyecto \u201cFortalecimiento institucional de la UNAN-Managua-FAREM Chontales (Nicaragua): mejora de las capacidades docentes e investigadoras aplicada a la promoci\u00f3n y educaci\u00f3n para la salud y calidad de vida en el \u00e1mbito comunitario\u201d (C\u00d3DIGO: 2014DEC003), de car\u00e1cter internacional, financiado por la Agencia andaluza de cooperaci\u00f3n internacional para el desarrollo, desarrollado desde 2014 hasta 2019, y en el que participaron la Agencia andaluza de cooperaci\u00f3n internacional para el desarrollo, la Universidad Nacional Aut\u00f3noma de Nicaragua UNAN-Managua (Nicaragua) y Universidad Pablo de Olavide (Espa\u00f1a). En la actualidad participa como investigador en el Proyecto \u201cMelilla: Ciudad social. Estudios sobre el efecto de la Covid-19 en los j\u00f3venes y profesionales de los servicios sociales\u201d [A\u00f1o 2023 (4 meses). Proyectos contrato art\u00edculo 83. UNED y Consejer\u00eda de Distritos, Juventud y Participaci\u00f3n Ciudadana (Melilla)].Tambi\u00e9n ha formado parte de otros proyectos como el \u201cProyecto entre mareas: La importancia del estuario del Guadalquivir\u201d, llevado a cabo en 2018 y financiado por Asociaci\u00f3n AAACOA y WWF Espa\u00f1a, o el \u201cProyecto de coeducaci\u00f3n: Pensamiento y Convivencia de G\u00e9neros\u201d (Referencia PIV-019\/14), desarrollado desde 2014 hasta 2016 y financiado por la Junta de Andaluc\u00eda. Consejer\u00eda de Educaci\u00f3n, Cultura y Deporte. Ha participado en 7 proyectos de innovaci\u00f3n docente en las universidades Pablo de Olavide y Universidad de Sevilla. Respecto a la producci\u00f3n cient\u00edfica, tiene publicados 20 art\u00edculos (entre ellos 5 JCR y 6 SCOPUS), 8 libros y 21 cap\u00edtulos de libro, adem\u00e1s de numerosas participaciones en Congresos Cient\u00edficos Internacionales.<\/p>\n\n\n\n<div class=\"wp-block-columns is-layout-flex wp-container-core-columns-is-layout-28f84493 wp-block-columns-is-layout-flex\">\n<div class=\"wp-block-column is-layout-flow wp-block-column-is-layout-flow\">\n<figure class=\"wp-block-image aligncenter size-full is-resized\"><a href=\"https:\/\/orcid.org\/0000-0003-3243-1676\"><img loading=\"lazy\" decoding=\"async\" src=\"http:\/\/blogs.uned.es\/intervencionsocioeducativa\/wp-content\/uploads\/sites\/395\/2023\/03\/descarga.png\" alt=\"\" class=\"wp-image-12033\" width=\"45\" height=\"45\" srcset=\"https:\/\/blogs.uned.es\/intervencionsocioeducativa\/wp-content\/uploads\/sites\/395\/2023\/03\/descarga.png 225w, https:\/\/blogs.uned.es\/intervencionsocioeducativa\/wp-content\/uploads\/sites\/395\/2023\/03\/descarga-150x150.png 150w\" sizes=\"auto, (max-width: 45px) 100vw, 45px\" \/><\/a><\/figure>\n<\/div>\n\n\n\n<div class=\"wp-block-column is-layout-flow wp-block-column-is-layout-flow\">\n<figure class=\"wp-block-image aligncenter size-full is-resized\"><a href=\"https:\/\/scholar.google.com\/citations?user=hGw6w6YAAAAJ&amp;hl=es\"><img loading=\"lazy\" decoding=\"async\" src=\"http:\/\/blogs.uned.es\/intervencionsocioeducativa\/wp-content\/uploads\/sites\/395\/2023\/03\/descarga-1.png\" alt=\"\" class=\"wp-image-12035\" width=\"51\" height=\"51\" srcset=\"https:\/\/blogs.uned.es\/intervencionsocioeducativa\/wp-content\/uploads\/sites\/395\/2023\/03\/descarga-1.png 225w, https:\/\/blogs.uned.es\/intervencionsocioeducativa\/wp-content\/uploads\/sites\/395\/2023\/03\/descarga-1-150x150.png 150w\" sizes=\"auto, (max-width: 51px) 100vw, 51px\" \/><\/a><\/figure>\n<\/div>\n\n\n\n<div class=\"wp-block-column is-layout-flow wp-block-column-is-layout-flow\">\n<figure class=\"wp-block-image aligncenter size-full is-resized\"><a href=\"https:\/\/twitter.com\/estudios_verso?lang=es\"><img loading=\"lazy\" decoding=\"async\" src=\"http:\/\/blogs.uned.es\/intervencionsocioeducativa\/wp-content\/uploads\/sites\/395\/2023\/03\/Twitter.png\" alt=\"\" class=\"wp-image-12065\" width=\"52\" height=\"52\" srcset=\"https:\/\/blogs.uned.es\/intervencionsocioeducativa\/wp-content\/uploads\/sites\/395\/2023\/03\/Twitter.png 225w, https:\/\/blogs.uned.es\/intervencionsocioeducativa\/wp-content\/uploads\/sites\/395\/2023\/03\/Twitter-150x150.png 150w\" sizes=\"auto, (max-width: 52px) 100vw, 52px\" \/><\/a><\/figure>\n<\/div>\n<\/div>\n\n\n\n<div class=\"wp-block-buttons is-layout-flex wp-block-buttons-is-layout-flex\">\n<div class=\"wp-block-button\"><a class=\"wp-block-button__link has-vivid-green-cyan-background-color has-background wp-element-button\" href=\"https:\/\/blogs.uned.es\/intervencionsocioeducativa\/equipo\/\">Volver a equipo<\/a><\/div>\n<\/div>\n","protected":false},"excerpt":{"rendered":"<p>JOS\u00c9 ALBERTO GALLARDO L\u00d3PEZ \u2709josealberto.gallardo@gm.uca.es Profesor Ayudante Doctor (con acreditaci\u00f3n de Contratado Doctor) en el Departamento de Did\u00e1ctica y Organizaci\u00f3n Escolar de la Facultad de Ciencias de la Educaci\u00f3n (Universidad de C\u00e1diz). Licenciado en Pedagog\u00eda y Doctorado en Educaci\u00f3n por la Universidad de Sevilla. Su docencia e investigaci\u00f3n est\u00e1 relacionada con Inclusi\u00f3n educativa, Interculturalidad, Pedagog\u00eda [&hellip;]<\/p>\n","protected":false},"author":7637,"featured_media":0,"parent":0,"menu_order":0,"comment_status":"closed","ping_status":"closed","template":"","meta":{"footnotes":""},"class_list":["post-12273","page","type-page","status-publish","hentry"],"_links":{"self":[{"href":"https:\/\/blogs.uned.es\/intervencionsocioeducativa\/wp-json\/wp\/v2\/pages\/12273","targetHints":{"allow":["GET"]}}],"collection":[{"href":"https:\/\/blogs.uned.es\/intervencionsocioeducativa\/wp-json\/wp\/v2\/pages"}],"about":[{"href":"https:\/\/blogs.uned.es\/intervencionsocioeducativa\/wp-json\/wp\/v2\/types\/page"}],"author":[{"embeddable":true,"href":"https:\/\/blogs.uned.es\/intervencionsocioeducativa\/wp-json\/wp\/v2\/users\/7637"}],"replies":[{"embeddable":true,"href":"https:\/\/blogs.uned.es\/intervencionsocioeducativa\/wp-json\/wp\/v2\/comments?post=12273"}],"version-history":[{"count":2,"href":"https:\/\/blogs.uned.es\/intervencionsocioeducativa\/wp-json\/wp\/v2\/pages\/12273\/revisions"}],"predecessor-version":[{"id":12281,"href":"https:\/\/blogs.uned.es\/intervencionsocioeducativa\/wp-json\/wp\/v2\/pages\/12273\/revisions\/12281"}],"wp:attachment":[{"href":"https:\/\/blogs.uned.es\/intervencionsocioeducativa\/wp-json\/wp\/v2\/media?parent=12273"}],"curies":[{"name":"wp","href":"https:\/\/api.w.org\/{rel}","templated":true}]}}