{"id":12225,"date":"2023-03-16T14:50:58","date_gmt":"2023-03-16T14:50:58","guid":{"rendered":"https:\/\/blogs.uned.es\/intervencionsocioeducativa\/?page_id=12225"},"modified":"2023-03-16T15:09:19","modified_gmt":"2023-03-16T15:09:19","slug":"hossein-hossein-mohand","status":"publish","type":"page","link":"https:\/\/blogs.uned.es\/intervencionsocioeducativa\/hossein-hossein-mohand\/","title":{"rendered":"Hossein Hossein-Mohand"},"content":{"rendered":"\n<div class=\"wp-block-columns is-layout-flex wp-container-core-columns-is-layout-28f84493 wp-block-columns-is-layout-flex\">\n<div class=\"wp-block-column is-layout-flow wp-block-column-is-layout-flow\" style=\"flex-basis:33.33%\">\n<figure class=\"wp-block-image size-full\"><img loading=\"lazy\" decoding=\"async\" width=\"225\" height=\"225\" src=\"https:\/\/blogs.uned.es\/intervencionsocioeducativa\/wp-content\/uploads\/sites\/395\/2023\/03\/UGR.png\" alt=\"\" class=\"wp-image-12227\" srcset=\"https:\/\/blogs.uned.es\/intervencionsocioeducativa\/wp-content\/uploads\/sites\/395\/2023\/03\/UGR.png 225w, https:\/\/blogs.uned.es\/intervencionsocioeducativa\/wp-content\/uploads\/sites\/395\/2023\/03\/UGR-150x150.png 150w\" sizes=\"auto, (max-width: 225px) 100vw, 225px\" \/><\/figure>\n<\/div>\n\n\n\n<div class=\"wp-block-column is-layout-flow wp-block-column-is-layout-flow\" style=\"flex-basis:66.66%\">\n<p class=\"has-large-font-size\"><strong>HOSSEIN HOSSEIN-MOHAND<\/strong><\/p>\n\n\n\n<p>\u2709hossein@melilla.uned.es<\/p>\n<\/div>\n<\/div>\n\n\n\n<p>Profesor Ayudante Doctor en el Departamento de Did\u00e1ctica de las Matem\u00e1ticas de la Facultad de Ciencias de la Educaci\u00f3n y del Deporte de Melilla de la Universidad de Granada. Licenciado en Ciencias F\u00edsicas por la UNED y doctorado en 2021 en el programa de \u201cdoctorado en Educaci\u00f3n\u201d de la Universidad Aut\u00f3noma de Madrid (Facultad de Formaci\u00f3n de Profesorado y Educaci\u00f3n). La tesis obtuvo la Menci\u00f3n Internacional, calificaci\u00f3n Cum Laude y est\u00e1 pendiente de evaluaci\u00f3n para premio extraordinario. Como experiencia docente universitaria aporta una experiencia continuada desde 2008 como profesor-tutor en el Centro UNED de Melilla de diversas materias de los Grados de Matem\u00e1ticas, de F\u00edsica e Ingenier\u00eda. Adem\u00e1s, fue profesor de Matem\u00e1ticas en Ense\u00f1anza Secundaria del 2005 al 2021. Como experiencia profesional adicional, es cofundador de la empresa Centros D2 (constituida en 2004) dedicada a la formaci\u00f3n y a la ense\u00f1anza privada en general, especializada en la formaci\u00f3n idiom\u00e1tica certificada en ingl\u00e9s, espa\u00f1ol y franc\u00e9s. Centro Examinador oficial del DELE del Instituto Cervantes, Centro preparador\/examinador de la Alianza Francesa y Centro Preparador y Examinador de las pruebas TOEIC-TOEFL y Cambridge English. Ha suscrito importantes acuerdos\/convenios con el Ministerio de Educaci\u00f3n, la Consejer\u00eda de Educaci\u00f3n de Melilla y con colectivos profesionales de la ciudad.<\/p>\n\n\n\n<p>Su docencia e investigaci\u00f3n est\u00e1 relacionada con Inclusi\u00f3n educativa, Metodolog\u00edas participativas y Tecnolog\u00eda educativa. Participa en diversos Proyectos de I+D+i financiados en convocatorias competitivas de Administraciones o entidades p\u00fablicas y privadas. En la actualidad participa como IP en el Proyecto \u201cMelilla: Ciudad social. Estudios sobre el efecto de la Covid-19 en los j\u00f3venes y profesionales de los servicios sociales\u201d [A\u00f1o 2023 (6 meses). Proyectos contrato art\u00edculo 83. UNED y Consejer\u00eda de Distritos, Juventud y Participaci\u00f3n Ciudadana (Melilla)] y es Miembro del equipo investigador del proyecto Institucional de divulgaci\u00f3n cient\u00edfica \u201cPrograma de Actividades de UCC+I de la UNED\u201d, concedido por la Fundaci\u00f3n Espa\u00f1ola de Ciencia y Tecnolog\u00eda (FECYT). Referencia: FCT-21-17.594. (1 julio 2022- 30 junio 2023).<\/p>\n\n\n\n<div class=\"wp-block-columns is-layout-flex wp-container-core-columns-is-layout-28f84493 wp-block-columns-is-layout-flex\">\n<div class=\"wp-block-column is-layout-flow wp-block-column-is-layout-flow\">\n<figure class=\"wp-block-image aligncenter size-full is-resized\"><a href=\"https:\/\/orcid.org\/0000-0002-7230-4711\"><img loading=\"lazy\" decoding=\"async\" src=\"http:\/\/blogs.uned.es\/intervencionsocioeducativa\/wp-content\/uploads\/sites\/395\/2023\/03\/descarga.png\" alt=\"\" class=\"wp-image-12033\" width=\"57\" height=\"57\" srcset=\"https:\/\/blogs.uned.es\/intervencionsocioeducativa\/wp-content\/uploads\/sites\/395\/2023\/03\/descarga.png 225w, https:\/\/blogs.uned.es\/intervencionsocioeducativa\/wp-content\/uploads\/sites\/395\/2023\/03\/descarga-150x150.png 150w\" sizes=\"auto, (max-width: 57px) 100vw, 57px\" \/><\/a><\/figure>\n<\/div>\n\n\n\n<div class=\"wp-block-column is-layout-flow wp-block-column-is-layout-flow\">\n<figure class=\"wp-block-image aligncenter size-full is-resized\"><a href=\"https:\/\/sciprofiles.com\/profile\/HosseinHosseinMohand\"><img loading=\"lazy\" decoding=\"async\" src=\"http:\/\/blogs.uned.es\/intervencionsocioeducativa\/wp-content\/uploads\/sites\/395\/2023\/03\/descarga-1.png\" alt=\"\" class=\"wp-image-12035\" width=\"63\" height=\"63\" srcset=\"https:\/\/blogs.uned.es\/intervencionsocioeducativa\/wp-content\/uploads\/sites\/395\/2023\/03\/descarga-1.png 225w, https:\/\/blogs.uned.es\/intervencionsocioeducativa\/wp-content\/uploads\/sites\/395\/2023\/03\/descarga-1-150x150.png 150w\" sizes=\"auto, (max-width: 63px) 100vw, 63px\" \/><\/a><\/figure>\n<\/div>\n\n\n\n<div class=\"wp-block-column is-layout-flow wp-block-column-is-layout-flow\"><\/div>\n<\/div>\n\n\n\n<div class=\"wp-block-buttons is-layout-flex wp-block-buttons-is-layout-flex\">\n<div class=\"wp-block-button\"><a class=\"wp-block-button__link has-vivid-green-cyan-background-color has-background wp-element-button\" href=\"https:\/\/blogs.uned.es\/intervencionsocioeducativa\/equipo\/\">Volver a equipo<\/a><\/div>\n<\/div>\n","protected":false},"excerpt":{"rendered":"<p>HOSSEIN HOSSEIN-MOHAND \u2709hossein@melilla.uned.es Profesor Ayudante Doctor en el Departamento de Did\u00e1ctica de las Matem\u00e1ticas de la Facultad de Ciencias de la Educaci\u00f3n y del Deporte de Melilla de la Universidad de Granada. Licenciado en Ciencias F\u00edsicas por la UNED y doctorado en 2021 en el programa de \u201cdoctorado en Educaci\u00f3n\u201d de la Universidad Aut\u00f3noma de [&hellip;]<\/p>\n","protected":false},"author":7637,"featured_media":0,"parent":0,"menu_order":0,"comment_status":"closed","ping_status":"closed","template":"","meta":{"footnotes":""},"class_list":["post-12225","page","type-page","status-publish","hentry"],"_links":{"self":[{"href":"https:\/\/blogs.uned.es\/intervencionsocioeducativa\/wp-json\/wp\/v2\/pages\/12225","targetHints":{"allow":["GET"]}}],"collection":[{"href":"https:\/\/blogs.uned.es\/intervencionsocioeducativa\/wp-json\/wp\/v2\/pages"}],"about":[{"href":"https:\/\/blogs.uned.es\/intervencionsocioeducativa\/wp-json\/wp\/v2\/types\/page"}],"author":[{"embeddable":true,"href":"https:\/\/blogs.uned.es\/intervencionsocioeducativa\/wp-json\/wp\/v2\/users\/7637"}],"replies":[{"embeddable":true,"href":"https:\/\/blogs.uned.es\/intervencionsocioeducativa\/wp-json\/wp\/v2\/comments?post=12225"}],"version-history":[{"count":3,"href":"https:\/\/blogs.uned.es\/intervencionsocioeducativa\/wp-json\/wp\/v2\/pages\/12225\/revisions"}],"predecessor-version":[{"id":12263,"href":"https:\/\/blogs.uned.es\/intervencionsocioeducativa\/wp-json\/wp\/v2\/pages\/12225\/revisions\/12263"}],"wp:attachment":[{"href":"https:\/\/blogs.uned.es\/intervencionsocioeducativa\/wp-json\/wp\/v2\/media?parent=12225"}],"curies":[{"name":"wp","href":"https:\/\/api.w.org\/{rel}","templated":true}]}}